{"id":10391,"date":"2023-12-23T16:48:44","date_gmt":"2023-12-23T16:48:44","guid":{"rendered":"https:\/\/www.dbindos.info\/?page_id=10391"},"modified":"2023-12-23T17:06:50","modified_gmt":"2023-12-23T17:06:50","slug":"covjek-neuron","status":"publish","type":"page","link":"https:\/\/www.dbindos.info\/en\/projekti\/covjek-neuron\/","title":{"rendered":"\u010covjek Neuron"},"content":{"rendered":"<div data-elementor-type=\"wp-page\" data-elementor-id=\"10391\" class=\"elementor elementor-10391\">\n\t\t\t\t\t\t\t\t\t<section class=\"elementor-section elementor-top-section elementor-element elementor-element-06098c3 elementor-section-boxed elementor-section-height-default elementor-section-height-default\" data-id=\"06098c3\" data-element_type=\"section\" data-settings=\"{&quot;background_background&quot;:&quot;classic&quot;}\">\n\t\t\t\t\t\t<div class=\"elementor-container elementor-column-gap-default\">\n\t\t\t\t\t<div class=\"elementor-column elementor-col-100 elementor-top-column elementor-element elementor-element-f7fc9af\" data-id=\"f7fc9af\" data-element_type=\"column\">\n\t\t\t<div class=\"elementor-widget-wrap elementor-element-populated\">\n\t\t\t\t\t\t\t\t<div class=\"elementor-element elementor-element-478b75a elementor-widget-mobile__width-inherit elementor-widget elementor-widget-heading\" data-id=\"478b75a\" data-element_type=\"widget\" data-widget_type=\"heading.default\">\n\t\t\t\t<div class=\"elementor-widget-container\">\n\t\t\t<style>\/*! elementor - v3.10.0 - 09-01-2023 *\/\n.elementor-heading-title{padding:0;margin:0;line-height:1}.elementor-widget-heading .elementor-heading-title[class*=elementor-size-]>a{color:inherit;font-size:inherit;line-height:inherit}.elementor-widget-heading .elementor-heading-title.elementor-size-small{font-size:15px}.elementor-widget-heading .elementor-heading-title.elementor-size-medium{font-size:19px}.elementor-widget-heading .elementor-heading-title.elementor-size-large{font-size:29px}.elementor-widget-heading .elementor-heading-title.elementor-size-xl{font-size:39px}.elementor-widget-heading .elementor-heading-title.elementor-size-xxl{font-size:59px}<\/style><h1 class=\"elementor-heading-title elementor-size-default\">\u010covjek Neuron<\/h1>\t\t<\/div>\n\t\t\t\t<\/div>\n\t\t\t\t<div class=\"elementor-element elementor-element-7e8215d elementor-arrows-position-inside elementor-widget elementor-widget-image-carousel\" data-id=\"7e8215d\" data-element_type=\"widget\" data-settings=\"{&quot;slides_to_show&quot;:&quot;5&quot;,&quot;autoplay&quot;:&quot;no&quot;,&quot;slides_to_show_tablet&quot;:&quot;3&quot;,&quot;slides_to_show_mobile&quot;:&quot;1&quot;,&quot;infinite&quot;:&quot;no&quot;,&quot;navigation&quot;:&quot;arrows&quot;,&quot;image_spacing_custom&quot;:{&quot;unit&quot;:&quot;px&quot;,&quot;size&quot;:7,&quot;sizes&quot;:[]},&quot;speed&quot;:500}\" data-widget_type=\"image-carousel.default\">\n\t\t\t\t<div class=\"elementor-widget-container\">\n\t\t\t<style>\/*! elementor - v3.10.0 - 09-01-2023 *\/\n.elementor-widget-image-carousel .swiper-container{position:static}.elementor-widget-image-carousel .swiper-container .swiper-slide figure{line-height:inherit}.elementor-widget-image-carousel .swiper-slide{text-align:center}.elementor-image-carousel-wrapper:not(.swiper-container-initialized) .swiper-slide{max-width:calc(100% \/ var(--e-image-carousel-slides-to-show, 3))}<\/style>\t\t<div class=\"elementor-image-carousel-wrapper swiper-container\" dir=\"ltr\">\n\t\t\t<div class=\"elementor-image-carousel swiper-wrapper swiper-image-stretch\">\n\t\t\t\t\t\t\t\t<div class=\"swiper-slide\"><a data-elementor-open-lightbox=\"yes\" data-elementor-lightbox-slideshow=\"7e8215d\" e-action-hash=\"#elementor-action%3Aaction%3Dlightbox%26settings%3DeyJpZCI6MTA0MDIsInVybCI6Imh0dHBzOlwvXC93d3cuZGJpbmRvcy5pbmZvXC93cC1jb250ZW50XC91cGxvYWRzXC9Db3ZqZWstTmV1cm9uLmpwZyIsInNsaWRlc2hvdyI6IjdlODIxNWQifQ%3D%3D\" href=\"https:\/\/www.dbindos.info\/wp-content\/uploads\/Covjek-Neuron.jpg\"><figure class=\"swiper-slide-inner\"><img decoding=\"async\" class=\"swiper-slide-image\" src=\"https:\/\/www.dbindos.info\/wp-content\/uploads\/Covjek-Neuron.jpg\" alt=\"C\u030covjek-Neuron\" \/><\/figure><\/a><\/div><div class=\"swiper-slide\"><a data-elementor-open-lightbox=\"yes\" data-elementor-lightbox-slideshow=\"7e8215d\" e-action-hash=\"#elementor-action%3Aaction%3Dlightbox%26settings%3DeyJpZCI6MTAzOTYsInVybCI6Imh0dHBzOlwvXC93d3cuZGJpbmRvcy5pbmZvXC93cC1jb250ZW50XC91cGxvYWRzXC9JTUdfNjg1Mi5qcGciLCJzbGlkZXNob3ciOiI3ZTgyMTVkIn0%3D\" href=\"https:\/\/www.dbindos.info\/wp-content\/uploads\/IMG_6852.jpg\"><figure class=\"swiper-slide-inner\"><img decoding=\"async\" class=\"swiper-slide-image\" src=\"https:\/\/www.dbindos.info\/wp-content\/uploads\/IMG_6852.jpg\" alt=\"IMG_6852\" \/><\/figure><\/a><\/div><div class=\"swiper-slide\"><a data-elementor-open-lightbox=\"yes\" data-elementor-lightbox-slideshow=\"7e8215d\" e-action-hash=\"#elementor-action%3Aaction%3Dlightbox%26settings%3DeyJpZCI6MTA0MDAsInVybCI6Imh0dHBzOlwvXC93d3cuZGJpbmRvcy5pbmZvXC93cC1jb250ZW50XC91cGxvYWRzXC9JTUdfNzEzOS5qcGciLCJzbGlkZXNob3ciOiI3ZTgyMTVkIn0%3D\" href=\"https:\/\/www.dbindos.info\/wp-content\/uploads\/IMG_7139.jpg\"><figure class=\"swiper-slide-inner\"><img decoding=\"async\" class=\"swiper-slide-image\" src=\"https:\/\/www.dbindos.info\/wp-content\/uploads\/IMG_7139.jpg\" alt=\"IMG_7139\" \/><\/figure><\/a><\/div><div class=\"swiper-slide\"><a data-elementor-open-lightbox=\"yes\" data-elementor-lightbox-slideshow=\"7e8215d\" e-action-hash=\"#elementor-action%3Aaction%3Dlightbox%26settings%3DeyJpZCI6MTA0MDEsInVybCI6Imh0dHBzOlwvXC93d3cuZGJpbmRvcy5pbmZvXC93cC1jb250ZW50XC91cGxvYWRzXC9JTUdfNzIxMy5qcGciLCJzbGlkZXNob3ciOiI3ZTgyMTVkIn0%3D\" href=\"https:\/\/www.dbindos.info\/wp-content\/uploads\/IMG_7213.jpg\"><figure class=\"swiper-slide-inner\"><img decoding=\"async\" class=\"swiper-slide-image\" src=\"https:\/\/www.dbindos.info\/wp-content\/uploads\/IMG_7213.jpg\" alt=\"IMG_7213\" \/><\/figure><\/a><\/div><div class=\"swiper-slide\"><a data-elementor-open-lightbox=\"yes\" data-elementor-lightbox-slideshow=\"7e8215d\" e-action-hash=\"#elementor-action%3Aaction%3Dlightbox%26settings%3DeyJpZCI6MTAzOTcsInVybCI6Imh0dHBzOlwvXC93d3cuZGJpbmRvcy5pbmZvXC93cC1jb250ZW50XC91cGxvYWRzXC9JTUdfNjkzMS5qcGciLCJzbGlkZXNob3ciOiI3ZTgyMTVkIn0%3D\" href=\"https:\/\/www.dbindos.info\/wp-content\/uploads\/IMG_6931.jpg\"><figure class=\"swiper-slide-inner\"><img decoding=\"async\" class=\"swiper-slide-image\" src=\"https:\/\/www.dbindos.info\/wp-content\/uploads\/IMG_6931.jpg\" alt=\"IMG_6931\" \/><\/figure><\/a><\/div>\t\t\t<\/div>\n\t\t\t\t\t\t\t\t\t\t\t\t\t\t\t\t<div class=\"elementor-swiper-button elementor-swiper-button-prev\">\n\t\t\t\t\t\t<i aria-hidden=\"true\" class=\"eicon-chevron-left\"><\/i>\t\t\t\t\t\t<span class=\"elementor-screen-only\">Previous<\/span>\n\t\t\t\t\t<\/div>\n\t\t\t\t\t<div class=\"elementor-swiper-button elementor-swiper-button-next\">\n\t\t\t\t\t\t<i aria-hidden=\"true\" class=\"eicon-chevron-right\"><\/i>\t\t\t\t\t\t<span class=\"elementor-screen-only\">Next<\/span>\n\t\t\t\t\t<\/div>\n\t\t\t\t\t\t\t\t\t<\/div>\n\t\t\t\t<\/div>\n\t\t\t\t<\/div>\n\t\t\t\t<section class=\"elementor-section elementor-inner-section elementor-element elementor-element-310b37d elementor-reverse-mobile elementor-section-boxed elementor-section-height-default elementor-section-height-default\" data-id=\"310b37d\" data-element_type=\"section\" data-settings=\"{&quot;background_background&quot;:&quot;classic&quot;}\">\n\t\t\t\t\t\t<div class=\"elementor-container elementor-column-gap-default\">\n\t\t\t\t\t<div class=\"elementor-column elementor-col-50 elementor-inner-column elementor-element elementor-element-034fa63\" data-id=\"034fa63\" data-element_type=\"column\" data-settings=\"{&quot;background_background&quot;:&quot;classic&quot;}\">\n\t\t\t<div class=\"elementor-widget-wrap elementor-element-populated\">\n\t\t\t\t\t\t\t\t<div class=\"elementor-element elementor-element-f251c16 elementor-widget-mobile__width-initial elementor-widget elementor-widget-text-editor\" data-id=\"f251c16\" data-element_type=\"widget\" data-widget_type=\"text-editor.default\">\n\t\t\t\t<div class=\"elementor-widget-container\">\n\t\t\t<style>\/*! elementor - v3.10.0 - 09-01-2023 *\/\n.elementor-widget-text-editor.elementor-drop-cap-view-stacked .elementor-drop-cap{background-color:#818a91;color:#fff}.elementor-widget-text-editor.elementor-drop-cap-view-framed .elementor-drop-cap{color:#818a91;border:3px solid;background-color:transparent}.elementor-widget-text-editor:not(.elementor-drop-cap-view-default) .elementor-drop-cap{margin-top:8px}.elementor-widget-text-editor:not(.elementor-drop-cap-view-default) .elementor-drop-cap-letter{width:1em;height:1em}.elementor-widget-text-editor .elementor-drop-cap{float:left;text-align:center;line-height:1;font-size:50px}.elementor-widget-text-editor .elementor-drop-cap-letter{display:inline-block}<\/style>\t\t\t\t<p><a href=\"https:\/\/www.pogon.hr\/program\/db-indos-kuca-ekstremnog-muzickog-kazalista-covjek-neuron\/\" target=\"_blank\" rel=\"noopener\"><strong>10. 12. 2018. Pogon Jedinstvo, Zagreb<\/strong><\/a><\/p><p>Izvode : <strong>Tanja Vrvilo, Damir Bartol Indo\u0161, Helge Hinteregger, Ivan Maru\u0161i\u0107 Klif<\/strong><\/p>\t\t\t\t\t\t<\/div>\n\t\t\t\t<\/div>\n\t\t\t\t<div class=\"elementor-element elementor-element-9a6640a elementor-widget elementor-widget-image\" data-id=\"9a6640a\" data-element_type=\"widget\" data-widget_type=\"image.default\">\n\t\t\t\t<div class=\"elementor-widget-container\">\n\t\t\t<style>\/*! elementor - v3.10.0 - 09-01-2023 *\/\n.elementor-widget-image{text-align:center}.elementor-widget-image a{display:inline-block}.elementor-widget-image a img[src$=\".svg\"]{width:48px}.elementor-widget-image img{vertical-align:middle;display:inline-block}<\/style>\t\t\t\t\t\t\t\t\t<figure class=\"wp-caption\">\n\t\t\t\t\t\t\t\t\t\t\t<a href=\"https:\/\/www.dbindos.info\/wp-content\/uploads\/BROSURA_COVJEK_NEURON_vodoravna.pdf\">\n\t\t\t\t\t\t\t<img decoding=\"async\" width=\"830\" height=\"583\" src=\"https:\/\/www.dbindos.info\/wp-content\/uploads\/BROSURA-COVJEK-NEURON_vodoravna.jpg\" class=\"attachment-full size-full wp-image-10418\" alt=\"\" loading=\"lazy\" srcset=\"https:\/\/www.dbindos.info\/wp-content\/uploads\/BROSURA-COVJEK-NEURON_vodoravna.jpg 830w, https:\/\/www.dbindos.info\/wp-content\/uploads\/BROSURA-COVJEK-NEURON_vodoravna-300x211.jpg 300w, https:\/\/www.dbindos.info\/wp-content\/uploads\/BROSURA-COVJEK-NEURON_vodoravna-768x539.jpg 768w, https:\/\/www.dbindos.info\/wp-content\/uploads\/BROSURA-COVJEK-NEURON_vodoravna-18x12.jpg 18w\" sizes=\"(max-width: 830px) 100vw, 830px\" \/>\t\t\t\t\t\t\t\t<\/a>\n\t\t\t\t\t\t\t\t\t\t\t<figcaption class=\"widget-image-caption wp-caption-text\">bro\u0161ura (pdf)<\/figcaption>\n\t\t\t\t\t\t\t\t\t\t<\/figure>\n\t\t\t\t\t\t\t\t\t<\/div>\n\t\t\t\t<\/div>\n\t\t\t\t\t<\/div>\n\t\t<\/div>\n\t\t\t\t<div class=\"elementor-column elementor-col-50 elementor-inner-column elementor-element elementor-element-7f9eff3\" data-id=\"7f9eff3\" data-element_type=\"column\">\n\t\t\t<div class=\"elementor-widget-wrap elementor-element-populated\">\n\t\t\t\t\t\t\t\t<div class=\"elementor-element elementor-element-cd0a164 elementor-widget__width-initial elementor-widget-mobile__width-inherit elementor-widget-tablet__width-inherit elementor-widget elementor-widget-text-editor\" data-id=\"cd0a164\" data-element_type=\"widget\" data-widget_type=\"text-editor.default\">\n\t\t\t\t<div class=\"elementor-widget-container\">\n\t\t\t\t\t\t\t<p><strong>Lekcijski performans &#8220;\u010covjek Neuron&#8221; radi sa zoolo\u0161kim \u010dinjenicama postojanja elektriciteta u antropolo\u0161kom modusu ozvu\u010davanjem najti\u0161eg mogu\u0107eg zvuka neurona i prigu\u0161avanjem najglasnijeg mogu\u0107eg zvuka insekta glodavca.<\/strong><br \/>Postavljamo pitanje o biolo\u0161kom organizmu, ustrojstvu \u010dovjekovog mozga, homu koji sebi bez srama pripisuje epitet sapiens, koji za razliku od drugih \u017eivotinjskih vrsta namjerno ubija svoje bli\u017enje, ali i istovremeno poku\u0161ava u\u010diniti zemlju boljim mjestom za \u017eivot. Kroz lekcijski performans o funkciji neurona \u00a0pokazujemo tu suludu besmislenost koja je tako &#8220;tvrdo&#8221; utisnuta u ljudski mozak.<\/p><p><a href=\"https:\/\/www.dbindos.info\/wp-content\/uploads\/IMG_6941.jpg\"><img decoding=\"async\" loading=\"lazy\" class=\"alignnone wp-image-10398 size-full\" src=\"https:\/\/www.dbindos.info\/wp-content\/uploads\/IMG_6941.jpg\" alt=\"\" width=\"938\" height=\"625\" srcset=\"https:\/\/www.dbindos.info\/wp-content\/uploads\/IMG_6941.jpg 938w, https:\/\/www.dbindos.info\/wp-content\/uploads\/IMG_6941-300x200.jpg 300w, https:\/\/www.dbindos.info\/wp-content\/uploads\/IMG_6941-768x512.jpg 768w, https:\/\/www.dbindos.info\/wp-content\/uploads\/IMG_6941-18x12.jpg 18w\" sizes=\"(max-width: 938px) 100vw, 938px\" \/><\/a><\/p><p>U svojem radu &#8220;Neuronski \u010dovjek&#8221; Jean-Pierre Changeux predstavlja &#8220;otkri\u0107e sinapse i njenih funkcija&#8221; jednako revolucionarnim kao i otkri\u0107e DNK: ono prvo toliko precizira i modificira ovo drugo, potonje, da mu naizgled gotovo proturje\u010di. Plasti\u010dnost mozga tvori prostor improvizacije mogu\u0107 s obzirom na genetsku nu\u017enost. Danas vi\u0161e nema slu\u010daja ni nu\u017enosti. Postoje slu\u010daj, nu\u017enost i plasti\u010dnost \u2212 koja nije to\u010dno ni jedno ni drugo. &#8220;Znamo da mo\u0107 gena, ka\u017ee Changeux, osigurava perpetuaciju glavnih crta mo\u017edanog ustroja, oblik mozga i njegovih vijuga, raspored njegovih zona, op\u0107u arhitekturu mo\u017edanog tkiva [&#8230;]. Ali zna\u010dajna varijabilnost [&#8230;] izmi\u010de toj mo\u0107i.&#8221;Ako je neuronsko funkcioniranje doga\u0111aj, ako ono treba proizvesti doga\u0111aj, tome je tako upravo jer je sposobno samo stvoriti doga\u0111aje, odoga\u0111ajniti program i u odre\u0111enom ga, dakle, smislu deprogramirati . \u017divimo u doba neuronskog oslobo\u0111enja, a da to ne znamo&#8230;<\/p>\t\t\t\t\t\t<\/div>\n\t\t\t\t<\/div>\n\t\t\t\t\t<\/div>\n\t\t<\/div>\n\t\t\t\t\t\t\t<\/div>\n\t\t<\/section>\n\t\t\t\t<section class=\"elementor-section elementor-inner-section elementor-element elementor-element-5dcd4e7 elementor-reverse-mobile elementor-section-boxed elementor-section-height-default elementor-section-height-default\" data-id=\"5dcd4e7\" data-element_type=\"section\" data-settings=\"{&quot;background_background&quot;:&quot;classic&quot;}\">\n\t\t\t\t\t\t<div class=\"elementor-container elementor-column-gap-default\">\n\t\t\t\t\t<div class=\"elementor-column elementor-col-50 elementor-inner-column elementor-element elementor-element-e486932\" data-id=\"e486932\" data-element_type=\"column\" data-settings=\"{&quot;background_background&quot;:&quot;classic&quot;}\">\n\t\t\t<div class=\"elementor-widget-wrap\">\n\t\t\t\t\t\t\t\t\t<\/div>\n\t\t<\/div>\n\t\t\t\t<div class=\"elementor-column elementor-col-50 elementor-inner-column elementor-element elementor-element-08befe5\" data-id=\"08befe5\" data-element_type=\"column\">\n\t\t\t<div class=\"elementor-widget-wrap elementor-element-populated\">\n\t\t\t\t\t\t\t\t<div class=\"elementor-element elementor-element-35458c6 elementor-widget__width-initial elementor-widget-mobile__width-inherit elementor-widget-tablet__width-inherit elementor-widget elementor-widget-text-editor\" data-id=\"35458c6\" data-element_type=\"widget\" data-widget_type=\"text-editor.default\">\n\t\t\t\t<div class=\"elementor-widget-container\">\n\t\t\t\t\t\t\t<p><strong>Instalacija za lekcijski performans &#8220;\u010covjek Neuron<\/strong>&#8220;<\/p><p>Rad se sastoji od interaktivne skulpture napravljene od gromobranske trake i opruga koje konstruiraju figuru Neurobota. Konstrukcija Neurobota je naseljena elektri\u010dnim \u017eicama i zumerima zvuka koji se napajaju energijom iz malih 12 voltnih suhih akumulatora smje\u0161tenih i fiksiranih za nju. Na zumerima su magnetske plo\u010dice pomo\u0107u kojih se prianjaju na pojedinim to\u010dkama gromobrana stvaraju\u0107i razli\u010dite zvu\u010dne forme pritiscima na gumb ugra\u0111en u njihovom ku\u0107i\u0161tu. Pick up mikrofoni povezani sa aktivnim zvu\u010dnicima bilje\u017ee svaki kontakt na instalaciji i tako uhva\u0107eni zvuk emitiraju na prednjoj i zadnjoj strani instalacije. Na samim krajevima gromobranskih krakova fiksirane su opruge koje \u010dine zvu\u010dnu mre\u017eu, i na drugom kraju fiksirane su za metalni kvadrat koji je dodatno ozvu\u010den. Svaki zvu\u010dni pokret prati aktivacija foto \u0107elije koja pali ili gasi mre\u017eu lampi koje ispresijecaju prostor bilje\u017ee\u0107i pojavu elektri\u010dnosti u razli\u010ditim fazama izvedbe. Performeri \u0160takorbot i Zrikabot probadaju \u0161trika\u010dim iglama konstrukciju Neurobot, stvaraju melodije istovremeno sa melodijama zrikavca i \u0161takora koje postaju dio neuronske prirode, istovremeno neuroniziraju\u0107i prirodu kroz postojanje grlenom glazbom zrikavca \u0161takorom.<\/p><p><strong>Lekcija prva: Pjevanje<\/strong><\/p><p>Pozivna pjesma polinezijskog zrikavca, Teleogryllus oceanicus, sastavljena je iz fraza koje se ponavljaju, sve me\u0111usobno identi\u010dne. Po\u010dinje krikom od pet nota, za kojim slijedi deset trilera od dvije note. Ritam impulsa registriranih u motornome \u017eivcu to\u010dno se podudara s ritmom nota. Stvara se savr\u0161eni odnos izme\u0111u proizvodnje nervnih impulsa koji se rasprostiru motornim neuronima, kontrakcije mi\u0161i\u0107a za zatvaranje krila i emitiranje zvuka kao rezultata trljanja gudala po pili.<\/p><p>Prvi par krila, ili pokrilje ( elytra), slu\u017ei kao muzi\u010dki instrument. Unutra\u0161nji obod je gudalo; pila, postavljena kao traka na vanjskoj strani pokrilja- \u017eica koja treperi. Kad mu\u017ejak sklopi pokrilje, gudalo se trlja o pilu, krilo treperi oko 5.000 perioda u sekundi i proizvodi onaj karakteristi\u010dan \u010disti i flautasti zvuk. Sna\u017eni prsni mi\u0161i\u0107i upravljaju navedenim pokretom zatvaranja. Izme\u0111u kontrakcije mi\u0161i\u0107a za zatvaranje i proizvo\u0111enja jedne note postoji bliska uzajamna veza. Ako uz pomo\u0107 elektrode registriramo elektri\u010dne impulse koji kru\u017ee motornim \u017eivcima, pojavljuje se uvijek isti odnos: svakom infuksu koji se prostire \u017eivcem zatvaranja odgovara jedna nota. Jednostavnije kodiranje ne da se ni zamisliti.<\/p><p><strong>Lekcija druga : Bje\u017eanje<\/strong><\/p><p>De Marse je uzgojio kulturu od 25.000 \u017eivih \u0161takorskih neurona i povezao je s ra\u010dunalom na kojem je bio aktiviran softver za\u00a0 simulaciju leta. Neuroni su zapravo nau\u010dili upravljati simuliranim ratnim zrakoplovom. Neuroni su zapravo stvorili umjetni bio-mozak. Prvi put su se neuroni me\u0111usobno povezali na isti na\u010din na koji se neuroni zaista povezuju u ljudskom ili \u017eivotinjskom mozgu; a uspje\u0161no je uspostavljeno su\u010delje izme\u0111u tog bio-mozga i silicijske ra\u010dunalne ma\u0161inerije kompjutora. Mozgovi moraju biti utjelovljeni, na na\u010din na koji elektroni\u010dki ra\u010dunalni strojevi ne moraju; no, eksperiment poput ovoga ukazuje da to utjelovljenje zapravo mo\u017ee biti potpuno simulakrumsko, kao u starom (osuvremenjenom-kartezijanskom) scenariju o mozgu u posudi (bez tijela).Cijeli eksperiment oslanja se na \u010dinjenicu da mozak ne funkcionira na na\u010din na koji funkcioniraju digitalna ra\u010dunala. Mozgovi signale \u0161alju i kemijski i elektroni\u010dki, \u0161to ih \u010dini druk\u010dijima od kompjutorskih \u010dipova; na osnovi malobrojnih dokaza koje imamo o tome \u010dini se da mozgovi nisu Turingovi strojevi, nego da djeluju prema potpuno druk\u010dijim na\u010delima. Zapravo, cilj je manje bio uvje\u017ebati neurone da rade koristan kompjutorski posao, nego nau\u010diti kako mozak \u010dini svoje izra\u010dune.<\/p>\t\t\t\t\t\t<\/div>\n\t\t\t\t<\/div>\n\t\t\t\t\t<\/div>\n\t\t<\/div>\n\t\t\t\t\t\t\t<\/div>\n\t\t<\/section>\n\t\t\t\t\t<\/div>\n\t\t<\/div>\n\t\t\t\t\t\t\t<\/div>\n\t\t<\/section>\n\t\t\t\t\t\t\t<\/div>","protected":false},"excerpt":{"rendered":"<p>\u010covjek Neuron Previous Next 10. 12. 2018. Pogon Jedinstvo, Zagreb Izvode : Tanja Vrvilo, Damir Bartol Indo\u0161, Helge Hinteregger, Ivan Maru\u0161i\u0107 Klif bro\u0161ura (pdf) Lekcijski performans &#8220;\u010covjek Neuron&#8221; radi sa zoolo\u0161kim \u010dinjenicama postojanja elektriciteta u antropolo\u0161kom modusu ozvu\u010davanjem najti\u0161eg mogu\u0107eg zvuka neurona i prigu\u0161avanjem najglasnijeg mogu\u0107eg zvuka insekta glodavca.Postavljamo pitanje o biolo\u0161kom organizmu, ustrojstvu \u010dovjekovog &hellip;<\/p>\n<p class=\"read-more\"> <a class=\"\" href=\"https:\/\/www.dbindos.info\/en\/projekti\/covjek-neuron\/\"> <span class=\"screen-reader-text\">\u010covjek Neuron<\/span> Read More &raquo;<\/a><\/p>","protected":false},"author":1,"featured_media":0,"parent":5413,"menu_order":2,"comment_status":"closed","ping_status":"closed","template":"","meta":{"site-sidebar-layout":"no-sidebar","site-content-layout":"page-builder","ast-global-header-display":"","ast-main-header-display":"","ast-hfb-above-header-display":"","ast-hfb-below-header-display":"","ast-hfb-mobile-header-display":"","site-post-title":"disabled","ast-breadcrumbs-content":"","ast-featured-img":"disabled","footer-sml-layout":"","theme-transparent-header-meta":"","adv-header-id-meta":"","stick-header-meta":"","header-above-stick-meta":"","header-main-stick-meta":"","header-below-stick-meta":""},"_links":{"self":[{"href":"https:\/\/www.dbindos.info\/en\/wp-json\/wp\/v2\/pages\/10391"}],"collection":[{"href":"https:\/\/www.dbindos.info\/en\/wp-json\/wp\/v2\/pages"}],"about":[{"href":"https:\/\/www.dbindos.info\/en\/wp-json\/wp\/v2\/types\/page"}],"author":[{"embeddable":true,"href":"https:\/\/www.dbindos.info\/en\/wp-json\/wp\/v2\/users\/1"}],"replies":[{"embeddable":true,"href":"https:\/\/www.dbindos.info\/en\/wp-json\/wp\/v2\/comments?post=10391"}],"version-history":[{"count":34,"href":"https:\/\/www.dbindos.info\/en\/wp-json\/wp\/v2\/pages\/10391\/revisions"}],"predecessor-version":[{"id":10435,"href":"https:\/\/www.dbindos.info\/en\/wp-json\/wp\/v2\/pages\/10391\/revisions\/10435"}],"up":[{"embeddable":true,"href":"https:\/\/www.dbindos.info\/en\/wp-json\/wp\/v2\/pages\/5413"}],"wp:attachment":[{"href":"https:\/\/www.dbindos.info\/en\/wp-json\/wp\/v2\/media?parent=10391"}],"curies":[{"name":"wp","href":"https:\/\/api.w.org\/{rel}","templated":true}]}}