{"id":12533,"date":"2025-01-06T09:57:20","date_gmt":"2025-01-06T09:57:20","guid":{"rendered":"https:\/\/www.dbindos.info\/?page_id=12533"},"modified":"2025-06-05T08:06:48","modified_gmt":"2025-06-05T07:06:48","slug":"projekti-2025","status":"publish","type":"page","link":"https:\/\/www.dbindos.info\/en\/projekti-2025\/","title":{"rendered":"Projects 2025"},"content":{"rendered":"<div data-elementor-type=\"wp-page\" data-elementor-id=\"12533\" class=\"elementor elementor-12533\">\n\t\t\t\t\t\t\t\t\t<section class=\"elementor-section elementor-top-section elementor-element elementor-element-06098c3 elementor-section-boxed elementor-section-height-default elementor-section-height-default\" data-id=\"06098c3\" data-element_type=\"section\" data-settings=\"{&quot;background_background&quot;:&quot;classic&quot;}\">\n\t\t\t\t\t\t<div class=\"elementor-container elementor-column-gap-no\">\n\t\t\t\t\t<div class=\"elementor-column elementor-col-100 elementor-top-column elementor-element elementor-element-f7fc9af\" data-id=\"f7fc9af\" data-element_type=\"column\" data-settings=\"{&quot;background_background&quot;:&quot;classic&quot;}\">\n\t\t\t<div class=\"elementor-widget-wrap elementor-element-populated\">\n\t\t\t\t\t\t\t\t<div class=\"elementor-element elementor-element-478b75a elementor-widget-mobile__width-inherit elementor-widget elementor-widget-heading\" data-id=\"478b75a\" data-element_type=\"widget\" data-widget_type=\"heading.default\">\n\t\t\t\t<div class=\"elementor-widget-container\">\n\t\t\t<style>\/*! elementor - v3.10.0 - 09-01-2023 *\/\n.elementor-heading-title{padding:0;margin:0;line-height:1}.elementor-widget-heading .elementor-heading-title[class*=elementor-size-]>a{color:inherit;font-size:inherit;line-height:inherit}.elementor-widget-heading .elementor-heading-title.elementor-size-small{font-size:15px}.elementor-widget-heading .elementor-heading-title.elementor-size-medium{font-size:19px}.elementor-widget-heading .elementor-heading-title.elementor-size-large{font-size:29px}.elementor-widget-heading .elementor-heading-title.elementor-size-xl{font-size:39px}.elementor-widget-heading .elementor-heading-title.elementor-size-xxl{font-size:59px}<\/style><h1 class=\"elementor-heading-title elementor-size-medium\">PROJECTS 2025<\/h1>\t\t<\/div>\n\t\t\t\t<\/div>\n\t\t\t\t<section class=\"elementor-section elementor-inner-section elementor-element elementor-element-95f1a37 elementor-section-boxed elementor-section-height-default elementor-section-height-default\" data-id=\"95f1a37\" data-element_type=\"section\" data-settings=\"{&quot;background_background&quot;:&quot;classic&quot;}\">\n\t\t\t\t\t\t<div class=\"elementor-container elementor-column-gap-default\">\n\t\t\t\t\t<div class=\"elementor-column elementor-col-50 elementor-inner-column elementor-element elementor-element-7157e7b\" data-id=\"7157e7b\" data-element_type=\"column\" data-settings=\"{&quot;background_background&quot;:&quot;classic&quot;}\">\n\t\t\t<div class=\"elementor-widget-wrap elementor-element-populated\">\n\t\t\t\t\t\t\t\t<div class=\"elementor-element elementor-element-e36e640 elementor-widget__width-initial elementor-widget-tablet__width-inherit elementor-widget elementor-widget-image\" data-id=\"e36e640\" data-element_type=\"widget\" data-widget_type=\"image.default\">\n\t\t\t\t<div class=\"elementor-widget-container\">\n\t\t\t<style>\/*! elementor - v3.10.0 - 09-01-2023 *\/\n.elementor-widget-image{text-align:center}.elementor-widget-image a{display:inline-block}.elementor-widget-image a img[src$=\".svg\"]{width:48px}.elementor-widget-image img{vertical-align:middle;display:inline-block}<\/style>\t\t\t\t\t\t\t\t\t\t\t\t\t<a href=\"https:\/\/www.dbindos.info\/wp-content\/uploads\/bice-je-bice-1.jpg\" data-elementor-open-lightbox=\"yes\" e-action-hash=\"#elementor-action%3Aaction%3Dlightbox%26settings%3DeyJpZCI6MTQyMTAsInVybCI6Imh0dHBzOlwvXC93d3cuZGJpbmRvcy5pbmZvXC93cC1jb250ZW50XC91cGxvYWRzXC9iaWNlLWplLWJpY2UtMS5qcGcifQ%3D%3D\">\n\t\t\t\t\t\t\t<img decoding=\"async\" width=\"1200\" height=\"682\" src=\"https:\/\/www.dbindos.info\/wp-content\/uploads\/bice-je-bice-1.jpg\" class=\"attachment-full size-full wp-image-14210\" alt=\"\" loading=\"lazy\" srcset=\"https:\/\/www.dbindos.info\/wp-content\/uploads\/bice-je-bice-1.jpg 1200w, https:\/\/www.dbindos.info\/wp-content\/uploads\/bice-je-bice-1-300x171.jpg 300w, https:\/\/www.dbindos.info\/wp-content\/uploads\/bice-je-bice-1-1024x582.jpg 1024w, https:\/\/www.dbindos.info\/wp-content\/uploads\/bice-je-bice-1-768x436.jpg 768w, https:\/\/www.dbindos.info\/wp-content\/uploads\/bice-je-bice-1-18x10.jpg 18w\" sizes=\"(max-width: 1200px) 100vw, 1200px\" \/>\t\t\t\t\t\t\t\t<\/a>\n\t\t\t\t\t\t\t\t\t\t\t\t\t\t\t<\/div>\n\t\t\t\t<\/div>\n\t\t\t\t\t<\/div>\n\t\t<\/div>\n\t\t\t\t<div class=\"elementor-column elementor-col-50 elementor-inner-column elementor-element elementor-element-553d4d8\" data-id=\"553d4d8\" data-element_type=\"column\">\n\t\t\t<div class=\"elementor-widget-wrap elementor-element-populated\">\n\t\t\t\t\t\t\t\t<div class=\"elementor-element elementor-element-56e1e1c elementor-widget__width-initial elementor-widget-mobile__width-inherit elementor-widget-tablet__width-inherit elementor-widget elementor-widget-heading\" data-id=\"56e1e1c\" data-element_type=\"widget\" data-widget_type=\"heading.default\">\n\t\t\t\t<div class=\"elementor-widget-container\">\n\t\t\t<h2 class=\"elementor-heading-title elementor-size-default\"><a href=\"https:\/\/www.dbindos.info\/en\/projekti\/sahtofonija-bice-je-bice\/\">\u0160AHTOFONIJA BI\u0106E JE BI\u0106E<\/a><\/h2>\t\t<\/div>\n\t\t\t\t<\/div>\n\t\t\t\t<div class=\"elementor-element elementor-element-6568a8c elementor-widget__width-initial elementor-widget-mobile__width-inherit elementor-widget-tablet__width-inherit elementor-widget elementor-widget-text-editor\" data-id=\"6568a8c\" data-element_type=\"widget\" data-widget_type=\"text-editor.default\">\n\t\t\t\t<div class=\"elementor-widget-container\">\n\t\t\t<style>\/*! elementor - v3.10.0 - 09-01-2023 *\/\n.elementor-widget-text-editor.elementor-drop-cap-view-stacked .elementor-drop-cap{background-color:#818a91;color:#fff}.elementor-widget-text-editor.elementor-drop-cap-view-framed .elementor-drop-cap{color:#818a91;border:3px solid;background-color:transparent}.elementor-widget-text-editor:not(.elementor-drop-cap-view-default) .elementor-drop-cap{margin-top:8px}.elementor-widget-text-editor:not(.elementor-drop-cap-view-default) .elementor-drop-cap-letter{width:1em;height:1em}.elementor-widget-text-editor .elementor-drop-cap{float:left;text-align:center;line-height:1;font-size:50px}.elementor-widget-text-editor .elementor-drop-cap-letter{display:inline-block}<\/style>\t\t\t\t<p><strong><span style=\"color: #ff0000;\">13. 6. 2025.<\/span> u 19:30<\/strong>, <strong>Dvorana Gorgona, <span style=\"color: #000000;\">LJETO U MSU<\/span><\/strong><\/p><p>Nastavljaju\u0107i umjetni\u010dku suradnju s\u00a0<strong>Trobecovim kru\u0161nim pe\u0107ima<\/strong>, intenziviramo novi soni\u010dni dijalogizam sa zvucima elektri\u010dne i bas gitare, bubnjeva, nepjevnog pjevanja, u srazu sa \u0161ahtofonskim instrumentarijem, koriste\u0107i elemente noisea, avant i post rocka, miksaju\u0107i ih s razli\u010ditim modelima i konkretnim efektima \u0161ahtofona, stvaraju\u0107i jedno mno\u0161tvo miksodelija, psihodelija miksa&#8230; <span style=\"color: #ff0000;\"><strong><a style=\"color: #ff0000;\" href=\"https:\/\/www.dbindos.info\/en\/projekti\/sahtofonija-bice-je-bice\/\" rel=\"noopener\">&gt;&gt;<\/a><\/strong><\/span><\/p>\t\t\t\t\t\t<\/div>\n\t\t\t\t<\/div>\n\t\t\t\t\t<\/div>\n\t\t<\/div>\n\t\t\t\t\t\t\t<\/div>\n\t\t<\/section>\n\t\t\t\t<section class=\"elementor-section elementor-inner-section elementor-element elementor-element-54e8e9b elementor-section-boxed elementor-section-height-default elementor-section-height-default\" data-id=\"54e8e9b\" data-element_type=\"section\" data-settings=\"{&quot;background_background&quot;:&quot;classic&quot;}\">\n\t\t\t\t\t\t<div class=\"elementor-container elementor-column-gap-default\">\n\t\t\t\t\t<div class=\"elementor-column elementor-col-50 elementor-inner-column elementor-element elementor-element-230b55e\" data-id=\"230b55e\" data-element_type=\"column\" data-settings=\"{&quot;background_background&quot;:&quot;classic&quot;}\">\n\t\t\t<div class=\"elementor-widget-wrap elementor-element-populated\">\n\t\t\t\t\t\t\t\t<div class=\"elementor-element elementor-element-99c3a5d elementor-widget__width-initial elementor-widget-tablet__width-inherit elementor-widget elementor-widget-image\" data-id=\"99c3a5d\" data-element_type=\"widget\" data-widget_type=\"image.default\">\n\t\t\t\t<div class=\"elementor-widget-container\">\n\t\t\t\t\t\t\t\t\t\t\t\t\t\t\t\t<a href=\"https:\/\/www.dbindos.info\/wp-content\/uploads\/tn_article_head_1742806044-ahtozaosluanju.jpg\" data-elementor-open-lightbox=\"yes\" e-action-hash=\"#elementor-action%3Aaction%3Dlightbox%26settings%3DeyJpZCI6MTM5ODcsInVybCI6Imh0dHBzOlwvXC93d3cuZGJpbmRvcy5pbmZvXC93cC1jb250ZW50XC91cGxvYWRzXC90bl9hcnRpY2xlX2hlYWRfMTc0MjgwNjA0NC1haHRvemFvc2x1YW5qdS5qcGcifQ%3D%3D\">\n\t\t\t\t\t\t\t<img decoding=\"async\" width=\"1080\" height=\"350\" src=\"https:\/\/www.dbindos.info\/wp-content\/uploads\/tn_article_head_1742806044-ahtozaosluanju.jpg\" class=\"attachment-full size-full wp-image-13987\" alt=\"\" loading=\"lazy\" srcset=\"https:\/\/www.dbindos.info\/wp-content\/uploads\/tn_article_head_1742806044-ahtozaosluanju.jpg 1080w, https:\/\/www.dbindos.info\/wp-content\/uploads\/tn_article_head_1742806044-ahtozaosluanju-300x97.jpg 300w, https:\/\/www.dbindos.info\/wp-content\/uploads\/tn_article_head_1742806044-ahtozaosluanju-1024x332.jpg 1024w, https:\/\/www.dbindos.info\/wp-content\/uploads\/tn_article_head_1742806044-ahtozaosluanju-768x249.jpg 768w, https:\/\/www.dbindos.info\/wp-content\/uploads\/tn_article_head_1742806044-ahtozaosluanju-18x6.jpg 18w\" sizes=\"(max-width: 1080px) 100vw, 1080px\" \/>\t\t\t\t\t\t\t\t<\/a>\n\t\t\t\t\t\t\t\t\t\t\t\t\t\t\t<\/div>\n\t\t\t\t<\/div>\n\t\t\t\t\t<\/div>\n\t\t<\/div>\n\t\t\t\t<div class=\"elementor-column elementor-col-50 elementor-inner-column elementor-element elementor-element-d3c496d\" data-id=\"d3c496d\" data-element_type=\"column\">\n\t\t\t<div class=\"elementor-widget-wrap elementor-element-populated\">\n\t\t\t\t\t\t\t\t<div class=\"elementor-element elementor-element-f0f4137 elementor-widget__width-initial elementor-widget-mobile__width-inherit elementor-widget-tablet__width-inherit elementor-widget elementor-widget-heading\" data-id=\"f0f4137\" data-element_type=\"widget\" data-widget_type=\"heading.default\">\n\t\t\t\t<div class=\"elementor-widget-container\">\n\t\t\t<h2 class=\"elementor-heading-title elementor-size-default\"><a href=\"https:\/\/www.dbindos.info\/en\/projekti\/sahtofonija-o-slobodi-slusaca-i-predavaca\/\" target=\"_blank\">\u0160ahtofonija O slobodi slu\u0161a\u010da i predava\u010da<\/a><\/h2>\t\t<\/div>\n\t\t\t\t<\/div>\n\t\t\t\t<div class=\"elementor-element elementor-element-149ea86 elementor-widget__width-initial elementor-widget-mobile__width-inherit elementor-widget-tablet__width-inherit elementor-widget elementor-widget-text-editor\" data-id=\"149ea86\" data-element_type=\"widget\" data-widget_type=\"text-editor.default\">\n\t\t\t\t<div class=\"elementor-widget-container\">\n\t\t\t\t\t\t\t<p><strong><span style=\"color: #ff0000;\">27. 4. 2025. u 20:15<\/span>, \u0160ator CirkoBalkana \u2013 Cirkorama, POGON \u2013 Zagreba\u010dki centar za nezavisnu kulturu<\/strong><\/p><p>\u0160ahtofonija o slobodi volje preokre\u0107e pedago\u0161ki mit bezumlja svijeta s osam sko\u010dnih lekcija emancipacije slu\u0161a\u010da i predava\u010da opsjednutih stra\u0161\u0107u jednakosti za istra\u017eivanjem mo\u0107i svakog \u010dovjeka kada se smatra jednakim svim drugima i sve druge smatra jednakim sebi&#8230; <span style=\"color: #ff0000;\"><strong><a style=\"color: #ff0000;\" href=\"https:\/\/www.dbindos.info\/en\/projekti\/sahtofonija-o-slobodi-slusaca-i-predavaca\/\" rel=\"noopener\">&gt;&gt;<\/a><\/strong><\/span><\/p>\t\t\t\t\t\t<\/div>\n\t\t\t\t<\/div>\n\t\t\t\t\t<\/div>\n\t\t<\/div>\n\t\t\t\t\t\t\t<\/div>\n\t\t<\/section>\n\t\t\t\t<section class=\"elementor-section elementor-inner-section elementor-element elementor-element-8c87bf8 elementor-section-boxed elementor-section-height-default elementor-section-height-default\" data-id=\"8c87bf8\" data-element_type=\"section\" data-settings=\"{&quot;background_background&quot;:&quot;classic&quot;}\">\n\t\t\t\t\t\t<div class=\"elementor-container elementor-column-gap-default\">\n\t\t\t\t\t<div class=\"elementor-column elementor-col-50 elementor-inner-column elementor-element elementor-element-28fe409\" data-id=\"28fe409\" data-element_type=\"column\" data-settings=\"{&quot;background_background&quot;:&quot;classic&quot;}\">\n\t\t\t<div class=\"elementor-widget-wrap elementor-element-populated\">\n\t\t\t\t\t\t\t\t<div class=\"elementor-element elementor-element-5b5f1bf elementor-widget__width-initial elementor-widget-tablet__width-inherit elementor-widget elementor-widget-image\" data-id=\"5b5f1bf\" data-element_type=\"widget\" data-widget_type=\"image.default\">\n\t\t\t\t<div class=\"elementor-widget-container\">\n\t\t\t\t\t\t\t\t\t\t\t\t\t\t\t\t<a href=\"https:\/\/www.dbindos.info\/wp-content\/uploads\/53990465565_51a789cdbf_b.jpg\" data-elementor-open-lightbox=\"yes\" e-action-hash=\"#elementor-action%3Aaction%3Dlightbox%26settings%3DeyJpZCI6MTI2NDUsInVybCI6Imh0dHBzOlwvXC93d3cuZGJpbmRvcy5pbmZvXC93cC1jb250ZW50XC91cGxvYWRzXC81Mzk5MDQ2NTU2NV81MWE3ODljZGJmX2IuanBnIn0%3D\">\n\t\t\t\t\t\t\t<img decoding=\"async\" width=\"1024\" height=\"683\" src=\"https:\/\/www.dbindos.info\/wp-content\/uploads\/53990465565_51a789cdbf_b.jpg\" class=\"attachment-full size-full wp-image-12645\" alt=\"\" loading=\"lazy\" srcset=\"https:\/\/www.dbindos.info\/wp-content\/uploads\/53990465565_51a789cdbf_b.jpg 1024w, https:\/\/www.dbindos.info\/wp-content\/uploads\/53990465565_51a789cdbf_b-300x200.jpg 300w, https:\/\/www.dbindos.info\/wp-content\/uploads\/53990465565_51a789cdbf_b-768x512.jpg 768w, https:\/\/www.dbindos.info\/wp-content\/uploads\/53990465565_51a789cdbf_b-18x12.jpg 18w\" sizes=\"(max-width: 1024px) 100vw, 1024px\" \/>\t\t\t\t\t\t\t\t<\/a>\n\t\t\t\t\t\t\t\t\t\t\t\t\t\t\t<\/div>\n\t\t\t\t<\/div>\n\t\t\t\t\t<\/div>\n\t\t<\/div>\n\t\t\t\t<div class=\"elementor-column elementor-col-50 elementor-inner-column elementor-element elementor-element-f683550\" data-id=\"f683550\" data-element_type=\"column\">\n\t\t\t<div class=\"elementor-widget-wrap elementor-element-populated\">\n\t\t\t\t\t\t\t\t<div class=\"elementor-element elementor-element-a4d07a1 elementor-widget__width-initial elementor-widget-mobile__width-inherit elementor-widget-tablet__width-inherit elementor-widget elementor-widget-heading\" data-id=\"a4d07a1\" data-element_type=\"widget\" data-widget_type=\"heading.default\">\n\t\t\t\t<div class=\"elementor-widget-container\">\n\t\t\t<h2 class=\"elementor-heading-title elementor-size-default\"><a href=\"https:\/\/www.kvartovikulture.hr\/dogadjanja\/sahto-kultura\" target=\"_blank\">\u0160ahto-kultura u kvartu<\/a><\/h2>\t\t<\/div>\n\t\t\t\t<\/div>\n\t\t\t\t<div class=\"elementor-element elementor-element-2f2e9af elementor-widget__width-initial elementor-widget-mobile__width-inherit elementor-widget-tablet__width-inherit elementor-widget elementor-widget-text-editor\" data-id=\"2f2e9af\" data-element_type=\"widget\" data-widget_type=\"text-editor.default\">\n\t\t\t\t<div class=\"elementor-widget-container\">\n\t\t\t\t\t\t\t<p><strong>16. 3. 2025. Mjesni odbor Kne\u017eija, Zagreb<\/strong><\/p><p>Gostovanje \u0160ahto-kulture na Kne\u017eiji prilika je da se isproba forma isprekidanog zajedni\u0161tva u kojem se izmjenjuju uloge onih koji gledaju i slu\u0161aju i onih koji izvode, a to \u0107e uz izvo\u0111a\u010de biti svi koji to \u017eele&#8230; <span style=\"color: #ff0000;\"><strong><a style=\"color: #ff0000;\" href=\"https:\/\/www.kvartovikulture.hr\/dogadjanja\/sahto-kultura\" target=\"_blank\" rel=\"noopener\">&gt;&gt;<\/a><\/strong><\/span><\/p>\t\t\t\t\t\t<\/div>\n\t\t\t\t<\/div>\n\t\t\t\t\t<\/div>\n\t\t<\/div>\n\t\t\t\t\t\t\t<\/div>\n\t\t<\/section>\n\t\t\t\t<section class=\"elementor-section elementor-inner-section elementor-element elementor-element-dbb61b3 elementor-section-boxed elementor-section-height-default elementor-section-height-default\" data-id=\"dbb61b3\" data-element_type=\"section\" data-settings=\"{&quot;background_background&quot;:&quot;classic&quot;}\">\n\t\t\t\t\t\t<div class=\"elementor-container elementor-column-gap-default\">\n\t\t\t\t\t<div class=\"elementor-column elementor-col-50 elementor-inner-column elementor-element elementor-element-1b38485\" data-id=\"1b38485\" data-element_type=\"column\" data-settings=\"{&quot;background_background&quot;:&quot;classic&quot;}\">\n\t\t\t<div class=\"elementor-widget-wrap elementor-element-populated\">\n\t\t\t\t\t\t\t\t<div class=\"elementor-element elementor-element-00759b8 elementor-widget__width-initial elementor-widget-tablet__width-inherit elementor-widget elementor-widget-image\" data-id=\"00759b8\" data-element_type=\"widget\" data-widget_type=\"image.default\">\n\t\t\t\t<div class=\"elementor-widget-container\">\n\t\t\t\t\t\t\t\t\t\t\t\t\t\t\t\t<a href=\"https:\/\/www.dbindos.info\/wp-content\/uploads\/54268223638_f9572bea17_b.jpg\" data-elementor-open-lightbox=\"yes\" e-action-hash=\"#elementor-action%3Aaction%3Dlightbox%26settings%3DeyJpZCI6MTM2MzIsInVybCI6Imh0dHBzOlwvXC93d3cuZGJpbmRvcy5pbmZvXC93cC1jb250ZW50XC91cGxvYWRzXC81NDI2ODIyMzYzOF9mOTU3MmJlYTE3X2IuanBnIn0%3D\">\n\t\t\t\t\t\t\t<img decoding=\"async\" width=\"1024\" height=\"683\" src=\"https:\/\/www.dbindos.info\/wp-content\/uploads\/54268223638_f9572bea17_b.jpg\" class=\"attachment-full size-full wp-image-13632\" alt=\"\" loading=\"lazy\" srcset=\"https:\/\/www.dbindos.info\/wp-content\/uploads\/54268223638_f9572bea17_b.jpg 1024w, https:\/\/www.dbindos.info\/wp-content\/uploads\/54268223638_f9572bea17_b-300x200.jpg 300w, https:\/\/www.dbindos.info\/wp-content\/uploads\/54268223638_f9572bea17_b-768x512.jpg 768w, https:\/\/www.dbindos.info\/wp-content\/uploads\/54268223638_f9572bea17_b-18x12.jpg 18w\" sizes=\"(max-width: 1024px) 100vw, 1024px\" \/>\t\t\t\t\t\t\t\t<\/a>\n\t\t\t\t\t\t\t\t\t\t\t\t\t\t\t<\/div>\n\t\t\t\t<\/div>\n\t\t\t\t\t<\/div>\n\t\t<\/div>\n\t\t\t\t<div class=\"elementor-column elementor-col-50 elementor-inner-column elementor-element elementor-element-fea97fc\" data-id=\"fea97fc\" data-element_type=\"column\">\n\t\t\t<div class=\"elementor-widget-wrap elementor-element-populated\">\n\t\t\t\t\t\t\t\t<div class=\"elementor-element elementor-element-7d45bb0 elementor-widget__width-initial elementor-widget-mobile__width-inherit elementor-widget-tablet__width-inherit elementor-widget elementor-widget-heading\" data-id=\"7d45bb0\" data-element_type=\"widget\" data-widget_type=\"heading.default\">\n\t\t\t\t<div class=\"elementor-widget-container\">\n\t\t\t<h2 class=\"elementor-heading-title elementor-size-default\"><a href=\"https:\/\/www.dbindos.info\/en\/projekti\/rotulus-homo-pendulum\/\">DODOGOVOR OF \u0160AHTO-KULTURa: ROTULUS HOMO PENDULUM<\/a><\/h2>\t\t<\/div>\n\t\t\t\t<\/div>\n\t\t\t\t<div class=\"elementor-element elementor-element-c9e57a9 elementor-widget__width-initial elementor-widget-mobile__width-inherit elementor-widget-tablet__width-inherit elementor-widget elementor-widget-text-editor\" data-id=\"c9e57a9\" data-element_type=\"widget\" data-widget_type=\"text-editor.default\">\n\t\t\t\t<div class=\"elementor-widget-container\">\n\t\t\t\t\t\t\t<p><strong>14. i 15. 1. 2025. Pogon Jedinstvo, velika dvorana, Zagreb<\/strong><\/p><p>The extreme music-theater performance works with the aesthetics of personal and public memory as a common good, and takes as its starting point the legendary personality and artwork of Marko Brecelj, poet, musician, performer and activist. <span style=\"color: #ff0000;\"><strong><a style=\"color: #ff0000;\" href=\"https:\/\/www.dbindos.info\/en\/projekti\/rotulus-homo-pendulum\/\" rel=\"noopener\">&gt;&gt;<\/a><\/strong><\/span><\/p>\t\t\t\t\t\t<\/div>\n\t\t\t\t<\/div>\n\t\t\t\t\t<\/div>\n\t\t<\/div>\n\t\t\t\t\t\t\t<\/div>\n\t\t<\/section>\n\t\t\t\t\t<\/div>\n\t\t<\/div>\n\t\t\t\t\t\t\t<\/div>\n\t\t<\/section>\n\t\t\t\t\t\t\t<\/div>","protected":false},"excerpt":{"rendered":"<p>PROJEKTI 2025 \u0160AHTOFONIJA BI\u0106E JE BI\u0106E 13. 6. 2025. u 19:30, Dvorana Gorgona, LJETO U MSU Nastavljaju\u0107i umjetni\u010dku suradnju s\u00a0Trobecovim kru\u0161nim pe\u0107ima, intenziviramo novi soni\u010dni dijalogizam sa zvucima elektri\u010dne i bas gitare, bubnjeva, nepjevnog pjevanja, u srazu sa \u0161ahtofonskim instrumentarijem, koriste\u0107i elemente noisea, avant i post rocka, miksaju\u0107i ih s razli\u010ditim modelima i konkretnim efektima &hellip;<\/p>\n<p class=\"read-more\"> <a class=\"\" href=\"https:\/\/www.dbindos.info\/en\/projekti-2025\/\"> <span class=\"screen-reader-text\">Projects 2025<\/span> Read More &raquo;<\/a><\/p>","protected":false},"author":1,"featured_media":0,"parent":0,"menu_order":3,"comment_status":"closed","ping_status":"closed","template":"","meta":{"site-sidebar-layout":"no-sidebar","site-content-layout":"page-builder","ast-global-header-display":"","ast-main-header-display":"","ast-hfb-above-header-display":"","ast-hfb-below-header-display":"","ast-hfb-mobile-header-display":"","site-post-title":"disabled","ast-breadcrumbs-content":"","ast-featured-img":"disabled","footer-sml-layout":"","theme-transparent-header-meta":"","adv-header-id-meta":"","stick-header-meta":"","header-above-stick-meta":"","header-main-stick-meta":"","header-below-stick-meta":""},"_links":{"self":[{"href":"https:\/\/www.dbindos.info\/en\/wp-json\/wp\/v2\/pages\/12533"}],"collection":[{"href":"https:\/\/www.dbindos.info\/en\/wp-json\/wp\/v2\/pages"}],"about":[{"href":"https:\/\/www.dbindos.info\/en\/wp-json\/wp\/v2\/types\/page"}],"author":[{"embeddable":true,"href":"https:\/\/www.dbindos.info\/en\/wp-json\/wp\/v2\/users\/1"}],"replies":[{"embeddable":true,"href":"https:\/\/www.dbindos.info\/en\/wp-json\/wp\/v2\/comments?post=12533"}],"version-history":[{"count":31,"href":"https:\/\/www.dbindos.info\/en\/wp-json\/wp\/v2\/pages\/12533\/revisions"}],"predecessor-version":[{"id":14302,"href":"https:\/\/www.dbindos.info\/en\/wp-json\/wp\/v2\/pages\/12533\/revisions\/14302"}],"wp:attachment":[{"href":"https:\/\/www.dbindos.info\/en\/wp-json\/wp\/v2\/media?parent=12533"}],"curies":[{"name":"wp","href":"https:\/\/api.w.org\/{rel}","templated":true}]}}