{"id":12732,"date":"2025-04-04T16:22:13","date_gmt":"2025-04-04T15:22:13","guid":{"rendered":"https:\/\/www.dbindos.info\/?page_id=12732"},"modified":"2025-04-04T16:40:59","modified_gmt":"2025-04-04T15:40:59","slug":"info-the-house-of-extreme-music-theatre","status":"publish","type":"page","link":"https:\/\/www.dbindos.info\/en\/info\/info-the-house-of-extreme-music-theatre\/","title":{"rendered":"INFO The house of extreme music theatre"},"content":{"rendered":"<div data-elementor-type=\"wp-page\" data-elementor-id=\"12732\" class=\"elementor elementor-12732\">\n\t\t\t\t\t\t\t\t\t<section class=\"elementor-section elementor-top-section elementor-element elementor-element-06098c3 elementor-section-boxed elementor-section-height-default elementor-section-height-default\" data-id=\"06098c3\" data-element_type=\"section\" data-settings=\"{&quot;background_background&quot;:&quot;classic&quot;}\">\n\t\t\t\t\t\t<div class=\"elementor-container elementor-column-gap-default\">\n\t\t\t\t\t<div class=\"elementor-column elementor-col-100 elementor-top-column elementor-element elementor-element-f7fc9af\" data-id=\"f7fc9af\" data-element_type=\"column\" data-settings=\"{&quot;background_background&quot;:&quot;classic&quot;}\">\n\t\t\t<div class=\"elementor-widget-wrap elementor-element-populated\">\n\t\t\t\t\t\t\t\t<div class=\"elementor-element elementor-element-478b75a elementor-widget-mobile__width-inherit elementor-widget elementor-widget-heading\" data-id=\"478b75a\" data-element_type=\"widget\" data-widget_type=\"heading.default\">\n\t\t\t\t<div class=\"elementor-widget-container\">\n\t\t\t<style>\/*! elementor - v3.10.0 - 09-01-2023 *\/\n.elementor-heading-title{padding:0;margin:0;line-height:1}.elementor-widget-heading .elementor-heading-title[class*=elementor-size-]>a{color:inherit;font-size:inherit;line-height:inherit}.elementor-widget-heading .elementor-heading-title.elementor-size-small{font-size:15px}.elementor-widget-heading .elementor-heading-title.elementor-size-medium{font-size:19px}.elementor-widget-heading .elementor-heading-title.elementor-size-large{font-size:29px}.elementor-widget-heading .elementor-heading-title.elementor-size-xl{font-size:39px}.elementor-widget-heading .elementor-heading-title.elementor-size-xxl{font-size:59px}<\/style><h1 class=\"elementor-heading-title elementor-size-default\">THE HOUSE OF EXTREME MUSIC THEATRE<\/h1>\t\t<\/div>\n\t\t\t\t<\/div>\n\t\t\t\t<section class=\"elementor-section elementor-inner-section elementor-element elementor-element-310b37d elementor-section-height-min-height elementor-section-boxed elementor-section-height-default\" data-id=\"310b37d\" data-element_type=\"section\" data-settings=\"{&quot;background_background&quot;:&quot;classic&quot;}\">\n\t\t\t\t\t\t<div class=\"elementor-container elementor-column-gap-default\">\n\t\t\t\t\t<div class=\"elementor-column elementor-col-50 elementor-inner-column elementor-element elementor-element-034fa63\" data-id=\"034fa63\" data-element_type=\"column\" data-settings=\"{&quot;background_background&quot;:&quot;classic&quot;}\">\n\t\t\t<div class=\"elementor-widget-wrap elementor-element-populated\">\n\t\t\t\t\t\t\t\t<div class=\"elementor-element elementor-element-f4ebe77 elementor-widget-mobile__width-initial elementor-widget__width-initial elementor-widget-tablet__width-initial elementor-widget elementor-widget-image\" data-id=\"f4ebe77\" data-element_type=\"widget\" data-widget_type=\"image.default\">\n\t\t\t\t<div class=\"elementor-widget-container\">\n\t\t\t<style>\/*! elementor - v3.10.0 - 09-01-2023 *\/\n.elementor-widget-image{text-align:center}.elementor-widget-image a{display:inline-block}.elementor-widget-image a img[src$=\".svg\"]{width:48px}.elementor-widget-image img{vertical-align:middle;display:inline-block}<\/style>\t\t\t\t\t\t\t\t\t\t\t\t\t<a href=\"https:\/\/www.dbindos.info\/wp-content\/uploads\/51255308099_37fc40182a_b.jpg\" data-elementor-open-lightbox=\"yes\" e-action-hash=\"#elementor-action%3Aaction%3Dlightbox%26settings%3DeyJpZCI6NzAxMywidXJsIjoiaHR0cHM6XC9cL3d3dy5kYmluZG9zLmluZm9cL3dwLWNvbnRlbnRcL3VwbG9hZHNcLzUxMjU1MzA4MDk5XzM3ZmM0MDE4MmFfYi5qcGcifQ%3D%3D\">\n\t\t\t\t\t\t\t<img decoding=\"async\" width=\"937\" height=\"625\" src=\"https:\/\/www.dbindos.info\/wp-content\/uploads\/51255308099_37fc40182a_b.jpg\" class=\"attachment-full size-full wp-image-7013\" alt=\"\" loading=\"lazy\" srcset=\"https:\/\/www.dbindos.info\/wp-content\/uploads\/51255308099_37fc40182a_b.jpg 937w, https:\/\/www.dbindos.info\/wp-content\/uploads\/51255308099_37fc40182a_b-300x200.jpg 300w, https:\/\/www.dbindos.info\/wp-content\/uploads\/51255308099_37fc40182a_b-768x512.jpg 768w, https:\/\/www.dbindos.info\/wp-content\/uploads\/51255308099_37fc40182a_b-18x12.jpg 18w\" sizes=\"(max-width: 937px) 100vw, 937px\" \/>\t\t\t\t\t\t\t\t<\/a>\n\t\t\t\t\t\t\t\t\t\t\t\t\t\t\t<\/div>\n\t\t\t\t<\/div>\n\t\t\t\t\t<\/div>\n\t\t<\/div>\n\t\t\t\t<div class=\"elementor-column elementor-col-50 elementor-inner-column elementor-element elementor-element-7f9eff3\" data-id=\"7f9eff3\" data-element_type=\"column\">\n\t\t\t<div class=\"elementor-widget-wrap elementor-element-populated\">\n\t\t\t\t\t\t\t\t<div class=\"elementor-element elementor-element-cd0a164 elementor-widget__width-initial elementor-widget-mobile__width-inherit elementor-widget elementor-widget-text-editor\" data-id=\"cd0a164\" data-element_type=\"widget\" data-widget_type=\"text-editor.default\">\n\t\t\t\t<div class=\"elementor-widget-container\">\n\t\t\t<style>\/*! elementor - v3.10.0 - 09-01-2023 *\/\n.elementor-widget-text-editor.elementor-drop-cap-view-stacked .elementor-drop-cap{background-color:#818a91;color:#fff}.elementor-widget-text-editor.elementor-drop-cap-view-framed .elementor-drop-cap{color:#818a91;border:3px solid;background-color:transparent}.elementor-widget-text-editor:not(.elementor-drop-cap-view-default) .elementor-drop-cap{margin-top:8px}.elementor-widget-text-editor:not(.elementor-drop-cap-view-default) .elementor-drop-cap-letter{width:1em;height:1em}.elementor-widget-text-editor .elementor-drop-cap{float:left;text-align:center;line-height:1;font-size:50px}.elementor-widget-text-editor .elementor-drop-cap-letter{display:inline-block}<\/style>\t\t\t\t<p><strong>THE HOUSE OF EXTREME MUSIC THEATRE<br \/><\/strong><strong>DB Indo\u0161 and Tanja Vrvilo<\/strong><\/p><p><strong>THE HOUSE OF EXTREME MUSIC THEATRE<\/strong> is a Zagreb based collaborative performance group by the artistic duo Damir Bartol Indo\u0161 and Tanja Vrvilo, which has been creating performance works and installations based on the interaction of several media and theatrical forms. In the last 20 years, an auteur tandem Damir Bartol Indo\u0161 and Tanja Vrvilo develops complex thought structures using various artistic expressions: extreme-music theater, contemporary dance, interactive installation sculptures, exhibition-performances, develops ideas of essay theater with long-term archival research of materials. They invite artists from various artistic fields and positions \u2013 from alternative performers of different generations to academic theater artists and juxtapose their performance styles in collaborative work.<\/p><p>The group was founded by performance artist Damir Bartol Indo\u0161 in early 1990s, who built his artistic vision as a member of the neo-avantgarde theater group Kugla Glumi\u0161te (1975\u20131982), one of the most important theatrical, multimedia and interdisciplinary groups in Croatia and the former Yugoslavia. Kugla Glumi\u0161te created a new conception of theater as an urban ritual and social situation.<\/p><p>Long-term research and development of sound sculptures for performance has resulted in the construction of a series of performance boxes (in the footsteps of prepared instruments): audiovisual sculptures named Schachtophones.<\/p><p>Shachtophones are instruments of bruitism for the synthetic forms of performances and installations, whose sound boxes and graphic partitures-schachtophonies are made by the artist and performer Damir Bartol Indo\u0161. They were created by the developing his sound-stage objects from \u201cspiritually recycled post-industrial waste\u201d since the late 1980s and used as a performing apparatuses and sound sculptures as part of the multimedia settings of the House of Extreme Musical Theater.<\/p><p>By developing the idea of \u200b\u200bschachtophony, The House of Extreme Music Theatre supports dehierarchical processes in the organizational models of artistic collective production. The idea of \u200b\u200busing unusual instruments (schachtophones), found through the process of spiritually recycled waste, or preparing existing classical instruments and isolating the function of their primary sound \u2013 originate from the desire to dehierarchize the academic system of understanding the practice music, economy and politics of such work.<\/p><p>Graphic partitures reanimate the written, sound and image materials of neglected local artists, bringing the schacht covers as close as possible to their underground origins. The extreme music theatre reveals the post-dramatic practice and the thematic focus of the work, the artistic sampling process as a method of appropriation, variation and editing of material borrowed from different times that infuses underground culture with current political relevance.<\/p><p>\u00a0<\/p><p>\u201cDB Indo\u0161 and Tanja Vrvilo \u2014 House of Extreme Music Theater work with material from the Croatian historical avant-garde scene in all their performances of exhausting, physical theater, which they approached through the Zagreb circle of zenithists, through Kamov and \u010cerina as predecessors of the Futurists (but not the Marinettists), and their influence on the literary-revolutionary circle of rebellious youth. Their systematic work on the performance and reactualization of the neo\/avant-garde can be defined, by using Roman Jakobson\u2019s definition, by intersemiotic translations into musical theater which, in their example, is based on manipulating sound objects\/installations\/sculptures with the cut-up technique of original texts into schachtophone scores (moving away from music notation to graphic notation) for schachtophone music, all through the vision of the performance of exhausting (physical) theater with constant dedication to Artaud\u2019s theater of cruelty, the alchemical theater of pre-logic and pre-rationality, a theater that, as a magical ritual, can lead to the healing of society.\u201d (<strong>Suzana Marjani\u0107<\/strong>)<\/p><p>\u00a0<\/p><p>\u201cPerformative methodology of the House of Extreme Music Theater led by Croatian, Zagreb-based performing artists Damir Bartol Indo\u0161 and Tanja Vrvilo is largely based on the creation, recycling and abundant use of sound objects, deconstruction of voice and text, and collaborations with alternative rock and noise musicians and multimedia artists &#8230; that show that flexible postdramatic, \u201cextended\u201d approaches, such as abandoning the narrative sequence and manipulation of sound objects, improvisation and interdisciplinarity, which at the same time touch upon the textual template and graphic scores, represent a good platform for questioning the prevailing concept of noise and, eventually, encouraging its reaffirmation.<\/p><p>Unexpectedness, inexplicability and general novelty that is manifested in the performance conceptions of Indo\u0161 and Vrvilo is in a constant wavering between ethical and aesthetic function. Indo\u0161 and Vrvilo denominate the topics they select through deep archival work as \u201cdeserved topics.\u201d The work of the House of Extreme Music Theater therefore shows itself as a constant dialectic between ethics and aesthetics, normality and extraordinariness, theater and performance art, system and \u201ccarnival\u201d\u2014which in mutual interaction produce that life-giving energy that is manifested in noise and open to everything that could be. And in that sense, it is truly music and noise as theater, and not only music and noise in theater. In the end, it is perhaps even more than an aural experience precisely the root metaphor of our world.\u201d (<strong>Anamarija \u017dugi\u0107 Bori\u0107<\/strong>)<\/p><p>\u00a0<\/p><p>\u00a0<\/p><p>\u00a0<\/p><p><strong>\u00a0<\/strong><\/p><p><strong>\u00a0<\/strong><\/p><p>\u00a0<\/p><p><strong>\u00a0<\/strong><\/p><p>\u00a0<\/p>\t\t\t\t\t\t<\/div>\n\t\t\t\t<\/div>\n\t\t\t\t\t<\/div>\n\t\t<\/div>\n\t\t\t\t\t\t\t<\/div>\n\t\t<\/section>\n\t\t\t\t\t<\/div>\n\t\t<\/div>\n\t\t\t\t\t\t\t<\/div>\n\t\t<\/section>\n\t\t\t\t\t\t\t<\/div>","protected":false},"excerpt":{"rendered":"<p>THE HOUSE OF EXTREME MUSIC THEATRE THE HOUSE OF EXTREME MUSIC THEATREDB Indo\u0161 and Tanja Vrvilo THE HOUSE OF EXTREME MUSIC THEATRE is a Zagreb based collaborative performance group by the artistic duo Damir Bartol Indo\u0161 and Tanja Vrvilo, which has been creating performance works and installations based on the interaction of several media and &hellip;<\/p>\n<p class=\"read-more\"> <a class=\"\" href=\"https:\/\/www.dbindos.info\/en\/info\/info-the-house-of-extreme-music-theatre\/\"> <span class=\"screen-reader-text\">INFO The house of extreme music theatre<\/span> Read More &raquo;<\/a><\/p>","protected":false},"author":1,"featured_media":0,"parent":344,"menu_order":1,"comment_status":"closed","ping_status":"closed","template":"","meta":{"site-sidebar-layout":"no-sidebar","site-content-layout":"page-builder","ast-global-header-display":"","ast-main-header-display":"","ast-hfb-above-header-display":"","ast-hfb-below-header-display":"","ast-hfb-mobile-header-display":"","site-post-title":"disabled","ast-breadcrumbs-content":"","ast-featured-img":"disabled","footer-sml-layout":"","theme-transparent-header-meta":"","adv-header-id-meta":"","stick-header-meta":"","header-above-stick-meta":"","header-main-stick-meta":"","header-below-stick-meta":""},"_links":{"self":[{"href":"https:\/\/www.dbindos.info\/en\/wp-json\/wp\/v2\/pages\/12732"}],"collection":[{"href":"https:\/\/www.dbindos.info\/en\/wp-json\/wp\/v2\/pages"}],"about":[{"href":"https:\/\/www.dbindos.info\/en\/wp-json\/wp\/v2\/types\/page"}],"author":[{"embeddable":true,"href":"https:\/\/www.dbindos.info\/en\/wp-json\/wp\/v2\/users\/1"}],"replies":[{"embeddable":true,"href":"https:\/\/www.dbindos.info\/en\/wp-json\/wp\/v2\/comments?post=12732"}],"version-history":[{"count":13,"href":"https:\/\/www.dbindos.info\/en\/wp-json\/wp\/v2\/pages\/12732\/revisions"}],"predecessor-version":[{"id":12745,"href":"https:\/\/www.dbindos.info\/en\/wp-json\/wp\/v2\/pages\/12732\/revisions\/12745"}],"up":[{"embeddable":true,"href":"https:\/\/www.dbindos.info\/en\/wp-json\/wp\/v2\/pages\/344"}],"wp:attachment":[{"href":"https:\/\/www.dbindos.info\/en\/wp-json\/wp\/v2\/media?parent=12732"}],"curies":[{"name":"wp","href":"https:\/\/api.w.org\/{rel}","templated":true}]}}