{"id":13263,"date":"2025-04-14T09:41:18","date_gmt":"2025-04-14T08:41:18","guid":{"rendered":"https:\/\/www.dbindos.info\/?page_id=13263"},"modified":"2025-04-15T08:34:25","modified_gmt":"2025-04-15T07:34:25","slug":"labirint-sahto-kulture","status":"publish","type":"page","link":"https:\/\/www.dbindos.info\/en\/projekti\/labirint-sahto-kulture\/","title":{"rendered":"LABIRINT \u0160AHTO-KULTURE"},"content":{"rendered":"<div data-elementor-type=\"wp-page\" data-elementor-id=\"13263\" class=\"elementor elementor-13263\">\n\t\t\t\t\t\t\t\t\t<section class=\"elementor-section elementor-top-section elementor-element elementor-element-57817d4 elementor-section-boxed elementor-section-height-default elementor-section-height-default\" data-id=\"57817d4\" data-element_type=\"section\" data-settings=\"{&quot;background_background&quot;:&quot;classic&quot;}\">\n\t\t\t\t\t\t<div class=\"elementor-container elementor-column-gap-default\">\n\t\t\t\t\t<div class=\"elementor-column elementor-col-100 elementor-top-column elementor-element elementor-element-67cfb01\" data-id=\"67cfb01\" data-element_type=\"column\" data-settings=\"{&quot;background_background&quot;:&quot;classic&quot;}\">\n\t\t\t<div class=\"elementor-widget-wrap elementor-element-populated\">\n\t\t\t\t\t\t\t\t<div class=\"elementor-element elementor-element-47407ae elementor-widget-mobile__width-inherit elementor-widget elementor-widget-heading\" data-id=\"47407ae\" data-element_type=\"widget\" data-widget_type=\"heading.default\">\n\t\t\t\t<div class=\"elementor-widget-container\">\n\t\t\t<style>\/*! elementor - v3.10.0 - 09-01-2023 *\/\n.elementor-heading-title{padding:0;margin:0;line-height:1}.elementor-widget-heading .elementor-heading-title[class*=elementor-size-]>a{color:inherit;font-size:inherit;line-height:inherit}.elementor-widget-heading .elementor-heading-title.elementor-size-small{font-size:15px}.elementor-widget-heading .elementor-heading-title.elementor-size-medium{font-size:19px}.elementor-widget-heading .elementor-heading-title.elementor-size-large{font-size:29px}.elementor-widget-heading .elementor-heading-title.elementor-size-xl{font-size:39px}.elementor-widget-heading .elementor-heading-title.elementor-size-xxl{font-size:59px}<\/style><h1 class=\"elementor-heading-title elementor-size-default\">LABIRINT \u0160AHTO-KULTURE<\/h1>\t\t<\/div>\n\t\t\t\t<\/div>\n\t\t\t\t<div class=\"elementor-element elementor-element-4660a0c elementor-arrows-position-inside elementor-widget elementor-widget-image-carousel\" data-id=\"4660a0c\" data-element_type=\"widget\" data-settings=\"{&quot;slides_to_show&quot;:&quot;5&quot;,&quot;autoplay&quot;:&quot;no&quot;,&quot;slides_to_show_tablet&quot;:&quot;3&quot;,&quot;navigation&quot;:&quot;arrows&quot;,&quot;image_spacing_custom&quot;:{&quot;unit&quot;:&quot;px&quot;,&quot;size&quot;:7,&quot;sizes&quot;:[]},&quot;slides_to_show_mobile&quot;:&quot;1&quot;,&quot;infinite&quot;:&quot;no&quot;,&quot;speed&quot;:500}\" data-widget_type=\"image-carousel.default\">\n\t\t\t\t<div class=\"elementor-widget-container\">\n\t\t\t<style>\/*! elementor - v3.10.0 - 09-01-2023 *\/\n.elementor-widget-image-carousel .swiper-container{position:static}.elementor-widget-image-carousel .swiper-container .swiper-slide figure{line-height:inherit}.elementor-widget-image-carousel .swiper-slide{text-align:center}.elementor-image-carousel-wrapper:not(.swiper-container-initialized) .swiper-slide{max-width:calc(100% \/ var(--e-image-carousel-slides-to-show, 3))}<\/style>\t\t<div class=\"elementor-image-carousel-wrapper swiper-container\" dir=\"ltr\">\n\t\t\t<div class=\"elementor-image-carousel swiper-wrapper swiper-image-stretch\">\n\t\t\t\t\t\t\t\t<div class=\"swiper-slide\"><a data-elementor-open-lightbox=\"yes\" data-elementor-lightbox-slideshow=\"4660a0c\" e-action-hash=\"#elementor-action%3Aaction%3Dlightbox%26settings%3DeyJpZCI6MTMzMzIsInVybCI6Imh0dHBzOlwvXC93d3cuZGJpbmRvcy5pbmZvXC93cC1jb250ZW50XC91cGxvYWRzXC9PT19TQUhUT0tVTFRVUkFfSlpfMTEyLmpwZyIsInNsaWRlc2hvdyI6IjQ2NjBhMGMifQ%3D%3D\" href=\"https:\/\/www.dbindos.info\/wp-content\/uploads\/OO_SAHTOKULTURA_JZ_112.jpg\"><figure class=\"swiper-slide-inner\"><img decoding=\"async\" class=\"swiper-slide-image\" src=\"https:\/\/www.dbindos.info\/wp-content\/uploads\/OO_SAHTOKULTURA_JZ_112.jpg\" alt=\"OO_SAHTOKULTURA_JZ\u030c_112\" \/><\/figure><\/a><\/div><div class=\"swiper-slide\"><a data-elementor-open-lightbox=\"yes\" data-elementor-lightbox-slideshow=\"4660a0c\" e-action-hash=\"#elementor-action%3Aaction%3Dlightbox%26settings%3DeyJpZCI6MTMzMjgsInVybCI6Imh0dHBzOlwvXC93d3cuZGJpbmRvcy5pbmZvXC93cC1jb250ZW50XC91cGxvYWRzXC9PT19TQUhUT0tVTFRVUkFfSlpfMTc1LmpwZyIsInNsaWRlc2hvdyI6IjQ2NjBhMGMifQ%3D%3D\" href=\"https:\/\/www.dbindos.info\/wp-content\/uploads\/OO_SAHTOKULTURA_JZ_175.jpg\"><figure class=\"swiper-slide-inner\"><img decoding=\"async\" class=\"swiper-slide-image\" src=\"https:\/\/www.dbindos.info\/wp-content\/uploads\/OO_SAHTOKULTURA_JZ_175.jpg\" alt=\"OO_SAHTOKULTURA_JZ\u030c_175\" \/><\/figure><\/a><\/div><div class=\"swiper-slide\"><a data-elementor-open-lightbox=\"yes\" data-elementor-lightbox-slideshow=\"4660a0c\" e-action-hash=\"#elementor-action%3Aaction%3Dlightbox%26settings%3DeyJpZCI6MTMzMzQsInVybCI6Imh0dHBzOlwvXC93d3cuZGJpbmRvcy5pbmZvXC93cC1jb250ZW50XC91cGxvYWRzXC9PT19TQUhUT0tVTFRVUkFfSlpfMTAxLmpwZyIsInNsaWRlc2hvdyI6IjQ2NjBhMGMifQ%3D%3D\" href=\"https:\/\/www.dbindos.info\/wp-content\/uploads\/OO_SAHTOKULTURA_JZ_101.jpg\"><figure class=\"swiper-slide-inner\"><img decoding=\"async\" class=\"swiper-slide-image\" src=\"https:\/\/www.dbindos.info\/wp-content\/uploads\/OO_SAHTOKULTURA_JZ_101.jpg\" alt=\"OO_SAHTOKULTURA_JZ\u030c_101\" \/><\/figure><\/a><\/div><div class=\"swiper-slide\"><a data-elementor-open-lightbox=\"yes\" data-elementor-lightbox-slideshow=\"4660a0c\" e-action-hash=\"#elementor-action%3Aaction%3Dlightbox%26settings%3DeyJpZCI6MTMzMjksInVybCI6Imh0dHBzOlwvXC93d3cuZGJpbmRvcy5pbmZvXC93cC1jb250ZW50XC91cGxvYWRzXC9PT19TQUhUT0tVTFRVUkFfSlpfMTg0LmpwZyIsInNsaWRlc2hvdyI6IjQ2NjBhMGMifQ%3D%3D\" href=\"https:\/\/www.dbindos.info\/wp-content\/uploads\/OO_SAHTOKULTURA_JZ_184.jpg\"><figure class=\"swiper-slide-inner\"><img decoding=\"async\" class=\"swiper-slide-image\" src=\"https:\/\/www.dbindos.info\/wp-content\/uploads\/OO_SAHTOKULTURA_JZ_184.jpg\" alt=\"OO_SAHTOKULTURA_JZ\u030c_184\" \/><\/figure><\/a><\/div><div class=\"swiper-slide\"><a data-elementor-open-lightbox=\"yes\" data-elementor-lightbox-slideshow=\"4660a0c\" e-action-hash=\"#elementor-action%3Aaction%3Dlightbox%26settings%3DeyJpZCI6MTMzMzEsInVybCI6Imh0dHBzOlwvXC93d3cuZGJpbmRvcy5pbmZvXC93cC1jb250ZW50XC91cGxvYWRzXC9PT19TQUhUT0tVTFRVUkFfSlpfMTYxLmpwZyIsInNsaWRlc2hvdyI6IjQ2NjBhMGMifQ%3D%3D\" href=\"https:\/\/www.dbindos.info\/wp-content\/uploads\/OO_SAHTOKULTURA_JZ_161.jpg\"><figure class=\"swiper-slide-inner\"><img decoding=\"async\" class=\"swiper-slide-image\" src=\"https:\/\/www.dbindos.info\/wp-content\/uploads\/OO_SAHTOKULTURA_JZ_161.jpg\" alt=\"OO_SAHTOKULTURA_JZ\u030c_161\" \/><\/figure><\/a><\/div>\t\t\t<\/div>\n\t\t\t\t\t\t\t\t\t\t\t\t\t\t\t\t<div class=\"elementor-swiper-button elementor-swiper-button-prev\">\n\t\t\t\t\t\t<i aria-hidden=\"true\" class=\"eicon-chevron-left\"><\/i>\t\t\t\t\t\t<span class=\"elementor-screen-only\">Previous<\/span>\n\t\t\t\t\t<\/div>\n\t\t\t\t\t<div class=\"elementor-swiper-button elementor-swiper-button-next\">\n\t\t\t\t\t\t<i aria-hidden=\"true\" class=\"eicon-chevron-right\"><\/i>\t\t\t\t\t\t<span class=\"elementor-screen-only\">Next<\/span>\n\t\t\t\t\t<\/div>\n\t\t\t\t\t\t\t\t\t<\/div>\n\t\t\t\t<\/div>\n\t\t\t\t<\/div>\n\t\t\t\t<section class=\"elementor-section elementor-inner-section elementor-element elementor-element-ef5cf3d elementor-reverse-mobile elementor-section-boxed elementor-section-height-default elementor-section-height-default\" data-id=\"ef5cf3d\" data-element_type=\"section\" data-settings=\"{&quot;background_background&quot;:&quot;classic&quot;}\">\n\t\t\t\t\t\t<div class=\"elementor-container elementor-column-gap-default\">\n\t\t\t\t\t<div class=\"elementor-column elementor-col-50 elementor-inner-column elementor-element elementor-element-5f48e7e\" data-id=\"5f48e7e\" data-element_type=\"column\" data-settings=\"{&quot;background_background&quot;:&quot;classic&quot;}\">\n\t\t\t<div class=\"elementor-widget-wrap elementor-element-populated\">\n\t\t\t\t\t\t\t\t<div class=\"elementor-element elementor-element-f7f5128 elementor-widget-mobile__width-initial elementor-widget elementor-widget-text-editor\" data-id=\"f7f5128\" data-element_type=\"widget\" data-widget_type=\"text-editor.default\">\n\t\t\t\t<div class=\"elementor-widget-container\">\n\t\t\t<style>\/*! elementor - v3.10.0 - 09-01-2023 *\/\n.elementor-widget-text-editor.elementor-drop-cap-view-stacked .elementor-drop-cap{background-color:#818a91;color:#fff}.elementor-widget-text-editor.elementor-drop-cap-view-framed .elementor-drop-cap{color:#818a91;border:3px solid;background-color:transparent}.elementor-widget-text-editor:not(.elementor-drop-cap-view-default) .elementor-drop-cap{margin-top:8px}.elementor-widget-text-editor:not(.elementor-drop-cap-view-default) .elementor-drop-cap-letter{width:1em;height:1em}.elementor-widget-text-editor .elementor-drop-cap{float:left;text-align:center;line-height:1;font-size:50px}.elementor-widget-text-editor .elementor-drop-cap-letter{display:inline-block}<\/style>\t\t\t\t<p><strong><a href=\"https:\/\/www.pogon.hr\/program\/sahto-kultura\/\" target=\"_blank\" rel=\"noopener\">7. &#8211; 24. 9. 2024. Pogon Jedinstvo, Zagreb<\/a><\/strong><\/p><p><strong>Koncept i izvedba LABIRINTA \u0160AHTO-KULTURE<\/strong>: Antun Sev\u0161ek i Damir Gamulin<\/p><p>Detaljan program \u0160AHTO-KULTURE na <a href=\"https:\/\/www.dbindos.info\/en\/projekti\/sahto-kultura\/\" rel=\"noopener\">linku<\/a>.<\/p><p><a href=\"https:\/\/www.flickr.com\/photos\/pogon-zagreb\/albums\/72177720320271676\/\" target=\"_blank\" rel=\"noopener\"><strong>Foto album<\/strong><\/a>: Ratko Mavar<\/p>\t\t\t\t\t\t<\/div>\n\t\t\t\t<\/div>\n\t\t\t\t<div class=\"elementor-element elementor-element-8c516cd elementor-widget elementor-widget-image\" data-id=\"8c516cd\" data-element_type=\"widget\" data-widget_type=\"image.default\">\n\t\t\t\t<div class=\"elementor-widget-container\">\n\t\t\t<style>\/*! elementor - v3.10.0 - 09-01-2023 *\/\n.elementor-widget-image{text-align:center}.elementor-widget-image a{display:inline-block}.elementor-widget-image a img[src$=\".svg\"]{width:48px}.elementor-widget-image img{vertical-align:middle;display:inline-block}<\/style>\t\t\t\t\t\t\t\t\t\t\t\t\t<a href=\"https:\/\/www.dbindos.info\/wp-content\/uploads\/OO_SAHTOKULTURA_JZ_176.jpg\" data-elementor-open-lightbox=\"yes\" e-action-hash=\"#elementor-action%3Aaction%3Dlightbox%26settings%3DeyJpZCI6MTMzNDEsInVybCI6Imh0dHBzOlwvXC93d3cuZGJpbmRvcy5pbmZvXC93cC1jb250ZW50XC91cGxvYWRzXC9PT19TQUhUT0tVTFRVUkFfSlpfMTc2LmpwZyJ9\">\n\t\t\t\t\t\t\t<img decoding=\"async\" width=\"800\" height=\"1200\" src=\"https:\/\/www.dbindos.info\/wp-content\/uploads\/OO_SAHTOKULTURA_JZ_176.jpg\" class=\"attachment-full size-full wp-image-13341\" alt=\"\" loading=\"lazy\" srcset=\"https:\/\/www.dbindos.info\/wp-content\/uploads\/OO_SAHTOKULTURA_JZ_176.jpg 800w, https:\/\/www.dbindos.info\/wp-content\/uploads\/OO_SAHTOKULTURA_JZ_176-200x300.jpg 200w, https:\/\/www.dbindos.info\/wp-content\/uploads\/OO_SAHTOKULTURA_JZ_176-683x1024.jpg 683w, https:\/\/www.dbindos.info\/wp-content\/uploads\/OO_SAHTOKULTURA_JZ_176-768x1152.jpg 768w, https:\/\/www.dbindos.info\/wp-content\/uploads\/OO_SAHTOKULTURA_JZ_176-8x12.jpg 8w\" sizes=\"(max-width: 800px) 100vw, 800px\" \/>\t\t\t\t\t\t\t\t<\/a>\n\t\t\t\t\t\t\t\t\t\t\t\t\t\t\t<\/div>\n\t\t\t\t<\/div>\n\t\t\t\t\t<\/div>\n\t\t<\/div>\n\t\t\t\t<div class=\"elementor-column elementor-col-50 elementor-inner-column elementor-element elementor-element-1d7f6f0\" data-id=\"1d7f6f0\" data-element_type=\"column\">\n\t\t\t<div class=\"elementor-widget-wrap elementor-element-populated\">\n\t\t\t\t\t\t\t\t<div class=\"elementor-element elementor-element-dffaee4 elementor-widget__width-initial elementor-widget-mobile__width-inherit elementor-widget-tablet__width-inherit elementor-widget elementor-widget-text-editor\" data-id=\"dffaee4\" data-element_type=\"widget\" data-widget_type=\"text-editor.default\">\n\t\t\t\t<div class=\"elementor-widget-container\">\n\t\t\t\t\t\t\t<p><strong>Radikalni izvedbeno-izlo\u017ebeni postav autorskog tandema Ku\u0107e ekstremnog muzi\u010dkog kazali\u0161ta \u2013\u00a0Damira Bartola Indo\u0161a\u00a0i\u00a0Tanje Vrvilo\u00a0pretvara Veliku dvoranu Pogona, doma nezavisne kulture i biv\u0161e tvornice hidrauli\u010dkih pumpi Jedinstvo, u ekstremnu labirintsku \u0161ahtofonsku kabinu koja \u017ei\u010danim prolazima povezuje izvo\u0111a\u010de i publiku.<\/strong><\/p><p><a href=\"https:\/\/www.dbindos.info\/wp-content\/uploads\/OO_SAHTOKULTURA_JZ_173.jpg\"><img decoding=\"async\" loading=\"lazy\" class=\"alignnone size-large wp-image-13280\" src=\"https:\/\/www.dbindos.info\/wp-content\/uploads\/OO_SAHTOKULTURA_JZ_173-1024x683.jpg\" alt=\"\" width=\"1024\" height=\"683\" srcset=\"https:\/\/www.dbindos.info\/wp-content\/uploads\/OO_SAHTOKULTURA_JZ_173-1024x683.jpg 1024w, https:\/\/www.dbindos.info\/wp-content\/uploads\/OO_SAHTOKULTURA_JZ_173-300x200.jpg 300w, https:\/\/www.dbindos.info\/wp-content\/uploads\/OO_SAHTOKULTURA_JZ_173-768x512.jpg 768w, https:\/\/www.dbindos.info\/wp-content\/uploads\/OO_SAHTOKULTURA_JZ_173-18x12.jpg 18w, https:\/\/www.dbindos.info\/wp-content\/uploads\/OO_SAHTOKULTURA_JZ_173.jpg 1200w\" sizes=\"(max-width: 1024px) 100vw, 1024px\" \/><\/a><\/p><p>KONCEPT I IZVEDBA LABIRINTA \u0160AHTO-KULTURE:\u00a0<br \/><strong>ANTUN SEV\u0160EK I DAMIR GAMULIN<\/strong><\/p><p>U podzvu\u010dni labirint mo\u017eete u\u0107i iz bilo koje to\u010dke kako biste se povezali s drugim to\u010dkama, na dnu <strong>(1. To je igra u labirintu. Koja je svrha igre?)<\/strong>, u \u0161ir <strong>(2. Humpty-Dumpty Sitting on a Wall!)<\/strong> i u vis <strong>(3. VIP)<\/strong>. Nakon \u0161to \u010dujete buku opruga jednom kao trzanje <strong>(4. Ratni zlo\u010din\u010de: \u0161to je tvoja meta?)<\/strong>, a drugi put kao trenje <strong>(5. Oprez! Gubitak energije.)<\/strong>, naslu\u0107ujete da su neke to\u010dke rizomati\u010dne <strong>(6. Prestani s njihanjem!)<\/strong>, formiraju kulture. \u0160ahtofoni i holografoni su rizomi, neke sitne to\u010dke u\u0161le su u njih <strong>(7. U to\u010dki A: Ispri\u010daj pri\u010du o njihanju i plakanju.)<\/strong> i napravile nadzvu\u010dni labirint koji se ukri\u017eao s postoje\u0107im putem. Ismenina kabina na \u0161inama <em>Panike pod Suncem<\/em> u vlaku <em>Svi pri\u010daju o vremenu mi ne!<\/em> <strong>(8. Crack! Like your father)<\/strong> tako\u0111er, u svim svojim funkcijama zauzimanja skloni\u0161ta <strong>(9. Slikovnica!)<\/strong>, kretanja, skretanja i bijega <strong>(10. Ovaj susret ima oblik muzi\u010dkog performansa.)<\/strong>. U\u0107i \u0107ete, dakle, u svoju to\u010dku i otkriti mapu \u0160ahto-kulture <strong>(11. Prestani s njihanjem!)<\/strong> i kako je presjek dvaju strujanja zraka prouzro\u010dio buku. Kako biste utvrdili izvor i uzrok oslu\u0161kujete <strong>(12. Probudite svoje spavaju\u0107e mo\u017edane stanice!)<\/strong> i pratite intenzitet zvuka demonstriraju\u0107i snagu vlastitih \u010dula unutarnjeg labirinta <strong>(13. \u0160to je to Kugla susre\u0107e G.G.O.?)<\/strong> i osvajate ga.<\/p>\t\t\t\t\t\t<\/div>\n\t\t\t\t<\/div>\n\t\t\t\t\t<\/div>\n\t\t<\/div>\n\t\t\t\t\t\t\t<\/div>\n\t\t<\/section>\n\t\t\t\t\t<\/div>\n\t\t<\/div>\n\t\t\t\t\t\t\t<\/div>\n\t\t<\/section>\n\t\t\t\t\t\t\t<\/div>","protected":false},"excerpt":{"rendered":"<p>LABIRINT \u0160AHTO-KULTURE Previous Next 7. &#8211; 24. 9. 2024. Pogon Jedinstvo, Zagreb Koncept i izvedba LABIRINTA \u0160AHTO-KULTURE: Antun Sev\u0161ek i Damir Gamulin Detaljan program \u0160AHTO-KULTURE na linku. Foto album: Ratko Mavar Radikalni izvedbeno-izlo\u017ebeni postav autorskog tandema Ku\u0107e ekstremnog muzi\u010dkog kazali\u0161ta \u2013\u00a0Damira Bartola Indo\u0161a\u00a0i\u00a0Tanje Vrvilo\u00a0pretvara Veliku dvoranu Pogona, doma nezavisne kulture i biv\u0161e tvornice hidrauli\u010dkih pumpi &hellip;<\/p>\n<p class=\"read-more\"> <a class=\"\" href=\"https:\/\/www.dbindos.info\/en\/projekti\/labirint-sahto-kulture\/\"> <span class=\"screen-reader-text\">LABIRINT \u0160AHTO-KULTURE<\/span> Read More &raquo;<\/a><\/p>","protected":false},"author":1,"featured_media":0,"parent":5413,"menu_order":0,"comment_status":"closed","ping_status":"closed","template":"","meta":{"site-sidebar-layout":"no-sidebar","site-content-layout":"page-builder","ast-global-header-display":"","ast-main-header-display":"","ast-hfb-above-header-display":"","ast-hfb-below-header-display":"","ast-hfb-mobile-header-display":"","site-post-title":"disabled","ast-breadcrumbs-content":"","ast-featured-img":"disabled","footer-sml-layout":"","theme-transparent-header-meta":"","adv-header-id-meta":"","stick-header-meta":"","header-above-stick-meta":"","header-main-stick-meta":"","header-below-stick-meta":""},"_links":{"self":[{"href":"https:\/\/www.dbindos.info\/en\/wp-json\/wp\/v2\/pages\/13263"}],"collection":[{"href":"https:\/\/www.dbindos.info\/en\/wp-json\/wp\/v2\/pages"}],"about":[{"href":"https:\/\/www.dbindos.info\/en\/wp-json\/wp\/v2\/types\/page"}],"author":[{"embeddable":true,"href":"https:\/\/www.dbindos.info\/en\/wp-json\/wp\/v2\/users\/1"}],"replies":[{"embeddable":true,"href":"https:\/\/www.dbindos.info\/en\/wp-json\/wp\/v2\/comments?post=13263"}],"version-history":[{"count":70,"href":"https:\/\/www.dbindos.info\/en\/wp-json\/wp\/v2\/pages\/13263\/revisions"}],"predecessor-version":[{"id":13523,"href":"https:\/\/www.dbindos.info\/en\/wp-json\/wp\/v2\/pages\/13263\/revisions\/13523"}],"up":[{"embeddable":true,"href":"https:\/\/www.dbindos.info\/en\/wp-json\/wp\/v2\/pages\/5413"}],"wp:attachment":[{"href":"https:\/\/www.dbindos.info\/en\/wp-json\/wp\/v2\/media?parent=13263"}],"curies":[{"name":"wp","href":"https:\/\/api.w.org\/{rel}","templated":true}]}}