{"id":13982,"date":"2025-04-25T10:52:22","date_gmt":"2025-04-25T09:52:22","guid":{"rendered":"https:\/\/www.dbindos.info\/?page_id=13982"},"modified":"2025-04-25T17:29:58","modified_gmt":"2025-04-25T16:29:58","slug":"sahtofonija-o-slobodi-slusaca-i-predavaca","status":"publish","type":"page","link":"https:\/\/www.dbindos.info\/en\/projekti\/sahtofonija-o-slobodi-slusaca-i-predavaca\/","title":{"rendered":"\u0160ahtofonija O slobodi slu\u0161a\u010da i predava\u010da"},"content":{"rendered":"<div data-elementor-type=\"wp-page\" data-elementor-id=\"13982\" class=\"elementor elementor-13982\">\n\t\t\t\t\t\t\t\t\t<section class=\"elementor-section elementor-top-section elementor-element elementor-element-57817d4 elementor-section-boxed elementor-section-height-default elementor-section-height-default\" data-id=\"57817d4\" data-element_type=\"section\" data-settings=\"{&quot;background_background&quot;:&quot;classic&quot;}\">\n\t\t\t\t\t\t<div class=\"elementor-container elementor-column-gap-default\">\n\t\t\t\t\t<div class=\"elementor-column elementor-col-100 elementor-top-column elementor-element elementor-element-67cfb01\" data-id=\"67cfb01\" data-element_type=\"column\" data-settings=\"{&quot;background_background&quot;:&quot;classic&quot;}\">\n\t\t\t<div class=\"elementor-widget-wrap elementor-element-populated\">\n\t\t\t\t\t\t\t\t<div class=\"elementor-element elementor-element-47407ae elementor-widget-mobile__width-inherit elementor-widget-tablet__width-initial elementor-widget elementor-widget-heading\" data-id=\"47407ae\" data-element_type=\"widget\" data-widget_type=\"heading.default\">\n\t\t\t\t<div class=\"elementor-widget-container\">\n\t\t\t<style>\/*! elementor - v3.10.0 - 09-01-2023 *\/\n.elementor-heading-title{padding:0;margin:0;line-height:1}.elementor-widget-heading .elementor-heading-title[class*=elementor-size-]>a{color:inherit;font-size:inherit;line-height:inherit}.elementor-widget-heading .elementor-heading-title.elementor-size-small{font-size:15px}.elementor-widget-heading .elementor-heading-title.elementor-size-medium{font-size:19px}.elementor-widget-heading .elementor-heading-title.elementor-size-large{font-size:29px}.elementor-widget-heading .elementor-heading-title.elementor-size-xl{font-size:39px}.elementor-widget-heading .elementor-heading-title.elementor-size-xxl{font-size:59px}<\/style><h1 class=\"elementor-heading-title elementor-size-default\">\u0160ahtofonija O slobodi slu\u0161a\u010da i predava\u010da<\/h1>\t\t<\/div>\n\t\t\t\t<\/div>\n\t\t\t\t<section class=\"elementor-section elementor-inner-section elementor-element elementor-element-ef5cf3d elementor-reverse-tablet elementor-section-boxed elementor-section-height-default elementor-section-height-default\" data-id=\"ef5cf3d\" data-element_type=\"section\" data-settings=\"{&quot;background_background&quot;:&quot;classic&quot;}\">\n\t\t\t\t\t\t<div class=\"elementor-container elementor-column-gap-default\">\n\t\t\t\t\t<div class=\"elementor-column elementor-col-50 elementor-inner-column elementor-element elementor-element-5f48e7e elementor-hidden-tablet elementor-hidden-mobile\" data-id=\"5f48e7e\" data-element_type=\"column\" data-settings=\"{&quot;background_background&quot;:&quot;classic&quot;}\">\n\t\t\t<div class=\"elementor-widget-wrap elementor-element-populated\">\n\t\t\t\t\t\t\t\t<div class=\"elementor-element elementor-element-f7f5128 elementor-widget-mobile__width-initial elementor-widget-tablet__width-initial elementor-hidden-tablet elementor-widget elementor-widget-text-editor\" data-id=\"f7f5128\" data-element_type=\"widget\" data-widget_type=\"text-editor.default\">\n\t\t\t\t<div class=\"elementor-widget-container\">\n\t\t\t<style>\/*! elementor - v3.10.0 - 09-01-2023 *\/\n.elementor-widget-text-editor.elementor-drop-cap-view-stacked .elementor-drop-cap{background-color:#818a91;color:#fff}.elementor-widget-text-editor.elementor-drop-cap-view-framed .elementor-drop-cap{color:#818a91;border:3px solid;background-color:transparent}.elementor-widget-text-editor:not(.elementor-drop-cap-view-default) .elementor-drop-cap{margin-top:8px}.elementor-widget-text-editor:not(.elementor-drop-cap-view-default) .elementor-drop-cap-letter{width:1em;height:1em}.elementor-widget-text-editor .elementor-drop-cap{float:left;text-align:center;line-height:1;font-size:50px}.elementor-widget-text-editor .elementor-drop-cap-letter{display:inline-block}<\/style>\t\t\t\t<p><a href=\"https:\/\/www.pogon.hr\/program\/sahtofonija-o-slobodi-slusaca-i-predavaca\/\" target=\"_blank\" rel=\"noopener\"><b><strong>27. 4. 2025. u 20:15, <\/strong><\/b>\u0160ator CirkoBalkana \u2013 Cirkorama, POGON \u2013 Zagreba\u010dki centar za nezavisnu kulturu<\/a><\/p>\t\t\t\t\t\t<\/div>\n\t\t\t\t<\/div>\n\t\t\t\t<div class=\"elementor-element elementor-element-c0c46ca elementor-widget-mobile__width-initial elementor-widget-tablet__width-initial elementor-widget elementor-widget-text-editor\" data-id=\"c0c46ca\" data-element_type=\"widget\" data-widget_type=\"text-editor.default\">\n\t\t\t\t<div class=\"elementor-widget-container\">\n\t\t\t\t\t\t\t<p><strong>Authors:<\/strong> Damir Bartol &amp; Tanja Vrvilo<br \/><strong>Izvo\u0111a\u010di:<\/strong> DB Indo\u0161, Tanja Vrvilo<\/p><p><strong>Musicians:<\/strong> Damir Prica Kafka, Andreja Kurelec Ko\u0161avi\u0107, Ivan Maru\u0161i\u0107 Klif<br \/><strong>\u0160ahtofonistice Modularne \u0161kole:<\/strong> Ivana Vratari\u0107, Margareta Sinkovi\u0107, Lara Kapeloto, Anja Antonia Ron\u010devi\u0107, Vanja Zganec<\/p><p><strong>\u0160ahtofonska partitura i instrumenti:<\/strong> DB Indo\u0161<\/p><p>Svjetlo: Andrija Santro<br \/>Zvuk: Jasmin Dasovi\u0107<\/p>\t\t\t\t\t\t<\/div>\n\t\t\t\t<\/div>\n\t\t\t\t\t<\/div>\n\t\t<\/div>\n\t\t\t\t<div class=\"elementor-column elementor-col-50 elementor-inner-column elementor-element elementor-element-1d7f6f0\" data-id=\"1d7f6f0\" data-element_type=\"column\">\n\t\t\t<div class=\"elementor-widget-wrap elementor-element-populated\">\n\t\t\t\t\t\t\t\t<div class=\"elementor-element elementor-element-73a9d9d elementor-widget-tablet__width-inherit elementor-widget-mobile__width-inherit elementor-widget elementor-widget-image\" data-id=\"73a9d9d\" data-element_type=\"widget\" data-widget_type=\"image.default\">\n\t\t\t\t<div class=\"elementor-widget-container\">\n\t\t\t<style>\/*! elementor - v3.10.0 - 09-01-2023 *\/\n.elementor-widget-image{text-align:center}.elementor-widget-image a{display:inline-block}.elementor-widget-image a img[src$=\".svg\"]{width:48px}.elementor-widget-image img{vertical-align:middle;display:inline-block}<\/style>\t\t\t\t\t\t\t\t\t\t\t\t\t<a href=\"https:\/\/www.dbindos.info\/wp-content\/uploads\/tn_article_head_1742806044-ahtozaosluanju.jpg\" data-elementor-open-lightbox=\"yes\" e-action-hash=\"#elementor-action%3Aaction%3Dlightbox%26settings%3DeyJpZCI6MTM5ODcsInVybCI6Imh0dHBzOlwvXC93d3cuZGJpbmRvcy5pbmZvXC93cC1jb250ZW50XC91cGxvYWRzXC90bl9hcnRpY2xlX2hlYWRfMTc0MjgwNjA0NC1haHRvemFvc2x1YW5qdS5qcGcifQ%3D%3D\">\n\t\t\t\t\t\t\t<img decoding=\"async\" width=\"1080\" height=\"350\" src=\"https:\/\/www.dbindos.info\/wp-content\/uploads\/tn_article_head_1742806044-ahtozaosluanju.jpg\" class=\"attachment-full size-full wp-image-13987\" alt=\"\" loading=\"lazy\" srcset=\"https:\/\/www.dbindos.info\/wp-content\/uploads\/tn_article_head_1742806044-ahtozaosluanju.jpg 1080w, https:\/\/www.dbindos.info\/wp-content\/uploads\/tn_article_head_1742806044-ahtozaosluanju-300x97.jpg 300w, https:\/\/www.dbindos.info\/wp-content\/uploads\/tn_article_head_1742806044-ahtozaosluanju-1024x332.jpg 1024w, https:\/\/www.dbindos.info\/wp-content\/uploads\/tn_article_head_1742806044-ahtozaosluanju-768x249.jpg 768w, https:\/\/www.dbindos.info\/wp-content\/uploads\/tn_article_head_1742806044-ahtozaosluanju-18x6.jpg 18w\" sizes=\"(max-width: 1080px) 100vw, 1080px\" \/>\t\t\t\t\t\t\t\t<\/a>\n\t\t\t\t\t\t\t\t\t\t\t\t\t\t\t<\/div>\n\t\t\t\t<\/div>\n\t\t\t\t<div class=\"elementor-element elementor-element-18d9cb7 elementor-widget-mobile__width-initial elementor-widget-tablet__width-initial elementor-hidden-desktop elementor-widget elementor-widget-text-editor\" data-id=\"18d9cb7\" data-element_type=\"widget\" data-widget_type=\"text-editor.default\">\n\t\t\t\t<div class=\"elementor-widget-container\">\n\t\t\t\t\t\t\t<p><a href=\"https:\/\/www.pogon.hr\/program\/sahtofonija-o-slobodi-slusaca-i-predavaca\/\" target=\"_blank\" rel=\"noopener\"><b><strong>27. 4. 2025. u 20:15, <\/strong><\/b>\u0160ator CirkoBalkana <em>\u2013 <\/em>Cirkorama, <em>POGON<\/em> <em>\u2013 <\/em>Zagreba\u010dki <em>centar<\/em> za nezavisnu kulturu<\/a><\/p>\t\t\t\t\t\t<\/div>\n\t\t\t\t<\/div>\n\t\t\t\t<div class=\"elementor-element elementor-element-dffaee4 elementor-widget__width-initial elementor-widget-mobile__width-inherit elementor-widget-tablet__width-initial elementor-widget elementor-widget-text-editor\" data-id=\"dffaee4\" data-element_type=\"widget\" data-widget_type=\"text-editor.default\">\n\t\t\t\t<div class=\"elementor-widget-container\">\n\t\t\t\t\t\t\t<p><strong>\u0160ahtofonija o slobodi volje preokre\u0107e pedago\u0161ki mit bezumlja svijeta s osam sko\u010dnih lekcija emancipacije slu\u0161a\u010da i predava\u010da opsjednutih stra\u0161\u0107u jednakosti za istra\u017eivanjem mo\u0107i svakog \u010dovjeka kada se smatra jednakim svim drugima i sve druge smatra jednakim sebi. <\/strong><\/p><p>Izvedbena pustolovina samopou\u010davanja univerzalnog znanja u\u010deni\u010dine u\u010diteljice neznalice po\u010diva na po\u010delu <em>sve je u svemu<\/em> u\u010ditelja neznalice Jacquesa Jacotota i Jacquesa Ranci\u00e8rea prevode\u0107i <em>Zgode Telemaka, Ulisova sina<\/em> u protusveu\u010dili\u0161nom, postsituacionisti\u010dkom razgovoru s Raoulom Vaneigemom. Panekasti\u010dka \u0161ahtofonija pru\u017eno prenose 74 vodoravne i uspravne \u0161etnje kroz budu\u0107nost filozofskog pedagoga Alberta Bazale, filozofkinje Ivane Rossi, dje\u010dje znanstveno-fantasti\u010dne spisateljice Male Zore s kojima \u0107emo razdijeliti nadrealisti\u010dki \u0111a\u010dki song i 11 teza o odgoju mladog \u010dovjeka, 16 teza o algebri, 8 pjesama u\u010deni\u010dinim u\u010diteljicama neznalicama i 71 jabuku protiv nepovjerenja u logiku nestvarnog. Recimo da sanjaju na utopijskom otoku Kalipso pred 1. svibanj 1924. uz dah zvu\u010dnog buketa koji je jedna magnetna zloupotreba.<\/p><p>Izvo\u0111enjem autorske metode umjetni\u010dkog samopou\u010davanja\u00a0 proizvodimo situacije koje nadilaze pojedina\u010dne utilitarnosti, stvaramo \u017eudnju za zajedni\u010dkim umjetni\u010dkim dobrom. Kreativno stvoreni umjetni\u010dki sistemi dekonstruiraju sigurne i provjerene institucionalne pristupe dugotrajnog ponavljanja u trenutku pokretanja izumljene aparature i dekodiranja partitura iscrtanih grafi\u010dkim znakovima prepoznatljivih oblika i boja. Pretpostavka o nerazumijevanju pou\u010davanja trenutno se raspr\u0161uje u radosti prepoznavanja umjetni\u010dkog znanja ste\u010denog kroz formu\u00a0 univerzalne metode razvijene iz neobi\u010dnog truda i svakodnevne deaurizacije osobnog znaka raspoznavanja u dru\u0161tvu. Na djelu je temporalno autonomni utopijski doga\u0111aj u kojem i pou\u010davatelj biva pou\u010davan, umjetni\u010dka pedagogija postaje pedagogija umjetnosti. \u0160ahtofonija o slobodi slu\u0161a\u010da i predava\u010da u me\u0111usobnom odnosu je iz same slobode, lako je zamijeniti uloge u kojima slu\u0161a\u010d postaje predava\u010d, predavanje slu\u0161anje, a pou\u010davanje dolazi u najve\u0107u mogu\u0107u blizinu umjetni\u010dkog rada.<\/p>\t\t\t\t\t\t<\/div>\n\t\t\t\t<\/div>\n\t\t\t\t<div class=\"elementor-element elementor-element-d350794 elementor-widget-mobile__width-initial elementor-widget-tablet__width-initial elementor-hidden-desktop elementor-widget elementor-widget-text-editor\" data-id=\"d350794\" data-element_type=\"widget\" data-widget_type=\"text-editor.default\">\n\t\t\t\t<div class=\"elementor-widget-container\">\n\t\t\t\t\t\t\t<p><strong>Authors:<\/strong> Damir Bartol &amp; Tanja Vrvilo<br \/><strong>Izvo\u0111a\u010di:<\/strong> DB Indo\u0161, Tanja Vrvilo<\/p><p><strong>Musicians:<\/strong> Damir Prica Kafka, Andreja Kurelec Ko\u0161avi\u0107, Ivan Maru\u0161i\u0107 Klif<br \/><strong>\u0160ahtofonistice Modularne \u0161kole:<\/strong> Ivana Vratari\u0107, Margareta Sinkovi\u0107, Lara Kapeloto, Anja Antonia Ron\u010devi\u0107, Vanja Zganec<\/p><p><strong>\u0160ahtofonska partitura i instrumenti:<\/strong> DB Indo\u0161<\/p><p>Svjetlo: Andrija Santro<br \/>Zvuk: Jasmin Dasovi\u0107<\/p>\t\t\t\t\t\t<\/div>\n\t\t\t\t<\/div>\n\t\t\t\t<div class=\"elementor-element elementor-element-c318774 elementor-widget__width-initial elementor-widget-mobile__width-inherit elementor-widget-tablet__width-initial elementor-widget elementor-widget-text-editor\" data-id=\"c318774\" data-element_type=\"widget\" data-widget_type=\"text-editor.default\">\n\t\t\t\t<div class=\"elementor-widget-container\">\n\t\t\t\t\t\t\t<p><strong>U suradnji<\/strong> s Nomadskom modularnom \u0161kolom 3.0. (Nomadska plesna akademija Hrvatska), Anom Kreitmeyer, Robertom Milevoj, Aleksandrom Janevom Imfeld, Dorom Poceti\u0107.<\/p><p><strong>Podr\u0161ka i partneri:<\/strong> Zaklada Kultura nova, Ministarstvo kulture i medija RH, Grad Zagreb \u2013 Gradski ured za kulturu i civilno dru\u0161tvo, POGON \u2013 Zagreba\u010dki centar za nezavisnu kulturu, Cirkorama \u2013 Udruga za promicanje kulture i umjetnosti u svakodnevnom \u017eivotu<\/p>\t\t\t\t\t\t<\/div>\n\t\t\t\t<\/div>\n\t\t\t\t\t<\/div>\n\t\t<\/div>\n\t\t\t\t\t\t\t<\/div>\n\t\t<\/section>\n\t\t\t\t\t<\/div>\n\t\t<\/div>\n\t\t\t\t\t\t\t<\/div>\n\t\t<\/section>\n\t\t\t\t\t\t\t<\/div>","protected":false},"excerpt":{"rendered":"<p>\u0160ahtofonija O slobodi slu\u0161a\u010da i predava\u010da 27. 4. 2025. u 20:15, \u0160ator CirkoBalkana \u2013 Cirkorama, POGON \u2013 Zagreba\u010dki centar za nezavisnu kulturu Autori: Damir Bartol &amp; Tanja VrviloIzvo\u0111a\u010di: DB Indo\u0161, Tanja Vrvilo Glazbenici: Damir Prica Kafka, Andreja Kurelec Ko\u0161avi\u0107, Ivan Maru\u0161i\u0107 Klif\u0160ahtofonistice Modularne \u0161kole: Ivana Vratari\u0107, Margareta Sinkovi\u0107, Lara Kapeloto, Anja Antonia Ron\u010devi\u0107, Vanja Zganec &hellip;<\/p>\n<p class=\"read-more\"> <a class=\"\" href=\"https:\/\/www.dbindos.info\/en\/projekti\/sahtofonija-o-slobodi-slusaca-i-predavaca\/\"> <span class=\"screen-reader-text\">\u0160ahtofonija O slobodi slu\u0161a\u010da i predava\u010da<\/span> Read More &raquo;<\/a><\/p>","protected":false},"author":1,"featured_media":0,"parent":5413,"menu_order":0,"comment_status":"closed","ping_status":"closed","template":"","meta":{"site-sidebar-layout":"no-sidebar","site-content-layout":"page-builder","ast-global-header-display":"","ast-main-header-display":"","ast-hfb-above-header-display":"","ast-hfb-below-header-display":"","ast-hfb-mobile-header-display":"","site-post-title":"disabled","ast-breadcrumbs-content":"","ast-featured-img":"disabled","footer-sml-layout":"","theme-transparent-header-meta":"","adv-header-id-meta":"","stick-header-meta":"","header-above-stick-meta":"","header-main-stick-meta":"","header-below-stick-meta":""},"_links":{"self":[{"href":"https:\/\/www.dbindos.info\/en\/wp-json\/wp\/v2\/pages\/13982"}],"collection":[{"href":"https:\/\/www.dbindos.info\/en\/wp-json\/wp\/v2\/pages"}],"about":[{"href":"https:\/\/www.dbindos.info\/en\/wp-json\/wp\/v2\/types\/page"}],"author":[{"embeddable":true,"href":"https:\/\/www.dbindos.info\/en\/wp-json\/wp\/v2\/users\/1"}],"replies":[{"embeddable":true,"href":"https:\/\/www.dbindos.info\/en\/wp-json\/wp\/v2\/comments?post=13982"}],"version-history":[{"count":76,"href":"https:\/\/www.dbindos.info\/en\/wp-json\/wp\/v2\/pages\/13982\/revisions"}],"predecessor-version":[{"id":14071,"href":"https:\/\/www.dbindos.info\/en\/wp-json\/wp\/v2\/pages\/13982\/revisions\/14071"}],"up":[{"embeddable":true,"href":"https:\/\/www.dbindos.info\/en\/wp-json\/wp\/v2\/pages\/5413"}],"wp:attachment":[{"href":"https:\/\/www.dbindos.info\/en\/wp-json\/wp\/v2\/media?parent=13982"}],"curies":[{"name":"wp","href":"https:\/\/api.w.org\/{rel}","templated":true}]}}