{"id":14162,"date":"2025-06-03T09:08:21","date_gmt":"2025-06-03T08:08:21","guid":{"rendered":"https:\/\/www.dbindos.info\/?page_id=14162"},"modified":"2025-06-14T06:25:59","modified_gmt":"2025-06-14T05:25:59","slug":"sahtofonija-bice-je-bice","status":"publish","type":"page","link":"https:\/\/www.dbindos.info\/en\/projekti\/sahtofonija-bice-je-bice\/","title":{"rendered":"\u0160ahtofonija Bi\u0107e je Bi\u0107e"},"content":{"rendered":"<div data-elementor-type=\"wp-page\" data-elementor-id=\"14162\" class=\"elementor elementor-14162\">\n\t\t\t\t\t\t\t\t\t<section class=\"elementor-section elementor-top-section elementor-element elementor-element-57817d4 elementor-section-boxed elementor-section-height-default elementor-section-height-default\" data-id=\"57817d4\" data-element_type=\"section\" data-settings=\"{&quot;background_background&quot;:&quot;classic&quot;}\">\n\t\t\t\t\t\t<div class=\"elementor-container elementor-column-gap-default\">\n\t\t\t\t\t<div class=\"elementor-column elementor-col-100 elementor-top-column elementor-element elementor-element-67cfb01\" data-id=\"67cfb01\" data-element_type=\"column\" data-settings=\"{&quot;background_background&quot;:&quot;classic&quot;}\">\n\t\t\t<div class=\"elementor-widget-wrap elementor-element-populated\">\n\t\t\t\t\t\t\t\t<div class=\"elementor-element elementor-element-47407ae elementor-widget-mobile__width-inherit elementor-widget-tablet__width-initial elementor-widget elementor-widget-heading\" data-id=\"47407ae\" data-element_type=\"widget\" data-widget_type=\"heading.default\">\n\t\t\t\t<div class=\"elementor-widget-container\">\n\t\t\t<style>\/*! elementor - v3.10.0 - 09-01-2023 *\/\n.elementor-heading-title{padding:0;margin:0;line-height:1}.elementor-widget-heading .elementor-heading-title[class*=elementor-size-]>a{color:inherit;font-size:inherit;line-height:inherit}.elementor-widget-heading .elementor-heading-title.elementor-size-small{font-size:15px}.elementor-widget-heading .elementor-heading-title.elementor-size-medium{font-size:19px}.elementor-widget-heading .elementor-heading-title.elementor-size-large{font-size:29px}.elementor-widget-heading .elementor-heading-title.elementor-size-xl{font-size:39px}.elementor-widget-heading .elementor-heading-title.elementor-size-xxl{font-size:59px}<\/style><h1 class=\"elementor-heading-title elementor-size-default\">\u0160ahtofonija Bi\u0107e je Bi\u0107e<\/h1>\t\t<\/div>\n\t\t\t\t<\/div>\n\t\t\t\t<section class=\"elementor-section elementor-inner-section elementor-element elementor-element-ef5cf3d elementor-reverse-tablet elementor-section-boxed elementor-section-height-default elementor-section-height-default\" data-id=\"ef5cf3d\" data-element_type=\"section\" data-settings=\"{&quot;background_background&quot;:&quot;classic&quot;}\">\n\t\t\t\t\t\t<div class=\"elementor-container elementor-column-gap-default\">\n\t\t\t\t\t<div class=\"elementor-column elementor-col-50 elementor-inner-column elementor-element elementor-element-5f48e7e elementor-hidden-tablet elementor-hidden-mobile\" data-id=\"5f48e7e\" data-element_type=\"column\" data-settings=\"{&quot;background_background&quot;:&quot;classic&quot;}\">\n\t\t\t<div class=\"elementor-widget-wrap elementor-element-populated\">\n\t\t\t\t\t\t\t\t<div class=\"elementor-element elementor-element-f0d4986 elementor-widget-mobile__width-initial elementor-widget-tablet__width-initial elementor-hidden-tablet elementor-widget elementor-widget-text-editor\" data-id=\"f0d4986\" data-element_type=\"widget\" data-widget_type=\"text-editor.default\">\n\t\t\t\t<div class=\"elementor-widget-container\">\n\t\t\t<style>\/*! elementor - v3.10.0 - 09-01-2023 *\/\n.elementor-widget-text-editor.elementor-drop-cap-view-stacked .elementor-drop-cap{background-color:#818a91;color:#fff}.elementor-widget-text-editor.elementor-drop-cap-view-framed .elementor-drop-cap{color:#818a91;border:3px solid;background-color:transparent}.elementor-widget-text-editor:not(.elementor-drop-cap-view-default) .elementor-drop-cap{margin-top:8px}.elementor-widget-text-editor:not(.elementor-drop-cap-view-default) .elementor-drop-cap-letter{width:1em;height:1em}.elementor-widget-text-editor .elementor-drop-cap{float:left;text-align:center;line-height:1;font-size:50px}.elementor-widget-text-editor .elementor-drop-cap-letter{display:inline-block}<\/style>\t\t\t\t<p><strong>LJETO U MSU<\/strong><br \/><span style=\"color: #ff0000;\"><a style=\"color: #ff0000;\" href=\"http:\/\/www.msu.hr\/dogadanja\/db-indos-and-tanja-vrvilo-kuca-ekstremnog-muzickog-kazalista-bice-je-bice\/1739.html\" target=\"_blank\" rel=\"noopener\" data-wplink-edit=\"true\"><strong>13. 6. 2025. u 19:30<\/strong><\/a><\/span>, Dvorana Gorgona<\/p>\t\t\t\t\t\t<\/div>\n\t\t\t\t<\/div>\n\t\t\t\t<div class=\"elementor-element elementor-element-c0c46ca elementor-widget-mobile__width-initial elementor-widget-tablet__width-initial elementor-widget elementor-widget-text-editor\" data-id=\"c0c46ca\" data-element_type=\"widget\" data-widget_type=\"text-editor.default\">\n\t\t\t\t<div class=\"elementor-widget-container\">\n\t\t\t\t\t\t\t<p><strong>Authors:<\/strong> Damir Bartol Indo\u0161 &amp; Tanja Vrvilo<\/p><p><strong>Performers:<\/strong> DB Indo\u0161, Tanja Vrvilo, Maru\u0161ka Aras, Darko Begi\u0107, Eva Badanjak (\u017den) &amp; Trobecove kru\u0161ne pe\u0107i: Darko Begi\u0107 (vokal), Ivan Vinski (gitara), Mario Bari\u0161in (bass), Gordan Dorvak (bubnjevi) &amp; Milan Manojlovi\u0107 Mance (akusti\u010dna gitara)<\/p><p><strong>Music:<\/strong> Trobecove kru\u0161ne pe\u0107i<\/p><p><strong>\u0160ahtofonska instalacija i partiture:<\/strong> DB Indo\u0161<\/p><p>Zvuk: Jasmin Dasovi\u0107<br \/>Svjetlo: Andrija Santro<br \/>Nadzorni video: Maxime Weinmann<\/p><p>Autor kola\u017ea za plakate: Mance<br \/>Grafi\u010dko oblikovanje plakata: Ruta<\/p>\t\t\t\t\t\t<\/div>\n\t\t\t\t<\/div>\n\t\t\t\t\t<\/div>\n\t\t<\/div>\n\t\t\t\t<div class=\"elementor-column elementor-col-50 elementor-inner-column elementor-element elementor-element-1d7f6f0\" data-id=\"1d7f6f0\" data-element_type=\"column\">\n\t\t\t<div class=\"elementor-widget-wrap elementor-element-populated\">\n\t\t\t\t\t\t\t\t<div class=\"elementor-element elementor-element-58e4f55 elementor-widget-tablet__width-initial elementor-widget-mobile__width-inherit elementor-widget elementor-widget-image\" data-id=\"58e4f55\" data-element_type=\"widget\" data-widget_type=\"image.default\">\n\t\t\t\t<div class=\"elementor-widget-container\">\n\t\t\t<style>\/*! elementor - v3.10.0 - 09-01-2023 *\/\n.elementor-widget-image{text-align:center}.elementor-widget-image a{display:inline-block}.elementor-widget-image a img[src$=\".svg\"]{width:48px}.elementor-widget-image img{vertical-align:middle;display:inline-block}<\/style>\t\t\t\t\t\t\t\t\t\t\t\t\t<a href=\"https:\/\/www.dbindos.info\/wp-content\/uploads\/bice-je-bice-1.jpg\" data-elementor-open-lightbox=\"yes\" e-action-hash=\"#elementor-action%3Aaction%3Dlightbox%26settings%3DeyJpZCI6MTQyMTAsInVybCI6Imh0dHBzOlwvXC93d3cuZGJpbmRvcy5pbmZvXC93cC1jb250ZW50XC91cGxvYWRzXC9iaWNlLWplLWJpY2UtMS5qcGcifQ%3D%3D\">\n\t\t\t\t\t\t\t<img decoding=\"async\" width=\"1200\" height=\"682\" src=\"https:\/\/www.dbindos.info\/wp-content\/uploads\/bice-je-bice-1.jpg\" class=\"attachment-full size-full wp-image-14210\" alt=\"\" loading=\"lazy\" srcset=\"https:\/\/www.dbindos.info\/wp-content\/uploads\/bice-je-bice-1.jpg 1200w, https:\/\/www.dbindos.info\/wp-content\/uploads\/bice-je-bice-1-300x171.jpg 300w, https:\/\/www.dbindos.info\/wp-content\/uploads\/bice-je-bice-1-1024x582.jpg 1024w, https:\/\/www.dbindos.info\/wp-content\/uploads\/bice-je-bice-1-768x436.jpg 768w, https:\/\/www.dbindos.info\/wp-content\/uploads\/bice-je-bice-1-18x10.jpg 18w\" sizes=\"(max-width: 1200px) 100vw, 1200px\" \/>\t\t\t\t\t\t\t\t<\/a>\n\t\t\t\t\t\t\t\t\t\t\t\t\t\t\t<\/div>\n\t\t\t\t<\/div>\n\t\t\t\t<div class=\"elementor-element elementor-element-18d9cb7 elementor-widget-mobile__width-initial elementor-widget-tablet__width-initial elementor-hidden-desktop elementor-widget elementor-widget-text-editor\" data-id=\"18d9cb7\" data-element_type=\"widget\" data-widget_type=\"text-editor.default\">\n\t\t\t\t<div class=\"elementor-widget-container\">\n\t\t\t\t\t\t\t<p><strong>LJETO U MSU<\/strong><br \/><span style=\"color: #ff0000;\"><a style=\"color: #ff0000;\" href=\"http:\/\/www.msu.hr\/dogadanja\/db-indos-and-tanja-vrvilo-kuca-ekstremnog-muzickog-kazalista-bice-je-bice\/1739.html\" target=\"_blank\" rel=\"noopener\"><strong>13. 6. 2025. u 19:30<\/strong><\/a><\/span>, Dvorana Gorgona<\/p>\t\t\t\t\t\t<\/div>\n\t\t\t\t<\/div>\n\t\t\t\t<div class=\"elementor-element elementor-element-dffaee4 elementor-widget__width-initial elementor-widget-mobile__width-inherit elementor-widget-tablet__width-initial elementor-widget elementor-widget-text-editor\" data-id=\"dffaee4\" data-element_type=\"widget\" data-widget_type=\"text-editor.default\">\n\t\t\t\t<div class=\"elementor-widget-container\">\n\t\t\t\t\t\t\t<p><strong>\u0160ahtofonija ekstremnog muzi\u010dkog kazali\u0161ta pod naslovom Bi\u0107e je Bi\u0107e nadahnjuje se elejskom filozofijom svijeta jednog Bi\u0107a, nemijenjaju\u0107e i neuni\u0161tive kugle.<\/strong><\/p><p>Nastavljaju\u0107i umjetni\u010dku suradnju s <strong>Trobecovim kru\u0161nim pe\u0107ima<\/strong>, intenziviramo novi soni\u010dni dijalogizam sa zvucima elektri\u010dne i bas gitare, bubnjeva, nepjevnog pjevanja, u srazu sa \u0161ahtofonskim instrumentarijem, koriste\u0107i elemente noisea, avant i post rocka, miksaju\u0107i ih s razli\u010ditim modelima i konkretnim efektima \u0161ahtofona, stvaraju\u0107i jedno mno\u0161tvo miksodelija, psihodelija miksa.<\/p><p>Bi\u0107e je radioaktivna, puna lopta koje se ne kre\u0107e, bi\u0107e nije energija koja je nastala, niti energija koja \u0107e nestati, bi\u0107e je jedva \u010dujno pucketavo radioaktivno disanje. Bi\u0107e je bi\u0107e implozije-eksplozije i vrijedi za primjer do\u017eivljaja poetske psihodahije onoga bi\u0107a kojega \u010dine vi\u0161e suglasnika i jedan samoglasnik, jednoga ili vi\u0161e udisaja, neprekinutog dahovanja. Na djelu je velika organska anti-nuklearna pobuna bi\u0107a preko tijela s organom i glasa koji nisu ono organsko tijelo i onaj glas govore\u0107i teisti\u010dko-ateisti\u010dki Artaudov manifest &#8220;Mrzim i prezirem kao kukavi\u010dko svako ono bi\u0107e&#8230;.&#8221; postaju\u0107i mra\u010dan ep o suglasnicima \u017d:: \u0106:: K:: M:: i samoglasniku A:: trgaju\u0107i fonetsku strukturu i dahuju\u0107i svaki mogu\u0107i karakter njegove epskosti.<\/p><p>Artikuliramo viziju ku\u0107e ekstremnog muzi\u010dkog kazali\u0161ta u kojem je gesta va\u017enija od jezika, udisaji od izdisaja, oblikujemo poeziju u prostoru kao univerzalnom sustavu znakova i nagla\u0161avamo potrebu za pro\u0161irenjem jezika, pro\u0161irenim plu\u0107ima, njihovom pozitivnom dezintegracijom. Izlazimo u polje neome\u0111enih umjetni\u010dkih rubova reduciraju\u0107i jezik na njegove konstitutivne elemente, ritmi\u010dki ga psihodahiziraju\u0107i kroz niz nose\u0107ih suglasnika i jedan nose\u0107i samoglasnik, kroz jedno nepregledno mno\u0161tvo dahovanja bi\u0107a iznova ga integriraju\u0107i u novo izmi\u0161ljeno bi\u0107e je bi\u0107e.<\/p>\t\t\t\t\t\t<\/div>\n\t\t\t\t<\/div>\n\t\t\t\t<div class=\"elementor-element elementor-element-d350794 elementor-widget-mobile__width-initial elementor-widget-tablet__width-initial elementor-hidden-desktop elementor-widget elementor-widget-text-editor\" data-id=\"d350794\" data-element_type=\"widget\" data-widget_type=\"text-editor.default\">\n\t\t\t\t<div class=\"elementor-widget-container\">\n\t\t\t\t\t\t\t<p><strong>Authors:<\/strong> Damir Bartol Indo\u0161 &amp; Tanja Vrvilo<\/p><p><strong>Performers:<\/strong> DB Indo\u0161, Tanja Vrvilo, Maru\u0161ka Aras, Darko Begi\u0107, Eva Badanjak (\u017den) &amp; Trobecove kru\u0161ne pe\u0107i: Darko Begi\u0107 (vokal), Ivan Vinski (gitara), Mario Bari\u0161in (bass), Gordan Dorvak (bubnjevi) &amp; Milan Manojlovi\u0107 Mance (akusti\u010dna gitara)<\/p><p><strong>Music:<\/strong> Trobecove kru\u0161ne pe\u0107i<\/p><p><strong>\u0160ahtofonska instalacija i partiture:<\/strong> DB Indo\u0161<\/p><p>Zvuk: Jasmin Dasovi\u0107<br \/>Svjetlo: Andrija Santro<br \/>Nadzorni video: Maxime Weinmann<\/p><p>Autor kola\u017ea za plakate: Mance<br \/>Grafi\u010dko oblikovanje plakata: Ruta<\/p>\t\t\t\t\t\t<\/div>\n\t\t\t\t<\/div>\n\t\t\t\t<div class=\"elementor-element elementor-element-c318774 elementor-widget__width-initial elementor-widget-mobile__width-inherit elementor-widget-tablet__width-initial elementor-widget elementor-widget-text-editor\" data-id=\"c318774\" data-element_type=\"widget\" data-widget_type=\"text-editor.default\">\n\t\t\t\t<div class=\"elementor-widget-container\">\n\t\t\t\t\t\t\t<p><strong>Podr\u0161ka:<\/strong> Zaklada Kultura nova, Ministarstvo kulture i medija RH, Grad Zagreb \u2013 Gradski ured za kulturu, me\u0111ugradsku i me\u0111unarodnu suradnju i civilno dru\u0161tvo<\/p>\t\t\t\t\t\t<\/div>\n\t\t\t\t<\/div>\n\t\t\t\t\t<\/div>\n\t\t<\/div>\n\t\t\t\t\t\t\t<\/div>\n\t\t<\/section>\n\t\t\t\t\t<\/div>\n\t\t<\/div>\n\t\t\t\t\t\t\t<\/div>\n\t\t<\/section>\n\t\t\t\t\t\t\t<\/div>","protected":false},"excerpt":{"rendered":"<p>\u0160ahtofonija Bi\u0107e je Bi\u0107e LJETO U MSU13. 6. 2025. u 19:30, Dvorana Gorgona Autori: Damir Bartol Indo\u0161 &amp; Tanja Vrvilo Izvode: DB Indo\u0161, Tanja Vrvilo, Maru\u0161ka Aras, Darko Begi\u0107, Eva Badanjak (\u017den) &amp; Trobecove kru\u0161ne pe\u0107i: Darko Begi\u0107 (vokal), Ivan Vinski (gitara), Mario Bari\u0161in (bass), Gordan Dorvak (bubnjevi) &amp; Milan Manojlovi\u0107 Mance (akusti\u010dna gitara) Glazba: &hellip;<\/p>\n<p class=\"read-more\"> <a class=\"\" href=\"https:\/\/www.dbindos.info\/en\/projekti\/sahtofonija-bice-je-bice\/\"> <span class=\"screen-reader-text\">\u0160ahtofonija Bi\u0107e je Bi\u0107e<\/span> Read More &raquo;<\/a><\/p>","protected":false},"author":1,"featured_media":0,"parent":5413,"menu_order":0,"comment_status":"closed","ping_status":"closed","template":"","meta":{"site-sidebar-layout":"no-sidebar","site-content-layout":"page-builder","ast-global-header-display":"","ast-main-header-display":"","ast-hfb-above-header-display":"","ast-hfb-below-header-display":"","ast-hfb-mobile-header-display":"","site-post-title":"disabled","ast-breadcrumbs-content":"","ast-featured-img":"disabled","footer-sml-layout":"","theme-transparent-header-meta":"","adv-header-id-meta":"","stick-header-meta":"","header-above-stick-meta":"","header-main-stick-meta":"","header-below-stick-meta":""},"_links":{"self":[{"href":"https:\/\/www.dbindos.info\/en\/wp-json\/wp\/v2\/pages\/14162"}],"collection":[{"href":"https:\/\/www.dbindos.info\/en\/wp-json\/wp\/v2\/pages"}],"about":[{"href":"https:\/\/www.dbindos.info\/en\/wp-json\/wp\/v2\/types\/page"}],"author":[{"embeddable":true,"href":"https:\/\/www.dbindos.info\/en\/wp-json\/wp\/v2\/users\/1"}],"replies":[{"embeddable":true,"href":"https:\/\/www.dbindos.info\/en\/wp-json\/wp\/v2\/comments?post=14162"}],"version-history":[{"count":115,"href":"https:\/\/www.dbindos.info\/en\/wp-json\/wp\/v2\/pages\/14162\/revisions"}],"predecessor-version":[{"id":14312,"href":"https:\/\/www.dbindos.info\/en\/wp-json\/wp\/v2\/pages\/14162\/revisions\/14312"}],"up":[{"embeddable":true,"href":"https:\/\/www.dbindos.info\/en\/wp-json\/wp\/v2\/pages\/5413"}],"wp:attachment":[{"href":"https:\/\/www.dbindos.info\/en\/wp-json\/wp\/v2\/media?parent=14162"}],"curies":[{"name":"wp","href":"https:\/\/api.w.org\/{rel}","templated":true}]}}