{"id":2026,"date":"2022-01-22T18:10:44","date_gmt":"2022-01-22T18:10:44","guid":{"rendered":"https:\/\/www.dbindos.info\/?page_id=2026"},"modified":"2023-12-11T08:42:23","modified_gmt":"2023-12-11T08:42:23","slug":"ja-nisam-ja","status":"publish","type":"page","link":"https:\/\/www.dbindos.info\/en\/projekti\/ja-nisam-ja\/","title":{"rendered":"Ja nisam ja"},"content":{"rendered":"<div data-elementor-type=\"wp-page\" data-elementor-id=\"2026\" class=\"elementor elementor-2026\">\n\t\t\t\t\t\t\t\t\t<section class=\"elementor-section elementor-top-section elementor-element elementor-element-06098c3 elementor-section-boxed elementor-section-height-default elementor-section-height-default\" data-id=\"06098c3\" data-element_type=\"section\" data-settings=\"{&quot;background_background&quot;:&quot;classic&quot;}\">\n\t\t\t\t\t\t<div class=\"elementor-container elementor-column-gap-default\">\n\t\t\t\t\t<div class=\"elementor-column elementor-col-100 elementor-top-column elementor-element elementor-element-f7fc9af\" data-id=\"f7fc9af\" data-element_type=\"column\" data-settings=\"{&quot;background_background&quot;:&quot;classic&quot;}\">\n\t\t\t<div class=\"elementor-widget-wrap elementor-element-populated\">\n\t\t\t\t\t\t\t\t<div class=\"elementor-element elementor-element-478b75a elementor-widget-mobile__width-inherit elementor-widget elementor-widget-heading\" data-id=\"478b75a\" data-element_type=\"widget\" data-widget_type=\"heading.default\">\n\t\t\t\t<div class=\"elementor-widget-container\">\n\t\t\t<style>\/*! elementor - v3.10.0 - 09-01-2023 *\/\n.elementor-heading-title{padding:0;margin:0;line-height:1}.elementor-widget-heading .elementor-heading-title[class*=elementor-size-]>a{color:inherit;font-size:inherit;line-height:inherit}.elementor-widget-heading .elementor-heading-title.elementor-size-small{font-size:15px}.elementor-widget-heading .elementor-heading-title.elementor-size-medium{font-size:19px}.elementor-widget-heading .elementor-heading-title.elementor-size-large{font-size:29px}.elementor-widget-heading .elementor-heading-title.elementor-size-xl{font-size:39px}.elementor-widget-heading .elementor-heading-title.elementor-size-xxl{font-size:59px}<\/style><h1 class=\"elementor-heading-title elementor-size-default\">JA NISAM JA<\/h1>\t\t<\/div>\n\t\t\t\t<\/div>\n\t\t\t\t<div class=\"elementor-element elementor-element-602c5ee elementor-arrows-position-inside elementor-widget elementor-widget-image-carousel\" data-id=\"602c5ee\" data-element_type=\"widget\" data-settings=\"{&quot;slides_to_show&quot;:&quot;5&quot;,&quot;autoplay&quot;:&quot;no&quot;,&quot;slides_to_show_tablet&quot;:&quot;3&quot;,&quot;navigation&quot;:&quot;arrows&quot;,&quot;image_spacing_custom&quot;:{&quot;unit&quot;:&quot;px&quot;,&quot;size&quot;:7,&quot;sizes&quot;:[]},&quot;slides_to_show_mobile&quot;:&quot;1&quot;,&quot;infinite&quot;:&quot;no&quot;,&quot;speed&quot;:500}\" data-widget_type=\"image-carousel.default\">\n\t\t\t\t<div class=\"elementor-widget-container\">\n\t\t\t<style>\/*! elementor - v3.10.0 - 09-01-2023 *\/\n.elementor-widget-image-carousel .swiper-container{position:static}.elementor-widget-image-carousel .swiper-container .swiper-slide figure{line-height:inherit}.elementor-widget-image-carousel .swiper-slide{text-align:center}.elementor-image-carousel-wrapper:not(.swiper-container-initialized) .swiper-slide{max-width:calc(100% \/ var(--e-image-carousel-slides-to-show, 3))}<\/style>\t\t<div class=\"elementor-image-carousel-wrapper swiper-container\" dir=\"ltr\">\n\t\t\t<div class=\"elementor-image-carousel swiper-wrapper swiper-image-stretch\">\n\t\t\t\t\t\t\t\t<div class=\"swiper-slide\"><a data-elementor-open-lightbox=\"yes\" data-elementor-lightbox-slideshow=\"602c5ee\" e-action-hash=\"#elementor-action%3Aaction%3Dlightbox%26settings%3DeyJpZCI6MTA5MywidXJsIjoiaHR0cHM6XC9cL3d3dy5kYmluZG9zLmluZm9cL3dwLWNvbnRlbnRcL3VwbG9hZHNcL2phX25pc2FtX2phXzQuanBnIiwic2xpZGVzaG93IjoiNjAyYzVlZSJ9\" href=\"https:\/\/www.dbindos.info\/wp-content\/uploads\/ja_nisam_ja_4.jpg\"><figure class=\"swiper-slide-inner\"><img decoding=\"async\" class=\"swiper-slide-image\" src=\"https:\/\/www.dbindos.info\/wp-content\/uploads\/ja_nisam_ja_4.jpg\" alt=\"ja_nisam_ja_4\" \/><\/figure><\/a><\/div><div class=\"swiper-slide\"><a data-elementor-open-lightbox=\"yes\" data-elementor-lightbox-slideshow=\"602c5ee\" e-action-hash=\"#elementor-action%3Aaction%3Dlightbox%26settings%3DeyJpZCI6MTA5MiwidXJsIjoiaHR0cHM6XC9cL3d3dy5kYmluZG9zLmluZm9cL3dwLWNvbnRlbnRcL3VwbG9hZHNcL2phX25pc2FtX2phXzMuanBnIiwic2xpZGVzaG93IjoiNjAyYzVlZSJ9\" href=\"https:\/\/www.dbindos.info\/wp-content\/uploads\/ja_nisam_ja_3.jpg\"><figure class=\"swiper-slide-inner\"><img decoding=\"async\" class=\"swiper-slide-image\" src=\"https:\/\/www.dbindos.info\/wp-content\/uploads\/ja_nisam_ja_3.jpg\" alt=\"ja_nisam_ja_3\" \/><\/figure><\/a><\/div><div class=\"swiper-slide\"><a data-elementor-open-lightbox=\"yes\" data-elementor-lightbox-slideshow=\"602c5ee\" e-action-hash=\"#elementor-action%3Aaction%3Dlightbox%26settings%3DeyJpZCI6MTA5OSwidXJsIjoiaHR0cHM6XC9cL3d3dy5kYmluZG9zLmluZm9cL3dwLWNvbnRlbnRcL3VwbG9hZHNcL2phX25pc2FtX2phXzEwLmpwZyIsInNsaWRlc2hvdyI6IjYwMmM1ZWUifQ%3D%3D\" href=\"https:\/\/www.dbindos.info\/wp-content\/uploads\/ja_nisam_ja_10.jpg\"><figure class=\"swiper-slide-inner\"><img decoding=\"async\" class=\"swiper-slide-image\" src=\"https:\/\/www.dbindos.info\/wp-content\/uploads\/ja_nisam_ja_10.jpg\" alt=\"ja_nisam_ja_10\" \/><\/figure><\/a><\/div><div class=\"swiper-slide\"><a data-elementor-open-lightbox=\"yes\" data-elementor-lightbox-slideshow=\"602c5ee\" e-action-hash=\"#elementor-action%3Aaction%3Dlightbox%26settings%3DeyJpZCI6MTA5OCwidXJsIjoiaHR0cHM6XC9cL3d3dy5kYmluZG9zLmluZm9cL3dwLWNvbnRlbnRcL3VwbG9hZHNcL2phX25pc2FtX2phXzkuanBnIiwic2xpZGVzaG93IjoiNjAyYzVlZSJ9\" href=\"https:\/\/www.dbindos.info\/wp-content\/uploads\/ja_nisam_ja_9.jpg\"><figure class=\"swiper-slide-inner\"><img decoding=\"async\" class=\"swiper-slide-image\" src=\"https:\/\/www.dbindos.info\/wp-content\/uploads\/ja_nisam_ja_9.jpg\" alt=\"ja_nisam_ja_9\" \/><\/figure><\/a><\/div><div class=\"swiper-slide\"><a data-elementor-open-lightbox=\"yes\" data-elementor-lightbox-slideshow=\"602c5ee\" e-action-hash=\"#elementor-action%3Aaction%3Dlightbox%26settings%3DeyJpZCI6MTA5NSwidXJsIjoiaHR0cHM6XC9cL3d3dy5kYmluZG9zLmluZm9cL3dwLWNvbnRlbnRcL3VwbG9hZHNcL2phX25pc2FtX2phXzYuanBnIiwic2xpZGVzaG93IjoiNjAyYzVlZSJ9\" href=\"https:\/\/www.dbindos.info\/wp-content\/uploads\/ja_nisam_ja_6.jpg\"><figure class=\"swiper-slide-inner\"><img decoding=\"async\" class=\"swiper-slide-image\" src=\"https:\/\/www.dbindos.info\/wp-content\/uploads\/ja_nisam_ja_6.jpg\" alt=\"ja_nisam_ja_6\" \/><\/figure><\/a><\/div><div class=\"swiper-slide\"><a data-elementor-open-lightbox=\"yes\" data-elementor-lightbox-slideshow=\"602c5ee\" e-action-hash=\"#elementor-action%3Aaction%3Dlightbox%26settings%3DeyJpZCI6MTA5NiwidXJsIjoiaHR0cHM6XC9cL3d3dy5kYmluZG9zLmluZm9cL3dwLWNvbnRlbnRcL3VwbG9hZHNcL2phX25pc2FtX2phXzcuanBnIiwic2xpZGVzaG93IjoiNjAyYzVlZSJ9\" href=\"https:\/\/www.dbindos.info\/wp-content\/uploads\/ja_nisam_ja_7.jpg\"><figure class=\"swiper-slide-inner\"><img decoding=\"async\" class=\"swiper-slide-image\" src=\"https:\/\/www.dbindos.info\/wp-content\/uploads\/ja_nisam_ja_7.jpg\" alt=\"ja_nisam_ja_7\" \/><\/figure><\/a><\/div><div class=\"swiper-slide\"><a data-elementor-open-lightbox=\"yes\" data-elementor-lightbox-slideshow=\"602c5ee\" e-action-hash=\"#elementor-action%3Aaction%3Dlightbox%26settings%3DeyJpZCI6MTA5NywidXJsIjoiaHR0cHM6XC9cL3d3dy5kYmluZG9zLmluZm9cL3dwLWNvbnRlbnRcL3VwbG9hZHNcL2phX25pc2FtX2phXzguanBnIiwic2xpZGVzaG93IjoiNjAyYzVlZSJ9\" href=\"https:\/\/www.dbindos.info\/wp-content\/uploads\/ja_nisam_ja_8.jpg\"><figure class=\"swiper-slide-inner\"><img decoding=\"async\" class=\"swiper-slide-image\" src=\"https:\/\/www.dbindos.info\/wp-content\/uploads\/ja_nisam_ja_8.jpg\" alt=\"ja_nisam_ja_8\" \/><\/figure><\/a><\/div><div class=\"swiper-slide\"><a data-elementor-open-lightbox=\"yes\" data-elementor-lightbox-slideshow=\"602c5ee\" e-action-hash=\"#elementor-action%3Aaction%3Dlightbox%26settings%3DeyJpZCI6MTA5NCwidXJsIjoiaHR0cHM6XC9cL3d3dy5kYmluZG9zLmluZm9cL3dwLWNvbnRlbnRcL3VwbG9hZHNcL2phX25pc2FtX2phXzUuanBnIiwic2xpZGVzaG93IjoiNjAyYzVlZSJ9\" href=\"https:\/\/www.dbindos.info\/wp-content\/uploads\/ja_nisam_ja_5.jpg\"><figure class=\"swiper-slide-inner\"><img decoding=\"async\" class=\"swiper-slide-image\" src=\"https:\/\/www.dbindos.info\/wp-content\/uploads\/ja_nisam_ja_5.jpg\" alt=\"ja_nisam_ja_5\" \/><\/figure><\/a><\/div><div class=\"swiper-slide\"><a data-elementor-open-lightbox=\"yes\" data-elementor-lightbox-slideshow=\"602c5ee\" e-action-hash=\"#elementor-action%3Aaction%3Dlightbox%26settings%3DeyJpZCI6MTA5MSwidXJsIjoiaHR0cHM6XC9cL3d3dy5kYmluZG9zLmluZm9cL3dwLWNvbnRlbnRcL3VwbG9hZHNcL2phX25pc2FtX2phXzIuanBnIiwic2xpZGVzaG93IjoiNjAyYzVlZSJ9\" href=\"https:\/\/www.dbindos.info\/wp-content\/uploads\/ja_nisam_ja_2.jpg\"><figure class=\"swiper-slide-inner\"><img decoding=\"async\" class=\"swiper-slide-image\" src=\"https:\/\/www.dbindos.info\/wp-content\/uploads\/ja_nisam_ja_2.jpg\" alt=\"ja_nisam_ja_2\" \/><\/figure><\/a><\/div>\t\t\t<\/div>\n\t\t\t\t\t\t\t\t\t\t\t\t\t\t\t\t<div class=\"elementor-swiper-button elementor-swiper-button-prev\">\n\t\t\t\t\t\t<i aria-hidden=\"true\" class=\"eicon-chevron-left\"><\/i>\t\t\t\t\t\t<span class=\"elementor-screen-only\">Previous<\/span>\n\t\t\t\t\t<\/div>\n\t\t\t\t\t<div class=\"elementor-swiper-button elementor-swiper-button-next\">\n\t\t\t\t\t\t<i aria-hidden=\"true\" class=\"eicon-chevron-right\"><\/i>\t\t\t\t\t\t<span class=\"elementor-screen-only\">Next<\/span>\n\t\t\t\t\t<\/div>\n\t\t\t\t\t\t\t\t\t<\/div>\n\t\t\t\t<\/div>\n\t\t\t\t<\/div>\n\t\t\t\t<section class=\"elementor-section elementor-inner-section elementor-element elementor-element-310b37d elementor-section-height-min-height elementor-section-boxed elementor-section-height-default\" data-id=\"310b37d\" data-element_type=\"section\" data-settings=\"{&quot;background_background&quot;:&quot;classic&quot;}\">\n\t\t\t\t\t\t<div class=\"elementor-container elementor-column-gap-default\">\n\t\t\t\t\t<div class=\"elementor-column elementor-col-50 elementor-inner-column elementor-element elementor-element-034fa63\" data-id=\"034fa63\" data-element_type=\"column\" data-settings=\"{&quot;background_background&quot;:&quot;classic&quot;}\">\n\t\t\t<div class=\"elementor-widget-wrap elementor-element-populated\">\n\t\t\t\t\t\t\t\t<div class=\"elementor-element elementor-element-f251c16 elementor-widget-mobile__width-initial elementor-widget elementor-widget-text-editor\" data-id=\"f251c16\" data-element_type=\"widget\" data-widget_type=\"text-editor.default\">\n\t\t\t\t<div class=\"elementor-widget-container\">\n\t\t\t<style>\/*! elementor - v3.10.0 - 09-01-2023 *\/\n.elementor-widget-text-editor.elementor-drop-cap-view-stacked .elementor-drop-cap{background-color:#818a91;color:#fff}.elementor-widget-text-editor.elementor-drop-cap-view-framed .elementor-drop-cap{color:#818a91;border:3px solid;background-color:transparent}.elementor-widget-text-editor:not(.elementor-drop-cap-view-default) .elementor-drop-cap{margin-top:8px}.elementor-widget-text-editor:not(.elementor-drop-cap-view-default) .elementor-drop-cap-letter{width:1em;height:1em}.elementor-widget-text-editor .elementor-drop-cap{float:left;text-align:center;line-height:1;font-size:50px}.elementor-widget-text-editor .elementor-drop-cap-letter{display:inline-block}<\/style>\t\t\t\t<p><a href=\"https:\/\/www.pogon.hr\/program\/db-indos-kuca-ekstremnog-muzickog-kazalista-ja-nisam-ja\/\" target=\"_blank\" rel=\"noopener\"><strong>21. i 22.12.2021. Pogon Jedinstvo &#8211; velika dvorana &amp; Parainstitut Indo\u0161<\/strong><\/a><\/p><p><strong>Organizator<\/strong><br \/>DB Indo\u0161 - HOUSE OF EXTREME MUSIC THEATRE<\/p><p>\u0160ahtofonija za vi\u0161e kamera JA NISAM JA u formi nadzornog teatra.<\/p>\t\t\t\t\t\t<\/div>\n\t\t\t\t<\/div>\n\t\t\t\t<div class=\"elementor-element elementor-element-2daaa40 elementor-widget-mobile__width-initial elementor-aspect-ratio-169 elementor-widget elementor-widget-video\" data-id=\"2daaa40\" data-element_type=\"widget\" data-settings=\"{&quot;youtube_url&quot;:&quot;https:\\\/\\\/youtu.be\\\/Pai7S8JUWH8&quot;,&quot;lazy_load&quot;:&quot;yes&quot;,&quot;video_type&quot;:&quot;youtube&quot;,&quot;controls&quot;:&quot;yes&quot;,&quot;aspect_ratio&quot;:&quot;169&quot;}\" data-widget_type=\"video.default\">\n\t\t\t\t<div class=\"elementor-widget-container\">\n\t\t\t<style>\/*! elementor - v3.10.0 - 09-01-2023 *\/\n.elementor-widget-video .elementor-widget-container{overflow:hidden;transform:translateZ(0)}.elementor-widget-video .elementor-open-inline .elementor-custom-embed-image-overlay{position:absolute;top:0;left:0;width:100%;height:100%;background-size:cover;background-position:50%}.elementor-widget-video .elementor-custom-embed-image-overlay{cursor:pointer;text-align:center}.elementor-widget-video .elementor-custom-embed-image-overlay:hover .elementor-custom-embed-play i{opacity:1}.elementor-widget-video .elementor-custom-embed-image-overlay img{display:block;width:100%}.elementor-widget-video .e-hosted-video .elementor-video{-o-object-fit:cover;object-fit:cover}.e-con-inner>.elementor-widget-video,.e-con>.elementor-widget-video{width:var(--container-widget-width);--flex-grow:var(--container-widget-flex-grow)}<\/style>\t\t<div class=\"elementor-wrapper elementor-fit-aspect-ratio elementor-open-inline\">\n\t\t\t<div class=\"elementor-video\"><\/div>\t\t<\/div>\n\t\t\t\t<\/div>\n\t\t\t\t<\/div>\n\t\t\t\t<div class=\"elementor-element elementor-element-3269f38 elementor-widget__width-initial elementor-widget elementor-widget-image\" data-id=\"3269f38\" data-element_type=\"widget\" data-widget_type=\"image.default\">\n\t\t\t\t<div class=\"elementor-widget-container\">\n\t\t\t<style>\/*! elementor - v3.10.0 - 09-01-2023 *\/\n.elementor-widget-image{text-align:center}.elementor-widget-image a{display:inline-block}.elementor-widget-image a img[src$=\".svg\"]{width:48px}.elementor-widget-image img{vertical-align:middle;display:inline-block}<\/style>\t\t\t\t\t\t\t\t\t<figure class=\"wp-caption\">\n\t\t\t\t\t\t\t\t\t\t\t<a href=\"https:\/\/www.dbindos.info\/wp-content\/uploads\/graf-partitura-Ja-nisam-ja3.pdf\" target=\"_blank\">\n\t\t\t\t\t\t\t<img decoding=\"async\" width=\"540\" height=\"360\" src=\"https:\/\/www.dbindos.info\/wp-content\/uploads\/ja-nisam-ja-dio.jpg\" class=\"attachment-full size-full wp-image-2079\" alt=\"\" loading=\"lazy\" srcset=\"https:\/\/www.dbindos.info\/wp-content\/uploads\/ja-nisam-ja-dio.jpg 540w, https:\/\/www.dbindos.info\/wp-content\/uploads\/ja-nisam-ja-dio-300x200.jpg 300w, https:\/\/www.dbindos.info\/wp-content\/uploads\/ja-nisam-ja-dio-18x12.jpg 18w\" sizes=\"(max-width: 540px) 100vw, 540px\" \/>\t\t\t\t\t\t\t\t<\/a>\n\t\t\t\t\t\t\t\t\t\t\t<figcaption class=\"widget-image-caption wp-caption-text\">Graf. partitura (pdf)<\/figcaption>\n\t\t\t\t\t\t\t\t\t\t<\/figure>\n\t\t\t\t\t\t\t\t\t<\/div>\n\t\t\t\t<\/div>\n\t\t\t\t<div class=\"elementor-element elementor-element-b87a87b elementor-widget__width-initial elementor-widget elementor-widget-image\" data-id=\"b87a87b\" data-element_type=\"widget\" data-widget_type=\"image.default\">\n\t\t\t\t<div class=\"elementor-widget-container\">\n\t\t\t\t\t\t\t\t\t\t\t\t<figure class=\"wp-caption\">\n\t\t\t\t\t\t\t\t\t\t\t<a href=\"https:\/\/www.dbindos.info\/wp-content\/uploads\/PARTITURA-JA-NISAM-JA.pdf\" target=\"_blank\">\n\t\t\t\t\t\t\t<img decoding=\"async\" width=\"540\" height=\"360\" src=\"https:\/\/www.dbindos.info\/wp-content\/uploads\/ja-nisam-ja-dio2.jpg\" class=\"attachment-full size-full wp-image-2080\" alt=\"\" loading=\"lazy\" srcset=\"https:\/\/www.dbindos.info\/wp-content\/uploads\/ja-nisam-ja-dio2.jpg 540w, https:\/\/www.dbindos.info\/wp-content\/uploads\/ja-nisam-ja-dio2-300x200.jpg 300w, https:\/\/www.dbindos.info\/wp-content\/uploads\/ja-nisam-ja-dio2-18x12.jpg 18w\" sizes=\"(max-width: 540px) 100vw, 540px\" \/>\t\t\t\t\t\t\t\t<\/a>\n\t\t\t\t\t\t\t\t\t\t\t<figcaption class=\"widget-image-caption wp-caption-text\">Partitura (pdf)<\/figcaption>\n\t\t\t\t\t\t\t\t\t\t<\/figure>\n\t\t\t\t\t\t\t\t\t<\/div>\n\t\t\t\t<\/div>\n\t\t\t\t\t<\/div>\n\t\t<\/div>\n\t\t\t\t<div class=\"elementor-column elementor-col-50 elementor-inner-column elementor-element elementor-element-7f9eff3\" data-id=\"7f9eff3\" data-element_type=\"column\">\n\t\t\t<div class=\"elementor-widget-wrap elementor-element-populated\">\n\t\t\t\t\t\t\t\t<div class=\"elementor-element elementor-element-cd0a164 elementor-widget__width-initial elementor-widget-mobile__width-inherit elementor-widget elementor-widget-text-editor\" data-id=\"cd0a164\" data-element_type=\"widget\" data-widget_type=\"text-editor.default\">\n\t\t\t\t<div class=\"elementor-widget-container\">\n\t\t\t\t\t\t\t<div class=\"lead\"><p><strong>\u017diva i udaljena izvedba tre\u0107eg dijela \u0161ahtofonske tetralogije lutaka za odrasle &#8220;JA NISAM JA&#8221; nadahnute polifonijskim zrcaljenima glasova, rodova, identiteta u knji\u017eevnom stvarala\u0161tvu spisateljice, pjesnikinje, prozaistice, dramske autorice, libretistice, prevoditeljice Dunje Robi\u0107, zapravo autorice \u0161lagera Alke Ruben, zapravo klini\u010dke psihologinje Mire Dupelj, zapravo \u010dlanice neoavangardne Dru\u017eine mladih 1950-ih Mire Ko\u0161uti\u0107.<\/strong><\/p><p><a href=\"https:\/\/www.dbindos.info\/wp-content\/uploads\/ja_nisam_ja_1.jpg\"><img decoding=\"async\" loading=\"lazy\" class=\"alignnone size-full wp-image-1090\" src=\"https:\/\/www.dbindos.info\/wp-content\/uploads\/ja_nisam_ja_1.jpg\" alt=\"\" width=\"992\" height=\"593\" srcset=\"https:\/\/www.dbindos.info\/wp-content\/uploads\/ja_nisam_ja_1.jpg 992w, https:\/\/www.dbindos.info\/wp-content\/uploads\/ja_nisam_ja_1-300x179.jpg 300w, https:\/\/www.dbindos.info\/wp-content\/uploads\/ja_nisam_ja_1-768x459.jpg 768w, https:\/\/www.dbindos.info\/wp-content\/uploads\/ja_nisam_ja_1-18x12.jpg 18w\" sizes=\"(max-width: 992px) 100vw, 992px\" \/><\/a><\/p><\/div><p><em>Jeste li mo\u017eda izgubili ovu trubu? Brangena vam je mo\u017ee na\u0107i. To je \u010darolija protiv galame. Mora je zadr\u017eati do prolje\u0107a kada pada prvo li\u0161\u0107e. No\u0107u ne toliko jer je ve\u0107 u kretanju. Izabela govori ja nisam ja, ja sam ve\u0107 od pro\u0161log stolje\u0107a netko drugi. Izabela je zapravo Izolda, zapravo netko tre\u0107i i to zbog svije\u0107njaka, nekih knjiga, svoga siroma\u0161tva i zbog ma\u0161te koju je izgubila. Edgar zna nekoga tko nalazi svaku izgubljenu stvar, ali to vi\u0161e ne\u0107e re\u0107i nikada. On mo\u017ee \u0161utjeti i da neprestano govori i govoriti da neprestano \u0161uti. Edgar je za vas izmi\u0161ljen. Le\u017ei na rampi, va\u0161 je san.<\/em><\/p><p><em>Za\u0161to ne govorite mi? To je siguran oblik, nikad se ne zna koliko ih je. Sebi je dosadno govoriti, sebi treba pjevati.<\/em><\/p><p>Izvedba rastjelovljene verbalne glazbe za sve izgubljene stvari rastvara motive dramoleta za tri lutke i tri palutke Dunje Robi\u0107 <em>Edgar i dama<\/em> slijede\u0107i tri oblika \u0161ahtofonske partiture-vjetrenja\u010de o vi\u0161eglasju sjenki sazdanih na la\u017ei ki\u0161e, snijega, leda i sunca koje pokre\u0107u Brangena s trubom, Edgar u panju i Izabela bez ma\u0161te. Konstruiramo medijsko-marionetski MI, nesiguran oblik u kome lutke i palutke koegzistiraju u duhovno-recikliranim prostorima pre-aran\u017eiranih metalnih stvari u formi jednog ili vi\u0161e bitni\u010dkih umjetni\u010dkih \u010dinova aktivizma. U svakome od njih vidljive su kazaljke biolo\u0161kog sata koje u isti mah pokazuju u\u010dinak vremena kao mogu\u0107u rezultantu sudbine kojoj ne pripada nikakvo herojsko ili op\u0107e zna\u010denje, a umjesto razloga svega prona\u0111ena kreativnost hiperkaosa.<\/p><p><em>\/\/ o-ooo do\u0111i-\u0111i\u0111-i-\u0111-i-\u0111i\u0111i\u0111-i \/\/do\u0111i-do\u0111i-do\u0111i-do\u0111i jo\u0161 no-\u0107\u0111a-aaa &#8211; s \/\/ zavjete \/\/ naplatiti \/\/ na njemu \/\/ voda \/\/ prijepodne \/\/ jer no-\u0107\u0111 je sparna-aaaa \/xxxx\/ te-\u0161\u0111ka i duga-aaa \/\/ o-ooo daj vrati kucaje srcu \/\/ za svje\u017einom \u0161to -\u010d\u0111ezne \/\/ ko u pustinji cvijet \/\/ vru- \u0107\u0111ine \/\/ on &#8211; \u010d\u0111a \/\/ stav \/\/ podi &#8211; \u0107\u0111i \/\/ novi \/xx\/ o-ooo do\u0111i-do\u0111ido-\u0111i-do\u0111ido\u0111-i \/\/do\u0111i -do\u0111-i-do-\u0111i -d-o\u0111i &#8211; \u0111i &#8211; \u0111 &#8211; i jo\u0161 no- \u0107\u0111as \/\/ ton \/\/ vidjeti \/\/ novi \/\/ promjena zna \/\/ vrijeme \u0111. . . . \u0111. . . . \u0111. . . . \u0111. . . . \/\/ jer no-\u0107\u0111 je sparna&#8211;aaaa \/x\/ te-\u0161\u0111ka i duga&#8211;aaa \/xx\/ daj donesi \/\/ ki-\u0161\u0111u s ju-uuu &#8211; ga \/xxx\/ \u0111 \/\/<\/em><\/p>\t\t\t\t\t\t<\/div>\n\t\t\t\t<\/div>\n\t\t\t\t<div class=\"elementor-element elementor-element-c2c3168 elementor-widget__width-initial elementor-widget-mobile__width-inherit elementor-widget elementor-widget-text-editor\" data-id=\"c2c3168\" data-element_type=\"widget\" data-widget_type=\"text-editor.default\">\n\t\t\t\t<div class=\"elementor-widget-container\">\n\t\t\t\t\t\t\t<div class=\"supplementary\"><p><strong>Authors: Damir Bartol Indo\u0161 &amp; Tanja Vrvilo<\/strong><\/p><p><strong>Izvo\u0111a\u010di i glazbenici: Damir Bartol Indo\u0161, Tanja Vrvilo, Dina Puhovski, Damir Prica Kafka, Ivan Marincel<\/strong><br \/><strong>Grafi\u010dke partiture i izvedbena instalacija: DB Indo\u0161<\/strong><br \/><strong>Glazbene skulpture violine i trube: Miljenko Sekuli\u0107<\/strong><br \/><strong>Arhiv Dunje Robi\u0107 \/ Alke Ruben \/ Mire Ko\u0161uti\u0107 \/ Mire Dupelj: Iva Gruden Zduni\u0107<\/strong><br \/><strong>Video matrica za udaljene izvedbe JA NISAM JA \/ EDGAR I DAMA: Miro Manojlovi\u0107, Nina \u0110ur\u0111evi\u0107<\/strong><br \/><strong>Ton: Jasmin Dasovi\u0107<\/strong><br \/><strong>Nadzorne kamere: Maxime Weinmann<\/strong><\/p><p><strong>Produkcija: DB Indo\u0161 &#8211; Ku\u0107a ekstremnog muzi\u010dkog kazali\u0161ta, POGON &#8211; Zagreba\u010dki centar za nezavisnu umjetnost i mlade<\/strong><\/p><p><strong>Podr\u0161ka: Zaklada Kultura nova, Ministarstvo kulture i medija RH, Ured za kulturu Grada Zagreba<\/strong><\/p><\/div>\t\t\t\t\t\t<\/div>\n\t\t\t\t<\/div>\n\t\t\t\t\t<\/div>\n\t\t<\/div>\n\t\t\t\t\t\t\t<\/div>\n\t\t<\/section>\n\t\t\t\t\t<\/div>\n\t\t<\/div>\n\t\t\t\t\t\t\t<\/div>\n\t\t<\/section>\n\t\t\t\t\t\t\t<\/div>","protected":false},"excerpt":{"rendered":"<p>JA NISAM JA Previous Next 21. i 22.12.2021. Pogon Jedinstvo &#8211; velika dvorana &amp; Parainstitut Indo\u0161 OrganizatorDB Indo\u0161 &#8211; Ku\u0107a ekstremnog muzi\u010dkog kazali\u0161ta \u0160ahtofonija za vi\u0161e kamera JA NISAM JA u formi nadzornog teatra. https:\/\/youtu.be\/Pai7S8JUWH8 Graf. partitura (pdf) Partitura (pdf) \u017diva i udaljena izvedba tre\u0107eg dijela \u0161ahtofonske tetralogije lutaka za odrasle &#8220;JA NISAM JA&#8221; nadahnute &hellip;<\/p>\n<p class=\"read-more\"> <a class=\"\" href=\"https:\/\/www.dbindos.info\/en\/projekti\/ja-nisam-ja\/\"> <span class=\"screen-reader-text\">Ja nisam ja<\/span> Read More &raquo;<\/a><\/p>","protected":false},"author":1,"featured_media":0,"parent":5413,"menu_order":1,"comment_status":"closed","ping_status":"closed","template":"","meta":{"site-sidebar-layout":"no-sidebar","site-content-layout":"page-builder","ast-global-header-display":"","ast-main-header-display":"","ast-hfb-above-header-display":"","ast-hfb-below-header-display":"","ast-hfb-mobile-header-display":"","site-post-title":"disabled","ast-breadcrumbs-content":"","ast-featured-img":"disabled","footer-sml-layout":"","theme-transparent-header-meta":"","adv-header-id-meta":"","stick-header-meta":"","header-above-stick-meta":"","header-main-stick-meta":"","header-below-stick-meta":""},"_links":{"self":[{"href":"https:\/\/www.dbindos.info\/en\/wp-json\/wp\/v2\/pages\/2026"}],"collection":[{"href":"https:\/\/www.dbindos.info\/en\/wp-json\/wp\/v2\/pages"}],"about":[{"href":"https:\/\/www.dbindos.info\/en\/wp-json\/wp\/v2\/types\/page"}],"author":[{"embeddable":true,"href":"https:\/\/www.dbindos.info\/en\/wp-json\/wp\/v2\/users\/1"}],"replies":[{"embeddable":true,"href":"https:\/\/www.dbindos.info\/en\/wp-json\/wp\/v2\/comments?post=2026"}],"version-history":[{"count":297,"href":"https:\/\/www.dbindos.info\/en\/wp-json\/wp\/v2\/pages\/2026\/revisions"}],"predecessor-version":[{"id":7710,"href":"https:\/\/www.dbindos.info\/en\/wp-json\/wp\/v2\/pages\/2026\/revisions\/7710"}],"up":[{"embeddable":true,"href":"https:\/\/www.dbindos.info\/en\/wp-json\/wp\/v2\/pages\/5413"}],"wp:attachment":[{"href":"https:\/\/www.dbindos.info\/en\/wp-json\/wp\/v2\/media?parent=2026"}],"curies":[{"name":"wp","href":"https:\/\/api.w.org\/{rel}","templated":true}]}}