{"id":2667,"date":"2022-01-27T09:43:54","date_gmt":"2022-01-27T09:43:54","guid":{"rendered":"https:\/\/www.dbindos.info\/?page_id=2667"},"modified":"2023-12-19T18:07:59","modified_gmt":"2023-12-19T18:07:59","slug":"sahtofonija-rumorista","status":"publish","type":"page","link":"https:\/\/www.dbindos.info\/en\/projekti\/sahtofonija-rumorista\/","title":{"rendered":"\u0160ahtofonija Rumorista"},"content":{"rendered":"<div data-elementor-type=\"wp-page\" data-elementor-id=\"2667\" class=\"elementor elementor-2667\">\n\t\t\t\t\t\t\t\t\t<section class=\"elementor-section elementor-top-section elementor-element elementor-element-06098c3 elementor-section-boxed elementor-section-height-default elementor-section-height-default\" data-id=\"06098c3\" data-element_type=\"section\" data-settings=\"{&quot;background_background&quot;:&quot;classic&quot;}\">\n\t\t\t\t\t\t<div class=\"elementor-container elementor-column-gap-default\">\n\t\t\t\t\t<div class=\"elementor-column elementor-col-100 elementor-top-column elementor-element elementor-element-f7fc9af\" data-id=\"f7fc9af\" data-element_type=\"column\" data-settings=\"{&quot;background_background&quot;:&quot;classic&quot;}\">\n\t\t\t<div class=\"elementor-widget-wrap elementor-element-populated\">\n\t\t\t\t\t\t\t\t<div class=\"elementor-element elementor-element-478b75a elementor-widget-mobile__width-inherit elementor-widget elementor-widget-heading\" data-id=\"478b75a\" data-element_type=\"widget\" data-widget_type=\"heading.default\">\n\t\t\t\t<div class=\"elementor-widget-container\">\n\t\t\t<style>\/*! elementor - v3.10.0 - 09-01-2023 *\/\n.elementor-heading-title{padding:0;margin:0;line-height:1}.elementor-widget-heading .elementor-heading-title[class*=elementor-size-]>a{color:inherit;font-size:inherit;line-height:inherit}.elementor-widget-heading .elementor-heading-title.elementor-size-small{font-size:15px}.elementor-widget-heading .elementor-heading-title.elementor-size-medium{font-size:19px}.elementor-widget-heading .elementor-heading-title.elementor-size-large{font-size:29px}.elementor-widget-heading .elementor-heading-title.elementor-size-xl{font-size:39px}.elementor-widget-heading .elementor-heading-title.elementor-size-xxl{font-size:59px}<\/style><h1 class=\"elementor-heading-title elementor-size-default\">\n\nSCHACHTOPHONIA RUMORISTA: MATRIX OF KNOCK ON THE ROOF<\/h1>\t\t<\/div>\n\t\t\t\t<\/div>\n\t\t\t\t<div class=\"elementor-element elementor-element-7e8215d elementor-arrows-position-inside elementor-widget elementor-widget-image-carousel\" data-id=\"7e8215d\" data-element_type=\"widget\" data-settings=\"{&quot;slides_to_show&quot;:&quot;5&quot;,&quot;autoplay&quot;:&quot;no&quot;,&quot;slides_to_show_tablet&quot;:&quot;3&quot;,&quot;slides_to_show_mobile&quot;:&quot;1&quot;,&quot;infinite&quot;:&quot;no&quot;,&quot;navigation&quot;:&quot;arrows&quot;,&quot;image_spacing_custom&quot;:{&quot;unit&quot;:&quot;px&quot;,&quot;size&quot;:7,&quot;sizes&quot;:[]},&quot;speed&quot;:500}\" data-widget_type=\"image-carousel.default\">\n\t\t\t\t<div class=\"elementor-widget-container\">\n\t\t\t<style>\/*! elementor - v3.10.0 - 09-01-2023 *\/\n.elementor-widget-image-carousel .swiper-container{position:static}.elementor-widget-image-carousel .swiper-container .swiper-slide figure{line-height:inherit}.elementor-widget-image-carousel .swiper-slide{text-align:center}.elementor-image-carousel-wrapper:not(.swiper-container-initialized) .swiper-slide{max-width:calc(100% \/ var(--e-image-carousel-slides-to-show, 3))}<\/style>\t\t<div class=\"elementor-image-carousel-wrapper swiper-container\" dir=\"ltr\">\n\t\t\t<div class=\"elementor-image-carousel swiper-wrapper swiper-image-stretch\">\n\t\t\t\t\t\t\t\t<div class=\"swiper-slide\"><a data-elementor-open-lightbox=\"yes\" data-elementor-lightbox-slideshow=\"7e8215d\" e-action-hash=\"#elementor-action%3Aaction%3Dlightbox%26settings%3DeyJpZCI6MjcxOCwidXJsIjoiaHR0cHM6XC9cL3d3dy5kYmluZG9zLmluZm9cL3dwLWNvbnRlbnRcL3VwbG9hZHNcL3NhaHRvZm9uaWphX3Jfa25rXzUuanBnIiwic2xpZGVzaG93IjoiN2U4MjE1ZCJ9\" href=\"https:\/\/www.dbindos.info\/wp-content\/uploads\/sahtofonija_r_knk_5.jpg\"><figure class=\"swiper-slide-inner\"><img decoding=\"async\" class=\"swiper-slide-image\" src=\"https:\/\/www.dbindos.info\/wp-content\/uploads\/sahtofonija_r_knk_5.jpg\" alt=\"sahtofonija_r_knk_5\" \/><\/figure><\/a><\/div><div class=\"swiper-slide\"><a data-elementor-open-lightbox=\"yes\" data-elementor-lightbox-slideshow=\"7e8215d\" e-action-hash=\"#elementor-action%3Aaction%3Dlightbox%26settings%3DeyJpZCI6MjcxOSwidXJsIjoiaHR0cHM6XC9cL3d3dy5kYmluZG9zLmluZm9cL3dwLWNvbnRlbnRcL3VwbG9hZHNcL3NhaHRvZm9uaWphX3Jfa25rXzE0LmpwZyIsInNsaWRlc2hvdyI6IjdlODIxNWQifQ%3D%3D\" href=\"https:\/\/www.dbindos.info\/wp-content\/uploads\/sahtofonija_r_knk_14.jpg\"><figure class=\"swiper-slide-inner\"><img decoding=\"async\" class=\"swiper-slide-image\" src=\"https:\/\/www.dbindos.info\/wp-content\/uploads\/sahtofonija_r_knk_14.jpg\" alt=\"sahtofonija_r_knk_14\" \/><\/figure><\/a><\/div><div class=\"swiper-slide\"><a data-elementor-open-lightbox=\"yes\" data-elementor-lightbox-slideshow=\"7e8215d\" e-action-hash=\"#elementor-action%3Aaction%3Dlightbox%26settings%3DeyJpZCI6MjcyMCwidXJsIjoiaHR0cHM6XC9cL3d3dy5kYmluZG9zLmluZm9cL3dwLWNvbnRlbnRcL3VwbG9hZHNcL3NhaHRvZm9uaWphX3Jfa25rXzIzLmpwZyIsInNsaWRlc2hvdyI6IjdlODIxNWQifQ%3D%3D\" href=\"https:\/\/www.dbindos.info\/wp-content\/uploads\/sahtofonija_r_knk_23.jpg\"><figure class=\"swiper-slide-inner\"><img decoding=\"async\" class=\"swiper-slide-image\" src=\"https:\/\/www.dbindos.info\/wp-content\/uploads\/sahtofonija_r_knk_23.jpg\" alt=\"sahtofonija_r_knk_23\" \/><\/figure><\/a><\/div><div class=\"swiper-slide\"><a data-elementor-open-lightbox=\"yes\" data-elementor-lightbox-slideshow=\"7e8215d\" e-action-hash=\"#elementor-action%3Aaction%3Dlightbox%26settings%3DeyJpZCI6MjcyMSwidXJsIjoiaHR0cHM6XC9cL3d3dy5kYmluZG9zLmluZm9cL3dwLWNvbnRlbnRcL3VwbG9hZHNcL3NhaHRvZm9uaWphX3Jfa25rXzI2LmpwZyIsInNsaWRlc2hvdyI6IjdlODIxNWQifQ%3D%3D\" href=\"https:\/\/www.dbindos.info\/wp-content\/uploads\/sahtofonija_r_knk_26.jpg\"><figure class=\"swiper-slide-inner\"><img decoding=\"async\" class=\"swiper-slide-image\" src=\"https:\/\/www.dbindos.info\/wp-content\/uploads\/sahtofonija_r_knk_26.jpg\" alt=\"sahtofonija_r_knk_26\" \/><\/figure><\/a><\/div><div class=\"swiper-slide\"><a data-elementor-open-lightbox=\"yes\" data-elementor-lightbox-slideshow=\"7e8215d\" e-action-hash=\"#elementor-action%3Aaction%3Dlightbox%26settings%3DeyJpZCI6MjcyMiwidXJsIjoiaHR0cHM6XC9cL3d3dy5kYmluZG9zLmluZm9cL3dwLWNvbnRlbnRcL3VwbG9hZHNcL3NhaHRvZm9uaWphX3Jfa25rXzI3LmpwZyIsInNsaWRlc2hvdyI6IjdlODIxNWQifQ%3D%3D\" href=\"https:\/\/www.dbindos.info\/wp-content\/uploads\/sahtofonija_r_knk_27.jpg\"><figure class=\"swiper-slide-inner\"><img decoding=\"async\" class=\"swiper-slide-image\" src=\"https:\/\/www.dbindos.info\/wp-content\/uploads\/sahtofonija_r_knk_27.jpg\" alt=\"sahtofonija_r_knk_27\" \/><\/figure><\/a><\/div><div class=\"swiper-slide\"><a data-elementor-open-lightbox=\"yes\" data-elementor-lightbox-slideshow=\"7e8215d\" e-action-hash=\"#elementor-action%3Aaction%3Dlightbox%26settings%3DeyJpZCI6MjcyMywidXJsIjoiaHR0cHM6XC9cL3d3dy5kYmluZG9zLmluZm9cL3dwLWNvbnRlbnRcL3VwbG9hZHNcL3NhaHRvZm9uaWphX3Jfa25rXzI4LmpwZyIsInNsaWRlc2hvdyI6IjdlODIxNWQifQ%3D%3D\" href=\"https:\/\/www.dbindos.info\/wp-content\/uploads\/sahtofonija_r_knk_28.jpg\"><figure class=\"swiper-slide-inner\"><img decoding=\"async\" class=\"swiper-slide-image\" src=\"https:\/\/www.dbindos.info\/wp-content\/uploads\/sahtofonija_r_knk_28.jpg\" alt=\"sahtofonija_r_knk_28\" \/><\/figure><\/a><\/div>\t\t\t<\/div>\n\t\t\t\t\t\t\t\t\t\t\t\t\t\t\t\t<div class=\"elementor-swiper-button elementor-swiper-button-prev\">\n\t\t\t\t\t\t<i aria-hidden=\"true\" class=\"eicon-chevron-left\"><\/i>\t\t\t\t\t\t<span class=\"elementor-screen-only\">Previous<\/span>\n\t\t\t\t\t<\/div>\n\t\t\t\t\t<div class=\"elementor-swiper-button elementor-swiper-button-next\">\n\t\t\t\t\t\t<i aria-hidden=\"true\" class=\"eicon-chevron-right\"><\/i>\t\t\t\t\t\t<span class=\"elementor-screen-only\">Next<\/span>\n\t\t\t\t\t<\/div>\n\t\t\t\t\t\t\t\t\t<\/div>\n\t\t\t\t<\/div>\n\t\t\t\t<\/div>\n\t\t\t\t<section class=\"elementor-section elementor-inner-section elementor-element elementor-element-310b37d elementor-section-boxed elementor-section-height-default elementor-section-height-default\" data-id=\"310b37d\" data-element_type=\"section\" data-settings=\"{&quot;background_background&quot;:&quot;classic&quot;}\">\n\t\t\t\t\t\t<div class=\"elementor-container elementor-column-gap-default\">\n\t\t\t\t\t<div class=\"elementor-column elementor-col-50 elementor-inner-column elementor-element elementor-element-034fa63\" data-id=\"034fa63\" data-element_type=\"column\" data-settings=\"{&quot;background_background&quot;:&quot;classic&quot;}\">\n\t\t\t<div class=\"elementor-widget-wrap elementor-element-populated\">\n\t\t\t\t\t\t\t\t<div class=\"elementor-element elementor-element-f251c16 elementor-widget-mobile__width-initial elementor-widget elementor-widget-text-editor\" data-id=\"f251c16\" data-element_type=\"widget\" data-widget_type=\"text-editor.default\">\n\t\t\t\t<div class=\"elementor-widget-container\">\n\t\t\t<style>\/*! elementor - v3.10.0 - 09-01-2023 *\/\n.elementor-widget-text-editor.elementor-drop-cap-view-stacked .elementor-drop-cap{background-color:#818a91;color:#fff}.elementor-widget-text-editor.elementor-drop-cap-view-framed .elementor-drop-cap{color:#818a91;border:3px solid;background-color:transparent}.elementor-widget-text-editor:not(.elementor-drop-cap-view-default) .elementor-drop-cap{margin-top:8px}.elementor-widget-text-editor:not(.elementor-drop-cap-view-default) .elementor-drop-cap-letter{width:1em;height:1em}.elementor-widget-text-editor .elementor-drop-cap{float:left;text-align:center;line-height:1;font-size:50px}.elementor-widget-text-editor .elementor-drop-cap-letter{display:inline-block}<\/style>\t\t\t\t<p><strong>20.01.2017. &#8211; Kino SC, Zagreb<\/strong><\/p><p>Rumoristi: <strong>Damir Bartol Indo\u0161 \/ Tanja Vrvilo \/ Ivan Bilosni\u0107 Bic \/ Ratko Danilovi\u0107 \/ Nino Pri\u0161uta \/ Damir Prica Kafka \/ Ivan Maru\u0161i\u0107 Klif<\/strong><\/p><p>photos - Ratko Mavar and <a href=\"https:\/\/www.facebook.com\/MuzickiSalonSC\/photos\/pb.267281743310182.-2207520000.1485193380.\/1280526111985735\/?type=3&amp;theater\" target=\"_blank\" rel=\"noopener\">Damir \u017di\u017ei\u0107<\/a><br \/>RECENZIJE \/ REVIEWS:<br \/><a href=\"http:\/\/www.ravnododna.com\/sahtofonija-rumorista-u-muzickom-salonu-sc-hermeneuticka-zvukovna-odiseja\/\" target=\"_blank\" rel=\"noopener\">RAVNO DO DNA<\/a><br \/><a href=\"http:\/\/subsite.hr\/2017\/01\/sahtofonija-rumorista-matrica-kucanja-na-krov-u-kinu-sc\/\" target=\"_blank\" rel=\"noopener\">SUBSITE<\/a><\/p>\t\t\t\t\t\t<\/div>\n\t\t\t\t<\/div>\n\t\t\t\t<div class=\"elementor-element elementor-element-59e6189 elementor-aspect-ratio-169 elementor-widget elementor-widget-video\" data-id=\"59e6189\" data-element_type=\"widget\" data-settings=\"{&quot;youtube_url&quot;:&quot;https:\\\/\\\/youtu.be\\\/EqDcYoRhLCg?si=Bz0u0msEB92qoaaK&amp;t=10&quot;,&quot;start&quot;:10,&quot;video_type&quot;:&quot;youtube&quot;,&quot;controls&quot;:&quot;yes&quot;,&quot;aspect_ratio&quot;:&quot;169&quot;}\" data-widget_type=\"video.default\">\n\t\t\t\t<div class=\"elementor-widget-container\">\n\t\t\t<style>\/*! elementor - v3.10.0 - 09-01-2023 *\/\n.elementor-widget-video .elementor-widget-container{overflow:hidden;transform:translateZ(0)}.elementor-widget-video .elementor-open-inline .elementor-custom-embed-image-overlay{position:absolute;top:0;left:0;width:100%;height:100%;background-size:cover;background-position:50%}.elementor-widget-video .elementor-custom-embed-image-overlay{cursor:pointer;text-align:center}.elementor-widget-video .elementor-custom-embed-image-overlay:hover .elementor-custom-embed-play i{opacity:1}.elementor-widget-video .elementor-custom-embed-image-overlay img{display:block;width:100%}.elementor-widget-video .e-hosted-video .elementor-video{-o-object-fit:cover;object-fit:cover}.e-con-inner>.elementor-widget-video,.e-con>.elementor-widget-video{width:var(--container-widget-width);--flex-grow:var(--container-widget-flex-grow)}<\/style>\t\t<div class=\"elementor-wrapper elementor-fit-aspect-ratio elementor-open-inline\">\n\t\t\t<div class=\"elementor-video\"><\/div>\t\t<\/div>\n\t\t\t\t<\/div>\n\t\t\t\t<\/div>\n\t\t\t\t<div class=\"elementor-element elementor-element-5871ccc elementor-widget__width-initial elementor-widget elementor-widget-image\" data-id=\"5871ccc\" data-element_type=\"widget\" data-widget_type=\"image.default\">\n\t\t\t\t<div class=\"elementor-widget-container\">\n\t\t\t<style>\/*! elementor - v3.10.0 - 09-01-2023 *\/\n.elementor-widget-image{text-align:center}.elementor-widget-image a{display:inline-block}.elementor-widget-image a img[src$=\".svg\"]{width:48px}.elementor-widget-image img{vertical-align:middle;display:inline-block}<\/style>\t\t\t\t\t\t\t\t\t<figure class=\"wp-caption\">\n\t\t\t\t\t\t\t\t\t\t\t<a href=\"https:\/\/www.dbindos.info\/wp-content\/uploads\/partitura_schachtophonia_rumorista.pdf\" target=\"_blank\">\n\t\t\t\t\t\t\t<img decoding=\"async\" src=\"https:\/\/www.dbindos.info\/wp-content\/uploads\/elementor\/thumbs\/partitura-rumorista-qfcuj386pbl1z4sb1sg5clv00ih60n5rs2vn3qfwsw.jpg\" title=\"partitura-rumorista\" alt=\"partitura-rumorista\" loading=\"lazy\" \/>\t\t\t\t\t\t\t\t<\/a>\n\t\t\t\t\t\t\t\t\t\t\t<figcaption class=\"widget-image-caption wp-caption-text\">partitura (pdf)<\/figcaption>\n\t\t\t\t\t\t\t\t\t\t<\/figure>\n\t\t\t\t\t\t\t\t\t<\/div>\n\t\t\t\t<\/div>\n\t\t\t\t<div class=\"elementor-element elementor-element-cc33015 elementor-widget__width-initial elementor-widget elementor-widget-image\" data-id=\"cc33015\" data-element_type=\"widget\" data-widget_type=\"image.default\">\n\t\t\t\t<div class=\"elementor-widget-container\">\n\t\t\t\t\t\t\t\t\t\t\t\t<figure class=\"wp-caption\">\n\t\t\t\t\t\t\t\t\t\t\t<a href=\"https:\/\/www.dbindos.info\/wp-content\/uploads\/Plakat_rumorista_knk.jpg\" data-elementor-open-lightbox=\"yes\" e-action-hash=\"#elementor-action%3Aaction%3Dlightbox%26settings%3DeyJpZCI6NDY4NywidXJsIjoiaHR0cHM6XC9cL3d3dy5kYmluZG9zLmluZm9cL3dwLWNvbnRlbnRcL3VwbG9hZHNcL1BsYWthdF9ydW1vcmlzdGFfa25rLmpwZyJ9\">\n\t\t\t\t\t\t\t<img decoding=\"async\" src=\"https:\/\/www.dbindos.info\/wp-content\/uploads\/elementor\/thumbs\/Plakat_rumorista_knk-qfcuj460w5mcaqqxwaurx3mglwcj8c9i47j4l0eimo.jpg\" title=\"Plakat_rumorista_knk\" alt=\"Plakat_rumorista_knk\" loading=\"lazy\" \/>\t\t\t\t\t\t\t\t<\/a>\n\t\t\t\t\t\t\t\t\t\t\t<figcaption class=\"widget-image-caption wp-caption-text\">POSTER<\/figcaption>\n\t\t\t\t\t\t\t\t\t\t<\/figure>\n\t\t\t\t\t\t\t\t\t<\/div>\n\t\t\t\t<\/div>\n\t\t\t\t\t<\/div>\n\t\t<\/div>\n\t\t\t\t<div class=\"elementor-column elementor-col-50 elementor-inner-column elementor-element elementor-element-7f9eff3\" data-id=\"7f9eff3\" data-element_type=\"column\">\n\t\t\t<div class=\"elementor-widget-wrap elementor-element-populated\">\n\t\t\t\t\t\t\t\t<div class=\"elementor-element elementor-element-cd0a164 elementor-widget__width-initial elementor-widget-mobile__width-inherit elementor-widget elementor-widget-text-editor\" data-id=\"cd0a164\" data-element_type=\"widget\" data-widget_type=\"text-editor.default\">\n\t\t\t\t<div class=\"elementor-widget-container\">\n\t\t\t\t\t\t\t<p><strong>From a tool room of the former factory of hydraulic pumps, the spring music machines Schachtophones came up rolling down to a Russian stage of Kino SC, and creating concrete fusion of Russolo's Intonarumoris by performers DB Indo\u0161 and Tanja Vrvilo, noise rock - guitar, drums, bas, schachotphone installation by Ivan Bilosni\u0107 Bic, Ratko Danilovi\u0107, Nino Pri\u0161uta (ex SexA), free jazz sax of Damir Prica Kafka Capri and video performance by Ivan Maru\u0161i\u0107 Klif, under the surveillance of forensic mirrors. <\/strong><\/p><p>IF A LESSER EVIL IS A RELATIVELY GOOD SO A LESSER GOOD IS RELATIVELY EVIL<\/p><p>In 57 sec, the whole life of a house ends. Knocking on the roof is also mass murder, even if house is vacant of its residents. Objects: wood, stone, glass, iron, cement, cotton, silk, linen, notepads, books, plates, spoons, toys, records, faucets, pipes, door handles, and the fridge, the washer, the vases, jars of olives and pickles, and canned foods, the two whites, salt and sugar, the spices, the matchboxes, the pills and oral contraceptives, elixirs, garlic braids, onions, tomatoes, dried okra, rice and lentils, and the lease contract, the marriage and birth certificates, the utility bills, identity cards, passports, love letters, photographs, the toothbrushes, hair combs, make-up accessories, shoes, underwear, sheets, towels... give off their sound of whispers, murmurs, mumbling, muttering, gurgling, roars, thunderings,  explosions, hissing roars, whistling, puffing, screeching, creaking, rustling, buzzing. Matrix of knocking on the roof - logic of possibility of a relatively less means and relatively bigger evil, gives noise to this impossibility.<\/p>\t\t\t\t\t\t<\/div>\n\t\t\t\t<\/div>\n\t\t\t\t\t<\/div>\n\t\t<\/div>\n\t\t\t\t\t\t\t<\/div>\n\t\t<\/section>\n\t\t\t\t\t<\/div>\n\t\t<\/div>\n\t\t\t\t\t\t\t<\/div>\n\t\t<\/section>\n\t\t\t\t\t\t\t<\/div>","protected":false},"excerpt":{"rendered":"<p>\u0160ahtofonija Rumorista: Matrica kucanja na krov Previous Next 20.01.2017. &#8211; Kino SC, Zagreb Rumoristi: Damir Bartol Indo\u0161 \/ Tanja Vrvilo \/ Ivan Bilosni\u0107 Bic \/ Ratko Danilovi\u0107 \/ Nino Pri\u0161uta \/ Damir Prica Kafka \/ Ivan Maru\u0161i\u0107 Klif fotografije &#8211; Ratko Mavar i Damir \u017di\u017ei\u0107RECENZIJE \/ REVIEWS:RAVNO DO DNASUBSITE https:\/\/youtu.be\/EqDcYoRhLCg?si=Bz0u0msEB92qoaaK&#038;t=10 partitura (pdf) poster Iz alatnice &hellip;<\/p>\n<p class=\"read-more\"> <a class=\"\" href=\"https:\/\/www.dbindos.info\/en\/projekti\/sahtofonija-rumorista\/\"> <span class=\"screen-reader-text\">\u0160ahtofonija Rumorista<\/span> Read More &raquo;<\/a><\/p>","protected":false},"author":1,"featured_media":0,"parent":5413,"menu_order":1,"comment_status":"closed","ping_status":"closed","template":"","meta":{"site-sidebar-layout":"no-sidebar","site-content-layout":"page-builder","ast-global-header-display":"","ast-main-header-display":"","ast-hfb-above-header-display":"","ast-hfb-below-header-display":"","ast-hfb-mobile-header-display":"","site-post-title":"disabled","ast-breadcrumbs-content":"","ast-featured-img":"disabled","footer-sml-layout":"","theme-transparent-header-meta":"","adv-header-id-meta":"","stick-header-meta":"","header-above-stick-meta":"","header-main-stick-meta":"","header-below-stick-meta":""},"_links":{"self":[{"href":"https:\/\/www.dbindos.info\/en\/wp-json\/wp\/v2\/pages\/2667"}],"collection":[{"href":"https:\/\/www.dbindos.info\/en\/wp-json\/wp\/v2\/pages"}],"about":[{"href":"https:\/\/www.dbindos.info\/en\/wp-json\/wp\/v2\/types\/page"}],"author":[{"embeddable":true,"href":"https:\/\/www.dbindos.info\/en\/wp-json\/wp\/v2\/users\/1"}],"replies":[{"embeddable":true,"href":"https:\/\/www.dbindos.info\/en\/wp-json\/wp\/v2\/comments?post=2667"}],"version-history":[{"count":130,"href":"https:\/\/www.dbindos.info\/en\/wp-json\/wp\/v2\/pages\/2667\/revisions"}],"predecessor-version":[{"id":9581,"href":"https:\/\/www.dbindos.info\/en\/wp-json\/wp\/v2\/pages\/2667\/revisions\/9581"}],"up":[{"embeddable":true,"href":"https:\/\/www.dbindos.info\/en\/wp-json\/wp\/v2\/pages\/5413"}],"wp:attachment":[{"href":"https:\/\/www.dbindos.info\/en\/wp-json\/wp\/v2\/media?parent=2667"}],"curies":[{"name":"wp","href":"https:\/\/api.w.org\/{rel}","templated":true}]}}