{"id":2944,"date":"2022-01-28T18:43:30","date_gmt":"2022-01-28T18:43:30","guid":{"rendered":"https:\/\/www.dbindos.info\/?page_id=2944"},"modified":"2024-01-13T15:00:27","modified_gmt":"2024-01-13T15:00:27","slug":"radionica-sahtofonije-za-djecu-male-tajne-sahtofona","status":"publish","type":"page","link":"https:\/\/www.dbindos.info\/en\/projekti\/radionica-sahtofonije-za-djecu-male-tajne-sahtofona\/","title":{"rendered":"Radionica \u0161ahtofonije za djecu: Male tajne \u0160ahtofona"},"content":{"rendered":"<div data-elementor-type=\"wp-page\" data-elementor-id=\"2944\" class=\"elementor elementor-2944\">\n\t\t\t\t\t\t\t\t\t<section class=\"elementor-section elementor-top-section elementor-element elementor-element-06098c3 elementor-section-boxed elementor-section-height-default elementor-section-height-default\" data-id=\"06098c3\" data-element_type=\"section\" data-settings=\"{&quot;background_background&quot;:&quot;classic&quot;}\">\n\t\t\t\t\t\t<div class=\"elementor-container elementor-column-gap-default\">\n\t\t\t\t\t<div class=\"elementor-column elementor-col-100 elementor-top-column elementor-element elementor-element-f7fc9af\" data-id=\"f7fc9af\" data-element_type=\"column\" data-settings=\"{&quot;background_background&quot;:&quot;classic&quot;}\">\n\t\t\t<div class=\"elementor-widget-wrap elementor-element-populated\">\n\t\t\t\t\t\t\t\t<div class=\"elementor-element elementor-element-478b75a elementor-widget-mobile__width-inherit elementor-widget elementor-widget-heading\" data-id=\"478b75a\" data-element_type=\"widget\" data-widget_type=\"heading.default\">\n\t\t\t\t<div class=\"elementor-widget-container\">\n\t\t\t<style>\/*! elementor - v3.10.0 - 09-01-2023 *\/\n.elementor-heading-title{padding:0;margin:0;line-height:1}.elementor-widget-heading .elementor-heading-title[class*=elementor-size-]>a{color:inherit;font-size:inherit;line-height:inherit}.elementor-widget-heading .elementor-heading-title.elementor-size-small{font-size:15px}.elementor-widget-heading .elementor-heading-title.elementor-size-medium{font-size:19px}.elementor-widget-heading .elementor-heading-title.elementor-size-large{font-size:29px}.elementor-widget-heading .elementor-heading-title.elementor-size-xl{font-size:39px}.elementor-widget-heading .elementor-heading-title.elementor-size-xxl{font-size:59px}<\/style><h1 class=\"elementor-heading-title elementor-size-default\">Radionica \u0161ahtofonije za djecu: Male tajne \u0160ahtofona<\/h1>\t\t<\/div>\n\t\t\t\t<\/div>\n\t\t\t\t<div class=\"elementor-element elementor-element-7e8215d elementor-arrows-position-inside elementor-widget elementor-widget-image-carousel\" data-id=\"7e8215d\" data-element_type=\"widget\" data-settings=\"{&quot;slides_to_show&quot;:&quot;5&quot;,&quot;autoplay&quot;:&quot;no&quot;,&quot;slides_to_show_tablet&quot;:&quot;3&quot;,&quot;slides_to_show_mobile&quot;:&quot;1&quot;,&quot;infinite&quot;:&quot;no&quot;,&quot;navigation&quot;:&quot;arrows&quot;,&quot;image_spacing_custom&quot;:{&quot;unit&quot;:&quot;px&quot;,&quot;size&quot;:7,&quot;sizes&quot;:[]},&quot;speed&quot;:500}\" data-widget_type=\"image-carousel.default\">\n\t\t\t\t<div class=\"elementor-widget-container\">\n\t\t\t<style>\/*! elementor - v3.10.0 - 09-01-2023 *\/\n.elementor-widget-image-carousel .swiper-container{position:static}.elementor-widget-image-carousel .swiper-container .swiper-slide figure{line-height:inherit}.elementor-widget-image-carousel .swiper-slide{text-align:center}.elementor-image-carousel-wrapper:not(.swiper-container-initialized) .swiper-slide{max-width:calc(100% \/ var(--e-image-carousel-slides-to-show, 3))}<\/style>\t\t<div class=\"elementor-image-carousel-wrapper swiper-container\" dir=\"ltr\">\n\t\t\t<div class=\"elementor-image-carousel swiper-wrapper swiper-image-stretch\">\n\t\t\t\t\t\t\t\t<div class=\"swiper-slide\"><a data-elementor-open-lightbox=\"yes\" data-elementor-lightbox-slideshow=\"7e8215d\" e-action-hash=\"#elementor-action%3Aaction%3Dlightbox%26settings%3DeyJpZCI6Mjk1MCwidXJsIjoiaHR0cHM6XC9cL3d3dy5kYmluZG9zLmluZm9cL3dwLWNvbnRlbnRcL3VwbG9hZHNcL01UU18xMC5qcGciLCJzbGlkZXNob3ciOiI3ZTgyMTVkIn0%3D\" href=\"https:\/\/www.dbindos.info\/wp-content\/uploads\/MTS_10.jpg\"><figure class=\"swiper-slide-inner\"><img decoding=\"async\" class=\"swiper-slide-image\" src=\"https:\/\/www.dbindos.info\/wp-content\/uploads\/MTS_10.jpg\" alt=\"MTS_10\" \/><\/figure><\/a><\/div><div class=\"swiper-slide\"><a data-elementor-open-lightbox=\"yes\" data-elementor-lightbox-slideshow=\"7e8215d\" e-action-hash=\"#elementor-action%3Aaction%3Dlightbox%26settings%3DeyJpZCI6Mjk0OSwidXJsIjoiaHR0cHM6XC9cL3d3dy5kYmluZG9zLmluZm9cL3dwLWNvbnRlbnRcL3VwbG9hZHNcL01UU183LmpwZyIsInNsaWRlc2hvdyI6IjdlODIxNWQifQ%3D%3D\" href=\"https:\/\/www.dbindos.info\/wp-content\/uploads\/MTS_7.jpg\"><figure class=\"swiper-slide-inner\"><img decoding=\"async\" class=\"swiper-slide-image\" src=\"https:\/\/www.dbindos.info\/wp-content\/uploads\/MTS_7.jpg\" alt=\"MTS_7\" \/><\/figure><\/a><\/div><div class=\"swiper-slide\"><a data-elementor-open-lightbox=\"yes\" data-elementor-lightbox-slideshow=\"7e8215d\" e-action-hash=\"#elementor-action%3Aaction%3Dlightbox%26settings%3DeyJpZCI6Mjk0OCwidXJsIjoiaHR0cHM6XC9cL3d3dy5kYmluZG9zLmluZm9cL3dwLWNvbnRlbnRcL3VwbG9hZHNcL01UU182LmpwZyIsInNsaWRlc2hvdyI6IjdlODIxNWQifQ%3D%3D\" href=\"https:\/\/www.dbindos.info\/wp-content\/uploads\/MTS_6.jpg\"><figure class=\"swiper-slide-inner\"><img decoding=\"async\" class=\"swiper-slide-image\" src=\"https:\/\/www.dbindos.info\/wp-content\/uploads\/MTS_6.jpg\" alt=\"MTS_6\" \/><\/figure><\/a><\/div><div class=\"swiper-slide\"><a data-elementor-open-lightbox=\"yes\" data-elementor-lightbox-slideshow=\"7e8215d\" e-action-hash=\"#elementor-action%3Aaction%3Dlightbox%26settings%3DeyJpZCI6Mjk0NywidXJsIjoiaHR0cHM6XC9cL3d3dy5kYmluZG9zLmluZm9cL3dwLWNvbnRlbnRcL3VwbG9hZHNcL01UU18yLmpwZyIsInNsaWRlc2hvdyI6IjdlODIxNWQifQ%3D%3D\" href=\"https:\/\/www.dbindos.info\/wp-content\/uploads\/MTS_2.jpg\"><figure class=\"swiper-slide-inner\"><img decoding=\"async\" class=\"swiper-slide-image\" src=\"https:\/\/www.dbindos.info\/wp-content\/uploads\/MTS_2.jpg\" alt=\"MTS_2\" \/><\/figure><\/a><\/div><div class=\"swiper-slide\"><a data-elementor-open-lightbox=\"yes\" data-elementor-lightbox-slideshow=\"7e8215d\" e-action-hash=\"#elementor-action%3Aaction%3Dlightbox%26settings%3DeyJpZCI6Mjk0NiwidXJsIjoiaHR0cHM6XC9cL3d3dy5kYmluZG9zLmluZm9cL3dwLWNvbnRlbnRcL3VwbG9hZHNcL01UU18xLmpwZyIsInNsaWRlc2hvdyI6IjdlODIxNWQifQ%3D%3D\" href=\"https:\/\/www.dbindos.info\/wp-content\/uploads\/MTS_1.jpg\"><figure class=\"swiper-slide-inner\"><img decoding=\"async\" class=\"swiper-slide-image\" src=\"https:\/\/www.dbindos.info\/wp-content\/uploads\/MTS_1.jpg\" alt=\"MTS_1\" \/><\/figure><\/a><\/div>\t\t\t<\/div>\n\t\t\t\t\t\t\t\t\t\t\t\t\t\t\t\t<div class=\"elementor-swiper-button elementor-swiper-button-prev\">\n\t\t\t\t\t\t<i aria-hidden=\"true\" class=\"eicon-chevron-left\"><\/i>\t\t\t\t\t\t<span class=\"elementor-screen-only\">Previous<\/span>\n\t\t\t\t\t<\/div>\n\t\t\t\t\t<div class=\"elementor-swiper-button elementor-swiper-button-next\">\n\t\t\t\t\t\t<i aria-hidden=\"true\" class=\"eicon-chevron-right\"><\/i>\t\t\t\t\t\t<span class=\"elementor-screen-only\">Next<\/span>\n\t\t\t\t\t<\/div>\n\t\t\t\t\t\t\t\t\t<\/div>\n\t\t\t\t<\/div>\n\t\t\t\t<\/div>\n\t\t\t\t<section class=\"elementor-section elementor-inner-section elementor-element elementor-element-310b37d elementor-section-boxed elementor-section-height-default elementor-section-height-default\" data-id=\"310b37d\" data-element_type=\"section\" data-settings=\"{&quot;background_background&quot;:&quot;classic&quot;}\">\n\t\t\t\t\t\t<div class=\"elementor-container elementor-column-gap-default\">\n\t\t\t\t\t<div class=\"elementor-column elementor-col-50 elementor-inner-column elementor-element elementor-element-034fa63\" data-id=\"034fa63\" data-element_type=\"column\" data-settings=\"{&quot;background_background&quot;:&quot;classic&quot;}\">\n\t\t\t<div class=\"elementor-widget-wrap elementor-element-populated\">\n\t\t\t\t\t\t\t\t<div class=\"elementor-element elementor-element-f251c16 elementor-widget-mobile__width-initial elementor-widget elementor-widget-text-editor\" data-id=\"f251c16\" data-element_type=\"widget\" data-widget_type=\"text-editor.default\">\n\t\t\t\t<div class=\"elementor-widget-container\">\n\t\t\t<style>\/*! elementor - v3.10.0 - 09-01-2023 *\/\n.elementor-widget-text-editor.elementor-drop-cap-view-stacked .elementor-drop-cap{background-color:#818a91;color:#fff}.elementor-widget-text-editor.elementor-drop-cap-view-framed .elementor-drop-cap{color:#818a91;border:3px solid;background-color:transparent}.elementor-widget-text-editor:not(.elementor-drop-cap-view-default) .elementor-drop-cap{margin-top:8px}.elementor-widget-text-editor:not(.elementor-drop-cap-view-default) .elementor-drop-cap-letter{width:1em;height:1em}.elementor-widget-text-editor .elementor-drop-cap{float:left;text-align:center;line-height:1;font-size:50px}.elementor-widget-text-editor .elementor-drop-cap-letter{display:inline-block}<\/style>\t\t\t\t<p><a href=\"https:\/\/www.pogon.hr\/program\/prezentacija-malih-sahtofonista-u-dvoristu-jedinstva\/\" target=\"_blank\" rel=\"noopener\"><strong>16.06.2018. Prezentacija u Pogonu Jedinstvo, Zagreb<\/strong><\/a><\/p><p>Radionicu \u0161ahtofonije za djecu &#8220;Male tajne \u0160ahtofona&#8221; provodi autorski tim <strong>Damir Bartol Indo\u0161 <\/strong>i<strong> Tanja Vrvilo<\/strong>.<\/p><p><a href=\"https:\/\/www.flickr.com\/photos\/pogon-zagreb\/albums\/72157667456430927\/\" target=\"_blank\" rel=\"noopener\"><strong>Foto album<\/strong><\/a>: Ratko Mavar<\/p><p><div class=\"ast-oembed-container\" style=\"height: 100%;\"><iframe loading=\"lazy\" title=\"Mali \u0161ahtofonski orkestar @ Pogon Jedinstvo 16.6.2018.\" width=\"500\" height=\"281\" src=\"https:\/\/www.youtube.com\/embed\/sp9exkFeCic?feature=oembed\" frameborder=\"0\" allow=\"accelerometer; autoplay; clipboard-write; encrypted-media; gyroscope; picture-in-picture; web-share\" allowfullscreen><\/iframe><\/div><\/p>\t\t\t\t\t\t<\/div>\n\t\t\t\t<\/div>\n\t\t\t\t<div class=\"elementor-element elementor-element-ffe353e elementor-widget-mobile__width-initial elementor-widget elementor-widget-text-editor\" data-id=\"ffe353e\" data-element_type=\"widget\" data-widget_type=\"text-editor.default\">\n\t\t\t\t<div class=\"elementor-widget-container\">\n\t\t\t\t\t\t\t<p><a href=\"https:\/\/www.dbindos.info\/wp-content\/uploads\/MTS_9.jpg\"><img decoding=\"async\" loading=\"lazy\" class=\"alignnone size-full wp-image-7743\" src=\"https:\/\/www.dbindos.info\/wp-content\/uploads\/MTS_9.jpg\" alt=\"\" width=\"682\" height=\"1024\" srcset=\"https:\/\/www.dbindos.info\/wp-content\/uploads\/MTS_9.jpg 682w, https:\/\/www.dbindos.info\/wp-content\/uploads\/MTS_9-200x300.jpg 200w, https:\/\/www.dbindos.info\/wp-content\/uploads\/MTS_9-8x12.jpg 8w\" sizes=\"(max-width: 682px) 100vw, 682px\" \/><\/a><\/p>\t\t\t\t\t\t<\/div>\n\t\t\t\t<\/div>\n\t\t\t\t\t<\/div>\n\t\t<\/div>\n\t\t\t\t<div class=\"elementor-column elementor-col-50 elementor-inner-column elementor-element elementor-element-7f9eff3\" data-id=\"7f9eff3\" data-element_type=\"column\">\n\t\t\t<div class=\"elementor-widget-wrap elementor-element-populated\">\n\t\t\t\t\t\t\t\t<div class=\"elementor-element elementor-element-cd0a164 elementor-widget__width-initial elementor-widget-mobile__width-inherit elementor-widget elementor-widget-text-editor\" data-id=\"cd0a164\" data-element_type=\"widget\" data-widget_type=\"text-editor.default\">\n\t\t\t\t<div class=\"elementor-widget-container\">\n\t\t\t\t\t\t\t<p><strong>Radionice se izvode na autenti\u010dnim instalacijama &#8211; \u0160ahtofonima, i uz instrukcije za njihovu primjenu kroz grafi\u010dku partituru\u00a0 izra\u0111enu za ovaj rad. Sva pripadaju\u0107a audio-video oprema je ona koja se ina\u010de koristi u umjetni\u010dkom radu DB Indo\u0161a, izvo\u0111enje i javna prezentacija na \u0161ahtofonima se dokumentira video snimkama\u00a0 nadzornih kamera koje se nalaze unutar \u0161ahtofona i time se proizvodi video partitura rada. <\/strong><\/p><p>Broj polaznika radionice je 8 radi se o djeci u dobi od 1 do 8 razreda osnovne \u0161kole, a radionicu provodi autorski tim &#8211; Damir Bartol Indo\u0161 i Tanja Vrvilo. Projekt Radionice \u0160ahtofonije sadr\u017ei rad na razli\u010ditim modelima \u0160ahtofona, dekodiranje grafi\u010dke koloristi\u010dke partiture\u00a0 koje uklju\u010duje instrukcije za instrumentalno, vokalno i gestualno izvo\u0111enje. U vremenu trajanja radionice pristupa se paralelnom istra\u017eivanju zvuka kroz\u00a0 zadanu grafi\u010dku partituru, glasovnim izvedbama\u00a0 tehnikama\u00a0 rezova i petlji, ritmiziranim kretanjima vezanim uz vibriranje oprugama, izvo\u0111enjem jednostavne algoritamske koreografije tijela \u0160ahtofonista i \u0160ahtofonistica.<\/p><p>Projekt Radionice \u0160ahtofonije sadr\u017ei proizvodnju grafi\u010dkih i video koloristi\u010dkih partitura \u2013 \u0160ahtofonija koje uklju\u010duju instrukcije za njihovu instrumentalno, vokalno i gestualno izvo\u0111enje na vi\u0161e razli\u010ditih modela \u0160ahtofona. Radi se o jednom multidisciplinarnom umjetni\u010dkom konceptu kroz koji djeca upoznaju suvremene umjetni\u010dke prakse na podru\u010dju zvuka i slikovnosti i kroz koje se istra\u017euje i isprepli\u0107e vi\u0161e umjetni\u010dkih izraza : muzi\u010dki, performerski, likovni i mogu\u0107e ga je primjenjivati kroz izdvojene radioni\u010dke koncepte i potom spajati u jedan op\u0107i koji sadr\u017ei sve pojedine elemente. Svrha je radikalno demokratizirati umjetni\u010dki koncept vlasni\u0161tva nad sredstvima za proizvodnju jednog autora i realizirati praksu zajedni\u010dkog rada, potla\u010da autorskog rada umjetni\u010dkoj zajednici i njegovo podvrgavanje umjetni\u010dkim promjenama i intervencijama na njegovom proizvedenom radu, socijalizirati umjetni\u010dku individualnost i potaknuti procese individualiziranja male dje\u010dje mikro zajednice okupljene oko poziva na radioni\u010dke prakse \u0160ahtofonije.<\/p><p>U vremenu trajanja radionice razvoja umjetni\u010dke ideje \u0161ahtofonije pristupa se paralelnom istra\u017eivanju zvuka njegovim vizualizacijama kroz nacrte-partiture i video snimke nadzornih kamera, glasovnim izvedbama kroz tehnike rezova i petlji, ritmiziranim kretanjima vezanim uz sviranje, pjevanje- nastajanje jednostavne algoritamske koreografije tijela \u0160ahtofoniste &#8211; \u201c\u0161ahtofonistove geste \u201c. Cijeli proces rada na razvoju umjetni\u010dke ideje u materijalnom smislu pojavljuje se kroz rad na \u0160ahtofonima, nacrtane papirnate grafi\u010dke partiture, a zahvaljuju\u0107i \u017eivim snimkama nadzornih kamera unutar \u0160ahtofona stvarala bi se jo\u0161 jedna video partitura svake od notiranih \u0160ahtofonija. Cijeli koncept je zami\u0161ljen kao platforma za razvoj upotrebe improviziranih zvu\u010dnih instrumenata i pokretnih slika, koje su vezane uz njihovo kori\u0161tenje. Program razvija umjetni\u010dke alatke iz Ekstremnog muzi\u010dkog kazali\u0161ta Damir Bartola Indo\u0161a i \u010dini ih operativnim mla\u0111im polaznicima radionica koji ovim putem stupaju u komunikaciju s iskusnim multimedijalnim umjetnikom eksperimentalno- umjetni\u010dkog izraza<\/p><p><strong>\u0160ahtofon<\/strong><\/p><p>\u0160ahtofon je opru\u017eni muzi\u010dki stroj \u010dija je tajna u kolektivnom asembla\u017eu vodoravno i okomito nategnutih opruga razli\u010ditih du\u017eina i debljina pri\u010dvr\u0161\u0107enih za unutra\u0161njost \u0161aht-konstrukcije za prijenos vibracija ruku i opruga. Interaktivnu audio-video skulpturu \u0160ahtofon za komorno ekstremno muziciranje za dvije, \u010detiri, \u0161est i osam ruku \u010dine sje\u0107anja na preparirani pianino, koji se u nepokretnom stanju animira dodirom ruku po oprugama, potezanjem, trzanjem i vibriranjem opruga ili kretanjem samog instrumenta koji proizvodi tihu \u0161ahtofoniju. Mehani\u010dka tijela ruku ulaze u prostor mehani\u010dkih tijela opruga, kri\u017eaju se i raste\u017eu opruge, podlaktice, nadlaktice, \u0161ake i prsti u najve\u0107oj blizini spirala u potrazi za prstohvatom fonije. Opruge prisiljavaju ruke na vibriranje, na zvu\u010dnost njihovih molekula, proizvodnju fonije rukama-oprugama. Na unutarnjim stranama \u0161aht-poklopaca nalaze se dijagrami &#8211; opru\u017ene partiture &#8211; rasporeda opruga te redoslijeda i ritma vibriranja u otvorenom, rukama dohvatljivom prostoru \u0161ahtova. Ideja \u0161aht-rupa postaje tijelo-zvuk, a \u0161ahtofonist postaje \u010dovjek-\u0161ahtofon.<\/p><p><strong>Koloristi\u010dke grafi\u010dke partiture za \u0160ahtofonije<\/strong><\/p><p>Radi se o papirnatim svitcima a4 formata koji presavijanjem otkrivaju tok jednostavnog obojanog algoritma. Osnovne boje \u2013 crvena, \u017euta, zelena, plava\u00a0 ispunjavaju geometrijske oblike velikih trokuta i njihovih obrnutih slika na linijama \u201enotnog\u201c crtovlja. Grafi\u010dki sadr\u017eaj igra se sa grafikom upozorenja opasnosti od nuklearne opasnosti, razlike koje uspostavlja su u intenzitetima njihove zvu\u010dnosti- veliki trokut za glasnu vibraciju opruge i glasni glas, mali trokut za tihu opru\u017enu vibraciju i tihi glas. \u0160ahtofonije se izvorno izvode u posebno konstruiranim instrumentima \u2013\u0160ahtofonima \u2013 zvu\u010dnim kutijima ispunjenih mre\u017eom od \u010detiri opruge, \u010detri boje za svaku od pojedinih opruga i \u010detri opruge za svaku od pojedinih boja. Partiture su vokalno instrumentalne, rezovi rije\u010di za zvu\u010dne rezove i zvu\u010dni rezovi za rezove rije\u010di, brojevi dodira opruga brojevi su rezova u rije\u010di koju se opru\u017eno ozvu\u010duje. Rije\u010di dolaze u najve\u0107u mogu\u0107u blizinu opruga, postaju Rije\u010d Opruga, opruge dolaze u najve\u0107u blizinu boja, postaju Opruga Boja.\u00a0 Izme\u0111u slika obojanih ikona pojavljuju se brojevi koji odre\u0111uju trajanja\u00a0 ti\u0161ine-pauze izme\u0111u vibracija glasa i \u010deli\u010dnih spirala. Svako trajanje \u0160ahtofonije je mogu\u0107e izra\u010dunati jednostavnom matemati\u010dkom operacijom zbrajanja ucrtanih brojeva unutar grafi\u010dkog zapisa \u2013sveukupno proizvedenih vibracija i njihovih me\u0111u-ti\u0161ina.<\/p>\t\t\t\t\t\t<\/div>\n\t\t\t\t<\/div>\n\t\t\t\t\t<\/div>\n\t\t<\/div>\n\t\t\t\t\t\t\t<\/div>\n\t\t<\/section>\n\t\t\t\t\t<\/div>\n\t\t<\/div>\n\t\t\t\t\t\t\t<\/div>\n\t\t<\/section>\n\t\t\t\t\t\t\t<\/div>","protected":false},"excerpt":{"rendered":"<p>Radionica \u0161ahtofonije za djecu: Male tajne \u0160ahtofona Previous Next 16.06.2018. Prezentacija u Pogonu Jedinstvo, Zagreb Radionicu \u0161ahtofonije za djecu &#8220;Male tajne \u0160ahtofona&#8221; provodi autorski tim Damir Bartol Indo\u0161 i Tanja Vrvilo. Foto album: Ratko Mavar Radionice se izvode na autenti\u010dnim instalacijama &#8211; \u0160ahtofonima, i uz instrukcije za njihovu primjenu kroz grafi\u010dku partituru\u00a0 izra\u0111enu za ovaj &hellip;<\/p>\n<p class=\"read-more\"> <a class=\"\" href=\"https:\/\/www.dbindos.info\/en\/projekti\/radionica-sahtofonije-za-djecu-male-tajne-sahtofona\/\"> <span class=\"screen-reader-text\">Radionica \u0161ahtofonije za djecu: Male tajne \u0160ahtofona<\/span> Read More &raquo;<\/a><\/p>","protected":false},"author":1,"featured_media":0,"parent":5413,"menu_order":0,"comment_status":"closed","ping_status":"closed","template":"","meta":{"site-sidebar-layout":"no-sidebar","site-content-layout":"page-builder","ast-global-header-display":"","ast-main-header-display":"","ast-hfb-above-header-display":"","ast-hfb-below-header-display":"","ast-hfb-mobile-header-display":"","site-post-title":"disabled","ast-breadcrumbs-content":"","ast-featured-img":"disabled","footer-sml-layout":"","theme-transparent-header-meta":"","adv-header-id-meta":"","stick-header-meta":"","header-above-stick-meta":"","header-main-stick-meta":"","header-below-stick-meta":""},"_links":{"self":[{"href":"https:\/\/www.dbindos.info\/en\/wp-json\/wp\/v2\/pages\/2944"}],"collection":[{"href":"https:\/\/www.dbindos.info\/en\/wp-json\/wp\/v2\/pages"}],"about":[{"href":"https:\/\/www.dbindos.info\/en\/wp-json\/wp\/v2\/types\/page"}],"author":[{"embeddable":true,"href":"https:\/\/www.dbindos.info\/en\/wp-json\/wp\/v2\/users\/1"}],"replies":[{"embeddable":true,"href":"https:\/\/www.dbindos.info\/en\/wp-json\/wp\/v2\/comments?post=2944"}],"version-history":[{"count":61,"href":"https:\/\/www.dbindos.info\/en\/wp-json\/wp\/v2\/pages\/2944\/revisions"}],"predecessor-version":[{"id":11554,"href":"https:\/\/www.dbindos.info\/en\/wp-json\/wp\/v2\/pages\/2944\/revisions\/11554"}],"up":[{"embeddable":true,"href":"https:\/\/www.dbindos.info\/en\/wp-json\/wp\/v2\/pages\/5413"}],"wp:attachment":[{"href":"https:\/\/www.dbindos.info\/en\/wp-json\/wp\/v2\/media?parent=2944"}],"curies":[{"name":"wp","href":"https:\/\/api.w.org\/{rel}","templated":true}]}}