{"id":2969,"date":"2022-01-29T09:09:16","date_gmt":"2022-01-29T09:09:16","guid":{"rendered":"https:\/\/www.dbindos.info\/?page_id=2969"},"modified":"2024-01-13T17:33:46","modified_gmt":"2024-01-13T17:33:46","slug":"jedan-ili-vise-sahtofona","status":"publish","type":"page","link":"https:\/\/www.dbindos.info\/en\/projekti\/jedan-ili-vise-sahtofona\/","title":{"rendered":"Jedan ili vi\u0161e \u0161ahtofona"},"content":{"rendered":"<div data-elementor-type=\"wp-page\" data-elementor-id=\"2969\" class=\"elementor elementor-2969\">\n\t\t\t\t\t\t\t\t\t<section class=\"elementor-section elementor-top-section elementor-element elementor-element-06098c3 elementor-section-boxed elementor-section-height-default elementor-section-height-default\" data-id=\"06098c3\" data-element_type=\"section\" data-settings=\"{&quot;background_background&quot;:&quot;classic&quot;}\">\n\t\t\t\t\t\t<div class=\"elementor-container elementor-column-gap-default\">\n\t\t\t\t\t<div class=\"elementor-column elementor-col-100 elementor-top-column elementor-element elementor-element-f7fc9af\" data-id=\"f7fc9af\" data-element_type=\"column\">\n\t\t\t<div class=\"elementor-widget-wrap elementor-element-populated\">\n\t\t\t\t\t\t\t\t<div class=\"elementor-element elementor-element-478b75a elementor-widget-mobile__width-inherit elementor-widget elementor-widget-heading\" data-id=\"478b75a\" data-element_type=\"widget\" data-widget_type=\"heading.default\">\n\t\t\t\t<div class=\"elementor-widget-container\">\n\t\t\t<style>\/*! elementor - v3.10.0 - 09-01-2023 *\/\n.elementor-heading-title{padding:0;margin:0;line-height:1}.elementor-widget-heading .elementor-heading-title[class*=elementor-size-]>a{color:inherit;font-size:inherit;line-height:inherit}.elementor-widget-heading .elementor-heading-title.elementor-size-small{font-size:15px}.elementor-widget-heading .elementor-heading-title.elementor-size-medium{font-size:19px}.elementor-widget-heading .elementor-heading-title.elementor-size-large{font-size:29px}.elementor-widget-heading .elementor-heading-title.elementor-size-xl{font-size:39px}.elementor-widget-heading .elementor-heading-title.elementor-size-xxl{font-size:59px}<\/style><h1 class=\"elementor-heading-title elementor-size-default\">JEDAN ILI VI\u0160E \u0160AHTOFONA<\/h1>\t\t<\/div>\n\t\t\t\t<\/div>\n\t\t\t\t<div class=\"elementor-element elementor-element-7e8215d elementor-arrows-position-inside elementor-widget elementor-widget-image-carousel\" data-id=\"7e8215d\" data-element_type=\"widget\" data-settings=\"{&quot;slides_to_show&quot;:&quot;5&quot;,&quot;autoplay&quot;:&quot;no&quot;,&quot;slides_to_show_tablet&quot;:&quot;3&quot;,&quot;slides_to_show_mobile&quot;:&quot;1&quot;,&quot;infinite&quot;:&quot;no&quot;,&quot;navigation&quot;:&quot;arrows&quot;,&quot;image_spacing_custom&quot;:{&quot;unit&quot;:&quot;px&quot;,&quot;size&quot;:7,&quot;sizes&quot;:[]},&quot;speed&quot;:500}\" data-widget_type=\"image-carousel.default\">\n\t\t\t\t<div class=\"elementor-widget-container\">\n\t\t\t<style>\/*! elementor - v3.10.0 - 09-01-2023 *\/\n.elementor-widget-image-carousel .swiper-container{position:static}.elementor-widget-image-carousel .swiper-container .swiper-slide figure{line-height:inherit}.elementor-widget-image-carousel .swiper-slide{text-align:center}.elementor-image-carousel-wrapper:not(.swiper-container-initialized) .swiper-slide{max-width:calc(100% \/ var(--e-image-carousel-slides-to-show, 3))}<\/style>\t\t<div class=\"elementor-image-carousel-wrapper swiper-container\" dir=\"ltr\">\n\t\t\t<div class=\"elementor-image-carousel swiper-wrapper swiper-image-stretch\">\n\t\t\t\t\t\t\t\t<div class=\"swiper-slide\"><a data-elementor-open-lightbox=\"yes\" data-elementor-lightbox-slideshow=\"7e8215d\" e-action-hash=\"#elementor-action%3Aaction%3Dlightbox%26settings%3DeyJpZCI6Mjk3OCwidXJsIjoiaHR0cHM6XC9cL3d3dy5kYmluZG9zLmluZm9cL3dwLWNvbnRlbnRcL3VwbG9hZHNcL29uZV9vcl9tb3JlX3NjaGFjaHRvcGhvbmVzXzIyLmpwZyIsInNsaWRlc2hvdyI6IjdlODIxNWQifQ%3D%3D\" href=\"https:\/\/www.dbindos.info\/wp-content\/uploads\/one_or_more_schachtophones_22.jpg\"><figure class=\"swiper-slide-inner\"><img decoding=\"async\" class=\"swiper-slide-image\" src=\"https:\/\/www.dbindos.info\/wp-content\/uploads\/one_or_more_schachtophones_22.jpg\" alt=\"one_or_more_schachtophones_22\" \/><\/figure><\/a><\/div><div class=\"swiper-slide\"><a data-elementor-open-lightbox=\"yes\" data-elementor-lightbox-slideshow=\"7e8215d\" e-action-hash=\"#elementor-action%3Aaction%3Dlightbox%26settings%3DeyJpZCI6Mjk3NywidXJsIjoiaHR0cHM6XC9cL3d3dy5kYmluZG9zLmluZm9cL3dwLWNvbnRlbnRcL3VwbG9hZHNcL29uZV9vcl9tb3JlX3NjaGFjaHRvcGhvbmVzXzE3LmpwZyIsInNsaWRlc2hvdyI6IjdlODIxNWQifQ%3D%3D\" href=\"https:\/\/www.dbindos.info\/wp-content\/uploads\/one_or_more_schachtophones_17.jpg\"><figure class=\"swiper-slide-inner\"><img decoding=\"async\" class=\"swiper-slide-image\" src=\"https:\/\/www.dbindos.info\/wp-content\/uploads\/one_or_more_schachtophones_17.jpg\" alt=\"one_or_more_schachtophones_17\" \/><\/figure><\/a><\/div><div class=\"swiper-slide\"><a data-elementor-open-lightbox=\"yes\" data-elementor-lightbox-slideshow=\"7e8215d\" e-action-hash=\"#elementor-action%3Aaction%3Dlightbox%26settings%3DeyJpZCI6Mjk3NiwidXJsIjoiaHR0cHM6XC9cL3d3dy5kYmluZG9zLmluZm9cL3dwLWNvbnRlbnRcL3VwbG9hZHNcL29uZV9vcl9tb3JlX3NjaGFjaHRvcGhvbmVzXzEzLmpwZyIsInNsaWRlc2hvdyI6IjdlODIxNWQifQ%3D%3D\" href=\"https:\/\/www.dbindos.info\/wp-content\/uploads\/one_or_more_schachtophones_13.jpg\"><figure class=\"swiper-slide-inner\"><img decoding=\"async\" class=\"swiper-slide-image\" src=\"https:\/\/www.dbindos.info\/wp-content\/uploads\/one_or_more_schachtophones_13.jpg\" alt=\"one_or_more_schachtophones_13\" \/><\/figure><\/a><\/div><div class=\"swiper-slide\"><a data-elementor-open-lightbox=\"yes\" data-elementor-lightbox-slideshow=\"7e8215d\" e-action-hash=\"#elementor-action%3Aaction%3Dlightbox%26settings%3DeyJpZCI6Mjk3NSwidXJsIjoiaHR0cHM6XC9cL3d3dy5kYmluZG9zLmluZm9cL3dwLWNvbnRlbnRcL3VwbG9hZHNcL29uZV9vcl9tb3JlX3NjaGFjaHRvcGhvbmVzXzEwLmpwZyIsInNsaWRlc2hvdyI6IjdlODIxNWQifQ%3D%3D\" href=\"https:\/\/www.dbindos.info\/wp-content\/uploads\/one_or_more_schachtophones_10.jpg\"><figure class=\"swiper-slide-inner\"><img decoding=\"async\" class=\"swiper-slide-image\" src=\"https:\/\/www.dbindos.info\/wp-content\/uploads\/one_or_more_schachtophones_10.jpg\" alt=\"one_or_more_schachtophones_10\" \/><\/figure><\/a><\/div><div class=\"swiper-slide\"><a data-elementor-open-lightbox=\"yes\" data-elementor-lightbox-slideshow=\"7e8215d\" e-action-hash=\"#elementor-action%3Aaction%3Dlightbox%26settings%3DeyJpZCI6Mjk3NCwidXJsIjoiaHR0cHM6XC9cL3d3dy5kYmluZG9zLmluZm9cL3dwLWNvbnRlbnRcL3VwbG9hZHNcL29uZV9vcl9tb3JlX3NjaGFjaHRvcGhvbmVzXzcuanBnIiwic2xpZGVzaG93IjoiN2U4MjE1ZCJ9\" href=\"https:\/\/www.dbindos.info\/wp-content\/uploads\/one_or_more_schachtophones_7.jpg\"><figure class=\"swiper-slide-inner\"><img decoding=\"async\" class=\"swiper-slide-image\" src=\"https:\/\/www.dbindos.info\/wp-content\/uploads\/one_or_more_schachtophones_7.jpg\" alt=\"one_or_more_schachtophones_7\" \/><\/figure><\/a><\/div>\t\t\t<\/div>\n\t\t\t\t\t\t\t\t\t\t\t\t\t\t\t\t<div class=\"elementor-swiper-button elementor-swiper-button-prev\">\n\t\t\t\t\t\t<i aria-hidden=\"true\" class=\"eicon-chevron-left\"><\/i>\t\t\t\t\t\t<span class=\"elementor-screen-only\">Previous<\/span>\n\t\t\t\t\t<\/div>\n\t\t\t\t\t<div class=\"elementor-swiper-button elementor-swiper-button-next\">\n\t\t\t\t\t\t<i aria-hidden=\"true\" class=\"eicon-chevron-right\"><\/i>\t\t\t\t\t\t<span class=\"elementor-screen-only\">Next<\/span>\n\t\t\t\t\t<\/div>\n\t\t\t\t\t\t\t\t\t<\/div>\n\t\t\t\t<\/div>\n\t\t\t\t<\/div>\n\t\t\t\t<section class=\"elementor-section elementor-inner-section elementor-element elementor-element-310b37d elementor-section-boxed elementor-section-height-default elementor-section-height-default\" data-id=\"310b37d\" data-element_type=\"section\" data-settings=\"{&quot;background_background&quot;:&quot;classic&quot;}\">\n\t\t\t\t\t\t<div class=\"elementor-container elementor-column-gap-default\">\n\t\t\t\t\t<div class=\"elementor-column elementor-col-50 elementor-inner-column elementor-element elementor-element-034fa63\" data-id=\"034fa63\" data-element_type=\"column\" data-settings=\"{&quot;background_background&quot;:&quot;classic&quot;}\">\n\t\t\t<div class=\"elementor-widget-wrap elementor-element-populated\">\n\t\t\t\t\t\t\t\t<div class=\"elementor-element elementor-element-f251c16 elementor-widget-mobile__width-initial elementor-widget elementor-widget-text-editor\" data-id=\"f251c16\" data-element_type=\"widget\" data-widget_type=\"text-editor.default\">\n\t\t\t\t<div class=\"elementor-widget-container\">\n\t\t\t<style>\/*! elementor - v3.10.0 - 09-01-2023 *\/\n.elementor-widget-text-editor.elementor-drop-cap-view-stacked .elementor-drop-cap{background-color:#818a91;color:#fff}.elementor-widget-text-editor.elementor-drop-cap-view-framed .elementor-drop-cap{color:#818a91;border:3px solid;background-color:transparent}.elementor-widget-text-editor:not(.elementor-drop-cap-view-default) .elementor-drop-cap{margin-top:8px}.elementor-widget-text-editor:not(.elementor-drop-cap-view-default) .elementor-drop-cap-letter{width:1em;height:1em}.elementor-widget-text-editor .elementor-drop-cap{float:left;text-align:center;line-height:1;font-size:50px}.elementor-widget-text-editor .elementor-drop-cap-letter{display:inline-block}<\/style>\t\t\t\t<p><strong>Izlo\u017eba Jedan ili vi\u0161e \u0160ahtofona<\/strong><br \/><strong>Pogon Jedinstvo Zagreb &#8211; Galerija Mo\u010dvara<\/strong><\/p><p>Interaktivna zvu\u010dna instalacija &amp; performans<br \/><strong>Otvorenje 15.10.2016. uz <a href=\"https:\/\/www.dbindos.info\/en\/projekti\/schachtophonia-e-p-z\/\" target=\"_blank\" rel=\"noopener\">performans E.P.Z.<\/a><\/strong><br \/><strong>Instalacija od 16. do 17.10.2016. @ Pogon Jedinstvo, Zagreb<\/strong><\/p><p><a href=\"http:\/\/www.kulturpunkt.hr\/content\/jedan-ili-vise-sahtofona\" target=\"_blank\" rel=\"noopener\">kulturpunkt<\/a><br \/><a href=\"http:\/\/www.kontejner.org\/projekt\/galerija-mocvara\/izlozbe\/damir-bartol-indos-hr-jedan-ili-vise-sahtofona\" target=\"_blank\" rel=\"noopener\">Kontejner<\/a><\/p>\t\t\t\t\t\t<\/div>\n\t\t\t\t<\/div>\n\t\t\t\t<div class=\"elementor-element elementor-element-6d94f02 elementor-aspect-ratio-169 elementor-widget elementor-widget-video\" data-id=\"6d94f02\" data-element_type=\"widget\" data-settings=\"{&quot;video_type&quot;:&quot;vimeo&quot;,&quot;aspect_ratio&quot;:&quot;169&quot;}\" data-widget_type=\"video.default\">\n\t\t\t\t<div class=\"elementor-widget-container\">\n\t\t\t<style>\/*! elementor - v3.10.0 - 09-01-2023 *\/\n.elementor-widget-video .elementor-widget-container{overflow:hidden;transform:translateZ(0)}.elementor-widget-video .elementor-open-inline .elementor-custom-embed-image-overlay{position:absolute;top:0;left:0;width:100%;height:100%;background-size:cover;background-position:50%}.elementor-widget-video .elementor-custom-embed-image-overlay{cursor:pointer;text-align:center}.elementor-widget-video .elementor-custom-embed-image-overlay:hover .elementor-custom-embed-play i{opacity:1}.elementor-widget-video .elementor-custom-embed-image-overlay img{display:block;width:100%}.elementor-widget-video .e-hosted-video .elementor-video{-o-object-fit:cover;object-fit:cover}.e-con-inner>.elementor-widget-video,.e-con>.elementor-widget-video{width:var(--container-widget-width);--flex-grow:var(--container-widget-flex-grow)}<\/style>\t\t<div class=\"elementor-wrapper elementor-fit-aspect-ratio elementor-open-inline\">\n\t\t\t<iframe class=\"elementor-video-iframe\" allowfullscreen title=\"vimeo Video Player\" src=\"https:\/\/player.vimeo.com\/video\/188052486?color&amp;autopause=0&amp;loop=0&amp;muted=0&amp;title=1&amp;portrait=1&amp;byline=1#t=\"><\/iframe>\t\t<\/div>\n\t\t\t\t<\/div>\n\t\t\t\t<\/div>\n\t\t\t\t\t<\/div>\n\t\t<\/div>\n\t\t\t\t<div class=\"elementor-column elementor-col-50 elementor-inner-column elementor-element elementor-element-7f9eff3\" data-id=\"7f9eff3\" data-element_type=\"column\">\n\t\t\t<div class=\"elementor-widget-wrap elementor-element-populated\">\n\t\t\t\t\t\t\t\t<div class=\"elementor-element elementor-element-cd0a164 elementor-widget__width-initial elementor-widget-mobile__width-inherit elementor-widget elementor-widget-text-editor\" data-id=\"cd0a164\" data-element_type=\"widget\" data-widget_type=\"text-editor.default\">\n\t\t\t\t<div class=\"elementor-widget-container\">\n\t\t\t\t\t\t\t<p>Instalacija je osnova za dva Indo\u0161eva umjetni\u010dka rada: performans E.P.Z i reflektofonsku instalaciju\/performans 9,81 m akceleracionizma. Performans E.P.Z. oslanja se na poeziju Williama S. Burroughsa i jednu afri\u010dku dje\u010dju horor pri\u010du. Rad istra\u017euje rije\u010d &#8220;virus&#8221; u zna\u010denju i zvu\u010dnosti, polaze\u0107i od pri\u010de o nultom pacijentu (Ebola Patient Zero) zapadnoafri\u010dke epidemije ebole \u2013 dje\u010daku za kojeg se vjeruje da je izazvao epidemiju zaraziv\u0161i se virusom putem sviranja instrumenta napravljenog od drveta u kojemu \u017eive \u0161i\u0161mi\u0161i. Drugi Indo\u0161ev rad,9,81 m akceleracionizma, polazi od umjetni\u010dkog spajanja tekstova #Ubrzati: Manifest za akceleracionisti\u010dku politiku Nicka Srniceka i Alexa Williamsa, #Kritika Manifesta za akceleracionisti\u010dku politiku McKenzie Warka i O Ubrzanju Vlade Kristla. &#8220;Spirale zmije znatno su slo\u017eenije od rovova krti\u010dnjaka&#8221; je teza koju rad prakticira: \u0160ahtofonist Krtica u unutra\u0161njosti konstrukcije i \u0160ahtofonistica Zmija u vanjskom prostoru izvode tekstualne fragmente snimljene i izgovorene u reflektofonima, u 3 x 4 vokalno-instrumentalne cjeline koje traju 9,81 minuta. Mehani\u010dka tijela ruku ulaze u prostor mehani\u010dkih tijela opruga, kri\u017eaju se i raste\u017eu opruge, podlaktice, nadlaktice, \u0161ake i prsti u najve\u0107oj blizini spirala u potrazi za prstohvatom fonije. Opruge prisiljavaju ruke na vibriranje, na zvu\u010dnost njihovih molekula, proizvodnju fonije rukama-oprugama.<\/p><p><a href=\"https:\/\/www.dbindos.info\/wp-content\/uploads\/opruge.jpg\"><img decoding=\"async\" loading=\"lazy\" class=\"alignnone size-full wp-image-9586\" src=\"https:\/\/www.dbindos.info\/wp-content\/uploads\/opruge.jpg\" alt=\"\" width=\"624\" height=\"289\" srcset=\"https:\/\/www.dbindos.info\/wp-content\/uploads\/opruge.jpg 624w, https:\/\/www.dbindos.info\/wp-content\/uploads\/opruge-300x139.jpg 300w, https:\/\/www.dbindos.info\/wp-content\/uploads\/opruge-18x8.jpg 18w\" sizes=\"(max-width: 624px) 100vw, 624px\" \/><\/a><\/p><p>Izvode <strong>Damir Bartol Indo\u0161<\/strong> i <strong>Tanja Vrvilo<\/strong>.<br \/>Autor fotografija: <strong>Jasenko Rasol<\/strong><\/p><p>Program se realizira u suradnji s platformom Operacija grad: Upgrade u sklopu konferencije &#8220;Otvoreni grad \u2013 prema Interkulturnom dru\u0161tvenom centru&#8221;.<\/p><p><b>Organizatori: Udru\u017eenje za razvoj kulture &#8220;URK&#8221; + Klub Mo\u010dvara i KONTEJNER | biro suvremene umjetni\u010dke prakse, Operacija grad: Upgrade<br \/>Medijski partneri: H-alter, Kulturpunkt, Radio Student<br \/>Projekt podr\u017eavaju: Ministarstvo kulture Republike Hrvatske, Grad Zagreb, Zaklada &#8220;Kultura nova&#8221;.<\/b><\/p>\t\t\t\t\t\t<\/div>\n\t\t\t\t<\/div>\n\t\t\t\t\t<\/div>\n\t\t<\/div>\n\t\t\t\t\t\t\t<\/div>\n\t\t<\/section>\n\t\t\t\t\t<\/div>\n\t\t<\/div>\n\t\t\t\t\t\t\t<\/div>\n\t\t<\/section>\n\t\t\t\t\t\t\t<\/div>","protected":false},"excerpt":{"rendered":"<p>JEDAN ILI VI\u0160E \u0160AHTOFONA Previous Next Izlo\u017eba Jedan ili vi\u0161e \u0160ahtofonaPogon Jedinstvo Zagreb &#8211; Galerija Mo\u010dvara Interaktivna zvu\u010dna instalacija &amp; performansOtvorenje 15.10.2016. uz performans E.P.Z.Instalacija od 16. do 17.10.2016. @ Pogon Jedinstvo, Zagreb kulturpunktKontejner https:\/\/vimeo.com\/188052486 Instalacija je osnova za dva Indo\u0161eva umjetni\u010dka rada: performans E.P.Z i reflektofonsku instalaciju\/performans 9,81 m akceleracionizma. Performans E.P.Z. oslanja se &hellip;<\/p>\n<p class=\"read-more\"> <a class=\"\" href=\"https:\/\/www.dbindos.info\/en\/projekti\/jedan-ili-vise-sahtofona\/\"> <span class=\"screen-reader-text\">Jedan ili vi\u0161e \u0161ahtofona<\/span> Read More &raquo;<\/a><\/p>","protected":false},"author":1,"featured_media":0,"parent":5413,"menu_order":0,"comment_status":"closed","ping_status":"closed","template":"","meta":{"site-sidebar-layout":"no-sidebar","site-content-layout":"page-builder","ast-global-header-display":"","ast-main-header-display":"","ast-hfb-above-header-display":"","ast-hfb-below-header-display":"","ast-hfb-mobile-header-display":"","site-post-title":"disabled","ast-breadcrumbs-content":"","ast-featured-img":"disabled","footer-sml-layout":"","theme-transparent-header-meta":"","adv-header-id-meta":"","stick-header-meta":"","header-above-stick-meta":"","header-main-stick-meta":"","header-below-stick-meta":""},"_links":{"self":[{"href":"https:\/\/www.dbindos.info\/en\/wp-json\/wp\/v2\/pages\/2969"}],"collection":[{"href":"https:\/\/www.dbindos.info\/en\/wp-json\/wp\/v2\/pages"}],"about":[{"href":"https:\/\/www.dbindos.info\/en\/wp-json\/wp\/v2\/types\/page"}],"author":[{"embeddable":true,"href":"https:\/\/www.dbindos.info\/en\/wp-json\/wp\/v2\/users\/1"}],"replies":[{"embeddable":true,"href":"https:\/\/www.dbindos.info\/en\/wp-json\/wp\/v2\/comments?post=2969"}],"version-history":[{"count":58,"href":"https:\/\/www.dbindos.info\/en\/wp-json\/wp\/v2\/pages\/2969\/revisions"}],"predecessor-version":[{"id":11575,"href":"https:\/\/www.dbindos.info\/en\/wp-json\/wp\/v2\/pages\/2969\/revisions\/11575"}],"up":[{"embeddable":true,"href":"https:\/\/www.dbindos.info\/en\/wp-json\/wp\/v2\/pages\/5413"}],"wp:attachment":[{"href":"https:\/\/www.dbindos.info\/en\/wp-json\/wp\/v2\/media?parent=2969"}],"curies":[{"name":"wp","href":"https:\/\/api.w.org\/{rel}","templated":true}]}}