{"id":4102,"date":"2022-02-05T14:02:25","date_gmt":"2022-02-05T14:02:25","guid":{"rendered":"https:\/\/www.dbindos.info\/?page_id=4102"},"modified":"2024-01-10T10:19:08","modified_gmt":"2024-01-10T10:19:08","slug":"db-indos-cv","status":"publish","type":"page","link":"https:\/\/www.dbindos.info\/en\/info\/db-indos-cv\/","title":{"rendered":"DB Indo\u0161 CV"},"content":{"rendered":"<div data-elementor-type=\"wp-page\" data-elementor-id=\"4102\" class=\"elementor elementor-4102\">\n\t\t\t\t\t\t\t\t\t<section class=\"elementor-section elementor-top-section elementor-element elementor-element-06098c3 elementor-section-boxed elementor-section-height-default elementor-section-height-default\" data-id=\"06098c3\" data-element_type=\"section\" data-settings=\"{&quot;background_background&quot;:&quot;classic&quot;}\">\n\t\t\t\t\t\t<div class=\"elementor-container elementor-column-gap-default\">\n\t\t\t\t\t<div class=\"elementor-column elementor-col-100 elementor-top-column elementor-element elementor-element-f7fc9af\" data-id=\"f7fc9af\" data-element_type=\"column\" data-settings=\"{&quot;background_background&quot;:&quot;classic&quot;}\">\n\t\t\t<div class=\"elementor-widget-wrap elementor-element-populated\">\n\t\t\t\t\t\t\t\t<div class=\"elementor-element elementor-element-478b75a elementor-widget-mobile__width-inherit elementor-widget elementor-widget-heading\" data-id=\"478b75a\" data-element_type=\"widget\" data-widget_type=\"heading.default\">\n\t\t\t\t<div class=\"elementor-widget-container\">\n\t\t\t<style>\/*! elementor - v3.10.0 - 09-01-2023 *\/\n.elementor-heading-title{padding:0;margin:0;line-height:1}.elementor-widget-heading .elementor-heading-title[class*=elementor-size-]>a{color:inherit;font-size:inherit;line-height:inherit}.elementor-widget-heading .elementor-heading-title.elementor-size-small{font-size:15px}.elementor-widget-heading .elementor-heading-title.elementor-size-medium{font-size:19px}.elementor-widget-heading .elementor-heading-title.elementor-size-large{font-size:29px}.elementor-widget-heading .elementor-heading-title.elementor-size-xl{font-size:39px}.elementor-widget-heading .elementor-heading-title.elementor-size-xxl{font-size:59px}<\/style><h1 class=\"elementor-heading-title elementor-size-default\">DB Indo\u0161 CV<\/h1>\t\t<\/div>\n\t\t\t\t<\/div>\n\t\t\t\t<section class=\"elementor-section elementor-inner-section elementor-element elementor-element-310b37d elementor-section-height-min-height elementor-section-boxed elementor-section-height-default\" data-id=\"310b37d\" data-element_type=\"section\" data-settings=\"{&quot;background_background&quot;:&quot;classic&quot;}\">\n\t\t\t\t\t\t<div class=\"elementor-container elementor-column-gap-default\">\n\t\t\t\t\t<div class=\"elementor-column elementor-col-50 elementor-inner-column elementor-element elementor-element-034fa63\" data-id=\"034fa63\" data-element_type=\"column\" data-settings=\"{&quot;background_background&quot;:&quot;classic&quot;}\">\n\t\t\t<div class=\"elementor-widget-wrap elementor-element-populated\">\n\t\t\t\t\t\t\t\t<div class=\"elementor-element elementor-element-f4ebe77 elementor-widget-mobile__width-initial elementor-widget__width-initial elementor-widget-tablet__width-inherit elementor-widget elementor-widget-image\" data-id=\"f4ebe77\" data-element_type=\"widget\" data-widget_type=\"image.default\">\n\t\t\t\t<div class=\"elementor-widget-container\">\n\t\t\t<style>\/*! elementor - v3.10.0 - 09-01-2023 *\/\n.elementor-widget-image{text-align:center}.elementor-widget-image a{display:inline-block}.elementor-widget-image a img[src$=\".svg\"]{width:48px}.elementor-widget-image img{vertical-align:middle;display:inline-block}<\/style>\t\t\t\t\t\t\t\t\t\t\t\t\t<a href=\"https:\/\/www.dbindos.info\/wp-content\/uploads\/image00010-1.jpg\" data-elementor-open-lightbox=\"yes\" e-action-hash=\"#elementor-action%3Aaction%3Dlightbox%26settings%3DeyJpZCI6MjMzMiwidXJsIjoiaHR0cHM6XC9cL3d3dy5kYmluZG9zLmluZm9cL3dwLWNvbnRlbnRcL3VwbG9hZHNcL2ltYWdlMDAwMTAtMS5qcGcifQ%3D%3D\">\n\t\t\t\t\t\t\t<img decoding=\"async\" width=\"938\" height=\"625\" src=\"https:\/\/www.dbindos.info\/wp-content\/uploads\/image00010-1.jpg\" class=\"attachment-full size-full wp-image-2332\" alt=\"\" loading=\"lazy\" srcset=\"https:\/\/www.dbindos.info\/wp-content\/uploads\/image00010-1.jpg 938w, https:\/\/www.dbindos.info\/wp-content\/uploads\/image00010-1-300x200.jpg 300w, https:\/\/www.dbindos.info\/wp-content\/uploads\/image00010-1-768x512.jpg 768w, https:\/\/www.dbindos.info\/wp-content\/uploads\/image00010-1-18x12.jpg 18w\" sizes=\"(max-width: 938px) 100vw, 938px\" \/>\t\t\t\t\t\t\t\t<\/a>\n\t\t\t\t\t\t\t\t\t\t\t\t\t\t\t<\/div>\n\t\t\t\t<\/div>\n\t\t\t\t\t<\/div>\n\t\t<\/div>\n\t\t\t\t<div class=\"elementor-column elementor-col-50 elementor-inner-column elementor-element elementor-element-7f9eff3\" data-id=\"7f9eff3\" data-element_type=\"column\">\n\t\t\t<div class=\"elementor-widget-wrap elementor-element-populated\">\n\t\t\t\t\t\t\t\t<div class=\"elementor-element elementor-element-cd0a164 elementor-widget__width-initial elementor-widget-mobile__width-inherit elementor-widget elementor-widget-text-editor\" data-id=\"cd0a164\" data-element_type=\"widget\" data-widget_type=\"text-editor.default\">\n\t\t\t\t<div class=\"elementor-widget-container\">\n\t\t\t<style>\/*! elementor - v3.10.0 - 09-01-2023 *\/\n.elementor-widget-text-editor.elementor-drop-cap-view-stacked .elementor-drop-cap{background-color:#818a91;color:#fff}.elementor-widget-text-editor.elementor-drop-cap-view-framed .elementor-drop-cap{color:#818a91;border:3px solid;background-color:transparent}.elementor-widget-text-editor:not(.elementor-drop-cap-view-default) .elementor-drop-cap{margin-top:8px}.elementor-widget-text-editor:not(.elementor-drop-cap-view-default) .elementor-drop-cap-letter{width:1em;height:1em}.elementor-widget-text-editor .elementor-drop-cap{float:left;text-align:center;line-height:1;font-size:50px}.elementor-widget-text-editor .elementor-drop-cap-letter{display:inline-block}<\/style>\t\t\t\t<p class=\" translation-block\"><strong>Damir Bartol Indo\u0161<\/strong> (1957., Zagreb) is a performer and theatre artist, he creates experimental music instruments, sound sculptures Schachtophones and graphic partitures. Graduated in comparative literature and philosophy at the Faculty of Philosophy, University of Zagreb, he was one of the members of the influential neo-avant-garde performance group Theatre Kugla\/ Kugla Glumi\u0161te and co-created and performed in many actions and performances from 1975 to 1981\/1982 as Celebration of Spring, Soft Ships, The White Room, Circus Blue Star, Kugla Cabaret, Summer Afternoon. With a performance Action 16:00, in 1981, the group was divided between soft and hard fraction. As the initiator of hard fraction called Group Kugla, DB Indo\u0161 has created during the 1980s series of solo and group performances as Gigan Affair, Unshaded Vibrations, Sixth Allelomorf, Zeinimuro, Deer Danger, Rocking I, Subotica and Details of the Resistance, Magellan, Laboren Exercens.<\/p><p class=\" translation-block\">Also, as DB Indo\u0161 House of Extreme Music Theater, from the 1990s, he created a series of projects and world tours with a variety of foreign and domestic artists and musicians, as War Kitchen, The Door, Horse Tail, Son, On Chess and Pain, Laika - The First Dog in the Space, The School Bus, or Conversations with Children, Rocking. Since the 2005, in collaboration with an actress Tanja Vrvilo he\u2019s been creating experimental theatre works and performances, as well as solo performances, mostly in coproduction with Culture of Change - Theatre &amp;TD, as Chinese Roulette, The Enchantment, Green, Green, Weight Man, The Book of the Dead (with Zlatko Buric, Dragana Milutinovi\u0107, Tanja Vrvilo), Anti-Oedipus, Cepheus, Kriegspiel - A War Game, Water War, Hauka Molekula, An American Assasin, Vare\u0161ka19, 21,65 m of Schachtophony, Tosca 914, Phantom Planin\u0161ak, Winged picture, Schachtophonia Mao Tze.<\/p><p>He has participated in various international theatre festivals (Eurokaz Zagreb, Edinburgh Fringe Festival, Klang Arten Festival Linz, NY Franklin Furnace, Dance Week Festival Zagreb, Copenhagen Cultural Capital of Europe 1996, Roskilde Festival, Dartington Arts Coledge,  Phoenix Exeter, Cardiff Summer Festival, Tacheles Berlin, Unikum Klagenfurt, Szene Vienna, Euro-scene Leipzig, Unidram Potsdam, TanzQuartier Wien, Translacije Piotrkow, Wroclaw festival, Perforacije Zagreb, Kontejner festival Zagreb, Music Biennale Zagreb 2011, Camp festival Zagreb\/ Karlsruhe, Colchester arts centre, Rich Mix-London, Jerwood dance house Ipswich, Studio Lowry Manchester, Lakeside theatre Colhester, Zoom festival Rijeka, Vega - Copenhagen, 13.Prague Quadreninial of performance design and space, Ve.Sch-Vienna, Wundergrund festival 2015 Copenhagen.<\/p><p class=\" translation-block\">He is permanent collaborator of Theatre &amp;TD, a member of the Croatian Freelance Artists' Association and the Association of Fine Art Artists ULUPUH. He was awarded for his contribution to alternative culture in Croatia by City of Zagreb, 2009. He is a winner of the Museum of Contemporary Art MSU THT exhibition 2012 for a sound sculpture Schachtophone.<\/p>\t\t\t\t\t\t<\/div>\n\t\t\t\t<\/div>\n\t\t\t\t\t<\/div>\n\t\t<\/div>\n\t\t\t\t\t\t\t<\/div>\n\t\t<\/section>\n\t\t\t\t\t<\/div>\n\t\t<\/div>\n\t\t\t\t\t\t\t<\/div>\n\t\t<\/section>\n\t\t\t\t\t\t\t<\/div>","protected":false},"excerpt":{"rendered":"<p>DB Indo\u0161 CV Damir Bartol Indo\u0161 (1957., Zagreb) je performer i kazali\u0161ni umjetnik, stvara eksperimentalne muzi\u010dke instrumente, zvu\u010dne skulpture \u0160ahtofone i grafi\u010dke partiture. Diplomirao je Filozofiju i komparativnu knji\u017eevnost na Filozofskom fakultetu Sveu\u010dili\u0161ta u Zagrebu. Bio je \u010dlan neoavangardne kazali\u0161ne grupe Kugla Glumi\u0161te s kojom je stvarao i izvodio niz utjecajnih akcija i performansa u &hellip;<\/p>\n<p class=\"read-more\"> <a class=\"\" href=\"https:\/\/www.dbindos.info\/en\/info\/db-indos-cv\/\"> <span class=\"screen-reader-text\">DB Indo\u0161 CV<\/span> Read More &raquo;<\/a><\/p>","protected":false},"author":1,"featured_media":0,"parent":344,"menu_order":1,"comment_status":"closed","ping_status":"closed","template":"","meta":{"site-sidebar-layout":"no-sidebar","site-content-layout":"page-builder","ast-global-header-display":"","ast-main-header-display":"","ast-hfb-above-header-display":"","ast-hfb-below-header-display":"","ast-hfb-mobile-header-display":"","site-post-title":"disabled","ast-breadcrumbs-content":"","ast-featured-img":"disabled","footer-sml-layout":"","theme-transparent-header-meta":"","adv-header-id-meta":"","stick-header-meta":"","header-above-stick-meta":"","header-main-stick-meta":"","header-below-stick-meta":""},"_links":{"self":[{"href":"https:\/\/www.dbindos.info\/en\/wp-json\/wp\/v2\/pages\/4102"}],"collection":[{"href":"https:\/\/www.dbindos.info\/en\/wp-json\/wp\/v2\/pages"}],"about":[{"href":"https:\/\/www.dbindos.info\/en\/wp-json\/wp\/v2\/types\/page"}],"author":[{"embeddable":true,"href":"https:\/\/www.dbindos.info\/en\/wp-json\/wp\/v2\/users\/1"}],"replies":[{"embeddable":true,"href":"https:\/\/www.dbindos.info\/en\/wp-json\/wp\/v2\/comments?post=4102"}],"version-history":[{"count":31,"href":"https:\/\/www.dbindos.info\/en\/wp-json\/wp\/v2\/pages\/4102\/revisions"}],"predecessor-version":[{"id":11297,"href":"https:\/\/www.dbindos.info\/en\/wp-json\/wp\/v2\/pages\/4102\/revisions\/11297"}],"up":[{"embeddable":true,"href":"https:\/\/www.dbindos.info\/en\/wp-json\/wp\/v2\/pages\/344"}],"wp:attachment":[{"href":"https:\/\/www.dbindos.info\/en\/wp-json\/wp\/v2\/media?parent=4102"}],"curies":[{"name":"wp","href":"https:\/\/api.w.org\/{rel}","templated":true}]}}