{"id":4555,"date":"2022-02-08T16:46:31","date_gmt":"2022-02-08T16:46:31","guid":{"rendered":"https:\/\/www.dbindos.info\/?page_id=4555"},"modified":"2024-01-25T07:04:28","modified_gmt":"2024-01-25T07:04:28","slug":"kriegspiel","status":"publish","type":"page","link":"https:\/\/www.dbindos.info\/en\/projekti\/kriegspiel\/","title":{"rendered":"KRIEGSPIEL"},"content":{"rendered":"<div data-elementor-type=\"wp-page\" data-elementor-id=\"4555\" class=\"elementor elementor-4555\">\n\t\t\t\t\t\t\t\t\t<section class=\"elementor-section elementor-top-section elementor-element elementor-element-06098c3 elementor-section-boxed elementor-section-height-default elementor-section-height-default\" data-id=\"06098c3\" data-element_type=\"section\" data-settings=\"{&quot;background_background&quot;:&quot;classic&quot;}\">\n\t\t\t\t\t\t<div class=\"elementor-container elementor-column-gap-default\">\n\t\t\t\t\t<div class=\"elementor-column elementor-col-100 elementor-top-column elementor-element elementor-element-f7fc9af\" data-id=\"f7fc9af\" data-element_type=\"column\">\n\t\t\t<div class=\"elementor-widget-wrap elementor-element-populated\">\n\t\t\t\t\t\t\t\t<div class=\"elementor-element elementor-element-478b75a elementor-widget-mobile__width-inherit elementor-widget elementor-widget-heading\" data-id=\"478b75a\" data-element_type=\"widget\" data-widget_type=\"heading.default\">\n\t\t\t\t<div class=\"elementor-widget-container\">\n\t\t\t<style>\/*! elementor - v3.10.0 - 09-01-2023 *\/\n.elementor-heading-title{padding:0;margin:0;line-height:1}.elementor-widget-heading .elementor-heading-title[class*=elementor-size-]>a{color:inherit;font-size:inherit;line-height:inherit}.elementor-widget-heading .elementor-heading-title.elementor-size-small{font-size:15px}.elementor-widget-heading .elementor-heading-title.elementor-size-medium{font-size:19px}.elementor-widget-heading .elementor-heading-title.elementor-size-large{font-size:29px}.elementor-widget-heading .elementor-heading-title.elementor-size-xl{font-size:39px}.elementor-widget-heading .elementor-heading-title.elementor-size-xxl{font-size:59px}<\/style><h1 class=\"elementor-heading-title elementor-size-default\">KRIEGSPIEL <\/h1>\t\t<\/div>\n\t\t\t\t<\/div>\n\t\t\t\t<div class=\"elementor-element elementor-element-7e8215d elementor-arrows-position-inside elementor-widget elementor-widget-image-carousel\" data-id=\"7e8215d\" data-element_type=\"widget\" data-settings=\"{&quot;slides_to_show&quot;:&quot;5&quot;,&quot;autoplay&quot;:&quot;no&quot;,&quot;slides_to_show_tablet&quot;:&quot;3&quot;,&quot;slides_to_show_mobile&quot;:&quot;1&quot;,&quot;infinite&quot;:&quot;no&quot;,&quot;navigation&quot;:&quot;arrows&quot;,&quot;image_spacing_custom&quot;:{&quot;unit&quot;:&quot;px&quot;,&quot;size&quot;:7,&quot;sizes&quot;:[]},&quot;speed&quot;:500}\" data-widget_type=\"image-carousel.default\">\n\t\t\t\t<div class=\"elementor-widget-container\">\n\t\t\t<style>\/*! elementor - v3.10.0 - 09-01-2023 *\/\n.elementor-widget-image-carousel .swiper-container{position:static}.elementor-widget-image-carousel .swiper-container .swiper-slide figure{line-height:inherit}.elementor-widget-image-carousel .swiper-slide{text-align:center}.elementor-image-carousel-wrapper:not(.swiper-container-initialized) .swiper-slide{max-width:calc(100% \/ var(--e-image-carousel-slides-to-show, 3))}<\/style>\t\t<div class=\"elementor-image-carousel-wrapper swiper-container\" dir=\"ltr\">\n\t\t\t<div class=\"elementor-image-carousel swiper-wrapper\">\n\t\t\t\t\t\t\t\t<div class=\"swiper-slide\"><a data-elementor-open-lightbox=\"yes\" data-elementor-lightbox-slideshow=\"7e8215d\" e-action-hash=\"#elementor-action%3Aaction%3Dlightbox%26settings%3DeyJpZCI6NDU2MSwidXJsIjoiaHR0cHM6XC9cL3d3dy5kYmluZG9zLmluZm9cL3dwLWNvbnRlbnRcL3VwbG9hZHNcL2lncmFfcmF0YV8yMC5qcGciLCJzbGlkZXNob3ciOiI3ZTgyMTVkIn0%3D\" href=\"https:\/\/www.dbindos.info\/wp-content\/uploads\/igra_rata_20.jpg\"><figure class=\"swiper-slide-inner\"><img decoding=\"async\" class=\"swiper-slide-image\" src=\"https:\/\/www.dbindos.info\/wp-content\/uploads\/elementor\/thumbs\/igra_rata_20-qfcuj1coexf88gazl59lg8yv1to2pb2y12rxtsldp0.jpg\" alt=\"igra_rata_20\" \/><\/figure><\/a><\/div><div class=\"swiper-slide\"><a data-elementor-open-lightbox=\"yes\" data-elementor-lightbox-slideshow=\"7e8215d\" e-action-hash=\"#elementor-action%3Aaction%3Dlightbox%26settings%3DeyJpZCI6NDU2MCwidXJsIjoiaHR0cHM6XC9cL3d3dy5kYmluZG9zLmluZm9cL3dwLWNvbnRlbnRcL3VwbG9hZHNcL2lncmFfcmF0YV8xOS5qcGciLCJzbGlkZXNob3ciOiI3ZTgyMTVkIn0%3D\" href=\"https:\/\/www.dbindos.info\/wp-content\/uploads\/igra_rata_19.jpg\"><figure class=\"swiper-slide-inner\"><img decoding=\"async\" class=\"swiper-slide-image\" src=\"https:\/\/www.dbindos.info\/wp-content\/uploads\/elementor\/thumbs\/igra_rata_19-qfcuj1coexf88gazl59lg8yv1to2pb2y12rxtsldp0.jpg\" alt=\"igra_rata_19\" \/><\/figure><\/a><\/div><div class=\"swiper-slide\"><a data-elementor-open-lightbox=\"yes\" data-elementor-lightbox-slideshow=\"7e8215d\" e-action-hash=\"#elementor-action%3Aaction%3Dlightbox%26settings%3DeyJpZCI6NDU1OSwidXJsIjoiaHR0cHM6XC9cL3d3dy5kYmluZG9zLmluZm9cL3dwLWNvbnRlbnRcL3VwbG9hZHNcL2lncmFfcmF0YV8xNi5qcGciLCJzbGlkZXNob3ciOiI3ZTgyMTVkIn0%3D\" href=\"https:\/\/www.dbindos.info\/wp-content\/uploads\/igra_rata_16.jpg\"><figure class=\"swiper-slide-inner\"><img decoding=\"async\" class=\"swiper-slide-image\" src=\"https:\/\/www.dbindos.info\/wp-content\/uploads\/elementor\/thumbs\/igra_rata_16-qfcuj1coexf88gazl59lg8yv1to2pb2y12rxtsldp0.jpg\" alt=\"igra_rata_16\" \/><\/figure><\/a><\/div><div class=\"swiper-slide\"><a data-elementor-open-lightbox=\"yes\" data-elementor-lightbox-slideshow=\"7e8215d\" e-action-hash=\"#elementor-action%3Aaction%3Dlightbox%26settings%3DeyJpZCI6NDU1OCwidXJsIjoiaHR0cHM6XC9cL3d3dy5kYmluZG9zLmluZm9cL3dwLWNvbnRlbnRcL3VwbG9hZHNcL2lncmFfcmF0YV8wOC5qcGciLCJzbGlkZXNob3ciOiI3ZTgyMTVkIn0%3D\" href=\"https:\/\/www.dbindos.info\/wp-content\/uploads\/igra_rata_08.jpg\"><figure class=\"swiper-slide-inner\"><img decoding=\"async\" class=\"swiper-slide-image\" src=\"https:\/\/www.dbindos.info\/wp-content\/uploads\/elementor\/thumbs\/igra_rata_08-qfcuj1coexf88gazl59lg8yv1to2pb2y12rxtsldp0.jpg\" alt=\"igra_rata_08\" \/><\/figure><\/a><\/div><div class=\"swiper-slide\"><a data-elementor-open-lightbox=\"yes\" data-elementor-lightbox-slideshow=\"7e8215d\" e-action-hash=\"#elementor-action%3Aaction%3Dlightbox%26settings%3DeyJpZCI6NDU1NywidXJsIjoiaHR0cHM6XC9cL3d3dy5kYmluZG9zLmluZm9cL3dwLWNvbnRlbnRcL3VwbG9hZHNcL2lncmFfcmF0YV8wNS5qcGciLCJzbGlkZXNob3ciOiI3ZTgyMTVkIn0%3D\" href=\"https:\/\/www.dbindos.info\/wp-content\/uploads\/igra_rata_05.jpg\"><figure class=\"swiper-slide-inner\"><img decoding=\"async\" class=\"swiper-slide-image\" src=\"https:\/\/www.dbindos.info\/wp-content\/uploads\/elementor\/thumbs\/igra_rata_05-qfcuj1coexf88gazl59lg8yv1to2pb2y12rxtsldp0.jpg\" alt=\"igra_rata_05\" \/><\/figure><\/a><\/div>\t\t\t<\/div>\n\t\t\t\t\t\t\t\t\t\t\t\t\t\t\t\t<div class=\"elementor-swiper-button elementor-swiper-button-prev\">\n\t\t\t\t\t\t<i aria-hidden=\"true\" class=\"eicon-chevron-left\"><\/i>\t\t\t\t\t\t<span class=\"elementor-screen-only\">Previous<\/span>\n\t\t\t\t\t<\/div>\n\t\t\t\t\t<div class=\"elementor-swiper-button elementor-swiper-button-next\">\n\t\t\t\t\t\t<i aria-hidden=\"true\" class=\"eicon-chevron-right\"><\/i>\t\t\t\t\t\t<span class=\"elementor-screen-only\">Next<\/span>\n\t\t\t\t\t<\/div>\n\t\t\t\t\t\t\t\t\t<\/div>\n\t\t\t\t<\/div>\n\t\t\t\t<\/div>\n\t\t\t\t<section class=\"elementor-section elementor-inner-section elementor-element elementor-element-310b37d elementor-section-boxed elementor-section-height-default elementor-section-height-default\" data-id=\"310b37d\" data-element_type=\"section\" data-settings=\"{&quot;background_background&quot;:&quot;classic&quot;}\">\n\t\t\t\t\t\t<div class=\"elementor-container elementor-column-gap-default\">\n\t\t\t\t\t<div class=\"elementor-column elementor-col-50 elementor-inner-column elementor-element elementor-element-034fa63\" data-id=\"034fa63\" data-element_type=\"column\" data-settings=\"{&quot;background_background&quot;:&quot;classic&quot;}\">\n\t\t\t<div class=\"elementor-widget-wrap elementor-element-populated\">\n\t\t\t\t\t\t\t\t<div class=\"elementor-element elementor-element-f251c16 elementor-widget-mobile__width-inherit elementor-widget__width-initial elementor-widget-tablet__width-inherit elementor-widget elementor-widget-text-editor\" data-id=\"f251c16\" data-element_type=\"widget\" data-widget_type=\"text-editor.default\">\n\t\t\t\t<div class=\"elementor-widget-container\">\n\t\t\t<style>\/*! elementor - v3.10.0 - 09-01-2023 *\/\n.elementor-widget-text-editor.elementor-drop-cap-view-stacked .elementor-drop-cap{background-color:#818a91;color:#fff}.elementor-widget-text-editor.elementor-drop-cap-view-framed .elementor-drop-cap{color:#818a91;border:3px solid;background-color:transparent}.elementor-widget-text-editor:not(.elementor-drop-cap-view-default) .elementor-drop-cap{margin-top:8px}.elementor-widget-text-editor:not(.elementor-drop-cap-view-default) .elementor-drop-cap-letter{width:1em;height:1em}.elementor-widget-text-editor .elementor-drop-cap{float:left;text-align:center;line-height:1;font-size:50px}.elementor-widget-text-editor .elementor-drop-cap-letter{display:inline-block}<\/style>\t\t\t\t<p>DB INDO\u0160 EXTREME MUSIC THEATRE \/ PERFORATIONS \/ TEATAR &amp;TD<br \/><strong>KRIEGSPIEL <br \/>Damir Bartol Indo\u0161 &amp; Tanja Vrvilo<\/strong><\/p><p>Ludimus effigiem belli. What we play is an effigy of war made upon graphic record of 55 positions in the <strong>kriegspiel<\/strong> by Guy Debord &amp; Alice Becker-Ho.<\/p><p>Players: <strong>Damir Bartol Indo\u0161, Tanja Vrvilo, Helge Hinteregger, Ivan Maru\u0161i\u0107-Klif<\/strong><br \/>Throutmusic:<strong> Helge Hinteregg<\/strong><br \/>Surveillance images: <strong>Ivan Maru\u0161i\u0107-Klif<\/strong><br \/>Schachtophonia: <strong>Damir Bartol Indo\u0161<\/strong><br \/>Light: Damir Kruhak<br \/>Prospect of the game: Dario Devi\u0107<br \/>Photo: Ratko Mavar<br \/><a href=\"https:\/\/www.teatar.hr\/77473\/kriegsspiel-game-of-war-igra-rata\/\" target=\"_blank\" rel=\"noopener\">The first game: <strong>Music Biennale Zagreb, April 12, 2011<\/strong><\/a><\/p>\t\t\t\t\t\t<\/div>\n\t\t\t\t<\/div>\n\t\t\t\t<div class=\"elementor-element elementor-element-308020f elementor-widget__width-initial elementor-widget-mobile__width-inherit elementor-widget-tablet__width-inherit elementor-widget elementor-widget-image\" data-id=\"308020f\" data-element_type=\"widget\" data-widget_type=\"image.default\">\n\t\t\t\t<div class=\"elementor-widget-container\">\n\t\t\t<style>\/*! elementor - v3.10.0 - 09-01-2023 *\/\n.elementor-widget-image{text-align:center}.elementor-widget-image a{display:inline-block}.elementor-widget-image a img[src$=\".svg\"]{width:48px}.elementor-widget-image img{vertical-align:middle;display:inline-block}<\/style>\t\t\t\t\t\t\t\t\t\t\t\t\t<a href=\"https:\/\/www.dbindos.info\/wp-content\/uploads\/igra_rata_04.jpg\" data-elementor-open-lightbox=\"yes\" e-action-hash=\"#elementor-action%3Aaction%3Dlightbox%26settings%3DeyJpZCI6NDU2OCwidXJsIjoiaHR0cHM6XC9cL3d3dy5kYmluZG9zLmluZm9cL3dwLWNvbnRlbnRcL3VwbG9hZHNcL2lncmFfcmF0YV8wNC5qcGcifQ%3D%3D\">\n\t\t\t\t\t\t\t<img decoding=\"async\" width=\"625\" height=\"866\" src=\"https:\/\/www.dbindos.info\/wp-content\/uploads\/igra_rata_04.jpg\" class=\"attachment-full size-full wp-image-4568\" alt=\"\" loading=\"lazy\" srcset=\"https:\/\/www.dbindos.info\/wp-content\/uploads\/igra_rata_04.jpg 625w, https:\/\/www.dbindos.info\/wp-content\/uploads\/igra_rata_04-217x300.jpg 217w, https:\/\/www.dbindos.info\/wp-content\/uploads\/igra_rata_04-9x12.jpg 9w\" sizes=\"(max-width: 625px) 100vw, 625px\" \/>\t\t\t\t\t\t\t\t<\/a>\n\t\t\t\t\t\t\t\t\t\t\t\t\t\t\t<\/div>\n\t\t\t\t<\/div>\n\t\t\t\t\t<\/div>\n\t\t<\/div>\n\t\t\t\t<div class=\"elementor-column elementor-col-50 elementor-inner-column elementor-element elementor-element-7f9eff3\" data-id=\"7f9eff3\" data-element_type=\"column\">\n\t\t\t<div class=\"elementor-widget-wrap elementor-element-populated\">\n\t\t\t\t\t\t\t\t<div class=\"elementor-element elementor-element-cd0a164 elementor-widget__width-initial elementor-widget-mobile__width-inherit elementor-widget elementor-widget-text-editor\" data-id=\"cd0a164\" data-element_type=\"widget\" data-widget_type=\"text-editor.default\">\n\t\t\t\t<div class=\"elementor-widget-container\">\n\t\t\t\t\t\t\t<p>This game portrays all the factors at work in real war, and more generally, the dialectics of all conflicts. Kriegspiel proceeds under a kind of solstice where climate never takes a hand and night never falls before conflict is concluded. The territory the greater part of whose schachtophone is perpendicular to the light is called the North, the territory the greater part of whose schachtophone is horizontal to the light is called the South. Each side knows what the other side is doing. Flanking movements expose one&#8217;s one opposite flank: the flanker will be flanked. Howls for Sade over a blank screen are coming from farther away: IN GIRUM IMUS NOCTE ET CONSUMIMUR IGNI &#8211; we enter the circle at night and are consumed by fire.<\/p><p><strong>Izvori \/ Sources:<br \/><\/strong>Alice Becker-Ho &amp; Guy Debord <em>A Game of War<\/em>; Guy Debord&#8217;s film <em>In girum imus nocte et consumimur igni<\/em>; Guy Debord <em>Sick Planet, Comments on the Society of the Spectacle, Panegyric<\/em>; Gilles Delleuze &amp; Felix Guattary <em>A Thousand Plateaus: Capitalism and Schizophrenia<\/em>; Magha <em>The Shishupala Vadha<\/em>, The Cramps &amp; The Novas <em>The Crusher<\/em>.<\/p>\t\t\t\t\t\t<\/div>\n\t\t\t\t<\/div>\n\t\t\t\t<div class=\"elementor-element elementor-element-3ab1347 elementor-widget__width-initial elementor-widget-mobile__width-inherit elementor-hidden-tablet elementor-hidden-mobile elementor-widget elementor-widget-text-editor\" data-id=\"3ab1347\" data-element_type=\"widget\" data-widget_type=\"text-editor.default\">\n\t\t\t\t<div class=\"elementor-widget-container\">\n\t\t\t\t\t\t\t<strong>Opening<\/strong>\n\nThe preliminary phase involved a series of engagements in which, from our side, a strong advance force made up of four generals and the units under their command, met an enemy force of 13,000 bayonets.\n\nIn the subsequent phase a fiercely disputed pitched battle developed, in which our entire army advanced, with 290 canons and a heavy cavalry of 18,000 sabres; the confronting enemy alignment comprised no less than 3,600 infantry lieutenants, 40 captains of hussars and 24 of cuirassiers.\n\nFollowing alternate advances and retreats on both sides, the battle can finally be seen as inconclusive.\nOur losses, somewhat lower than the average figure normally expected in combat of similar duration and intensity, were appreciably superior to those of the Greeks at Marathon, but remained inferior to those of the Prussians at Jena.\n<strong>Deployment! <\/strong>\n\nNorth proposes to attack\nNorth reinforces the detachment\nNorth detaches a right wing\nNorth proposes to attack\nNorth detaches a right wing\nToward its left wing\n\nSouth is crossing the frontier\nSouth detaches a left wing\nSouth continues towards the North\nSouth detaches a left wing\nSouth continues towards the northwest\nControls the territory\n\n<strong>In girum<\/strong>\n\nin girum imus nocte et consumimur igni\nwarewarewa yoruni urotsui arukou soshite subetega hide yaki tsukusarenkotoo\n\nnocte et consumimur igni nocte et nocte et\nyoruni soshite yoruni soshite subetega hide yaki tsukusarenkotoo\n\nin girum in girum\nurotsui arukou urotsui arukou\n\nimus nocte et imus nocte et\nwarewarewa yoruni warewarewa yoruni\nwarewarewa yoruni warewarewa yoruni\nimus nocte et imus nocte et\n\nurotsui arukou urotsui arukou\nin girum in girum\n\nyoruni soshite yoruni soshite subetega hide yaki tsukusarenkotoo\nnocte et consumimur igni nocte et nocte et\nwarewarewa yoruni urotsui arukou soshite subetega hide yaki tsukusarenkotoo\nin girum imus nocte et consumimur igni\n\n<strong>Manoeuvring <\/strong>\n\nNorth proceeds with its lateral movement\nDestroyes the enemy unit\nBeyond the mountain\nLeft wing approaches\nOperates offensively\nBrings up all the isolated units\nContinues regrouping\nIntends to spread out in the east\nCommunications units\nThe same operations\nThe same operations\nThe same operations\nThe same operations continue\nThe same operations\nThe same operations continue\nTake the route\n\nSouth within range of the North\nManoeuvring with an eye on the enemy\nForming its right wing\nInto a defensive hook\nFive fighting units west\nIn parallel to the frontier\nFor the first time west of the mountain\nSouth is moving north\nAssembles shock troops\nSets withdrawing\nContinues its retreat\nThe same movement is continued\nSets withdrawing\nThe same operations continue\nPerhaps this is feint\n\n<em><strong>En giro<\/strong><\/em>\n\n<em>en giro torte sol ciclos et rotor igne <\/em>\nrasahava\u00a0 sakarananarakasakayasadadasayaka\u00a0\u00a0 vahasaranadavadadavadana\n\n<em>ciclos et rotor igne ciclos et ciclos et <\/em>\n<em>kayasadadasayaka vahasaranadavadadavadana kayasadadasayaka kayasadadasayaka<\/em>\n\nen giro en giro\nrasahava rasahava\n\n<em>sol ciclos et sol ciclos et <\/em>\n<em>narakasa kayasadadasayaka narakasa kayasadadasayaka<\/em>\n<em>narakasa kayasadadasayaka narakasa kayasadadasayaka<\/em>\n<em>sol ciclos et sol ciclos et <\/em>\n\nrasahava rasahava\nen giro en giro\n\n<em>kayasadadasayaka vahasaranadavadadavadana kayasadadasayaka kayasadadasayaka<\/em>\n<em>ciclos et rotor igne ciclos et ciclos et<\/em>\n\nrasahava sakarananarakasakayasadadasayaka vahasaranadavadadavadana\n<em>en giro torte sol ciclos et rotor igne<\/em>\n\n<strong>Battle <\/strong>\n\nNorth attack from three sides\nThe gap is being closed\nNorth moves west under cover\nA lull in the battle\nNorth intends to attack frontally\nPassing through the gaps\n\nThe fall!\nSouth begins retreating\nSouth risks a sortie\nSouth&#8217;s right wing returns\nSouth mounts a counter-attack\nSouth consolidates its left wing\nPosition 45\n\n<strong>Exploatation <\/strong>\n\nNorth pursues South\nPosition 51 52\nAs one body, North&#8217;s army\nPosition 53 54\nThe same operations continue\nNorth resumes its offensive\n\nSouth harries the enemy\nPosition 51 52\nSouth maintains its position\nPosition 53 54\nThe same operations continue\nSouth breaks off combat\n\n<strong>Schachtspiel<\/strong>\n\nSchacht!\nTwo point nine becquerels\nTwo point nine billion becquerels\n3 millisieverts 250 millisieverts\nTwo point nine becquerels\nTwo point nine billion becquerels\nOne per cent within the walls\n\nSchacht 2 4 1 3\nSchacht 3 1 4 2\n10 million times more\nSchacht 2 4 1 3\nSchacht 3 1 4 2\nOne per cent within the walls\n\nCurie becquerel r\u00f6ntgen\nSpectacle juggles with measures\nRad alias centigrays\nRems millirads sieverts\nIt can keep the name\nFor the thing secretly changed\nIt can change the name\nWhen the thing has been secretly maintained\nWhen Sellafield\nWas called Windscale\n\nSchacht 2 4 1 3\nSchacht 3 1 4 2\nSchacht 2 4 1 3\nSchacht 3 1 4 2\n\nOne per cent within the walls\t\t\t\t\t\t<\/div>\n\t\t\t\t<\/div>\n\t\t\t\t\t<\/div>\n\t\t<\/div>\n\t\t\t\t\t\t\t<\/div>\n\t\t<\/section>\n\t\t\t\t\t<\/div>\n\t\t<\/div>\n\t\t\t\t\t\t\t<\/div>\n\t\t<\/section>\n\t\t\t\t\t\t\t<\/div>","protected":false},"excerpt":{"rendered":"<p>KRIEGSPIEL Previous Next DB INDO\u0160 EXTREME MUSIC THEATRE \/ PERFORATIONS \/ TEATAR &amp;TDKRIEGSPIEL Damir Bartol Indo\u0161 &amp; Tanja Vrvilo Ludimus effigiem belli. What we play is an effigy of war made upon graphic record of 55 positions in the kriegspiel by Guy Debord &amp; Alice Becker-Ho. Players: Damir Bartol Indo\u0161, Tanja Vrvilo, Helge Hinteregger, Ivan &hellip;<\/p>\n<p class=\"read-more\"> <a class=\"\" href=\"https:\/\/www.dbindos.info\/en\/projekti\/kriegspiel\/\"> <span class=\"screen-reader-text\">KRIEGSPIEL<\/span> Read More &raquo;<\/a><\/p>","protected":false},"author":1,"featured_media":0,"parent":5413,"menu_order":0,"comment_status":"closed","ping_status":"closed","template":"","meta":{"site-sidebar-layout":"no-sidebar","site-content-layout":"page-builder","ast-global-header-display":"","ast-main-header-display":"","ast-hfb-above-header-display":"","ast-hfb-below-header-display":"","ast-hfb-mobile-header-display":"","site-post-title":"disabled","ast-breadcrumbs-content":"","ast-featured-img":"disabled","footer-sml-layout":"","theme-transparent-header-meta":"","adv-header-id-meta":"","stick-header-meta":"","header-above-stick-meta":"","header-main-stick-meta":"","header-below-stick-meta":""},"_links":{"self":[{"href":"https:\/\/www.dbindos.info\/en\/wp-json\/wp\/v2\/pages\/4555"}],"collection":[{"href":"https:\/\/www.dbindos.info\/en\/wp-json\/wp\/v2\/pages"}],"about":[{"href":"https:\/\/www.dbindos.info\/en\/wp-json\/wp\/v2\/types\/page"}],"author":[{"embeddable":true,"href":"https:\/\/www.dbindos.info\/en\/wp-json\/wp\/v2\/users\/1"}],"replies":[{"embeddable":true,"href":"https:\/\/www.dbindos.info\/en\/wp-json\/wp\/v2\/comments?post=4555"}],"version-history":[{"count":82,"href":"https:\/\/www.dbindos.info\/en\/wp-json\/wp\/v2\/pages\/4555\/revisions"}],"predecessor-version":[{"id":12067,"href":"https:\/\/www.dbindos.info\/en\/wp-json\/wp\/v2\/pages\/4555\/revisions\/12067"}],"up":[{"embeddable":true,"href":"https:\/\/www.dbindos.info\/en\/wp-json\/wp\/v2\/pages\/5413"}],"wp:attachment":[{"href":"https:\/\/www.dbindos.info\/en\/wp-json\/wp\/v2\/media?parent=4555"}],"curies":[{"name":"wp","href":"https:\/\/api.w.org\/{rel}","templated":true}]}}