{"id":5481,"date":"2023-11-21T17:52:12","date_gmt":"2023-11-21T17:52:12","guid":{"rendered":"https:\/\/www.dbindos.info\/?page_id=5481"},"modified":"2024-01-07T10:16:06","modified_gmt":"2024-01-07T10:16:06","slug":"queer","status":"publish","type":"page","link":"https:\/\/www.dbindos.info\/en\/interviews\/queer\/","title":{"rendered":"Queer"},"content":{"rendered":"<div data-elementor-type=\"wp-page\" data-elementor-id=\"5481\" class=\"elementor elementor-5481\">\n\t\t\t\t\t\t\t\t\t<section class=\"elementor-section elementor-top-section elementor-element elementor-element-06098c3 elementor-section-boxed elementor-section-height-default elementor-section-height-default\" data-id=\"06098c3\" data-element_type=\"section\" data-settings=\"{&quot;background_background&quot;:&quot;classic&quot;}\">\n\t\t\t\t\t\t<div class=\"elementor-container elementor-column-gap-no\">\n\t\t\t\t\t<div class=\"elementor-column elementor-col-100 elementor-top-column elementor-element elementor-element-f7fc9af\" data-id=\"f7fc9af\" data-element_type=\"column\" data-settings=\"{&quot;background_background&quot;:&quot;classic&quot;}\">\n\t\t\t<div class=\"elementor-widget-wrap elementor-element-populated\">\n\t\t\t\t\t\t\t\t<div class=\"elementor-element elementor-element-478b75a elementor-widget-mobile__width-inherit elementor-widget elementor-widget-heading\" data-id=\"478b75a\" data-element_type=\"widget\" data-widget_type=\"heading.default\">\n\t\t\t\t<div class=\"elementor-widget-container\">\n\t\t\t<style>\/*! elementor - v3.10.0 - 09-01-2023 *\/\n.elementor-heading-title{padding:0;margin:0;line-height:1}.elementor-widget-heading .elementor-heading-title[class*=elementor-size-]>a{color:inherit;font-size:inherit;line-height:inherit}.elementor-widget-heading .elementor-heading-title.elementor-size-small{font-size:15px}.elementor-widget-heading .elementor-heading-title.elementor-size-medium{font-size:19px}.elementor-widget-heading .elementor-heading-title.elementor-size-large{font-size:29px}.elementor-widget-heading .elementor-heading-title.elementor-size-xl{font-size:39px}.elementor-widget-heading .elementor-heading-title.elementor-size-xxl{font-size:59px}<\/style><h1 class=\"elementor-heading-title elementor-size-medium\">Interview - Queer, Tosca 914<\/h1>\t\t<\/div>\n\t\t\t\t<\/div>\n\t\t\t\t<section class=\"elementor-section elementor-inner-section elementor-element elementor-element-310b37d elementor-section-boxed elementor-section-height-default elementor-section-height-default\" data-id=\"310b37d\" data-element_type=\"section\" data-settings=\"{&quot;background_background&quot;:&quot;classic&quot;}\">\n\t\t\t\t\t\t<div class=\"elementor-container elementor-column-gap-default\">\n\t\t\t\t\t<div class=\"elementor-column elementor-col-50 elementor-inner-column elementor-element elementor-element-034fa63\" data-id=\"034fa63\" data-element_type=\"column\" data-settings=\"{&quot;background_background&quot;:&quot;classic&quot;}\">\n\t\t\t<div class=\"elementor-widget-wrap elementor-element-populated\">\n\t\t\t\t\t\t\t\t<div class=\"elementor-element elementor-element-a54ec27 elementor-widget__width-initial elementor-widget-tablet__width-inherit elementor-widget elementor-widget-image\" data-id=\"a54ec27\" data-element_type=\"widget\" data-widget_type=\"image.default\">\n\t\t\t\t<div class=\"elementor-widget-container\">\n\t\t\t<style>\/*! elementor - v3.10.0 - 09-01-2023 *\/\n.elementor-widget-image{text-align:center}.elementor-widget-image a{display:inline-block}.elementor-widget-image a img[src$=\".svg\"]{width:48px}.elementor-widget-image img{vertical-align:middle;display:inline-block}<\/style>\t\t\t\t\t\t\t\t\t\t\t\t<img decoding=\"async\" width=\"947\" height=\"625\" src=\"https:\/\/www.dbindos.info\/wp-content\/uploads\/tosca-04.jpg\" class=\"attachment-full size-full wp-image-4439\" alt=\"\" loading=\"lazy\" srcset=\"https:\/\/www.dbindos.info\/wp-content\/uploads\/tosca-04.jpg 947w, https:\/\/www.dbindos.info\/wp-content\/uploads\/tosca-04-300x198.jpg 300w, https:\/\/www.dbindos.info\/wp-content\/uploads\/tosca-04-768x507.jpg 768w, https:\/\/www.dbindos.info\/wp-content\/uploads\/tosca-04-18x12.jpg 18w\" sizes=\"(max-width: 947px) 100vw, 947px\" \/>\t\t\t\t\t\t\t\t\t\t\t\t\t\t\t<\/div>\n\t\t\t\t<\/div>\n\t\t\t\t\t<\/div>\n\t\t<\/div>\n\t\t\t\t<div class=\"elementor-column elementor-col-50 elementor-inner-column elementor-element elementor-element-7f9eff3\" data-id=\"7f9eff3\" data-element_type=\"column\">\n\t\t\t<div class=\"elementor-widget-wrap elementor-element-populated\">\n\t\t\t\t\t\t\t\t<div class=\"elementor-element elementor-element-c2c3168 elementor-widget__width-initial elementor-widget-mobile__width-inherit elementor-widget-tablet__width-inherit elementor-widget elementor-widget-text-editor\" data-id=\"c2c3168\" data-element_type=\"widget\" data-widget_type=\"text-editor.default\">\n\t\t\t\t<div class=\"elementor-widget-container\">\n\t\t\t<style>\/*! elementor - v3.10.0 - 09-01-2023 *\/\n.elementor-widget-text-editor.elementor-drop-cap-view-stacked .elementor-drop-cap{background-color:#818a91;color:#fff}.elementor-widget-text-editor.elementor-drop-cap-view-framed .elementor-drop-cap{color:#818a91;border:3px solid;background-color:transparent}.elementor-widget-text-editor:not(.elementor-drop-cap-view-default) .elementor-drop-cap{margin-top:8px}.elementor-widget-text-editor:not(.elementor-drop-cap-view-default) .elementor-drop-cap-letter{width:1em;height:1em}.elementor-widget-text-editor .elementor-drop-cap{float:left;text-align:center;line-height:1;font-size:50px}.elementor-widget-text-editor .elementor-drop-cap-letter{display:inline-block}<\/style>\t\t\t\t<h4><span style=\"color: #000000;\"><strong>Tosca 914: \u2018Svaka avangarda ima samo jedno vrijeme koje nema vremena nad\u017eivjeti\u2019<br \/><br \/><\/strong><\/span><\/h4><p>Tosca 914 je protuopera tehnologije mo\u0107i \u010diji protagonisti stvaraju bespovratnu situaciju koja se opire tehnikama nu\u017enosti integriranja individua u dru\u0161tvo, nu\u017enosti koja se naziva policija \u2013 \u2018Cilj je policije istodobno ja\u010dati \u017eivote gra\u0111ana i mo\u0107 dr\u017eave\u2019. \u017dudnja pobunjenih protagonista Tosce 914 je stvarati situacije stalnog slabljenja \u017eivota i mo\u0107i dr\u017eave, njezine nu\u017enosti.<\/p><p><strong>Q.hr: \u0160ahtofoni sura\u0111uju ve\u0107 neko vrijeme, koja je bila va\u0161a motivacija za stvaranjem protu-opere Tosca 914? Uostalom, kako biste \u0161to jednostavnije objasnili \u0161to je to protu-opera?<\/strong><\/p><p>I&amp;V: \u0160ahtofoni su instrumenti za proizvodnju zvuka, oni su napravljeni pod izazovom Intonarumorija \u2013 muzi\u010dkih kutija Luigija Russola, kompozitora i izumitelja umjetnosti buke u periodu futuristi\u010dkog pokreta. Godine 1914. izveden je prvi koncert intonarumorija u Milanu. \u0160ahtofoni nisu njihova replika, oni su samostalan, neovisan sistem za proizvodnju zvuka koji \u010dine mre\u017ee opruga, \u0161aht poklopci i njihove akusti\u010dne limene kutije. Izvorno, i \u0160ahtofoni i Intonarumoriji, kao pra-analogni sintesajzeri, mi\u0161ljeni su protu-instrumentalno, ali je s njima mogu\u0107e raditi i u simbiozi razli\u010ditih instrumentalno-vokalnih izvo\u0111enja. U trenutku praizvedbe intonarumorija, oni su bili protivnici dominacije talijanske opere, a potom i sve postoje\u0107e glazbe ti\u0161ine. Na\u0161i \u0160ahtofoni danas u konceptu performansa pod naslovom\u00a0<em>Tosca 914<\/em>\u00a0rade s materijalom opere na na\u010din detournamenta, tom primjenom situacionisti\u010dke tehnike podrivaju operne dionice sastavljaju\u0107i ih sa \u0161ahtofonijama po instrukcijama grafi\u010dkih koloristi\u010dkih partitura \u010diji libreto se temelji na politi\u010dkom doga\u0111aju \u2013 atentatu koji pronalazi dodirne to\u010dke s autenti\u010dnim libretom opere\u00a0<em>Tosca<\/em>.<\/p><p><strong>Q.hr: Tri rije\u010di kojima biste opisali svoj performans? Za\u0161to ba\u0161 te tri rije\u010di?<\/strong><br \/>I&amp;V: Ekstremno \u2013 Muzi\u010dko \u2013 Kazali\u0161no: Ekstremno zato \u0161to \u017eeli oti\u0107i najdalje mogu\u0107e u izvo\u0111enju ideje slobode, rada koji radimo najbolje od svih radova koje bismo mogli raditi; Muzi\u010dko \u2013 zato \u0161to vjerujemo da je takvo nizanje zvukova proiza\u0161lo iz na\u0161ih novih instrumenata u kona\u010dnosti muzika, imamo povjerenja u muzikalnost njihovog zvukovlja i tako s njima izvodimo; Kazali\u0161no \u2013 zato \u0161to prilikom izvo\u0111enja proizvodimo kazali\u0161ni gestus \u2013 \u0160ahtofonista i \u0160ahtofonistica.<\/p><p><strong>Q.hr: U svojem radu, kako je ve\u0107 mnogima poznato, koristite neobi\u010dne instrumente. Od kuda crpite motivaciju u svojem umjetni\u010dkom procesu i otkud uop\u0107e ideja za takvim oblikom performansa?<\/strong><\/p><p>I&amp;V: Ideja za kori\u0161tenjem neobi\u010dnih instrumenata, prona\u0111enih kroz proces duhovno recikliranog sme\u0107a ili prepariranje postoje\u0107ih klasi\u010dnih instrumenata i njihovo izoliranje funkcije njihovog prvog zvuka proizlazi iz \u017eelje za dehijerharhizacijom akademskog sistema poimanja bavljenja glazbom, ekonomije i politike takvog rada, proizvodnje hijerarhijskog odnosa imanja sredstava za participaciju u glazbenom svijetu, situacije u\u010ditelja i u\u010denika, afirmiramo procese proizvodnje vi\u0161ka demokratizacije, stanja nikad dosta demokracije, odnosno dehijerarhizacije u svakodnevnom \u017eivotu.<\/p><p><strong>Q.hr: Tosca 914 je dio triologije \u201cSvaka revolucija je bacanje kocke\u201d te ozna\u010dava svojevrsni zavr\u0161etak trilogije. Ovako zaokru\u017eeno, koja je u biti poruka koju \u017eelite prenijeti publici, odnosno \u0161to publika mo\u017ee o\u010dekivati kada se pri\u010da ispri\u010da do kraja?<\/strong><\/p><p>I&amp;V: Radimo s memorijom kratkog postojanja ideje umjetni\u010dko-revolucionarnog pokreta u doba povijesne avangarde u na\u0161oj sredini. Kraj ove pri\u010de ujedno je i kraj te avangarde, \u010dije snove i more prizivamo kratkim prolascima kroz niz ispada njezinih tragi\u010dnih protagonista. Od skupine \u0111aka Vala\u0161a, kako smo imenovali \u010dlanove literarno-revolucionarnog kru\u017eoka okupljene oko \u010dasopisa\u00a0<em>Val\u00a0<\/em>Vladimira \u010cerine, preko samo-imenovanog predstavnika radni\u010dke emigracije u Americi, do jedva punoljetnog revolucionara Hercigonje koji je slao svoje vr\u0161njake na literarno-glazbeno-revolucionarnu obuku u Hrvatsko narodno kazali\u0161te, na predstavu\u00a0<em>Tosca<\/em>, oni u nizu bespovratnih situacija reprezentiraju ideju da svaka avangarda ima samo jedno vrijeme koje nema vremena nad\u017eivjeti. Konstruiramo opasnu po \u017eivot vezu izme\u0111u umjetnosti i \u017eivota.<\/p><p><strong>Q.hr: Koji su vam daljnji planovi? Pripremite li novo iznena\u0111enje za publiku?<\/strong><\/p><p>I&amp;V: Prvi planovi se granaju u nekoliko smjerova, od proizvodnje \u0161ahtofonskih audio-video \u00a0kutija koje naseljavamo ljudima, izvo\u0111enja zvukova i dokumentarno-poetskih tekstova \u0161ahtofonskih partitura, radionica za izradu grafi\u010dkih koloristi\u010dkih partitura sa studentima ALU, ADU i Glazbene akademije, video istra\u017eivanja sa slikama nadzornih kamera, sigurnosnih ogledala te snimkama njihovih slika unutar i izvan instalacija, te predstavljanje izvedbene instalacije, vi\u0161egodi\u0161njeg istra\u017eivanja na izvornim gradskim lokacijama kao epiloga trilogije \u201cSvaka revolucija je bacanje kocke\u201d, s kojom \u0107emo ovu pri\u010du o fantomu avangarde izvesti do njezinog kraja.<\/p>\t\t\t\t\t\t<\/div>\n\t\t\t\t<\/div>\n\t\t\t\t\t<\/div>\n\t\t<\/div>\n\t\t\t\t\t\t\t<\/div>\n\t\t<\/section>\n\t\t\t\t\t<\/div>\n\t\t<\/div>\n\t\t\t\t\t\t\t<\/div>\n\t\t<\/section>\n\t\t\t\t\t\t\t<\/div>","protected":false},"excerpt":{"rendered":"<p>Interview &#8211; Queer, Tosca 914 Tosca 914: \u2018Svaka avangarda ima samo jedno vrijeme koje nema vremena nad\u017eivjeti\u2019 Tosca 914 je protuopera tehnologije mo\u0107i \u010diji protagonisti stvaraju bespovratnu situaciju koja se opire tehnikama nu\u017enosti integriranja individua u dru\u0161tvo, nu\u017enosti koja se naziva policija \u2013 \u2018Cilj je policije istodobno ja\u010dati \u017eivote gra\u0111ana i mo\u0107 dr\u017eave\u2019. \u017dudnja pobunjenih &hellip;<\/p>\n<p class=\"read-more\"> <a class=\"\" href=\"https:\/\/www.dbindos.info\/en\/interviews\/queer\/\"> <span class=\"screen-reader-text\">Queer<\/span> Read More &raquo;<\/a><\/p>","protected":false},"author":1,"featured_media":0,"parent":9259,"menu_order":0,"comment_status":"closed","ping_status":"closed","template":"","meta":{"site-sidebar-layout":"no-sidebar","site-content-layout":"page-builder","ast-global-header-display":"","ast-main-header-display":"","ast-hfb-above-header-display":"","ast-hfb-below-header-display":"","ast-hfb-mobile-header-display":"","site-post-title":"disabled","ast-breadcrumbs-content":"","ast-featured-img":"disabled","footer-sml-layout":"","theme-transparent-header-meta":"","adv-header-id-meta":"","stick-header-meta":"","header-above-stick-meta":"","header-main-stick-meta":"","header-below-stick-meta":""},"_links":{"self":[{"href":"https:\/\/www.dbindos.info\/en\/wp-json\/wp\/v2\/pages\/5481"}],"collection":[{"href":"https:\/\/www.dbindos.info\/en\/wp-json\/wp\/v2\/pages"}],"about":[{"href":"https:\/\/www.dbindos.info\/en\/wp-json\/wp\/v2\/types\/page"}],"author":[{"embeddable":true,"href":"https:\/\/www.dbindos.info\/en\/wp-json\/wp\/v2\/users\/1"}],"replies":[{"embeddable":true,"href":"https:\/\/www.dbindos.info\/en\/wp-json\/wp\/v2\/comments?post=5481"}],"version-history":[{"count":37,"href":"https:\/\/www.dbindos.info\/en\/wp-json\/wp\/v2\/pages\/5481\/revisions"}],"predecessor-version":[{"id":11075,"href":"https:\/\/www.dbindos.info\/en\/wp-json\/wp\/v2\/pages\/5481\/revisions\/11075"}],"up":[{"embeddable":true,"href":"https:\/\/www.dbindos.info\/en\/wp-json\/wp\/v2\/pages\/9259"}],"wp:attachment":[{"href":"https:\/\/www.dbindos.info\/en\/wp-json\/wp\/v2\/media?parent=5481"}],"curies":[{"name":"wp","href":"https:\/\/api.w.org\/{rel}","templated":true}]}}