{"id":5998,"date":"2023-11-24T18:41:17","date_gmt":"2023-11-24T18:41:17","guid":{"rendered":"https:\/\/www.dbindos.info\/?page_id=5998"},"modified":"2023-11-27T08:57:56","modified_gmt":"2023-11-27T08:57:56","slug":"the-advance-of-sound","status":"publish","type":"page","link":"https:\/\/www.dbindos.info\/en\/reviews\/the-advance-of-sound\/","title":{"rendered":"The Advance of Sound"},"content":{"rendered":"<div data-elementor-type=\"wp-page\" data-elementor-id=\"5998\" class=\"elementor elementor-5998\">\n\t\t\t\t\t\t\t\t\t<section class=\"elementor-section elementor-top-section elementor-element elementor-element-06098c3 elementor-section-boxed elementor-section-height-default elementor-section-height-default\" data-id=\"06098c3\" data-element_type=\"section\" data-settings=\"{&quot;background_background&quot;:&quot;classic&quot;}\">\n\t\t\t\t\t\t<div class=\"elementor-container elementor-column-gap-no\">\n\t\t\t\t\t<div class=\"elementor-column elementor-col-100 elementor-top-column elementor-element elementor-element-f7fc9af\" data-id=\"f7fc9af\" data-element_type=\"column\" data-settings=\"{&quot;background_background&quot;:&quot;classic&quot;}\">\n\t\t\t<div class=\"elementor-widget-wrap elementor-element-populated\">\n\t\t\t\t\t\t\t\t<div class=\"elementor-element elementor-element-478b75a elementor-widget-mobile__width-inherit elementor-widget elementor-widget-heading\" data-id=\"478b75a\" data-element_type=\"widget\" data-widget_type=\"heading.default\">\n\t\t\t\t<div class=\"elementor-widget-container\">\n\t\t\t<style>\/*! elementor - v3.10.0 - 09-01-2023 *\/\n.elementor-heading-title{padding:0;margin:0;line-height:1}.elementor-widget-heading .elementor-heading-title[class*=elementor-size-]>a{color:inherit;font-size:inherit;line-height:inherit}.elementor-widget-heading .elementor-heading-title.elementor-size-small{font-size:15px}.elementor-widget-heading .elementor-heading-title.elementor-size-medium{font-size:19px}.elementor-widget-heading .elementor-heading-title.elementor-size-large{font-size:29px}.elementor-widget-heading .elementor-heading-title.elementor-size-xl{font-size:39px}.elementor-widget-heading .elementor-heading-title.elementor-size-xxl{font-size:59px}<\/style><h1 class=\"elementor-heading-title elementor-size-medium\">The Advance of Sound<\/h1>\t\t<\/div>\n\t\t\t\t<\/div>\n\t\t\t\t<section class=\"elementor-section elementor-inner-section elementor-element elementor-element-310b37d elementor-section-boxed elementor-section-height-default elementor-section-height-default\" data-id=\"310b37d\" data-element_type=\"section\" data-settings=\"{&quot;background_background&quot;:&quot;classic&quot;}\">\n\t\t\t\t\t\t<div class=\"elementor-container elementor-column-gap-default\">\n\t\t\t\t\t<div class=\"elementor-column elementor-col-50 elementor-inner-column elementor-element elementor-element-034fa63\" data-id=\"034fa63\" data-element_type=\"column\" data-settings=\"{&quot;background_background&quot;:&quot;classic&quot;}\">\n\t\t\t<div class=\"elementor-widget-wrap elementor-element-populated\">\n\t\t\t\t\t\t\t\t<div class=\"elementor-element elementor-element-a54ec27 elementor-widget__width-initial elementor-widget-tablet__width-inherit elementor-widget elementor-widget-image\" data-id=\"a54ec27\" data-element_type=\"widget\" data-widget_type=\"image.default\">\n\t\t\t\t<div class=\"elementor-widget-container\">\n\t\t\t<style>\/*! elementor - v3.10.0 - 09-01-2023 *\/\n.elementor-widget-image{text-align:center}.elementor-widget-image a{display:inline-block}.elementor-widget-image a img[src$=\".svg\"]{width:48px}.elementor-widget-image img{vertical-align:middle;display:inline-block}<\/style>\t\t\t\t\t\t\t\t\t\t\t\t<img decoding=\"async\" width=\"937\" height=\"625\" src=\"https:\/\/www.dbindos.info\/wp-content\/uploads\/planinscak_31-e1644225051481.jpg\" class=\"attachment-full size-full wp-image-4312\" alt=\"\" loading=\"lazy\" srcset=\"https:\/\/www.dbindos.info\/wp-content\/uploads\/planinscak_31-e1644225051481.jpg 937w, https:\/\/www.dbindos.info\/wp-content\/uploads\/planinscak_31-e1644225051481-300x200.jpg 300w, https:\/\/www.dbindos.info\/wp-content\/uploads\/planinscak_31-e1644225051481-768x512.jpg 768w, https:\/\/www.dbindos.info\/wp-content\/uploads\/planinscak_31-e1644225051481-18x12.jpg 18w\" sizes=\"(max-width: 937px) 100vw, 937px\" \/>\t\t\t\t\t\t\t\t\t\t\t\t\t\t\t<\/div>\n\t\t\t\t<\/div>\n\t\t\t\t\t<\/div>\n\t\t<\/div>\n\t\t\t\t<div class=\"elementor-column elementor-col-50 elementor-inner-column elementor-element elementor-element-7f9eff3\" data-id=\"7f9eff3\" data-element_type=\"column\">\n\t\t\t<div class=\"elementor-widget-wrap elementor-element-populated\">\n\t\t\t\t\t\t\t\t<div class=\"elementor-element elementor-element-c2c3168 elementor-widget__width-initial elementor-widget-mobile__width-inherit elementor-widget-tablet__width-inherit elementor-widget elementor-widget-text-editor\" data-id=\"c2c3168\" data-element_type=\"widget\" data-widget_type=\"text-editor.default\">\n\t\t\t\t<div class=\"elementor-widget-container\">\n\t\t\t<style>\/*! elementor - v3.10.0 - 09-01-2023 *\/\n.elementor-widget-text-editor.elementor-drop-cap-view-stacked .elementor-drop-cap{background-color:#818a91;color:#fff}.elementor-widget-text-editor.elementor-drop-cap-view-framed .elementor-drop-cap{color:#818a91;border:3px solid;background-color:transparent}.elementor-widget-text-editor:not(.elementor-drop-cap-view-default) .elementor-drop-cap{margin-top:8px}.elementor-widget-text-editor:not(.elementor-drop-cap-view-default) .elementor-drop-cap-letter{width:1em;height:1em}.elementor-widget-text-editor .elementor-drop-cap{float:left;text-align:center;line-height:1;font-size:50px}.elementor-widget-text-editor .elementor-drop-cap-letter{display:inline-block}<\/style>\t\t\t\t<p><strong>The Advance of Sound\n- on Planin\u0161ak the Phantom<\/strong><\/p><p class=\" translation-block\">In Planin\u0161ak the Phantom, Damir Bartol Indo\u0161 and Tanja Vrvilo, a hypnothically passionate duo, along with Vilim Matula's significant performative calmness and sovereign voice stand in opposition to a dance piece named Denuded. One can become denuded in many ways that have nothing to do with layers of clothes that one wears. Planin\u0161ak the Phantom is a true three-headed phantom hero fighting against all forms of closedness and apathy, or a performance about a unique apparition of Stjepan Planin\u0161ak, an assassin from Zagreb and humble law student who shot at the Ban Cuvaj in 1912 thus not only disturbing the impenetrable political silence of Zagreb St Marc's Square (the location of the Croatian Government) but also committing suicide on the spot. Therefore, we are faced with simultaneous withering away of the State and self-reduction in the same act, opera-like music to celebrate the glory of rebels, live acoustic performance that slowly progresses into a hymn dedicated to the freedom of anomaly played on famous Indo\u0161\u2019s schachtophons (metal waste of technological age set in special sound effects). <br><br>Philosophically speaking, this performance is about the voice we can no longer hear, but also the voice that is so strong that we hear it as a kind of permanent repercussion or continuous ultra-frequency. That is why there is no hierarchy of sounds on stage. The noise intertwined with singing and different forms of strengthened verbal calls, biographical quotations on Stjepan Planin\u0161ak mixed with the list of obligatory subjects that students of law had to pass in the Austro-Hungarian Monarchy in 1912 (the programme book is designed as a student\u2019s transcript), broken words clash with clinking pipes in a rhythmical swing where electric and acoustic guitars follow the thumbing on the newly-built tin instruments \u2013 all make an enigmatic story about the disappearance of an object from our homes and ambiguity of facts combined with noises from a microphone and a megaphone. Handmade objects function both as voice enhancers and modulators, where the sound during the performance gains in the quality of physical presence in the performative space. The sound recalls not only the body of the one-time political terrorist but also the zone of experimental capture of a public space by means of bodies that think and sing against the usual acquiescence and docility. <br><br>Indo\u0161, Vrvilo and Matula make an excellent performative triad and the first line of opera-like thickness that dissolves all critical boundaries of sonority. It is important to mention Ivan Bilosni\u0107 Bic playing the guitar and Nino Pri\u0161ut playing the bass. In that sense, Planin\u0161ak the Phantom is so far the most comprehensive piece in the performative cycle dedicated to Croatian assassins. Its audio score might be noted down and performed as a compositional bravura of experimental music. And then, what makes this performance lies in its performers\u2019 palpable lively and artistic integrity where they are at the same time irreplaceable and unrepeatable, just as Stjepan Planin\u0161ak was.<\/p><p><strong>Nata\u0161a GOVEDI\u0106\u00a0\u00a0\u00a0<\/strong><\/p>\t\t\t\t\t\t<\/div>\n\t\t\t\t<\/div>\n\t\t\t\t\t<\/div>\n\t\t<\/div>\n\t\t\t\t\t\t\t<\/div>\n\t\t<\/section>\n\t\t\t\t\t<\/div>\n\t\t<\/div>\n\t\t\t\t\t\t\t<\/div>\n\t\t<\/section>\n\t\t\t\t\t\t\t<\/div>","protected":false},"excerpt":{"rendered":"<p>Nadiranje zvuka Nadiranje zvuka &#8211; uz predstavu Fantom Planin\u0161ak \u00a0\u00a0\u00a0\u00a0\u00a0\u00a0\u00a0\u00a0\u00a0Hipnoti\u010dki strastven autorski dvojac\u00a0Damir Bartol Indo\u0161 i Tanja Vrvilo, uz zna\u010dajnu izvo\u0111a\u010dku smirenost i glasovnu suverenost Vilima Matule u predstavi \u201eFantom Planin\u0161ak\u201c, posvema\u0161nja su suprotnost op\u0107enosti \u201eNe\u010dastivih\u201c. Razodjenuti se mo\u017eemo, naime, na mnogo na\u010dina koji nemaju veze sa slojevima odje\u0107e koje nosimo. \u201eFantom Planin\u0161ak\u201c pravi je &hellip;<\/p>\n<p class=\"read-more\"> <a class=\"\" href=\"https:\/\/www.dbindos.info\/en\/reviews\/the-advance-of-sound\/\"> <span class=\"screen-reader-text\">The Advance of Sound<\/span> Read More &raquo;<\/a><\/p>","protected":false},"author":1,"featured_media":0,"parent":6105,"menu_order":0,"comment_status":"closed","ping_status":"closed","template":"","meta":{"site-sidebar-layout":"no-sidebar","site-content-layout":"page-builder","ast-global-header-display":"","ast-main-header-display":"","ast-hfb-above-header-display":"","ast-hfb-below-header-display":"","ast-hfb-mobile-header-display":"","site-post-title":"disabled","ast-breadcrumbs-content":"","ast-featured-img":"disabled","footer-sml-layout":"","theme-transparent-header-meta":"","adv-header-id-meta":"","stick-header-meta":"","header-above-stick-meta":"","header-main-stick-meta":"","header-below-stick-meta":""},"_links":{"self":[{"href":"https:\/\/www.dbindos.info\/en\/wp-json\/wp\/v2\/pages\/5998"}],"collection":[{"href":"https:\/\/www.dbindos.info\/en\/wp-json\/wp\/v2\/pages"}],"about":[{"href":"https:\/\/www.dbindos.info\/en\/wp-json\/wp\/v2\/types\/page"}],"author":[{"embeddable":true,"href":"https:\/\/www.dbindos.info\/en\/wp-json\/wp\/v2\/users\/1"}],"replies":[{"embeddable":true,"href":"https:\/\/www.dbindos.info\/en\/wp-json\/wp\/v2\/comments?post=5998"}],"version-history":[{"count":16,"href":"https:\/\/www.dbindos.info\/en\/wp-json\/wp\/v2\/pages\/5998\/revisions"}],"predecessor-version":[{"id":6020,"href":"https:\/\/www.dbindos.info\/en\/wp-json\/wp\/v2\/pages\/5998\/revisions\/6020"}],"up":[{"embeddable":true,"href":"https:\/\/www.dbindos.info\/en\/wp-json\/wp\/v2\/pages\/6105"}],"wp:attachment":[{"href":"https:\/\/www.dbindos.info\/en\/wp-json\/wp\/v2\/media?parent=5998"}],"curies":[{"name":"wp","href":"https:\/\/api.w.org\/{rel}","templated":true}]}}