{"id":6105,"date":"2023-11-25T16:08:51","date_gmt":"2023-11-25T16:08:51","guid":{"rendered":"https:\/\/www.dbindos.info\/?page_id=6105"},"modified":"2025-04-17T11:35:44","modified_gmt":"2025-04-17T10:35:44","slug":"reviews","status":"publish","type":"page","link":"https:\/\/www.dbindos.info\/en\/reviews\/","title":{"rendered":"Reviews"},"content":{"rendered":"<div data-elementor-type=\"wp-page\" data-elementor-id=\"6105\" class=\"elementor elementor-6105\">\n\t\t\t\t\t\t\t\t\t<section class=\"elementor-section elementor-top-section elementor-element elementor-element-6ca1e24 elementor-section-boxed elementor-section-height-default elementor-section-height-default\" data-id=\"6ca1e24\" data-element_type=\"section\" data-settings=\"{&quot;background_background&quot;:&quot;classic&quot;}\">\n\t\t\t\t\t\t<div class=\"elementor-container elementor-column-gap-default\">\n\t\t\t\t\t<div class=\"elementor-column elementor-col-100 elementor-top-column elementor-element elementor-element-713af29\" data-id=\"713af29\" data-element_type=\"column\" data-settings=\"{&quot;background_background&quot;:&quot;classic&quot;}\">\n\t\t\t<div class=\"elementor-widget-wrap elementor-element-populated\">\n\t\t\t\t\t\t\t\t<div class=\"elementor-element elementor-element-96fd191 elementor-widget-mobile__width-inherit elementor-widget elementor-widget-heading\" data-id=\"96fd191\" data-element_type=\"widget\" data-widget_type=\"heading.default\">\n\t\t\t\t<div class=\"elementor-widget-container\">\n\t\t\t<style>\/*! elementor - v3.10.0 - 09-01-2023 *\/\n.elementor-heading-title{padding:0;margin:0;line-height:1}.elementor-widget-heading .elementor-heading-title[class*=elementor-size-]>a{color:inherit;font-size:inherit;line-height:inherit}.elementor-widget-heading .elementor-heading-title.elementor-size-small{font-size:15px}.elementor-widget-heading .elementor-heading-title.elementor-size-medium{font-size:19px}.elementor-widget-heading .elementor-heading-title.elementor-size-large{font-size:29px}.elementor-widget-heading .elementor-heading-title.elementor-size-xl{font-size:39px}.elementor-widget-heading .elementor-heading-title.elementor-size-xxl{font-size:59px}<\/style><h1 class=\"elementor-heading-title elementor-size-medium\">REVIEWS <\/h1>\t\t<\/div>\n\t\t\t\t<\/div>\n\t\t\t\t<section class=\"elementor-section elementor-inner-section elementor-element elementor-element-9847d0f elementor-section-boxed elementor-section-height-default elementor-section-height-default\" data-id=\"9847d0f\" data-element_type=\"section\" data-settings=\"{&quot;background_background&quot;:&quot;classic&quot;}\">\n\t\t\t\t\t\t<div class=\"elementor-container elementor-column-gap-default\">\n\t\t\t\t\t<div class=\"elementor-column elementor-col-50 elementor-inner-column elementor-element elementor-element-cd94df8\" data-id=\"cd94df8\" data-element_type=\"column\" data-settings=\"{&quot;background_background&quot;:&quot;classic&quot;}\">\n\t\t\t<div class=\"elementor-widget-wrap elementor-element-populated\">\n\t\t\t\t\t\t\t\t<div class=\"elementor-element elementor-element-d9ff0f1 elementor-widget-mobile__width-initial elementor-widget__width-initial elementor-widget-tablet__width-inherit elementor-widget elementor-widget-image\" data-id=\"d9ff0f1\" data-element_type=\"widget\" data-widget_type=\"image.default\">\n\t\t\t\t<div class=\"elementor-widget-container\">\n\t\t\t<style>\/*! elementor - v3.10.0 - 09-01-2023 *\/\n.elementor-widget-image{text-align:center}.elementor-widget-image a{display:inline-block}.elementor-widget-image a img[src$=\".svg\"]{width:48px}.elementor-widget-image img{vertical-align:middle;display:inline-block}<\/style>\t\t\t\t\t\t\t\t\t\t\t\t\t<a href=\"https:\/\/www.dbindos.info\/wp-content\/uploads\/53321163922_79605ea6d7_b.jpg\" data-elementor-open-lightbox=\"yes\" e-action-hash=\"#elementor-action%3Aaction%3Dlightbox%26settings%3DeyJpZCI6NTc5NywidXJsIjoiaHR0cHM6XC9cL3d3dy5kYmluZG9zLmluZm9cL3dwLWNvbnRlbnRcL3VwbG9hZHNcLzUzMzIxMTYzOTIyXzc5NjA1ZWE2ZDdfYi5qcGcifQ%3D%3D\">\n\t\t\t\t\t\t\t<img decoding=\"async\" width=\"1024\" height=\"683\" src=\"https:\/\/www.dbindos.info\/wp-content\/uploads\/53321163922_79605ea6d7_b.jpg\" class=\"attachment-full size-full wp-image-5797\" alt=\"\" loading=\"lazy\" srcset=\"https:\/\/www.dbindos.info\/wp-content\/uploads\/53321163922_79605ea6d7_b.jpg 1024w, https:\/\/www.dbindos.info\/wp-content\/uploads\/53321163922_79605ea6d7_b-300x200.jpg 300w, https:\/\/www.dbindos.info\/wp-content\/uploads\/53321163922_79605ea6d7_b-768x512.jpg 768w, https:\/\/www.dbindos.info\/wp-content\/uploads\/53321163922_79605ea6d7_b-18x12.jpg 18w\" sizes=\"(max-width: 1024px) 100vw, 1024px\" \/>\t\t\t\t\t\t\t\t<\/a>\n\t\t\t\t\t\t\t\t\t\t\t\t\t\t\t<\/div>\n\t\t\t\t<\/div>\n\t\t\t\t<div class=\"elementor-element elementor-element-ce70e7b elementor-widget-mobile__width-initial elementor-widget__width-initial elementor-widget-tablet__width-inherit elementor-hidden-mobile elementor-widget elementor-widget-image\" data-id=\"ce70e7b\" data-element_type=\"widget\" data-widget_type=\"image.default\">\n\t\t\t\t<div class=\"elementor-widget-container\">\n\t\t\t\t\t\t\t\t\t\t\t\t\t\t\t\t<a href=\"https:\/\/www.dbindos.info\/wp-content\/uploads\/planinscak_31-e1644225051481.jpg\" data-elementor-open-lightbox=\"yes\" e-action-hash=\"#elementor-action%3Aaction%3Dlightbox%26settings%3DeyJpZCI6NDMxMiwidXJsIjoiaHR0cHM6XC9cL3d3dy5kYmluZG9zLmluZm9cL3dwLWNvbnRlbnRcL3VwbG9hZHNcL3BsYW5pbnNjYWtfMzEtZTE2NDQyMjUwNTE0ODEuanBnIn0%3D\">\n\t\t\t\t\t\t\t<img decoding=\"async\" width=\"937\" height=\"625\" src=\"https:\/\/www.dbindos.info\/wp-content\/uploads\/planinscak_31-e1644225051481.jpg\" class=\"attachment-full size-full wp-image-4312\" alt=\"\" loading=\"lazy\" srcset=\"https:\/\/www.dbindos.info\/wp-content\/uploads\/planinscak_31-e1644225051481.jpg 937w, https:\/\/www.dbindos.info\/wp-content\/uploads\/planinscak_31-e1644225051481-300x200.jpg 300w, https:\/\/www.dbindos.info\/wp-content\/uploads\/planinscak_31-e1644225051481-768x512.jpg 768w, https:\/\/www.dbindos.info\/wp-content\/uploads\/planinscak_31-e1644225051481-18x12.jpg 18w\" sizes=\"(max-width: 937px) 100vw, 937px\" \/>\t\t\t\t\t\t\t\t<\/a>\n\t\t\t\t\t\t\t\t\t\t\t\t\t\t\t<\/div>\n\t\t\t\t<\/div>\n\t\t\t\t<div class=\"elementor-element elementor-element-0993fe3 elementor-widget-mobile__width-initial elementor-widget__width-initial elementor-widget-tablet__width-inherit elementor-hidden-mobile elementor-widget elementor-widget-image\" data-id=\"0993fe3\" data-element_type=\"widget\" data-widget_type=\"image.default\">\n\t\t\t\t<div class=\"elementor-widget-container\">\n\t\t\t\t\t\t\t\t\t\t\t\t\t\t\t\t<a href=\"https:\/\/www.dbindos.info\/wp-content\/uploads\/Americki-atentator-64.jpg\" data-elementor-open-lightbox=\"yes\" e-action-hash=\"#elementor-action%3Aaction%3Dlightbox%26settings%3DeyJpZCI6NDQ3MywidXJsIjoiaHR0cHM6XC9cL3d3dy5kYmluZG9zLmluZm9cL3dwLWNvbnRlbnRcL3VwbG9hZHNcL0FtZXJpY2tpLWF0ZW50YXRvci02NC5qcGcifQ%3D%3D\">\n\t\t\t\t\t\t\t<img decoding=\"async\" width=\"918\" height=\"625\" src=\"https:\/\/www.dbindos.info\/wp-content\/uploads\/Americki-atentator-64.jpg\" class=\"attachment-full size-full wp-image-4473\" alt=\"\" loading=\"lazy\" srcset=\"https:\/\/www.dbindos.info\/wp-content\/uploads\/Americki-atentator-64.jpg 918w, https:\/\/www.dbindos.info\/wp-content\/uploads\/Americki-atentator-64-300x204.jpg 300w, https:\/\/www.dbindos.info\/wp-content\/uploads\/Americki-atentator-64-768x523.jpg 768w, https:\/\/www.dbindos.info\/wp-content\/uploads\/Americki-atentator-64-18x12.jpg 18w\" sizes=\"(max-width: 918px) 100vw, 918px\" \/>\t\t\t\t\t\t\t\t<\/a>\n\t\t\t\t\t\t\t\t\t\t\t\t\t\t\t<\/div>\n\t\t\t\t<\/div>\n\t\t\t\t\t<\/div>\n\t\t<\/div>\n\t\t\t\t<div class=\"elementor-column elementor-col-50 elementor-inner-column elementor-element elementor-element-45f6fb0\" data-id=\"45f6fb0\" data-element_type=\"column\">\n\t\t\t<div class=\"elementor-widget-wrap elementor-element-populated\">\n\t\t\t\t\t\t\t\t<div class=\"elementor-element elementor-element-03dae69 elementor-widget__width-initial elementor-widget-mobile__width-inherit elementor-widget-tablet__width-inherit elementor-widget elementor-widget-text-editor\" data-id=\"03dae69\" data-element_type=\"widget\" data-widget_type=\"text-editor.default\">\n\t\t\t\t<div class=\"elementor-widget-container\">\n\t\t\t<style>\/*! elementor - v3.10.0 - 09-01-2023 *\/\n.elementor-widget-text-editor.elementor-drop-cap-view-stacked .elementor-drop-cap{background-color:#818a91;color:#fff}.elementor-widget-text-editor.elementor-drop-cap-view-framed .elementor-drop-cap{color:#818a91;border:3px solid;background-color:transparent}.elementor-widget-text-editor:not(.elementor-drop-cap-view-default) .elementor-drop-cap{margin-top:8px}.elementor-widget-text-editor:not(.elementor-drop-cap-view-default) .elementor-drop-cap-letter{width:1em;height:1em}.elementor-widget-text-editor .elementor-drop-cap{float:left;text-align:center;line-height:1;font-size:50px}.elementor-widget-text-editor .elementor-drop-cap-letter{display:inline-block}<\/style>\t\t\t\t<p><a href=\"https:\/\/artkvart.hr\/rotulus-homo-pendulum-izraz-mekog-terorizma-umjetnosti-u-zagrebackom-pogonu-jedinstvo\/\">\u201eRotulus Homo Pendulum\u201c \u2013 izraz mekog terorizma umjetnosti u zagreba\u010dkom Pogonu Jedinstvo<\/a> &#8211; <strong>Bernard Grubi\u0161i\u0107, ARTKVART, 2025.<\/strong><\/p><p><a href=\"https:\/\/www.tportal.hr\/kultura\/clanak\/indos-uz-pomoc-zlatka-burica-odigrao-svoju-spektakularnu-posvetu-marku-brecelju-foto-20250116\/slika-935354315b5e519317f26549af295b0e\">Indo\u0161 uz pomo\u0107 Zlatka Buri\u0107a odigrao svoju spektakularnu posvetu Marku Brecelju<\/a> &#8211; <strong>TPORTAL, 2025.<\/strong><\/p><p><a href=\"https:\/\/www.delo.si\/kultura\/knjiga\/prestopanje-meja-svetega-in-ludicnega\">Prestopanje meja svetega in ludi\u010dnega<\/a> &#8211; <strong>Peter Rak, Delo, 2024.<\/strong><\/p><p><a href=\"https:\/\/www.mgl.si\/sl\/predstave\/indos-in-zivadinov-teatro-bio-grafiji\/\">INDO\u0160 IN \u017dIVADINOV, TEATRO-BIO-GRAFIJI<\/a> &#8211; <strong>Agata Juniku, MGL, 2024.<\/strong><\/p><p><a href=\"https:\/\/www.jutarnji.hr\/kultura\/art\/cijelo-su-ljeto-mogli-ste-ih-vidjeti-proveli-uz-trnjanski-nasip-radeci-na-nevidenom-projektu-15509725\">Cijelo su ljeto, mogli ste ih vidjeti, proveli uz trnjanski nasip rade\u0107i na nevi\u0111enom projektu<\/a> &#8211; <strong>Pavica Knezovi\u0107 Belan, Jutarnji list, 2024.<\/strong><\/p><p><a href=\"https:\/\/ravnododna.com\/ekstremno-muzicki-performans-svi-pricaju-o-vremenu-mi-ne-u-jedinstvu-povratak-na-mjesto-nesrece\/\">\u2018Svi pri\u010daju o vremenu mi ne\u2019<\/a> &#8211; <strong>Vedran Har\u010da, RAVNO DO DNA, 2024.<\/strong><\/p><p><a href=\"https:\/\/www.dbindos.info\/wp-content\/uploads\/KRETANJA-42-2024-review.pdf\">Probijanje \u017eanrovskih limensa u Ljubavnom slu\u010daju Fahrije P. Kugla glumi\u0161ta<\/a> &#8211; <strong>Mario \u017dupanovi\u0107, KRETANJA, 2024. <\/strong>(PDF)<\/p><p><a href=\"https:\/\/ravnododna.com\/sampladelija-u-pogonu-jedinstvo-a-g-matos-i-zombiji\/\" target=\"_blank\" rel=\"noopener\">Sampladelija u Pogonu Jedinstvo \u2013 A.G. Mato\u0161 i zombiji <\/a>&#8211; <strong>Vedran Har\u010da, ravno do dna, 2023.<\/strong><\/p><p><a href=\"https:\/\/kulturpunkt.hr\/kritika\/klitoris-dokida-strah-od-buducnosti\/\" target=\"_blank\" rel=\"noopener\">Klitoris dokida strah od budu\u0107nosti (Ismena)<\/a>\u00a0&#8211; <strong>ANAMARIJA \u017dUGI\u0106 BORI\u0106, kulturpunkt, 2023.<\/strong><\/p><p><a href=\"https:\/\/www.dbindos.info\/wp-content\/uploads\/Suzana-Marjanic-Damir-Bartol-Indos-i-Tanja-Vrvilo.pdf\">Performative Translation of Croatian Neo\/Avant-garde<\/a> &#8211; <strong>Suzana Marjani\u0107, 2023.<\/strong> (pdf)<\/p><p><a href=\"https:\/\/urn.nsk.hr\/urn:nbn:hr:116:496970\">Muzi\u010dko u \u201cKu\u0107i ekstremnog muzi\u010dkog kazali\u0161ta\u201d<\/a> &#8211; <strong>Josip Lukovi\u0107, Muzi\u010dka akademija, 2022.<\/strong><\/p><p><a href=\"https:\/\/www.dbindos.info\/wp-content\/uploads\/Family_theatre_world_Understanding_community_in_th.pdf\">Obitelj, teatar, svijet: Poimanje zajednice u predstavama Olivera Frlji\u0107a i Damira Bartola Indo\u0161a<\/a> &#8211; <strong>AGATA JUNIKU, ADU, 2022. <\/strong>(PDF)<\/p><p><a href=\"https:\/\/www.dbindos.info\/wp-content\/uploads\/Anamarija_Zugic_Boric_Extreme_Music_Theater.pdf\" rel=\"noopener\">FROM POSTDRAMATIC HETEROGENEITY TO NEW REFLECTIONS ON NOISE<\/a>\u00a0&#8211; <strong>Anamarija \u017dugi\u0107 Bori\u0107, 2022.<\/strong> (pdf)<\/p><p><a href=\"https:\/\/www.dbindos.info\/wp-content\/uploads\/Suzana_Majnaric_APORIJE_PSIHE.pdf\" rel=\"noopener\">Legalisation of Insanity through Art: Performance of Symptoms of Mental Suffering<\/a> &#8211; <strong>Suzana Marjani\u0107, 2021.<\/strong> (pdf)<\/p><p><a href=\"https:\/\/www.plesnascena.hr\/index.php?p=article&amp;id=2429\" target=\"_blank\" rel=\"noopener\">\u0160AHTOFONSKA POSVETA IVANU MARTINCU<\/a>\u00a0 &#8211; <strong>Suzana Marjani\u0107, Plesna scena, 2020.<\/strong><\/p><p><a href=\"https:\/\/www.dbindos.info\/wp-content\/uploads\/Leo-Rafolt_Teska-industrija-smisla-EPK-2020.pdf\" rel=\"noopener\">Te\u0161ka industrija smisla: zabilje\u0161ke o otvaranju EPK 2020.<\/a> &#8211; <strong>Leo Rafolt, 2020.<\/strong> (pdf)<\/p><p><a href=\"http:\/\/www.kulturpunkt.hr\/content\/slusati-trzaje-utrobe-rijeci\" target=\"_blank\" rel=\"noopener\">Slu\u0161ati trzaje utrobe rije\u010di<\/a>\u00a0 &#8211; <strong>Anamarija \u017dugi\u0107, Kulturpunkt, 2018.<\/strong><\/p><p><a href=\"http:\/\/www.portalnovosti.com\/kazalina-kritika-revolucija-iz-ahta\" target=\"_blank\" rel=\"noopener\">Revolucija iz \u0161ahta<\/a> &#8211; <strong>Bojan Munjin, Novosti, 2016.<\/strong><\/p><p><a href=\"https:\/\/www.plesnascena.hr\/index.php?p=article&amp;id=1949\" target=\"_blank\" rel=\"noopener\">Shizofona pentalogija<\/a> &#8211; <strong>Suzana Marjani\u0107, Plesna scena, 2016.<\/strong><\/p><p><a href=\"https:\/\/www.dbindos.info\/en\/reviews\/the-advance-of-sound\/\" rel=\"noopener\">The Advance of Sound<\/a> &#8211; <strong>Nata\u0161a Govedi\u0107, 2016.<\/strong><\/p>\t\t\t\t\t\t<\/div>\n\t\t\t\t<\/div>\n\t\t\t\t<div class=\"elementor-element elementor-element-a31585c elementor-widget-mobile__width-initial elementor-widget__width-initial elementor-widget-tablet__width-inherit elementor-hidden-desktop elementor-hidden-tablet elementor-widget elementor-widget-image\" data-id=\"a31585c\" data-element_type=\"widget\" data-widget_type=\"image.default\">\n\t\t\t\t<div class=\"elementor-widget-container\">\n\t\t\t\t\t\t\t\t\t\t\t\t\t\t\t\t<a href=\"https:\/\/www.dbindos.info\/wp-content\/uploads\/planinscak_31-e1644225051481.jpg\" data-elementor-open-lightbox=\"yes\" e-action-hash=\"#elementor-action%3Aaction%3Dlightbox%26settings%3DeyJpZCI6NDMxMiwidXJsIjoiaHR0cHM6XC9cL3d3dy5kYmluZG9zLmluZm9cL3dwLWNvbnRlbnRcL3VwbG9hZHNcL3BsYW5pbnNjYWtfMzEtZTE2NDQyMjUwNTE0ODEuanBnIn0%3D\">\n\t\t\t\t\t\t\t<img decoding=\"async\" width=\"937\" height=\"625\" src=\"https:\/\/www.dbindos.info\/wp-content\/uploads\/planinscak_31-e1644225051481.jpg\" class=\"attachment-full size-full wp-image-4312\" alt=\"\" loading=\"lazy\" srcset=\"https:\/\/www.dbindos.info\/wp-content\/uploads\/planinscak_31-e1644225051481.jpg 937w, https:\/\/www.dbindos.info\/wp-content\/uploads\/planinscak_31-e1644225051481-300x200.jpg 300w, https:\/\/www.dbindos.info\/wp-content\/uploads\/planinscak_31-e1644225051481-768x512.jpg 768w, https:\/\/www.dbindos.info\/wp-content\/uploads\/planinscak_31-e1644225051481-18x12.jpg 18w\" sizes=\"(max-width: 937px) 100vw, 937px\" \/>\t\t\t\t\t\t\t\t<\/a>\n\t\t\t\t\t\t\t\t\t\t\t\t\t\t\t<\/div>\n\t\t\t\t<\/div>\n\t\t\t\t<div class=\"elementor-element elementor-element-5ae57bf elementor-widget__width-initial elementor-widget-mobile__width-inherit elementor-widget-tablet__width-inherit elementor-widget elementor-widget-text-editor\" data-id=\"5ae57bf\" data-element_type=\"widget\" data-widget_type=\"text-editor.default\">\n\t\t\t\t<div class=\"elementor-widget-container\">\n\t\t\t\t\t\t\t<div class=\"supplementary\"><p><a href=\"https:\/\/kulturpunkt.hr\/kritika\/kontinuirana-prljavost\/\" target=\"_blank\" rel=\"noopener\">Kontinuirana prljavost (Fantom Planin\u0161ak)<\/a> &#8211; <strong>Una Bauer, Kulturpunkt, 2015.<\/strong><\/p><p><a href=\"https:\/\/www.dbindos.info\/en\/reviews\/prasko-kvadrijenale\/\" rel=\"noopener\">pra\u0161ko kvadrijenale (Tosca 914)<\/a>\u00a0&#8211; <strong>Igor Ru\u017ei\u0107, 2015.<\/strong><\/p><p><a href=\"https:\/\/www.academia.edu\/46918382\/Kugla_glumi%C5%A1te_i_Indo%C5%A1eva_Kugla\" target=\"_blank\" rel=\"noopener\">kugla kronotop<\/a> &#8211; <strong>Suzana Marjani\u0107, 2014.<\/strong><\/p><p><a href=\"https:\/\/www.dbindos.info\/wp-content\/uploads\/Gaffa.pdf\" rel=\"noopener\">GAFFA<\/a> &#8211; <strong>Torben Hollefeuer, 2014.<\/strong> (pdf)<\/p><\/div>\t\t\t\t\t\t<\/div>\n\t\t\t\t<\/div>\n\t\t\t\t<div class=\"elementor-element elementor-element-e1c56a3 elementor-widget-mobile__width-initial elementor-widget__width-initial elementor-widget-tablet__width-inherit elementor-hidden-desktop elementor-hidden-tablet elementor-widget elementor-widget-image\" data-id=\"e1c56a3\" data-element_type=\"widget\" data-widget_type=\"image.default\">\n\t\t\t\t<div class=\"elementor-widget-container\">\n\t\t\t\t\t\t\t\t\t\t\t\t\t\t\t\t<a href=\"https:\/\/www.dbindos.info\/wp-content\/uploads\/Americki-atentator-64.jpg\" data-elementor-open-lightbox=\"yes\" e-action-hash=\"#elementor-action%3Aaction%3Dlightbox%26settings%3DeyJpZCI6NDQ3MywidXJsIjoiaHR0cHM6XC9cL3d3dy5kYmluZG9zLmluZm9cL3dwLWNvbnRlbnRcL3VwbG9hZHNcL0FtZXJpY2tpLWF0ZW50YXRvci02NC5qcGcifQ%3D%3D\">\n\t\t\t\t\t\t\t<img decoding=\"async\" width=\"918\" height=\"625\" src=\"https:\/\/www.dbindos.info\/wp-content\/uploads\/Americki-atentator-64.jpg\" class=\"attachment-full size-full wp-image-4473\" alt=\"\" loading=\"lazy\" srcset=\"https:\/\/www.dbindos.info\/wp-content\/uploads\/Americki-atentator-64.jpg 918w, https:\/\/www.dbindos.info\/wp-content\/uploads\/Americki-atentator-64-300x204.jpg 300w, https:\/\/www.dbindos.info\/wp-content\/uploads\/Americki-atentator-64-768x523.jpg 768w, https:\/\/www.dbindos.info\/wp-content\/uploads\/Americki-atentator-64-18x12.jpg 18w\" sizes=\"(max-width: 918px) 100vw, 918px\" \/>\t\t\t\t\t\t\t\t<\/a>\n\t\t\t\t\t\t\t\t\t\t\t\t\t\t\t<\/div>\n\t\t\t\t<\/div>\n\t\t\t\t<div class=\"elementor-element elementor-element-a44f1a3 elementor-widget__width-initial elementor-widget-mobile__width-inherit elementor-widget-tablet__width-inherit elementor-widget elementor-widget-text-editor\" data-id=\"a44f1a3\" data-element_type=\"widget\" data-widget_type=\"text-editor.default\">\n\t\t\t\t<div class=\"elementor-widget-container\">\n\t\t\t\t\t\t\t<div class=\"supplementary\"><p><a href=\"https:\/\/www.dbindos.info\/wp-content\/uploads\/Novi_List_Americki_atentator.pdf\" rel=\"noopener\">Revolucionarna gesta kao tema &#8220;Ameri\u010dkog atentatora&#8221;<\/a>\u00a0&#8211;\u00a0 <strong>Nata\u0161a Govedi\u0107, NOVI LIST, 2013.<\/strong> (pdf)<\/p><p><a href=\"https:\/\/www.dbindos.info\/wp-content\/uploads\/n_govedic.pdf\" rel=\"noopener\">Uklju\u010divanje alarma<\/a> &#8211; <strong>Nata\u0161a Govedi\u0107, Tre\u0107i program HR<\/strong> (pdf)<\/p><p><a href=\"https:\/\/www.dbindos.info\/wp-content\/uploads\/BCC-Magazine-Americki-atentator-Una-Bauer.pdf\">Tender concentration and noisy resistance<\/a> &#8211; <strong>Una Bauer, New Issue of BCC Magazine: Performance Art <\/strong>(pdf)<\/p><p><a href=\"https:\/\/www.dbindos.info\/en\/reviews\/ako-ribe-u-vodi-ne-gladuju\/\">Ako ribe u vodi ne gladuju\u2026<\/a> &#8211; <strong>Una Bauer, Tre\u0107i program HR, 2013.<\/strong><\/p><p><a href=\"https:\/\/www.dbindos.info\/wp-content\/uploads\/vecernji_msu.pdf\">Ameri\u010dki atentator <\/a>&#8211; <strong>Ana Lendvaj, Ve\u010dernji list<\/strong> (pdf)<\/p><p><a href=\"https:\/\/www.dbindos.info\/en\/reviews\/status-umjetnickog-atentata\/\">Status umjetni\u010dkog atentata<\/a> &#8211; <strong>Nata\u0161a Govedi\u0107, Zarez<\/strong><\/p><p><a href=\"https:\/\/www.dbindos.info\/en\/reviews\/stasa-aras-zadarski-list\/\" rel=\"noopener\">Kriegspiel<\/a> &#8211; <strong>Sta\u0161a Ares, Zadarski list, 2012.<\/strong><\/p><p><a href=\"https:\/\/www.dbindos.info\/wp-content\/uploads\/Cepheus_Novi_list.pdf\" rel=\"noopener\">AN HISTORIC EPISODE THAT INVOKES PRESENT (Cepheus)<\/a> &#8211; <strong>Kim Cuculi\u0107, Novi list, 2011.<\/strong> (pdf)<\/p><p><a href=\"https:\/\/www.dbindos.info\/wp-content\/uploads\/Cefas-Zarez-2010.jpg\">Retro\u010danstva? (Cefas)<\/a> &#8211; <strong>Nata\u0161a Govedi\u0107, Zarez, 2010.<\/strong><\/p><p><a href=\"https:\/\/www.dbindos.info\/wp-content\/uploads\/NO_JAZZ_FESTIVAL.pdf\" rel=\"noopener\">Damir Bartol Indo\u0161 i Anti Edip otvaraju Ne samo Jazz<\/a><a href=\"https:\/\/www.dbindos.info\/wp-content\/uploads\/NO_JAZZ_FESTIVAL.pdf\" rel=\"noopener\"> Festival<\/a><strong> &#8211; Ivan Hrsti\u0107, NO JAZZ FESTIVAL, 2009.<\/strong> (pdf)<\/p><p><a href=\"https:\/\/www.dbindos.info\/wp-content\/uploads\/Teretni_covjek.pdf\" rel=\"noopener\">Teretni \u010dovjek<\/a> &#8211; <strong>Igor Ru\u017ei\u0107, 2008.<\/strong> (pdf)<\/p><p><a href=\"https:\/\/www.dbindos.info\/wp-content\/uploads\/O_sahu_i_boli.pdf\" rel=\"noopener\">Obolii\u0161ahu<\/a> &#8211; <strong>Sr\u0111an Sandi\u0107, h-alter, 2007.<\/strong> (pdf)<\/p><p><a href=\"https:\/\/www.dbindos.info\/en\/reviews\/performance-research-una-bauer\/\">An Introduction to D. B. Indo\u0161<\/a> &#8211; <strong>Una Bauer, PERFORMANCE RESEARCH, 2005.<\/strong><\/p><p><a href=\"https:\/\/www.dbindos.info\/en\/reviews\/the-deforming-abstracting-body\/\" rel=\"noopener\">THE DEFORMING\/ABSTRACTING BODY<\/a> &#8211; <strong>Lada \u010cale Feldman, Frakcija, 2004.<\/strong><\/p><p><a href=\"https:\/\/www.dbindos.info\/wp-content\/uploads\/frakcija_williams-1.pdf\" rel=\"noopener\">Frakcija &#8211; An Encounter is perhaps<\/a> &#8211; <strong>David Williams, 2004.<\/strong> (pdf)<\/p><p><a href=\"https:\/\/www.dbindos.info\/en\/reviews\/zarez-natasa-govedic\/\" rel=\"noopener\">EROS OF THE SUBJECT IN SCOURING THE CHESS BOARD<\/a> &#8211; <strong>Nata\u0161a Govedi\u0107, Zarez, 2004.<\/strong><\/p><p><a href=\"https:\/\/archive.org\/stream\/Frakcija_26_27\/Frakcija_26-27#page\/n49\/mode\/2up\" target=\"_blank\" rel=\"noopener\">Ne tumbaj! Lomljivo (\u0160kolski autobus)<\/a> &#8211; <strong>Lada \u010cale Feldman, Frakcija <\/strong>PERFORMING ARTS JOURNAL, NO.26\/27, <strong>2002.<\/strong><\/p><p><a href=\"https:\/\/www.dbindos.info\/wp-content\/uploads\/Skolski_bus.pdf\" rel=\"noopener\">Dakle, igra (\u0160kolski autobus)<\/a> &#8211; <strong>Lada \u010cale Feldman, Vijenac, 2001.<\/strong> (pdf)<\/p><p><a href=\"https:\/\/www.dbindos.info\/en\/reviews\/the-spirit-on-a-bicycle\/\" target=\"_blank\" rel=\"noopener\">The Spirit on a Bicycle<\/a> &#8211; <strong>GORDANA OSTOVI\u0106, Vijenac, 2001.<\/strong><\/p><p><a href=\"https:\/\/www.dbindos.info\/wp-content\/uploads\/Start_Afera_Gigan_1982.pdf\" rel=\"noopener\">Kugla u glavu (Afera Gigan)<\/a> &#8211; <strong>Vladimir Gudac, START 1982.<\/strong> (pdf)<\/p><\/div>\t\t\t\t\t\t<\/div>\n\t\t\t\t<\/div>\n\t\t\t\t\t<\/div>\n\t\t<\/div>\n\t\t\t\t\t\t\t<\/div>\n\t\t<\/section>\n\t\t\t\t\t<\/div>\n\t\t<\/div>\n\t\t\t\t\t\t\t<\/div>\n\t\t<\/section>\n\t\t\t\t\t\t\t<\/div>","protected":false},"excerpt":{"rendered":"<p>REVIEWS \u201eRotulus Homo Pendulum\u201c \u2013 izraz mekog terorizma umjetnosti u zagreba\u010dkom Pogonu Jedinstvo &#8211; Bernard Grubi\u0161i\u0107, ARTKVART, 2025. Indo\u0161 uz pomo\u0107 Zlatka Buri\u0107a odigrao svoju spektakularnu posvetu Marku Brecelju &#8211; TPORTAL, 2025. Prestopanje meja svetega in ludi\u010dnega &#8211; Peter Rak, Delo, 2024. INDO\u0160 IN \u017dIVADINOV, TEATRO-BIO-GRAFIJI &#8211; Agata Juniku, MGL, 2024. Cijelo su ljeto, mogli &hellip;<\/p>\n<p class=\"read-more\"> <a class=\"\" href=\"https:\/\/www.dbindos.info\/en\/reviews\/\"> <span class=\"screen-reader-text\">Reviews<\/span> Read More &raquo;<\/a><\/p>","protected":false},"author":1,"featured_media":0,"parent":0,"menu_order":5,"comment_status":"closed","ping_status":"closed","template":"","meta":{"site-sidebar-layout":"no-sidebar","site-content-layout":"page-builder","ast-global-header-display":"","ast-main-header-display":"","ast-hfb-above-header-display":"","ast-hfb-below-header-display":"","ast-hfb-mobile-header-display":"","site-post-title":"disabled","ast-breadcrumbs-content":"","ast-featured-img":"disabled","footer-sml-layout":"","theme-transparent-header-meta":"","adv-header-id-meta":"","stick-header-meta":"","header-above-stick-meta":"","header-main-stick-meta":"","header-below-stick-meta":""},"_links":{"self":[{"href":"https:\/\/www.dbindos.info\/en\/wp-json\/wp\/v2\/pages\/6105"}],"collection":[{"href":"https:\/\/www.dbindos.info\/en\/wp-json\/wp\/v2\/pages"}],"about":[{"href":"https:\/\/www.dbindos.info\/en\/wp-json\/wp\/v2\/types\/page"}],"author":[{"embeddable":true,"href":"https:\/\/www.dbindos.info\/en\/wp-json\/wp\/v2\/users\/1"}],"replies":[{"embeddable":true,"href":"https:\/\/www.dbindos.info\/en\/wp-json\/wp\/v2\/comments?post=6105"}],"version-history":[{"count":383,"href":"https:\/\/www.dbindos.info\/en\/wp-json\/wp\/v2\/pages\/6105\/revisions"}],"predecessor-version":[{"id":13952,"href":"https:\/\/www.dbindos.info\/en\/wp-json\/wp\/v2\/pages\/6105\/revisions\/13952"}],"wp:attachment":[{"href":"https:\/\/www.dbindos.info\/en\/wp-json\/wp\/v2\/media?parent=6105"}],"curies":[{"name":"wp","href":"https:\/\/api.w.org\/{rel}","templated":true}]}}