{"id":6381,"date":"2023-11-27T09:05:21","date_gmt":"2023-11-27T09:05:21","guid":{"rendered":"https:\/\/www.dbindos.info\/?page_id=6381"},"modified":"2023-11-27T09:10:32","modified_gmt":"2023-11-27T09:10:32","slug":"stasa-aras-zadarski-list","status":"publish","type":"page","link":"https:\/\/www.dbindos.info\/en\/reviews\/stasa-aras-zadarski-list\/","title":{"rendered":"Kriegspiel, ZADARSKI LIST"},"content":{"rendered":"<div data-elementor-type=\"wp-page\" data-elementor-id=\"6381\" class=\"elementor elementor-6381\">\n\t\t\t\t\t\t\t\t\t<section class=\"elementor-section elementor-top-section elementor-element elementor-element-06098c3 elementor-section-boxed elementor-section-height-default elementor-section-height-default\" data-id=\"06098c3\" data-element_type=\"section\" data-settings=\"{&quot;background_background&quot;:&quot;classic&quot;}\">\n\t\t\t\t\t\t<div class=\"elementor-container elementor-column-gap-no\">\n\t\t\t\t\t<div class=\"elementor-column elementor-col-100 elementor-top-column elementor-element elementor-element-f7fc9af\" data-id=\"f7fc9af\" data-element_type=\"column\" data-settings=\"{&quot;background_background&quot;:&quot;classic&quot;}\">\n\t\t\t<div class=\"elementor-widget-wrap elementor-element-populated\">\n\t\t\t\t\t\t\t\t<div class=\"elementor-element elementor-element-478b75a elementor-widget-mobile__width-inherit elementor-widget elementor-widget-heading\" data-id=\"478b75a\" data-element_type=\"widget\" data-widget_type=\"heading.default\">\n\t\t\t\t<div class=\"elementor-widget-container\">\n\t\t\t<style>\/*! elementor - v3.10.0 - 09-01-2023 *\/\n.elementor-heading-title{padding:0;margin:0;line-height:1}.elementor-widget-heading .elementor-heading-title[class*=elementor-size-]>a{color:inherit;font-size:inherit;line-height:inherit}.elementor-widget-heading .elementor-heading-title.elementor-size-small{font-size:15px}.elementor-widget-heading .elementor-heading-title.elementor-size-medium{font-size:19px}.elementor-widget-heading .elementor-heading-title.elementor-size-large{font-size:29px}.elementor-widget-heading .elementor-heading-title.elementor-size-xl{font-size:39px}.elementor-widget-heading .elementor-heading-title.elementor-size-xxl{font-size:59px}<\/style><h1 class=\"elementor-heading-title elementor-size-medium\">KRIEGSPIEL<\/h1>\t\t<\/div>\n\t\t\t\t<\/div>\n\t\t\t\t<section class=\"elementor-section elementor-inner-section elementor-element elementor-element-310b37d elementor-section-boxed elementor-section-height-default elementor-section-height-default\" data-id=\"310b37d\" data-element_type=\"section\" data-settings=\"{&quot;background_background&quot;:&quot;classic&quot;}\">\n\t\t\t\t\t\t<div class=\"elementor-container elementor-column-gap-default\">\n\t\t\t\t\t<div class=\"elementor-column elementor-col-50 elementor-inner-column elementor-element elementor-element-034fa63\" data-id=\"034fa63\" data-element_type=\"column\" data-settings=\"{&quot;background_background&quot;:&quot;classic&quot;}\">\n\t\t\t<div class=\"elementor-widget-wrap elementor-element-populated\">\n\t\t\t\t\t\t\t\t<div class=\"elementor-element elementor-element-a54ec27 elementor-widget__width-initial elementor-widget-tablet__width-inherit elementor-widget elementor-widget-image\" data-id=\"a54ec27\" data-element_type=\"widget\" data-widget_type=\"image.default\">\n\t\t\t\t<div class=\"elementor-widget-container\">\n\t\t\t<style>\/*! elementor - v3.10.0 - 09-01-2023 *\/\n.elementor-widget-image{text-align:center}.elementor-widget-image a{display:inline-block}.elementor-widget-image a img[src$=\".svg\"]{width:48px}.elementor-widget-image img{vertical-align:middle;display:inline-block}<\/style>\t\t\t\t\t\t\t\t\t\t\t\t<img decoding=\"async\" width=\"1000\" height=\"620\" src=\"https:\/\/www.dbindos.info\/wp-content\/uploads\/igra_rata_20.jpg\" class=\"attachment-full size-full wp-image-4561\" alt=\"\" loading=\"lazy\" srcset=\"https:\/\/www.dbindos.info\/wp-content\/uploads\/igra_rata_20.jpg 1000w, https:\/\/www.dbindos.info\/wp-content\/uploads\/igra_rata_20-300x186.jpg 300w, https:\/\/www.dbindos.info\/wp-content\/uploads\/igra_rata_20-768x476.jpg 768w, https:\/\/www.dbindos.info\/wp-content\/uploads\/igra_rata_20-18x12.jpg 18w\" sizes=\"(max-width: 1000px) 100vw, 1000px\" \/>\t\t\t\t\t\t\t\t\t\t\t\t\t\t\t<\/div>\n\t\t\t\t<\/div>\n\t\t\t\t\t<\/div>\n\t\t<\/div>\n\t\t\t\t<div class=\"elementor-column elementor-col-50 elementor-inner-column elementor-element elementor-element-7f9eff3\" data-id=\"7f9eff3\" data-element_type=\"column\">\n\t\t\t<div class=\"elementor-widget-wrap elementor-element-populated\">\n\t\t\t\t\t\t\t\t<div class=\"elementor-element elementor-element-c2c3168 elementor-widget__width-initial elementor-widget-mobile__width-inherit elementor-widget-tablet__width-inherit elementor-widget elementor-widget-text-editor\" data-id=\"c2c3168\" data-element_type=\"widget\" data-widget_type=\"text-editor.default\">\n\t\t\t\t<div class=\"elementor-widget-container\">\n\t\t\t<style>\/*! elementor - v3.10.0 - 09-01-2023 *\/\n.elementor-widget-text-editor.elementor-drop-cap-view-stacked .elementor-drop-cap{background-color:#818a91;color:#fff}.elementor-widget-text-editor.elementor-drop-cap-view-framed .elementor-drop-cap{color:#818a91;border:3px solid;background-color:transparent}.elementor-widget-text-editor:not(.elementor-drop-cap-view-default) .elementor-drop-cap{margin-top:8px}.elementor-widget-text-editor:not(.elementor-drop-cap-view-default) .elementor-drop-cap-letter{width:1em;height:1em}.elementor-widget-text-editor .elementor-drop-cap{float:left;text-align:center;line-height:1;font-size:50px}.elementor-widget-text-editor .elementor-drop-cap-letter{display:inline-block}<\/style>\t\t\t\t<p><strong>Sta\u0161a Aras, Zadarski list<\/strong><\/p><p><strong>Eksperimentalno performersko instalacijska zadnja ve\u010der 16. Zadra snova.<\/strong><br \/><strong>Damir Bartol Indo\u0161 i Tanja Vrvilo \u00ad\u00a0<em>Kriegspiel<\/em>.<\/strong><\/p><p>Tko je slu\u010dajno navratio u crkvu sv. Dominika na glazbenu predstavu mogao se malo iznenaditi jer predstava je proizvod ekstremnog muzi\u010dkog kazali\u0161ta, dodala bih eksperimentalnog. Naprave kojima se izvo\u0111a\u010di koriste u svojoj igri sastavljene od \u017eeljeznih instalacija, nekih ure\u0111aja \u0161to proizvode zvukove, nasnimljenih i produciranih , te\u0161ko je u\u010di u trag izvoru tih zvukova, ali svakako su fascinantno izvedeni. Posebno je privla\u010dna prirodnost i opu\u0161tenost kojom umjetnici prolaze kroz nastup i koriste\u0107i se tom hrpom neobi\u010dnih naprava stvaraju efekte nekih futuristi\u010dkih vizura doga\u0111aja rata, ali ne futuristi\u010dkog rata nego onog, da ne ka\u017eem, pravog, starog. Ja sam imala dojam da njih dvoje stvaraju u nekom ne ba\u0161 simpati\u010dnom laboratoriju s obzirom na to \u0161to je produkt njihova stvarala\u010dkog impulsa. Malo zaigrani stvaraoci \u010diji produkti tr\u010dkaraju po bojnom polju. Luda apstrakcija fenomena poznatog pod imenom rat, koji je samo plod dobre strategije kao svaka dobra igra. Damira Bartola Indo\u0161a smo gledali redovito na festivalu, najprije s Kuglom glumi\u0161te, a onda u nizu vlastitih komada koje je radio u suradnji opet s raznim umjetnicima, ali \u0160ahtofon je divljenja vrijedan instrument, naprava, \u010dudo koje proizvodi vibracije i glazbu i katapultira nas trenutno van doma\u0161aja letargije i apatije. Jedan od \u0160ahtofona, a sino\u0107 smo vidjeli dva, postao je dio stalnog postava Muzeja suvremene umjetnosti u Zagrebu. Damir Bartol Indo\u0161 je zanimljiv, uzbudljiv i do te mjere neodvojiv od svoje \u017eive instalacijske umjetnosti da me uvijek ostavi bez daha s osmjehom na licu. I uvijek se pitam \u0161to sad to radi i kad pomislim da unaprijed mogu pretpostaviti on se pojavi autenti\u010dan i opu\u0161teno poka\u017ee neko novo \u010dudo.<\/p>\t\t\t\t\t\t<\/div>\n\t\t\t\t<\/div>\n\t\t\t\t\t<\/div>\n\t\t<\/div>\n\t\t\t\t\t\t\t<\/div>\n\t\t<\/section>\n\t\t\t\t\t<\/div>\n\t\t<\/div>\n\t\t\t\t\t\t\t<\/div>\n\t\t<\/section>\n\t\t\t\t\t\t\t<\/div>","protected":false},"excerpt":{"rendered":"<p>KRIEGSPIEL Sta\u0161a Aras, Zadarski list Eksperimentalno performersko instalacijska zadnja ve\u010der 16. Zadra snova.Damir Bartol Indo\u0161 i Tanja Vrvilo \u00ad\u00a0Kriegspiel. Tko je slu\u010dajno navratio u crkvu sv. Dominika na glazbenu predstavu mogao se malo iznenaditi jer predstava je proizvod ekstremnog muzi\u010dkog kazali\u0161ta, dodala bih eksperimentalnog. Naprave kojima se izvo\u0111a\u010di koriste u svojoj igri sastavljene od \u017eeljeznih &hellip;<\/p>\n<p class=\"read-more\"> <a class=\"\" href=\"https:\/\/www.dbindos.info\/en\/reviews\/stasa-aras-zadarski-list\/\"> <span class=\"screen-reader-text\">Kriegspiel, ZADARSKI LIST<\/span> Read More &raquo;<\/a><\/p>","protected":false},"author":1,"featured_media":0,"parent":6105,"menu_order":0,"comment_status":"closed","ping_status":"closed","template":"","meta":{"site-sidebar-layout":"no-sidebar","site-content-layout":"page-builder","ast-global-header-display":"","ast-main-header-display":"","ast-hfb-above-header-display":"","ast-hfb-below-header-display":"","ast-hfb-mobile-header-display":"","site-post-title":"disabled","ast-breadcrumbs-content":"","ast-featured-img":"disabled","footer-sml-layout":"","theme-transparent-header-meta":"","adv-header-id-meta":"","stick-header-meta":"","header-above-stick-meta":"","header-main-stick-meta":"","header-below-stick-meta":""},"_links":{"self":[{"href":"https:\/\/www.dbindos.info\/en\/wp-json\/wp\/v2\/pages\/6381"}],"collection":[{"href":"https:\/\/www.dbindos.info\/en\/wp-json\/wp\/v2\/pages"}],"about":[{"href":"https:\/\/www.dbindos.info\/en\/wp-json\/wp\/v2\/types\/page"}],"author":[{"embeddable":true,"href":"https:\/\/www.dbindos.info\/en\/wp-json\/wp\/v2\/users\/1"}],"replies":[{"embeddable":true,"href":"https:\/\/www.dbindos.info\/en\/wp-json\/wp\/v2\/comments?post=6381"}],"version-history":[{"count":7,"href":"https:\/\/www.dbindos.info\/en\/wp-json\/wp\/v2\/pages\/6381\/revisions"}],"predecessor-version":[{"id":6388,"href":"https:\/\/www.dbindos.info\/en\/wp-json\/wp\/v2\/pages\/6381\/revisions\/6388"}],"up":[{"embeddable":true,"href":"https:\/\/www.dbindos.info\/en\/wp-json\/wp\/v2\/pages\/6105"}],"wp:attachment":[{"href":"https:\/\/www.dbindos.info\/en\/wp-json\/wp\/v2\/media?parent=6381"}],"curies":[{"name":"wp","href":"https:\/\/api.w.org\/{rel}","templated":true}]}}