{"id":6578,"date":"2023-11-28T11:10:44","date_gmt":"2023-11-28T11:10:44","guid":{"rendered":"https:\/\/www.dbindos.info\/?page_id=6578"},"modified":"2024-02-29T11:08:52","modified_gmt":"2024-02-29T11:08:52","slug":"sampladelija-u-noci-zivih-mrtvaca","status":"publish","type":"page","link":"https:\/\/www.dbindos.info\/en\/projekti\/sampladelija-u-noci-zivih-mrtvaca\/","title":{"rendered":"Sampledelia in the Night of the Living Dead"},"content":{"rendered":"<div data-elementor-type=\"wp-page\" data-elementor-id=\"6578\" class=\"elementor elementor-6578\">\n\t\t\t\t\t\t\t\t\t<section class=\"elementor-section elementor-top-section elementor-element elementor-element-06098c3 elementor-section-boxed elementor-section-height-default elementor-section-height-default\" data-id=\"06098c3\" data-element_type=\"section\" data-settings=\"{&quot;background_background&quot;:&quot;classic&quot;}\">\n\t\t\t\t\t\t<div class=\"elementor-container elementor-column-gap-default\">\n\t\t\t\t\t<div class=\"elementor-column elementor-col-100 elementor-top-column elementor-element elementor-element-f7fc9af\" data-id=\"f7fc9af\" data-element_type=\"column\" data-settings=\"{&quot;background_background&quot;:&quot;classic&quot;}\">\n\t\t\t<div class=\"elementor-widget-wrap elementor-element-populated\">\n\t\t\t\t\t\t\t\t<div class=\"elementor-element elementor-element-478b75a elementor-widget-mobile__width-inherit elementor-widget elementor-widget-heading\" data-id=\"478b75a\" data-element_type=\"widget\" data-widget_type=\"heading.default\">\n\t\t\t\t<div class=\"elementor-widget-container\">\n\t\t\t<style>\/*! elementor - v3.10.0 - 09-01-2023 *\/\n.elementor-heading-title{padding:0;margin:0;line-height:1}.elementor-widget-heading .elementor-heading-title[class*=elementor-size-]>a{color:inherit;font-size:inherit;line-height:inherit}.elementor-widget-heading .elementor-heading-title.elementor-size-small{font-size:15px}.elementor-widget-heading .elementor-heading-title.elementor-size-medium{font-size:19px}.elementor-widget-heading .elementor-heading-title.elementor-size-large{font-size:29px}.elementor-widget-heading .elementor-heading-title.elementor-size-xl{font-size:39px}.elementor-widget-heading .elementor-heading-title.elementor-size-xxl{font-size:59px}<\/style><h1 class=\"elementor-heading-title elementor-size-default\">Sampledelia in the Night of the Living Dead<\/h1>\t\t<\/div>\n\t\t\t\t<\/div>\n\t\t\t\t<div class=\"elementor-element elementor-element-602c5ee elementor-arrows-position-inside elementor-widget elementor-widget-image-carousel\" data-id=\"602c5ee\" data-element_type=\"widget\" data-settings=\"{&quot;slides_to_show&quot;:&quot;6&quot;,&quot;autoplay&quot;:&quot;no&quot;,&quot;slides_to_show_tablet&quot;:&quot;3&quot;,&quot;navigation&quot;:&quot;arrows&quot;,&quot;image_spacing_custom&quot;:{&quot;unit&quot;:&quot;px&quot;,&quot;size&quot;:7,&quot;sizes&quot;:[]},&quot;slides_to_show_mobile&quot;:&quot;1&quot;,&quot;infinite&quot;:&quot;no&quot;,&quot;speed&quot;:500}\" data-widget_type=\"image-carousel.default\">\n\t\t\t\t<div class=\"elementor-widget-container\">\n\t\t\t<style>\/*! elementor - v3.10.0 - 09-01-2023 *\/\n.elementor-widget-image-carousel .swiper-container{position:static}.elementor-widget-image-carousel .swiper-container .swiper-slide figure{line-height:inherit}.elementor-widget-image-carousel .swiper-slide{text-align:center}.elementor-image-carousel-wrapper:not(.swiper-container-initialized) .swiper-slide{max-width:calc(100% \/ var(--e-image-carousel-slides-to-show, 3))}<\/style>\t\t<div class=\"elementor-image-carousel-wrapper swiper-container\" dir=\"ltr\">\n\t\t\t<div class=\"elementor-image-carousel swiper-wrapper swiper-image-stretch\">\n\t\t\t\t\t\t\t\t<div class=\"swiper-slide\"><a data-elementor-open-lightbox=\"yes\" data-elementor-lightbox-slideshow=\"602c5ee\" e-action-hash=\"#elementor-action%3Aaction%3Dlightbox%26settings%3DeyJpZCI6NjU4MywidXJsIjoiaHR0cHM6XC9cL3d3dy5kYmluZG9zLmluZm9cL3dwLWNvbnRlbnRcL3VwbG9hZHNcL2luZG9zLmpwZyIsInNsaWRlc2hvdyI6IjYwMmM1ZWUifQ%3D%3D\" href=\"https:\/\/www.dbindos.info\/wp-content\/uploads\/indos.jpg\"><figure class=\"swiper-slide-inner\"><img decoding=\"async\" class=\"swiper-slide-image\" src=\"https:\/\/www.dbindos.info\/wp-content\/uploads\/indos.jpg\" alt=\"indos\" \/><\/figure><\/a><\/div><div class=\"swiper-slide\"><a data-elementor-open-lightbox=\"yes\" data-elementor-lightbox-slideshow=\"602c5ee\" e-action-hash=\"#elementor-action%3Aaction%3Dlightbox%26settings%3DeyJpZCI6NjYxMSwidXJsIjoiaHR0cHM6XC9cL3d3dy5kYmluZG9zLmluZm9cL3dwLWNvbnRlbnRcL3VwbG9hZHNcL2V2YS1iZWdhLmpwZyIsInNsaWRlc2hvdyI6IjYwMmM1ZWUifQ%3D%3D\" href=\"https:\/\/www.dbindos.info\/wp-content\/uploads\/eva-bega.jpg\"><figure class=\"swiper-slide-inner\"><img decoding=\"async\" class=\"swiper-slide-image\" src=\"https:\/\/www.dbindos.info\/wp-content\/uploads\/eva-bega.jpg\" alt=\"eva-bega\" \/><\/figure><\/a><\/div><div class=\"swiper-slide\"><a data-elementor-open-lightbox=\"yes\" data-elementor-lightbox-slideshow=\"602c5ee\" e-action-hash=\"#elementor-action%3Aaction%3Dlightbox%26settings%3DeyJpZCI6NjU4NCwidXJsIjoiaHR0cHM6XC9cL3d3dy5kYmluZG9zLmluZm9cL3dwLWNvbnRlbnRcL3VwbG9hZHNcL2JpYy5qcGciLCJzbGlkZXNob3ciOiI2MDJjNWVlIn0%3D\" href=\"https:\/\/www.dbindos.info\/wp-content\/uploads\/bic.jpg\"><figure class=\"swiper-slide-inner\"><img decoding=\"async\" class=\"swiper-slide-image\" src=\"https:\/\/www.dbindos.info\/wp-content\/uploads\/bic.jpg\" alt=\"bic\" \/><\/figure><\/a><\/div><div class=\"swiper-slide\"><a data-elementor-open-lightbox=\"yes\" data-elementor-lightbox-slideshow=\"602c5ee\" e-action-hash=\"#elementor-action%3Aaction%3Dlightbox%26settings%3DeyJpZCI6NjU4MCwidXJsIjoiaHR0cHM6XC9cL3d3dy5kYmluZG9zLmluZm9cL3dwLWNvbnRlbnRcL3VwbG9hZHNcL21hbmNlLmpwZyIsInNsaWRlc2hvdyI6IjYwMmM1ZWUifQ%3D%3D\" href=\"https:\/\/www.dbindos.info\/wp-content\/uploads\/mance.jpg\"><figure class=\"swiper-slide-inner\"><img decoding=\"async\" class=\"swiper-slide-image\" src=\"https:\/\/www.dbindos.info\/wp-content\/uploads\/mance.jpg\" alt=\"mance\" \/><\/figure><\/a><\/div><div class=\"swiper-slide\"><a data-elementor-open-lightbox=\"yes\" data-elementor-lightbox-slideshow=\"602c5ee\" e-action-hash=\"#elementor-action%3Aaction%3Dlightbox%26settings%3DeyJpZCI6NjU4MSwidXJsIjoiaHR0cHM6XC9cL3d3dy5kYmluZG9zLmluZm9cL3dwLWNvbnRlbnRcL3VwbG9hZHNcL2JhcmEuanBnIiwic2xpZGVzaG93IjoiNjAyYzVlZSJ9\" href=\"https:\/\/www.dbindos.info\/wp-content\/uploads\/bara.jpg\"><figure class=\"swiper-slide-inner\"><img decoding=\"async\" class=\"swiper-slide-image\" src=\"https:\/\/www.dbindos.info\/wp-content\/uploads\/bara.jpg\" alt=\"bara\" \/><\/figure><\/a><\/div><div class=\"swiper-slide\"><a data-elementor-open-lightbox=\"yes\" data-elementor-lightbox-slideshow=\"602c5ee\" e-action-hash=\"#elementor-action%3Aaction%3Dlightbox%26settings%3DeyJpZCI6NjU4MiwidXJsIjoiaHR0cHM6XC9cL3d3dy5kYmluZG9zLmluZm9cL3dwLWNvbnRlbnRcL3VwbG9hZHNcL2RvdnJhay5qcGciLCJzbGlkZXNob3ciOiI2MDJjNWVlIn0%3D\" href=\"https:\/\/www.dbindos.info\/wp-content\/uploads\/dovrak.jpg\"><figure class=\"swiper-slide-inner\"><img decoding=\"async\" class=\"swiper-slide-image\" src=\"https:\/\/www.dbindos.info\/wp-content\/uploads\/dovrak.jpg\" alt=\"dovrak\" \/><\/figure><\/a><\/div><div class=\"swiper-slide\"><a data-elementor-open-lightbox=\"yes\" data-elementor-lightbox-slideshow=\"602c5ee\" e-action-hash=\"#elementor-action%3Aaction%3Dlightbox%26settings%3DeyJpZCI6NjY1NiwidXJsIjoiaHR0cHM6XC9cL3d3dy5kYmluZG9zLmluZm9cL3dwLWNvbnRlbnRcL3VwbG9hZHNcL3NhbXBsYWRlbGlqYS0xLmpwZyIsInNsaWRlc2hvdyI6IjYwMmM1ZWUifQ%3D%3D\" href=\"https:\/\/www.dbindos.info\/wp-content\/uploads\/sampladelija-1.jpg\"><figure class=\"swiper-slide-inner\"><img decoding=\"async\" class=\"swiper-slide-image\" src=\"https:\/\/www.dbindos.info\/wp-content\/uploads\/sampladelija-1.jpg\" alt=\"sampladelija\" \/><\/figure><\/a><\/div>\t\t\t<\/div>\n\t\t\t\t\t\t\t\t\t\t\t\t\t\t\t\t<div class=\"elementor-swiper-button elementor-swiper-button-prev\">\n\t\t\t\t\t\t<i aria-hidden=\"true\" class=\"eicon-chevron-left\"><\/i>\t\t\t\t\t\t<span class=\"elementor-screen-only\">Previous<\/span>\n\t\t\t\t\t<\/div>\n\t\t\t\t\t<div class=\"elementor-swiper-button elementor-swiper-button-next\">\n\t\t\t\t\t\t<i aria-hidden=\"true\" class=\"eicon-chevron-right\"><\/i>\t\t\t\t\t\t<span class=\"elementor-screen-only\">Next<\/span>\n\t\t\t\t\t<\/div>\n\t\t\t\t\t\t\t\t\t<\/div>\n\t\t\t\t<\/div>\n\t\t\t\t<\/div>\n\t\t\t\t<section class=\"elementor-section elementor-inner-section elementor-element elementor-element-310b37d elementor-reverse-mobile elementor-section-boxed elementor-section-height-default elementor-section-height-default\" data-id=\"310b37d\" data-element_type=\"section\" data-settings=\"{&quot;background_background&quot;:&quot;classic&quot;}\">\n\t\t\t\t\t\t<div class=\"elementor-container elementor-column-gap-default\">\n\t\t\t\t\t<div class=\"elementor-column elementor-col-50 elementor-inner-column elementor-element elementor-element-034fa63\" data-id=\"034fa63\" data-element_type=\"column\" data-settings=\"{&quot;background_background&quot;:&quot;classic&quot;}\">\n\t\t\t<div class=\"elementor-widget-wrap elementor-element-populated\">\n\t\t\t\t\t\t\t\t<div class=\"elementor-element elementor-element-f251c16 elementor-widget-mobile__width-initial elementor-widget elementor-widget-text-editor\" data-id=\"f251c16\" data-element_type=\"widget\" data-widget_type=\"text-editor.default\">\n\t\t\t\t<div class=\"elementor-widget-container\">\n\t\t\t<style>\/*! elementor - v3.10.0 - 09-01-2023 *\/\n.elementor-widget-text-editor.elementor-drop-cap-view-stacked .elementor-drop-cap{background-color:#818a91;color:#fff}.elementor-widget-text-editor.elementor-drop-cap-view-framed .elementor-drop-cap{color:#818a91;border:3px solid;background-color:transparent}.elementor-widget-text-editor:not(.elementor-drop-cap-view-default) .elementor-drop-cap{margin-top:8px}.elementor-widget-text-editor:not(.elementor-drop-cap-view-default) .elementor-drop-cap-letter{width:1em;height:1em}.elementor-widget-text-editor .elementor-drop-cap{float:left;text-align:center;line-height:1;font-size:50px}.elementor-widget-text-editor .elementor-drop-cap-letter{display:inline-block}<\/style>\t\t\t\t<p><a href=\"https:\/\/www.pogon.hr\/en\/program\/db-indos-kuca-ekstremnog-muzickog-kazalista-sampladelija-u-noci-zivih-mrtvaca\" target=\"_blank\" rel=\"noopener\"><b>29. i 30. 5. 2023. Pogon Jedinstvo, Zagreb<\/b><\/a><\/p><p>Authors: <strong>DB Indo\u0161 &amp; Tanja Vrvilo<\/strong><br \/>Performers: <strong>DB Indo\u0161, Tanja Vrvilo, Eva Badanjak <\/strong>(\u017den),<strong> Ivan Bilosni\u0107 Bic <\/strong>(ex Sexa), Trobecove kru\u0161ne pe\u0107i: <strong>Darko Begi\u0107 <\/strong>(vokal), <strong>Ivan Vinski<\/strong> (gitara),<strong> Mario Bari\u0161in <\/strong>(bass),<strong> Gordan Dorvak <\/strong>(bubnjevi)<br \/>Music: <strong>Trobecove kru\u0161ne pe\u0107i<\/strong><br \/>Poseban gost: <strong>Milan Manojlovi\u0107 Mance<\/strong><br \/>Panceristi\u010dki instrumentarij i partiture: <strong>DB Indo\u0161<\/strong><br \/>Zvuk: Jasmin Dasovi\u0107<br \/>Svjetlo: Andrija Santro<br \/>Nadzorni video, majstor instalacije: Maxime Weinmann<br \/>Video dokumentiranje: Nina \u0110ur\u0111evi\u0107, Vedran \u0160uvar<br \/>Video monta\u017ea: Miro Manojlovi\u0107<br \/>Foto dokumentacija: Ratko Mavar, Josip Boloni\u0107 Jo\u017ea<br \/><a href=\"https:\/\/flickr.com\/photos\/pogon-zagreb\/albums\/72177720308736741\/\" target=\"_blank\" rel=\"noopener\"><strong>foto album<\/strong><\/a><\/p>\t\t\t\t\t\t<\/div>\n\t\t\t\t<\/div>\n\t\t\t\t<div class=\"elementor-element elementor-element-b770eb2 elementor-widget-mobile__width-initial elementor-aspect-ratio-169 elementor-widget elementor-widget-video\" data-id=\"b770eb2\" data-element_type=\"widget\" data-settings=\"{&quot;youtube_url&quot;:&quot;https:\\\/\\\/youtu.be\\\/FDS9fsEJA0A?si=cFS-PnSbH6lJ-BIi&quot;,&quot;start&quot;:10,&quot;video_type&quot;:&quot;youtube&quot;,&quot;controls&quot;:&quot;yes&quot;,&quot;aspect_ratio&quot;:&quot;169&quot;}\" data-widget_type=\"video.default\">\n\t\t\t\t<div class=\"elementor-widget-container\">\n\t\t\t<style>\/*! elementor - v3.10.0 - 09-01-2023 *\/\n.elementor-widget-video .elementor-widget-container{overflow:hidden;transform:translateZ(0)}.elementor-widget-video .elementor-open-inline .elementor-custom-embed-image-overlay{position:absolute;top:0;left:0;width:100%;height:100%;background-size:cover;background-position:50%}.elementor-widget-video .elementor-custom-embed-image-overlay{cursor:pointer;text-align:center}.elementor-widget-video .elementor-custom-embed-image-overlay:hover .elementor-custom-embed-play i{opacity:1}.elementor-widget-video .elementor-custom-embed-image-overlay img{display:block;width:100%}.elementor-widget-video .e-hosted-video .elementor-video{-o-object-fit:cover;object-fit:cover}.e-con-inner>.elementor-widget-video,.e-con>.elementor-widget-video{width:var(--container-widget-width);--flex-grow:var(--container-widget-flex-grow)}<\/style>\t\t<div class=\"elementor-wrapper elementor-fit-aspect-ratio elementor-open-inline\">\n\t\t\t<div class=\"elementor-video\"><\/div>\t\t<\/div>\n\t\t\t\t<\/div>\n\t\t\t\t<\/div>\n\t\t\t\t\t<\/div>\n\t\t<\/div>\n\t\t\t\t<div class=\"elementor-column elementor-col-50 elementor-inner-column elementor-element elementor-element-7f9eff3\" data-id=\"7f9eff3\" data-element_type=\"column\">\n\t\t\t<div class=\"elementor-widget-wrap elementor-element-populated\">\n\t\t\t\t\t\t\t\t<div class=\"elementor-element elementor-element-cd0a164 elementor-widget__width-initial elementor-widget-mobile__width-inherit elementor-widget-tablet__width-inherit elementor-widget elementor-widget-text-editor\" data-id=\"cd0a164\" data-element_type=\"widget\" data-widget_type=\"text-editor.default\">\n\t\t\t\t<div class=\"elementor-widget-container\">\n\t\t\t\t\t\t\t<div class=\"lead\"><div class=\"lead\"><p><strong>The third cosmophonic performance of the House of Extreme Music Theatre and Trobec\u2019s bread ovens has besieged the armoured sampledelia \"Lonely Nights\", Mato\u0161's sampled title enclosed in quotation marks just waiting to take its revenge.<\/strong><\/p><p><a href=\"https:\/\/www.dbindos.info\/wp-content\/uploads\/tanja.jpg\"><img decoding=\"async\" loading=\"lazy\" class=\"alignnone wp-image-6587 size-full\" style=\"font-style: inherit; font-weight: inherit;\" src=\"https:\/\/www.dbindos.info\/wp-content\/uploads\/tanja.jpg\" alt=\"\" width=\"938\" height=\"625\" srcset=\"https:\/\/www.dbindos.info\/wp-content\/uploads\/tanja.jpg 938w, https:\/\/www.dbindos.info\/wp-content\/uploads\/tanja-300x200.jpg 300w, https:\/\/www.dbindos.info\/wp-content\/uploads\/tanja-768x512.jpg 768w, https:\/\/www.dbindos.info\/wp-content\/uploads\/tanja-18x12.jpg 18w\" sizes=\"(max-width: 938px) 100vw, 938px\" \/><\/a><\/p><p>A sampled cut that, according to Izidor\u2019s definition, indicates the rhythm of the breathing of meaning, where the voice has fallen silent, where the breath is absent, there is a tiny sign. The myth of the sample is a myth of the spooky work of the dead.<\/p><p>The sampledelia of the myth of the dead besieges the armoured shachtophone instrumentation, two armoured quadro-rombo trombones, two riveted accordion-melodicas, a chained harmonium-melodica, a crucified double-neck guitar-bass, a hidden legacy of loved ones and strangers, abandoned or sold, driven by the intensities of the emotions of living bodies. Body parts penetrate from the mutating octagonal phono-averse installation, dead instruments with which they share life with the tactics of the crazy zombies of the schizophonic age. The pestilential reflections are disembodied from the outside and the inside. Speech is disintegrated by sampling.<\/p><\/div><\/div>\t\t\t\t\t\t<\/div>\n\t\t\t\t<\/div>\n\t\t\t\t\t<\/div>\n\t\t<\/div>\n\t\t\t\t\t\t\t<\/div>\n\t\t<\/section>\n\t\t\t\t<section class=\"elementor-section elementor-inner-section elementor-element elementor-element-655e766 elementor-reverse-mobile elementor-section-boxed elementor-section-height-default elementor-section-height-default\" data-id=\"655e766\" data-element_type=\"section\" data-settings=\"{&quot;background_background&quot;:&quot;classic&quot;}\">\n\t\t\t\t\t\t<div class=\"elementor-container elementor-column-gap-default\">\n\t\t\t\t\t<div class=\"elementor-column elementor-col-50 elementor-inner-column elementor-element elementor-element-2b49ef1 elementor-hidden-mobile\" data-id=\"2b49ef1\" data-element_type=\"column\" data-settings=\"{&quot;background_background&quot;:&quot;classic&quot;}\">\n\t\t\t<div class=\"elementor-widget-wrap\">\n\t\t\t\t\t\t\t\t\t<\/div>\n\t\t<\/div>\n\t\t\t\t<div class=\"elementor-column elementor-col-50 elementor-inner-column elementor-element elementor-element-46ae25d\" data-id=\"46ae25d\" data-element_type=\"column\">\n\t\t\t<div class=\"elementor-widget-wrap elementor-element-populated\">\n\t\t\t\t\t\t\t\t<div class=\"elementor-element elementor-element-d1ffb7d elementor-widget__width-initial elementor-widget-mobile__width-inherit elementor-widget-tablet__width-inherit elementor-widget elementor-widget-text-editor\" data-id=\"d1ffb7d\" data-element_type=\"widget\" data-widget_type=\"text-editor.default\">\n\t\t\t\t<div class=\"elementor-widget-container\">\n\t\t\t\t\t\t\t<div class=\"lead\"><p>Tko je i kako proizvodio zvukove odvojene od tijela prije nego \u0161to je spektar shizofonije postao endemska vrsta? Pancerizam deliri\u010dnih instrumenata razbija abecede i rastavlja jednad\u017ebe, instrumentarij pancerizmom zaustavlja zombijevske kategorije i transformira sampladeli\u010dnu alegoriju do nulte to\u010dke ljudskosti.<\/p><p>Shizofoni mit o samplu jedini je suvremeni mit.<\/p><\/div><p><strong>Podr\u0161ka: Zaklada Kultura nova, Ministarstvo kulture i medija RH,<\/strong><br \/><strong>Grad Zagreb \u2013 Gradski ured za kulturu, me\u0111ugradsku i me\u0111unarodnu suradnju i civilno dru\u0161tvo, Pogon \u2013 Zagreba\u010dki centar za nezavisnu kulturu i mlade<\/strong><\/p>\t\t\t\t\t\t<\/div>\n\t\t\t\t<\/div>\n\t\t\t\t\t<\/div>\n\t\t<\/div>\n\t\t\t\t\t\t\t<\/div>\n\t\t<\/section>\n\t\t\t\t\t<\/div>\n\t\t<\/div>\n\t\t\t\t\t\t\t<\/div>\n\t\t<\/section>\n\t\t\t\t\t\t\t<\/div>","protected":false},"excerpt":{"rendered":"<p>Sampladelija u no\u0107i \u017eivih mrtvaca Previous Next 29. i 30. 5. 2023. Pogon Jedinstvo, Zagreb Autori: DB Indo\u0161 &amp; Tanja VrviloIzvode: DB Indo\u0161, Tanja Vrvilo, Eva Badanjak (\u017den), Ivan Bilosni\u0107 Bic (ex Sexa), Trobecove kru\u0161ne pe\u0107i: Darko Begi\u0107 (vokal), Ivan Vinski (gitara), Mario Bari\u0161in (bass), Gordan Dorvak (bubnjevi)Glazba: Trobecove kru\u0161ne pe\u0107iPoseban gost: Milan Manojlovi\u0107 MancePanceristi\u010dki &hellip;<\/p>\n<p class=\"read-more\"> <a class=\"\" href=\"https:\/\/www.dbindos.info\/en\/projekti\/sampladelija-u-noci-zivih-mrtvaca\/\"> <span class=\"screen-reader-text\">Sampledelia in the Night of the Living Dead<\/span> Read More &raquo;<\/a><\/p>","protected":false},"author":1,"featured_media":0,"parent":5413,"menu_order":0,"comment_status":"closed","ping_status":"closed","template":"","meta":{"site-sidebar-layout":"no-sidebar","site-content-layout":"page-builder","ast-global-header-display":"","ast-main-header-display":"","ast-hfb-above-header-display":"","ast-hfb-below-header-display":"","ast-hfb-mobile-header-display":"","site-post-title":"disabled","ast-breadcrumbs-content":"","ast-featured-img":"disabled","footer-sml-layout":"","theme-transparent-header-meta":"","adv-header-id-meta":"","stick-header-meta":"","header-above-stick-meta":"","header-main-stick-meta":"","header-below-stick-meta":""},"_links":{"self":[{"href":"https:\/\/www.dbindos.info\/en\/wp-json\/wp\/v2\/pages\/6578"}],"collection":[{"href":"https:\/\/www.dbindos.info\/en\/wp-json\/wp\/v2\/pages"}],"about":[{"href":"https:\/\/www.dbindos.info\/en\/wp-json\/wp\/v2\/types\/page"}],"author":[{"embeddable":true,"href":"https:\/\/www.dbindos.info\/en\/wp-json\/wp\/v2\/users\/1"}],"replies":[{"embeddable":true,"href":"https:\/\/www.dbindos.info\/en\/wp-json\/wp\/v2\/comments?post=6578"}],"version-history":[{"count":118,"href":"https:\/\/www.dbindos.info\/en\/wp-json\/wp\/v2\/pages\/6578\/revisions"}],"predecessor-version":[{"id":12101,"href":"https:\/\/www.dbindos.info\/en\/wp-json\/wp\/v2\/pages\/6578\/revisions\/12101"}],"up":[{"embeddable":true,"href":"https:\/\/www.dbindos.info\/en\/wp-json\/wp\/v2\/pages\/5413"}],"wp:attachment":[{"href":"https:\/\/www.dbindos.info\/en\/wp-json\/wp\/v2\/media?parent=6578"}],"curies":[{"name":"wp","href":"https:\/\/api.w.org\/{rel}","templated":true}]}}