{"id":6873,"date":"2023-11-29T17:48:23","date_gmt":"2023-11-29T17:48:23","guid":{"rendered":"https:\/\/www.dbindos.info\/?page_id=6873"},"modified":"2023-12-08T18:15:15","modified_gmt":"2023-12-08T18:15:15","slug":"mala-rasprava-bez-razuma","status":"publish","type":"page","link":"https:\/\/www.dbindos.info\/en\/projekti\/mala-rasprava-bez-razuma\/","title":{"rendered":"A Small Mindless Debate"},"content":{"rendered":"<div data-elementor-type=\"wp-page\" data-elementor-id=\"6873\" class=\"elementor elementor-6873\">\n\t\t\t\t\t\t\t\t\t<section class=\"elementor-section elementor-top-section elementor-element elementor-element-06098c3 elementor-section-boxed elementor-section-height-default elementor-section-height-default\" data-id=\"06098c3\" data-element_type=\"section\" data-settings=\"{&quot;background_background&quot;:&quot;classic&quot;}\">\n\t\t\t\t\t\t<div class=\"elementor-container elementor-column-gap-default\">\n\t\t\t\t\t<div class=\"elementor-column elementor-col-100 elementor-top-column elementor-element elementor-element-f7fc9af\" data-id=\"f7fc9af\" data-element_type=\"column\" data-settings=\"{&quot;background_background&quot;:&quot;classic&quot;}\">\n\t\t\t<div class=\"elementor-widget-wrap elementor-element-populated\">\n\t\t\t\t\t\t\t\t<div class=\"elementor-element elementor-element-478b75a elementor-widget-mobile__width-inherit elementor-widget elementor-widget-heading\" data-id=\"478b75a\" data-element_type=\"widget\" data-widget_type=\"heading.default\">\n\t\t\t\t<div class=\"elementor-widget-container\">\n\t\t\t<style>\/*! elementor - v3.10.0 - 09-01-2023 *\/\n.elementor-heading-title{padding:0;margin:0;line-height:1}.elementor-widget-heading .elementor-heading-title[class*=elementor-size-]>a{color:inherit;font-size:inherit;line-height:inherit}.elementor-widget-heading .elementor-heading-title.elementor-size-small{font-size:15px}.elementor-widget-heading .elementor-heading-title.elementor-size-medium{font-size:19px}.elementor-widget-heading .elementor-heading-title.elementor-size-large{font-size:29px}.elementor-widget-heading .elementor-heading-title.elementor-size-xl{font-size:39px}.elementor-widget-heading .elementor-heading-title.elementor-size-xxl{font-size:59px}<\/style><h1 class=\"elementor-heading-title elementor-size-default\">A Small Mindless Debate<\/h1>\t\t<\/div>\n\t\t\t\t<\/div>\n\t\t\t\t<div class=\"elementor-element elementor-element-602c5ee elementor-arrows-position-inside elementor-widget elementor-widget-image-carousel\" data-id=\"602c5ee\" data-element_type=\"widget\" data-settings=\"{&quot;slides_to_show&quot;:&quot;5&quot;,&quot;autoplay&quot;:&quot;no&quot;,&quot;slides_to_show_tablet&quot;:&quot;3&quot;,&quot;navigation&quot;:&quot;arrows&quot;,&quot;image_spacing_custom&quot;:{&quot;unit&quot;:&quot;px&quot;,&quot;size&quot;:7,&quot;sizes&quot;:[]},&quot;slides_to_show_mobile&quot;:&quot;1&quot;,&quot;infinite&quot;:&quot;no&quot;,&quot;speed&quot;:500}\" data-widget_type=\"image-carousel.default\">\n\t\t\t\t<div class=\"elementor-widget-container\">\n\t\t\t<style>\/*! elementor - v3.10.0 - 09-01-2023 *\/\n.elementor-widget-image-carousel .swiper-container{position:static}.elementor-widget-image-carousel .swiper-container .swiper-slide figure{line-height:inherit}.elementor-widget-image-carousel .swiper-slide{text-align:center}.elementor-image-carousel-wrapper:not(.swiper-container-initialized) .swiper-slide{max-width:calc(100% \/ var(--e-image-carousel-slides-to-show, 3))}<\/style>\t\t<div class=\"elementor-image-carousel-wrapper swiper-container\" dir=\"ltr\">\n\t\t\t<div class=\"elementor-image-carousel swiper-wrapper swiper-image-stretch\">\n\t\t\t\t\t\t\t\t<div class=\"swiper-slide\"><a data-elementor-open-lightbox=\"yes\" data-elementor-lightbox-slideshow=\"602c5ee\" e-action-hash=\"#elementor-action%3Aaction%3Dlightbox%26settings%3DeyJpZCI6NjQwMCwidXJsIjoiaHR0cHM6XC9cL3d3dy5kYmluZG9zLmluZm9cL3dwLWNvbnRlbnRcL3VwbG9hZHNcL01hbGEtcmFzcHJhdmEtYmV6LXJhenVtYS5qcGciLCJzbGlkZXNob3ciOiI2MDJjNWVlIn0%3D\" href=\"https:\/\/www.dbindos.info\/wp-content\/uploads\/Mala-rasprava-bez-razuma.jpg\"><figure class=\"swiper-slide-inner\"><img decoding=\"async\" class=\"swiper-slide-image\" src=\"https:\/\/www.dbindos.info\/wp-content\/uploads\/Mala-rasprava-bez-razuma.jpg\" alt=\"Mala-rasprava-bez-razuma\" \/><\/figure><\/a><\/div><div class=\"swiper-slide\"><a data-elementor-open-lightbox=\"yes\" data-elementor-lightbox-slideshow=\"602c5ee\" e-action-hash=\"#elementor-action%3Aaction%3Dlightbox%26settings%3DeyJpZCI6Njg4OCwidXJsIjoiaHR0cHM6XC9cL3d3dy5kYmluZG9zLmluZm9cL3dwLWNvbnRlbnRcL3VwbG9hZHNcL21hbGEtcmFzcHJhdmExLmpwZyIsInNsaWRlc2hvdyI6IjYwMmM1ZWUifQ%3D%3D\" href=\"https:\/\/www.dbindos.info\/wp-content\/uploads\/mala-rasprava1.jpg\"><figure class=\"swiper-slide-inner\"><img decoding=\"async\" class=\"swiper-slide-image\" src=\"https:\/\/www.dbindos.info\/wp-content\/uploads\/mala-rasprava1.jpg\" alt=\"mala-rasprava1\" \/><\/figure><\/a><\/div><div class=\"swiper-slide\"><a data-elementor-open-lightbox=\"yes\" data-elementor-lightbox-slideshow=\"602c5ee\" e-action-hash=\"#elementor-action%3Aaction%3Dlightbox%26settings%3DeyJpZCI6Njg4MywidXJsIjoiaHR0cHM6XC9cL3d3dy5kYmluZG9zLmluZm9cL3dwLWNvbnRlbnRcL3VwbG9hZHNcL21hbGEtcmFzcHJhdmE2LmpwZyIsInNsaWRlc2hvdyI6IjYwMmM1ZWUifQ%3D%3D\" href=\"https:\/\/www.dbindos.info\/wp-content\/uploads\/mala-rasprava6.jpg\"><figure class=\"swiper-slide-inner\"><img decoding=\"async\" class=\"swiper-slide-image\" src=\"https:\/\/www.dbindos.info\/wp-content\/uploads\/mala-rasprava6.jpg\" alt=\"mala-rasprava6\" \/><\/figure><\/a><\/div><div class=\"swiper-slide\"><a data-elementor-open-lightbox=\"yes\" data-elementor-lightbox-slideshow=\"602c5ee\" e-action-hash=\"#elementor-action%3Aaction%3Dlightbox%26settings%3DeyJpZCI6Njg4NywidXJsIjoiaHR0cHM6XC9cL3d3dy5kYmluZG9zLmluZm9cL3dwLWNvbnRlbnRcL3VwbG9hZHNcL21hbGEtcmFzcHJhdmEyLmpwZyIsInNsaWRlc2hvdyI6IjYwMmM1ZWUifQ%3D%3D\" href=\"https:\/\/www.dbindos.info\/wp-content\/uploads\/mala-rasprava2.jpg\"><figure class=\"swiper-slide-inner\"><img decoding=\"async\" class=\"swiper-slide-image\" src=\"https:\/\/www.dbindos.info\/wp-content\/uploads\/mala-rasprava2.jpg\" alt=\"mala-rasprava2\" \/><\/figure><\/a><\/div><div class=\"swiper-slide\"><a data-elementor-open-lightbox=\"yes\" data-elementor-lightbox-slideshow=\"602c5ee\" e-action-hash=\"#elementor-action%3Aaction%3Dlightbox%26settings%3DeyJpZCI6Njg4NSwidXJsIjoiaHR0cHM6XC9cL3d3dy5kYmluZG9zLmluZm9cL3dwLWNvbnRlbnRcL3VwbG9hZHNcL21hbGEtcmFzcHJhdmE0LmpwZyIsInNsaWRlc2hvdyI6IjYwMmM1ZWUifQ%3D%3D\" href=\"https:\/\/www.dbindos.info\/wp-content\/uploads\/mala-rasprava4.jpg\"><figure class=\"swiper-slide-inner\"><img decoding=\"async\" class=\"swiper-slide-image\" src=\"https:\/\/www.dbindos.info\/wp-content\/uploads\/mala-rasprava4.jpg\" alt=\"mala-rasprava4\" \/><\/figure><\/a><\/div>\t\t\t<\/div>\n\t\t\t\t\t\t\t\t\t\t\t\t\t\t\t\t<div class=\"elementor-swiper-button elementor-swiper-button-prev\">\n\t\t\t\t\t\t<i aria-hidden=\"true\" class=\"eicon-chevron-left\"><\/i>\t\t\t\t\t\t<span class=\"elementor-screen-only\">Previous<\/span>\n\t\t\t\t\t<\/div>\n\t\t\t\t\t<div class=\"elementor-swiper-button elementor-swiper-button-next\">\n\t\t\t\t\t\t<i aria-hidden=\"true\" class=\"eicon-chevron-right\"><\/i>\t\t\t\t\t\t<span class=\"elementor-screen-only\">Next<\/span>\n\t\t\t\t\t<\/div>\n\t\t\t\t\t\t\t\t\t<\/div>\n\t\t\t\t<\/div>\n\t\t\t\t<\/div>\n\t\t\t\t<section class=\"elementor-section elementor-inner-section elementor-element elementor-element-310b37d elementor-reverse-mobile elementor-section-boxed elementor-section-height-default elementor-section-height-default\" data-id=\"310b37d\" data-element_type=\"section\" data-settings=\"{&quot;background_background&quot;:&quot;classic&quot;}\">\n\t\t\t\t\t\t<div class=\"elementor-container elementor-column-gap-default\">\n\t\t\t\t\t<div class=\"elementor-column elementor-col-50 elementor-inner-column elementor-element elementor-element-034fa63\" data-id=\"034fa63\" data-element_type=\"column\" data-settings=\"{&quot;background_background&quot;:&quot;classic&quot;}\">\n\t\t\t<div class=\"elementor-widget-wrap elementor-element-populated\">\n\t\t\t\t\t\t\t\t<div class=\"elementor-element elementor-element-e6920f0 elementor-widget-mobile__width-initial elementor-widget elementor-widget-text-editor\" data-id=\"e6920f0\" data-element_type=\"widget\" data-widget_type=\"text-editor.default\">\n\t\t\t\t<div class=\"elementor-widget-container\">\n\t\t\t<style>\/*! elementor - v3.10.0 - 09-01-2023 *\/\n.elementor-widget-text-editor.elementor-drop-cap-view-stacked .elementor-drop-cap{background-color:#818a91;color:#fff}.elementor-widget-text-editor.elementor-drop-cap-view-framed .elementor-drop-cap{color:#818a91;border:3px solid;background-color:transparent}.elementor-widget-text-editor:not(.elementor-drop-cap-view-default) .elementor-drop-cap{margin-top:8px}.elementor-widget-text-editor:not(.elementor-drop-cap-view-default) .elementor-drop-cap-letter{width:1em;height:1em}.elementor-widget-text-editor .elementor-drop-cap{float:left;text-align:center;line-height:1;font-size:50px}.elementor-widget-text-editor .elementor-drop-cap-letter{display:inline-block}<\/style>\t\t\t\t<p><a href=\"https:\/\/www.pogon.hr\/en\/program\/damir-bartol-indos-tanja-vrvilo-mala-rasprava-bez-razuma\" target=\"_blank\" rel=\"noopener\"><b>9. i 10. 12. 2022. Pogon Jedinstvo, Zagreb<\/b><\/a><\/p><p>Produkcija: <strong>DB Indo\u0161 Ku\u0107a ekstremnog muzi\u010dkog kazali\u0161ta<\/strong><br \/>Autorski koncept, re\u017eija i dramaturgija: <strong>Damir Bartol Indo\u0161 &amp; Tanja Vrvilo<\/strong><br \/>Performeri: <strong>DB Indo\u0161, Tanja Vrvilo<\/strong><br \/>Muzi\u010dari: <strong>Damir Prica Kafka<\/strong> \u2013 sax, el. klavir, <strong>Franjo Glu\u0161ac<\/strong> \u2013 gitara, <strong>Bruno Vorberger<\/strong> \u2013 perkusije, <strong>Dina Puhovski<\/strong> \u2013 glas, <strong>Ivan Marincel<\/strong> \u2013 trombon, <strong>Neven Juri\u0107<\/strong> \u2013 rog<br \/>Ton: Jasmin Dasovi\u0107<br \/>\u0160ahtofonski instrumenti: DB Indo\u0161<br \/>Izrada scenografije, rasvjete, nadzorne kamere: Maxime Weinmann<br \/><a href=\"https:\/\/flickr.com\/photos\/pogon-zagreb\/albums\/72177720304574123\/\" target=\"_blank\" rel=\"noopener\"><strong>Foto dokumentacija:<\/strong><\/a> Ratko Mavar<br \/>Video dokumentacija: Nina \u0110ur\u0111evi\u0107, Vedran \u0160uvar<br \/>Video monta\u017ea, matrica za izvo\u0111enje: Miro Manojlovi\u0107<\/p>\t\t\t\t\t\t<\/div>\n\t\t\t\t<\/div>\n\t\t\t\t<div class=\"elementor-element elementor-element-f251c16 elementor-widget-mobile__width-initial elementor-widget elementor-widget-text-editor\" data-id=\"f251c16\" data-element_type=\"widget\" data-widget_type=\"text-editor.default\">\n\t\t\t\t<div class=\"elementor-widget-container\">\n\t\t\t\t\t\t\t<p><strong>Video performans DB Indo\u0161a Konjski rep 1993.-2003<\/strong>. u drvenom labirintu u Parainstitutu Indo\u0161, izvo\u0111a\u010di i glazbenici: DB Indo\u0161, Zlatko Buri\u0107 Ki\u0107o, Miodrag Krencer Mic, Damir Prica Kafka, Henning Frimann Larsen, Peter Oliver Joergensen; snimatelj i monta\u017eer Velimir Rodi\u0107 \u010cupa<\/p>\t\t\t\t\t\t<\/div>\n\t\t\t\t<\/div>\n\t\t\t\t<div class=\"elementor-element elementor-element-ff7cc0d elementor-widget elementor-widget-image\" data-id=\"ff7cc0d\" data-element_type=\"widget\" data-widget_type=\"image.default\">\n\t\t\t\t<div class=\"elementor-widget-container\">\n\t\t\t<style>\/*! elementor - v3.10.0 - 09-01-2023 *\/\n.elementor-widget-image{text-align:center}.elementor-widget-image a{display:inline-block}.elementor-widget-image a img[src$=\".svg\"]{width:48px}.elementor-widget-image img{vertical-align:middle;display:inline-block}<\/style>\t\t\t\t\t\t\t\t\t\t\t\t\t<a href=\"https:\/\/www.dbindos.info\/wp-content\/uploads\/mala-rasprava7.jpg\" data-elementor-open-lightbox=\"yes\" e-action-hash=\"#elementor-action%3Aaction%3Dlightbox%26settings%3DeyJpZCI6Njg4MiwidXJsIjoiaHR0cHM6XC9cL3d3dy5kYmluZG9zLmluZm9cL3dwLWNvbnRlbnRcL3VwbG9hZHNcL21hbGEtcmFzcHJhdmE3LmpwZyJ9\">\n\t\t\t\t\t\t\t<img decoding=\"async\" width=\"938\" height=\"625\" src=\"https:\/\/www.dbindos.info\/wp-content\/uploads\/mala-rasprava7.jpg\" class=\"attachment-full size-full wp-image-6882\" alt=\"\" loading=\"lazy\" srcset=\"https:\/\/www.dbindos.info\/wp-content\/uploads\/mala-rasprava7.jpg 938w, https:\/\/www.dbindos.info\/wp-content\/uploads\/mala-rasprava7-300x200.jpg 300w, https:\/\/www.dbindos.info\/wp-content\/uploads\/mala-rasprava7-768x512.jpg 768w, https:\/\/www.dbindos.info\/wp-content\/uploads\/mala-rasprava7-18x12.jpg 18w\" sizes=\"(max-width: 938px) 100vw, 938px\" \/>\t\t\t\t\t\t\t\t<\/a>\n\t\t\t\t\t\t\t\t\t\t\t\t\t\t\t<\/div>\n\t\t\t\t<\/div>\n\t\t\t\t\t<\/div>\n\t\t<\/div>\n\t\t\t\t<div class=\"elementor-column elementor-col-50 elementor-inner-column elementor-element elementor-element-7f9eff3\" data-id=\"7f9eff3\" data-element_type=\"column\">\n\t\t\t<div class=\"elementor-widget-wrap elementor-element-populated\">\n\t\t\t\t\t\t\t\t<div class=\"elementor-element elementor-element-cd0a164 elementor-widget__width-initial elementor-widget-mobile__width-inherit elementor-widget-tablet__width-inherit elementor-widget elementor-widget-text-editor\" data-id=\"cd0a164\" data-element_type=\"widget\" data-widget_type=\"text-editor.default\">\n\t\t\t\t<div class=\"elementor-widget-container\">\n\t\t\t\t\t\t\t<div class=\"lead\"><div class=\"lead\"><p><strong>\u010cetvrta ekstremno-muzi\u010dka predstava iz pentalogije prema motivima kazali\u0161ta lutaka za odrasle Dunje Robi\u0107 razvija klju\u010dne to\u010dke njezine verbalne glazbe za sinkronizaciju osjeta na\u0161ih &#8220;Ode\u0161kih katakombi&#8221; koju pokre\u0107u \u010detiri bezrazumska principa U\u010ditelj, U\u010denik, Franciska, Fobija, likovi lutaka iz Male rasprave bez razuma.<\/strong><\/p><\/div><\/div>\t\t\t\t\t\t<\/div>\n\t\t\t\t<\/div>\n\t\t\t\t<div class=\"elementor-element elementor-element-2dec581 elementor-widget__width-initial elementor-widget-tablet__width-inherit elementor-widget elementor-widget-image\" data-id=\"2dec581\" data-element_type=\"widget\" data-widget_type=\"image.default\">\n\t\t\t\t<div class=\"elementor-widget-container\">\n\t\t\t\t\t\t\t\t\t\t\t\t\t\t\t\t<a href=\"https:\/\/www.dbindos.info\/wp-content\/uploads\/mala-rasprava8.jpg\" data-elementor-open-lightbox=\"yes\" e-action-hash=\"#elementor-action%3Aaction%3Dlightbox%26settings%3DeyJpZCI6Njg4MSwidXJsIjoiaHR0cHM6XC9cL3d3dy5kYmluZG9zLmluZm9cL3dwLWNvbnRlbnRcL3VwbG9hZHNcL21hbGEtcmFzcHJhdmE4LmpwZyJ9\">\n\t\t\t\t\t\t\t<img decoding=\"async\" width=\"938\" height=\"625\" src=\"https:\/\/www.dbindos.info\/wp-content\/uploads\/mala-rasprava8.jpg\" class=\"attachment-full size-full wp-image-6881\" alt=\"\" loading=\"lazy\" srcset=\"https:\/\/www.dbindos.info\/wp-content\/uploads\/mala-rasprava8.jpg 938w, https:\/\/www.dbindos.info\/wp-content\/uploads\/mala-rasprava8-300x200.jpg 300w, https:\/\/www.dbindos.info\/wp-content\/uploads\/mala-rasprava8-768x512.jpg 768w, https:\/\/www.dbindos.info\/wp-content\/uploads\/mala-rasprava8-18x12.jpg 18w\" sizes=\"(max-width: 938px) 100vw, 938px\" \/>\t\t\t\t\t\t\t\t<\/a>\n\t\t\t\t\t\t\t\t\t\t\t\t\t\t\t<\/div>\n\t\t\t\t<\/div>\n\t\t\t\t<div class=\"elementor-element elementor-element-de1cfae elementor-widget__width-initial elementor-widget-mobile__width-inherit elementor-widget-tablet__width-inherit elementor-widget elementor-widget-text-editor\" data-id=\"de1cfae\" data-element_type=\"widget\" data-widget_type=\"text-editor.default\">\n\t\t\t\t<div class=\"elementor-widget-container\">\n\t\t\t\t\t\t\t<div class=\"lead\"><p>Kripti\u010dkim pozivanjem na precizne kriti\u010dko-klini\u010dke zone knji\u017eevne simptomatologije Dunje Robi\u0107 i praksu poetike radikalnog egzistencijalisti\u010dkog osamljenja u apsurdisti\u010dkim likovima marioneta signalizira se zazorna magi\u010dnost protu-aran\u017eiranja zate\u010denog esteti\u010dko-fobi\u010dkog materijala iz lutkarskog dramoleta za odrasle dokumentaristi\u010dkim terapeutizacijama antiratnom cut-up poezijom, video slikama samoarhiviranja umjetnika i rekonstrukcijama muzi\u010dkih groteska. Radimo male forme ekstremnog prearan\u017eiranja proznog, dokumentarnog i \u0161lagerskog materijala s fragmentima umjetni\u010dke i biografske antigravitacijske legende knji\u017eevnice, autorice kultnih \u0161lagera, klini\u010dke psihologinje i pedagoginje razmje\u0161tene pod homonima Dunja Robi\u0107 \/ Mira Ko\u0161uti\u0107 \/ Mira Dupelj \/Alka Ruben. Stvaramo izvo\u0111a\u010dke situacije u kojoj marionetski cut-up likovi U\u010diteljice, U\u010denika, Franciske i Fobije koegzistiraju na sceni potrganog post-drvenog kabarea.\u00a0<\/p><\/div>\t\t\t\t\t\t<\/div>\n\t\t\t\t<\/div>\n\t\t\t\t\t<\/div>\n\t\t<\/div>\n\t\t\t\t\t\t\t<\/div>\n\t\t<\/section>\n\t\t\t\t<section class=\"elementor-section elementor-inner-section elementor-element elementor-element-655e766 elementor-section-height-min-height elementor-reverse-mobile elementor-section-boxed elementor-section-height-default\" data-id=\"655e766\" data-element_type=\"section\" data-settings=\"{&quot;background_background&quot;:&quot;classic&quot;}\">\n\t\t\t\t\t\t<div class=\"elementor-container elementor-column-gap-default\">\n\t\t\t\t\t<div class=\"elementor-column elementor-col-50 elementor-inner-column elementor-element elementor-element-2b49ef1\" data-id=\"2b49ef1\" data-element_type=\"column\" data-settings=\"{&quot;background_background&quot;:&quot;classic&quot;}\">\n\t\t\t<div class=\"elementor-widget-wrap\">\n\t\t\t\t\t\t\t\t\t<\/div>\n\t\t<\/div>\n\t\t\t\t<div class=\"elementor-column elementor-col-50 elementor-inner-column elementor-element elementor-element-46ae25d\" data-id=\"46ae25d\" data-element_type=\"column\">\n\t\t\t<div class=\"elementor-widget-wrap elementor-element-populated\">\n\t\t\t\t\t\t\t\t<div class=\"elementor-element elementor-element-d1ffb7d elementor-widget__width-initial elementor-widget-mobile__width-inherit elementor-widget-tablet__width-inherit elementor-widget elementor-widget-text-editor\" data-id=\"d1ffb7d\" data-element_type=\"widget\" data-widget_type=\"text-editor.default\">\n\t\t\t\t<div class=\"elementor-widget-container\">\n\t\t\t\t\t\t\t<div class=\"lead\"><p>U me\u0111u-\u010dinovima vrtoglavice ejzen\u0161tajnovske pedagogije o sinkronizaciji \u201code\u0161kih\u201d osjeta (<em>Filmski smisao<\/em>), slamamo sofisticirane rasprave razrezanim vokalno-instrumentalnim petljama rekreiraju\u0107i fragmente lako\u0107e jazz valcera pod naslovom\u00a0<em>Sretna luka<\/em>\u00a0Vandekara-Ruben u formu te\u017eine grotesknog valcera <em>Ode\u0161ke katakombe<\/em>, prekidanog repetitivnim upadima poderanih megafonskih audio sampleova i raspadaju\u0107im siroma\u0161nim slikama antiratnog video performansa\u00a0<em>Konjski rep.<\/em>\u00a0Jezi\u010dki\u00a0<em>grotesk<\/em> ornamenti sastavljeni od sofisti\u010dki stiliziranih pitanja i znanstveno preciznih odgovora o du\u017eini raspona krila leptira, metisu lisice i du\u017eini tanko savijenih mi\u0161jih repova, poput maniristi\u010dki naslikanih slomljenih gran\u010dica, pokazuju grube doga\u0111aje u vremenu kojem ne pripada nikakvo herojsko ili op\u0107e zna\u010denje, ve\u0107 hiperkreativnost <em>grotesk<\/em> valcera,\u00a0<em>disaster<\/em> tunelskog ratovanja s opetovanim megafonskim urlicima radioaktivnog pucketanja.<\/p><p><a href=\"https:\/\/www.dbindos.info\/wp-content\/uploads\/mala-rasprava3.jpg\"><img decoding=\"async\" loading=\"lazy\" class=\"alignnone wp-image-6886 size-full\" src=\"https:\/\/www.dbindos.info\/wp-content\/uploads\/mala-rasprava3.jpg\" alt=\"\" width=\"938\" height=\"625\" srcset=\"https:\/\/www.dbindos.info\/wp-content\/uploads\/mala-rasprava3.jpg 938w, https:\/\/www.dbindos.info\/wp-content\/uploads\/mala-rasprava3-300x200.jpg 300w, https:\/\/www.dbindos.info\/wp-content\/uploads\/mala-rasprava3-768x512.jpg 768w, https:\/\/www.dbindos.info\/wp-content\/uploads\/mala-rasprava3-18x12.jpg 18w\" sizes=\"(max-width: 938px) 100vw, 938px\" \/><\/a><\/p><p>Poetska bezrazumska rasprava spisateljice Dunje Robi\u0107 (knji\u017eevni homonim klini\u010dke psihologinje i pedagoginje Mire Dupelj) unosi nove kriti\u010dke zone promjenjivih identiteta-homonima, za potencijalni rizomatski atlas njezine pjesni\u010dke kritike i klinike, zahvaljuju\u0107i radu s ostav\u0161tinom zapisa i slika, ku\u0107im arhivom, koji ure\u0111uje njezina unuka Iva Gruden Zduni\u0107. Dunja Robi\u0107 (tada Mira Ko\u0161uti\u0107) bila je \u010dlanica vizionarske izvaninstitucionalne Dru\u017eine mladih 1940-ih, koju su vodili Vlado Habunek i Radovan Iv\u0161i\u0107, me\u0111u kojima su bili Ivo Malec, Kosta Spai\u0107 i mnogi drugi. Mira Ko\u0161uti\u0107 glumila je i prevodila u Dru\u017eini mladih, Dunja Robi\u0107 prevodila je Baudelairea, Rilkea, autorica je proznih i poetskih djela te libreta, Alka Ruben je pisala popularne \u0161lagere\u00a0<em>Moja mala djevoj\u010dica (Tata kupi mi auto), Ljubav ili \u0161ala, Sretna luka<\/em>, a Mira Dupelj je bila klini\u010dka pedagoginja u Psihijatrijskoj bolnici Vrap\u010de.<\/p><p><strong>Podr\u0161ka i partneri: Zaklada Kultura nova, Pogon \u2013 Zagreba\u010dki centar za nezavisnu kulturu i mlade, Ministarstvo kulture i medija RH, Grad Zagreb \u2013 Gradski ured za kulturu, me\u0111ugradsku i me\u0111unarodnu suradnju i civilno dru\u0161tvo<\/strong><\/p><\/div>\t\t\t\t\t\t<\/div>\n\t\t\t\t<\/div>\n\t\t\t\t\t<\/div>\n\t\t<\/div>\n\t\t\t\t\t\t\t<\/div>\n\t\t<\/section>\n\t\t\t\t\t<\/div>\n\t\t<\/div>\n\t\t\t\t\t\t\t<\/div>\n\t\t<\/section>\n\t\t\t\t\t\t\t<\/div>","protected":false},"excerpt":{"rendered":"<p>Mala rasprava bez razuma Previous Next 9. i 10. 12. 2022. Pogon Jedinstvo, Zagreb Produkcija: DB Indo\u0161 Ku\u0107a ekstremnog muzi\u010dkog kazali\u0161taAutorski koncept, re\u017eija i dramaturgija: Damir Bartol Indo\u0161 &amp; Tanja VrviloPerformeri: DB Indo\u0161, Tanja VrviloMuzi\u010dari: Damir Prica Kafka \u2013 sax, el. klavir, Franjo Glu\u0161ac \u2013 gitara, Bruno Vorberger \u2013 perkusije, Dina Puhovski \u2013 glas, Ivan &hellip;<\/p>\n<p class=\"read-more\"> <a class=\"\" href=\"https:\/\/www.dbindos.info\/en\/projekti\/mala-rasprava-bez-razuma\/\"> <span class=\"screen-reader-text\">A Small Mindless Debate<\/span> Read More &raquo;<\/a><\/p>","protected":false},"author":1,"featured_media":0,"parent":5413,"menu_order":0,"comment_status":"closed","ping_status":"closed","template":"","meta":{"site-sidebar-layout":"no-sidebar","site-content-layout":"page-builder","ast-global-header-display":"","ast-main-header-display":"","ast-hfb-above-header-display":"","ast-hfb-below-header-display":"","ast-hfb-mobile-header-display":"","site-post-title":"disabled","ast-breadcrumbs-content":"","ast-featured-img":"disabled","footer-sml-layout":"","theme-transparent-header-meta":"","adv-header-id-meta":"","stick-header-meta":"","header-above-stick-meta":"","header-main-stick-meta":"","header-below-stick-meta":""},"_links":{"self":[{"href":"https:\/\/www.dbindos.info\/en\/wp-json\/wp\/v2\/pages\/6873"}],"collection":[{"href":"https:\/\/www.dbindos.info\/en\/wp-json\/wp\/v2\/pages"}],"about":[{"href":"https:\/\/www.dbindos.info\/en\/wp-json\/wp\/v2\/types\/page"}],"author":[{"embeddable":true,"href":"https:\/\/www.dbindos.info\/en\/wp-json\/wp\/v2\/users\/1"}],"replies":[{"embeddable":true,"href":"https:\/\/www.dbindos.info\/en\/wp-json\/wp\/v2\/comments?post=6873"}],"version-history":[{"count":73,"href":"https:\/\/www.dbindos.info\/en\/wp-json\/wp\/v2\/pages\/6873\/revisions"}],"predecessor-version":[{"id":7231,"href":"https:\/\/www.dbindos.info\/en\/wp-json\/wp\/v2\/pages\/6873\/revisions\/7231"}],"up":[{"embeddable":true,"href":"https:\/\/www.dbindos.info\/en\/wp-json\/wp\/v2\/pages\/5413"}],"wp:attachment":[{"href":"https:\/\/www.dbindos.info\/en\/wp-json\/wp\/v2\/media?parent=6873"}],"curies":[{"name":"wp","href":"https:\/\/api.w.org\/{rel}","templated":true}]}}