{"id":6955,"date":"2023-11-30T08:52:25","date_gmt":"2023-11-30T08:52:25","guid":{"rendered":"https:\/\/www.dbindos.info\/?page_id=6955"},"modified":"2024-01-13T13:46:13","modified_gmt":"2024-01-13T13:46:13","slug":"sjenke-i-snovi","status":"publish","type":"page","link":"https:\/\/www.dbindos.info\/en\/projekti\/sjenke-i-snovi\/","title":{"rendered":"SJENKE I SNOVI"},"content":{"rendered":"<div data-elementor-type=\"wp-page\" data-elementor-id=\"6955\" class=\"elementor elementor-6955\">\n\t\t\t\t\t\t\t\t\t<section class=\"elementor-section elementor-top-section elementor-element elementor-element-06098c3 elementor-section-boxed elementor-section-height-default elementor-section-height-default\" data-id=\"06098c3\" data-element_type=\"section\" data-settings=\"{&quot;background_background&quot;:&quot;classic&quot;}\">\n\t\t\t\t\t\t<div class=\"elementor-container elementor-column-gap-default\">\n\t\t\t\t\t<div class=\"elementor-column elementor-col-100 elementor-top-column elementor-element elementor-element-f7fc9af\" data-id=\"f7fc9af\" data-element_type=\"column\" data-settings=\"{&quot;background_background&quot;:&quot;classic&quot;}\">\n\t\t\t<div class=\"elementor-widget-wrap elementor-element-populated\">\n\t\t\t\t\t\t\t\t<div class=\"elementor-element elementor-element-478b75a elementor-widget-mobile__width-inherit elementor-widget elementor-widget-heading\" data-id=\"478b75a\" data-element_type=\"widget\" data-widget_type=\"heading.default\">\n\t\t\t\t<div class=\"elementor-widget-container\">\n\t\t\t<style>\/*! elementor - v3.10.0 - 09-01-2023 *\/\n.elementor-heading-title{padding:0;margin:0;line-height:1}.elementor-widget-heading .elementor-heading-title[class*=elementor-size-]>a{color:inherit;font-size:inherit;line-height:inherit}.elementor-widget-heading .elementor-heading-title.elementor-size-small{font-size:15px}.elementor-widget-heading .elementor-heading-title.elementor-size-medium{font-size:19px}.elementor-widget-heading .elementor-heading-title.elementor-size-large{font-size:29px}.elementor-widget-heading .elementor-heading-title.elementor-size-xl{font-size:39px}.elementor-widget-heading .elementor-heading-title.elementor-size-xxl{font-size:59px}<\/style><h1 class=\"elementor-heading-title elementor-size-default\">SJENKE I SNOVI <\/h1>\t\t<\/div>\n\t\t\t\t<\/div>\n\t\t\t\t<div class=\"elementor-element elementor-element-602c5ee elementor-arrows-position-inside elementor-widget elementor-widget-image-carousel\" data-id=\"602c5ee\" data-element_type=\"widget\" data-settings=\"{&quot;slides_to_show&quot;:&quot;5&quot;,&quot;autoplay&quot;:&quot;no&quot;,&quot;slides_to_show_tablet&quot;:&quot;3&quot;,&quot;navigation&quot;:&quot;arrows&quot;,&quot;image_spacing_custom&quot;:{&quot;unit&quot;:&quot;px&quot;,&quot;size&quot;:7,&quot;sizes&quot;:[]},&quot;slides_to_show_mobile&quot;:&quot;1&quot;,&quot;infinite&quot;:&quot;no&quot;,&quot;speed&quot;:500}\" data-widget_type=\"image-carousel.default\">\n\t\t\t\t<div class=\"elementor-widget-container\">\n\t\t\t<style>\/*! elementor - v3.10.0 - 09-01-2023 *\/\n.elementor-widget-image-carousel .swiper-container{position:static}.elementor-widget-image-carousel .swiper-container .swiper-slide figure{line-height:inherit}.elementor-widget-image-carousel .swiper-slide{text-align:center}.elementor-image-carousel-wrapper:not(.swiper-container-initialized) .swiper-slide{max-width:calc(100% \/ var(--e-image-carousel-slides-to-show, 3))}<\/style>\t\t<div class=\"elementor-image-carousel-wrapper swiper-container\" dir=\"ltr\">\n\t\t\t<div class=\"elementor-image-carousel swiper-wrapper swiper-image-stretch\">\n\t\t\t\t\t\t\t\t<div class=\"swiper-slide\"><a data-elementor-open-lightbox=\"yes\" data-elementor-lightbox-slideshow=\"602c5ee\" e-action-hash=\"#elementor-action%3Aaction%3Dlightbox%26settings%3DeyJpZCI6NTA5MywidXJsIjoiaHR0cHM6XC9cL3d3dy5kYmluZG9zLmluZm9cL3dwLWNvbnRlbnRcL3VwbG9hZHNcL3NqZW5rZS1pLXNub3ZpLmpwZyIsInNsaWRlc2hvdyI6IjYwMmM1ZWUifQ%3D%3D\" href=\"https:\/\/www.dbindos.info\/wp-content\/uploads\/sjenke-i-snovi.jpg\"><figure class=\"swiper-slide-inner\"><img decoding=\"async\" class=\"swiper-slide-image\" src=\"https:\/\/www.dbindos.info\/wp-content\/uploads\/sjenke-i-snovi.jpg\" alt=\"sjenke-i-snovi\" \/><\/figure><\/a><\/div><div class=\"swiper-slide\"><a data-elementor-open-lightbox=\"yes\" data-elementor-lightbox-slideshow=\"602c5ee\" e-action-hash=\"#elementor-action%3Aaction%3Dlightbox%26settings%3DeyJpZCI6Njk2NCwidXJsIjoiaHR0cHM6XC9cL3d3dy5kYmluZG9zLmluZm9cL3dwLWNvbnRlbnRcL3VwbG9hZHNcLzUyMjkyOTIzMjQ3XzVkMjhjZDY0YzFfYi5qcGciLCJzbGlkZXNob3ciOiI2MDJjNWVlIn0%3D\" href=\"https:\/\/www.dbindos.info\/wp-content\/uploads\/52292923247_5d28cd64c1_b.jpg\"><figure class=\"swiper-slide-inner\"><img decoding=\"async\" class=\"swiper-slide-image\" src=\"https:\/\/www.dbindos.info\/wp-content\/uploads\/52292923247_5d28cd64c1_b.jpg\" alt=\"52292923247_5d28cd64c1_b\" \/><\/figure><\/a><\/div><div class=\"swiper-slide\"><a data-elementor-open-lightbox=\"yes\" data-elementor-lightbox-slideshow=\"602c5ee\" e-action-hash=\"#elementor-action%3Aaction%3Dlightbox%26settings%3DeyJpZCI6Njk2MiwidXJsIjoiaHR0cHM6XC9cL3d3dy5kYmluZG9zLmluZm9cL3dwLWNvbnRlbnRcL3VwbG9hZHNcLzUyMjk0Mzk0OTEwXzdmY2ZhZWM4NzZfYi5qcGciLCJzbGlkZXNob3ciOiI2MDJjNWVlIn0%3D\" href=\"https:\/\/www.dbindos.info\/wp-content\/uploads\/52294394910_7fcfaec876_b.jpg\"><figure class=\"swiper-slide-inner\"><img decoding=\"async\" class=\"swiper-slide-image\" src=\"https:\/\/www.dbindos.info\/wp-content\/uploads\/52294394910_7fcfaec876_b.jpg\" alt=\"52294394910_7fcfaec876_b\" \/><\/figure><\/a><\/div><div class=\"swiper-slide\"><a data-elementor-open-lightbox=\"yes\" data-elementor-lightbox-slideshow=\"602c5ee\" e-action-hash=\"#elementor-action%3Aaction%3Dlightbox%26settings%3DeyJpZCI6Njk2MSwidXJsIjoiaHR0cHM6XC9cL3d3dy5kYmluZG9zLmluZm9cL3dwLWNvbnRlbnRcL3VwbG9hZHNcLzUyMjk0MTczMTg5X2U2MGUxOWZmYjNfYi5qcGciLCJzbGlkZXNob3ciOiI2MDJjNWVlIn0%3D\" href=\"https:\/\/www.dbindos.info\/wp-content\/uploads\/52294173189_e60e19ffb3_b.jpg\"><figure class=\"swiper-slide-inner\"><img decoding=\"async\" class=\"swiper-slide-image\" src=\"https:\/\/www.dbindos.info\/wp-content\/uploads\/52294173189_e60e19ffb3_b.jpg\" alt=\"52294173189_e60e19ffb3_b\" \/><\/figure><\/a><\/div><div class=\"swiper-slide\"><a data-elementor-open-lightbox=\"yes\" data-elementor-lightbox-slideshow=\"602c5ee\" e-action-hash=\"#elementor-action%3Aaction%3Dlightbox%26settings%3DeyJpZCI6Njk5MywidXJsIjoiaHR0cHM6XC9cL3d3dy5kYmluZG9zLmluZm9cL3dwLWNvbnRlbnRcL3VwbG9hZHNcLzUyMjkzOTA4ODQxX2QwODc4N2E4NzlfYi0xLmpwZyIsInNsaWRlc2hvdyI6IjYwMmM1ZWUifQ%3D%3D\" href=\"https:\/\/www.dbindos.info\/wp-content\/uploads\/52293908841_d08787a879_b-1.jpg\"><figure class=\"swiper-slide-inner\"><img decoding=\"async\" class=\"swiper-slide-image\" src=\"https:\/\/www.dbindos.info\/wp-content\/uploads\/52293908841_d08787a879_b-1.jpg\" alt=\"52293908841_d08787a879_b\" \/><\/figure><\/a><\/div>\t\t\t<\/div>\n\t\t\t\t\t\t\t\t\t\t\t\t\t\t\t\t<div class=\"elementor-swiper-button elementor-swiper-button-prev\">\n\t\t\t\t\t\t<i aria-hidden=\"true\" class=\"eicon-chevron-left\"><\/i>\t\t\t\t\t\t<span class=\"elementor-screen-only\">Previous<\/span>\n\t\t\t\t\t<\/div>\n\t\t\t\t\t<div class=\"elementor-swiper-button elementor-swiper-button-next\">\n\t\t\t\t\t\t<i aria-hidden=\"true\" class=\"eicon-chevron-right\"><\/i>\t\t\t\t\t\t<span class=\"elementor-screen-only\">Next<\/span>\n\t\t\t\t\t<\/div>\n\t\t\t\t\t\t\t\t\t<\/div>\n\t\t\t\t<\/div>\n\t\t\t\t<\/div>\n\t\t\t\t<section class=\"elementor-section elementor-inner-section elementor-element elementor-element-310b37d elementor-reverse-mobile elementor-section-boxed elementor-section-height-default elementor-section-height-default\" data-id=\"310b37d\" data-element_type=\"section\" data-settings=\"{&quot;background_background&quot;:&quot;classic&quot;}\">\n\t\t\t\t\t\t<div class=\"elementor-container elementor-column-gap-default\">\n\t\t\t\t\t<div class=\"elementor-column elementor-col-50 elementor-inner-column elementor-element elementor-element-034fa63\" data-id=\"034fa63\" data-element_type=\"column\" data-settings=\"{&quot;background_background&quot;:&quot;classic&quot;}\">\n\t\t\t<div class=\"elementor-widget-wrap elementor-element-populated\">\n\t\t\t\t\t\t\t\t<div class=\"elementor-element elementor-element-e6920f0 elementor-widget-mobile__width-initial elementor-widget elementor-widget-text-editor\" data-id=\"e6920f0\" data-element_type=\"widget\" data-widget_type=\"text-editor.default\">\n\t\t\t\t<div class=\"elementor-widget-container\">\n\t\t\t<style>\/*! elementor - v3.10.0 - 09-01-2023 *\/\n.elementor-widget-text-editor.elementor-drop-cap-view-stacked .elementor-drop-cap{background-color:#818a91;color:#fff}.elementor-widget-text-editor.elementor-drop-cap-view-framed .elementor-drop-cap{color:#818a91;border:3px solid;background-color:transparent}.elementor-widget-text-editor:not(.elementor-drop-cap-view-default) .elementor-drop-cap{margin-top:8px}.elementor-widget-text-editor:not(.elementor-drop-cap-view-default) .elementor-drop-cap-letter{width:1em;height:1em}.elementor-widget-text-editor .elementor-drop-cap{float:left;text-align:center;line-height:1;font-size:50px}.elementor-widget-text-editor .elementor-drop-cap-letter{display:inline-block}<\/style>\t\t\t\t<p><a href=\"https:\/\/www.pogon.hr\/program\/db-indos-kuca-ekstremnog-muzickog-kazalista-sjenke-i-snovi\/\" target=\"_blank\" rel=\"noopener\"><b>24. 7. 2022. Pogon Jedinstvo, Zagreb<\/b><\/a><\/p><p>Produkcija: <strong>DB INDO\u0160 KU\u0106A EKSTREMNOG MUZI\u010cKOG KAZALI\u0160TA<br \/><\/strong>Autori i izvo\u0111a\u010di: <strong>DB Indo\u0161, Tanja Vrvilo<\/strong> <br \/>Zvu\u010dno-svjetlosna instalacija: <strong>DB Indo\u0161<\/strong>\u00a0<br \/>Tehni\u010dka suradnja: Jasmin Dasovi\u0107 <br \/>Video snimanje izvedbe: Vedran \u0160uvar, Dra\u017een \u017derjav\u00a0<br \/>Video monta\u017ea: Miro Manojlovi\u0107\u00a0 <br \/><a href=\"https:\/\/www.flickr.com\/photos\/pogon-zagreb\/albums\/72177720301395989\/\" target=\"_blank\" rel=\"noopener\"><strong>Foto album<\/strong>:<\/a> Ratko Mavar <br \/>Snimke iz Arhiva Parainstitut Indo\u0161: Ivan Maru\u0161i\u0107 Klif, Miran Kr\u010dadinac, DB Indo\u0161, Tanja Vrvilo \u00a0<\/p><p><strong>Ivan Martinac, skica za \u010cUVARE KRIPTE<\/strong> (dramski collage po Beckettu), u Splitu, 20. svibnja 1994.<\/p>\t\t\t\t\t\t<\/div>\n\t\t\t\t<\/div>\n\t\t\t\t<div class=\"elementor-element elementor-element-ff7cc0d elementor-widget elementor-widget-image\" data-id=\"ff7cc0d\" data-element_type=\"widget\" data-widget_type=\"image.default\">\n\t\t\t\t<div class=\"elementor-widget-container\">\n\t\t\t<style>\/*! elementor - v3.10.0 - 09-01-2023 *\/\n.elementor-widget-image{text-align:center}.elementor-widget-image a{display:inline-block}.elementor-widget-image a img[src$=\".svg\"]{width:48px}.elementor-widget-image img{vertical-align:middle;display:inline-block}<\/style>\t\t\t\t\t\t\t\t\t\t\t\t\t<a href=\"https:\/\/www.dbindos.info\/wp-content\/uploads\/52293908416_075cb2ff6c_b.jpg\" data-elementor-open-lightbox=\"yes\" e-action-hash=\"#elementor-action%3Aaction%3Dlightbox%26settings%3DeyJpZCI6Njk2NywidXJsIjoiaHR0cHM6XC9cL3d3dy5kYmluZG9zLmluZm9cL3dwLWNvbnRlbnRcL3VwbG9hZHNcLzUyMjkzOTA4NDE2XzA3NWNiMmZmNmNfYi5qcGcifQ%3D%3D\">\n\t\t\t\t\t\t\t<img decoding=\"async\" width=\"1024\" height=\"683\" src=\"https:\/\/www.dbindos.info\/wp-content\/uploads\/52293908416_075cb2ff6c_b.jpg\" class=\"attachment-full size-full wp-image-6967\" alt=\"\" loading=\"lazy\" srcset=\"https:\/\/www.dbindos.info\/wp-content\/uploads\/52293908416_075cb2ff6c_b.jpg 1024w, https:\/\/www.dbindos.info\/wp-content\/uploads\/52293908416_075cb2ff6c_b-300x200.jpg 300w, https:\/\/www.dbindos.info\/wp-content\/uploads\/52293908416_075cb2ff6c_b-768x512.jpg 768w, https:\/\/www.dbindos.info\/wp-content\/uploads\/52293908416_075cb2ff6c_b-18x12.jpg 18w\" sizes=\"(max-width: 1024px) 100vw, 1024px\" \/>\t\t\t\t\t\t\t\t<\/a>\n\t\t\t\t\t\t\t\t\t\t\t\t\t\t\t<\/div>\n\t\t\t\t<\/div>\n\t\t\t\t\t<\/div>\n\t\t<\/div>\n\t\t\t\t<div class=\"elementor-column elementor-col-50 elementor-inner-column elementor-element elementor-element-7f9eff3\" data-id=\"7f9eff3\" data-element_type=\"column\">\n\t\t\t<div class=\"elementor-widget-wrap elementor-element-populated\">\n\t\t\t\t\t\t\t\t<div class=\"elementor-element elementor-element-cd0a164 elementor-widget__width-initial elementor-widget-mobile__width-inherit elementor-widget-tablet__width-inherit elementor-widget elementor-widget-text-editor\" data-id=\"cd0a164\" data-element_type=\"widget\" data-widget_type=\"text-editor.default\">\n\t\t\t\t<div class=\"elementor-widget-container\">\n\t\t\t\t\t\t\t<div class=\"lead\"><div class=\"lead\"><p>Gore \u017euta, podna svjetla. Mrak. Ti\u0161ina podzemlja. Iz sredi\u0161ta dolazi zvuk, jedan ton. Na mra\u010dnom tlu, razmje\u0161teni su zvu\u010dni i svjetlosni objekti prema skici kripte pjesni\u010dkog kola\u017ea Ivana Martinca.<\/p><\/div><\/div>\t\t\t\t\t\t<\/div>\n\t\t\t\t<\/div>\n\t\t\t\t<div class=\"elementor-element elementor-element-2dec581 elementor-widget__width-initial elementor-widget-tablet__width-inherit elementor-widget elementor-widget-image\" data-id=\"2dec581\" data-element_type=\"widget\" data-widget_type=\"image.default\">\n\t\t\t\t<div class=\"elementor-widget-container\">\n\t\t\t\t\t\t\t\t\t\t\t\t\t\t\t\t<a href=\"https:\/\/www.dbindos.info\/wp-content\/uploads\/52293909391_f2cc2833a0_b.jpg\" data-elementor-open-lightbox=\"yes\" e-action-hash=\"#elementor-action%3Aaction%3Dlightbox%26settings%3DeyJpZCI6Njk2NSwidXJsIjoiaHR0cHM6XC9cL3d3dy5kYmluZG9zLmluZm9cL3dwLWNvbnRlbnRcL3VwbG9hZHNcLzUyMjkzOTA5MzkxX2YyY2MyODMzYTBfYi5qcGcifQ%3D%3D\">\n\t\t\t\t\t\t\t<img decoding=\"async\" width=\"1024\" height=\"683\" src=\"https:\/\/www.dbindos.info\/wp-content\/uploads\/52293909391_f2cc2833a0_b.jpg\" class=\"attachment-full size-full wp-image-6965\" alt=\"\" loading=\"lazy\" srcset=\"https:\/\/www.dbindos.info\/wp-content\/uploads\/52293909391_f2cc2833a0_b.jpg 1024w, https:\/\/www.dbindos.info\/wp-content\/uploads\/52293909391_f2cc2833a0_b-300x200.jpg 300w, https:\/\/www.dbindos.info\/wp-content\/uploads\/52293909391_f2cc2833a0_b-768x512.jpg 768w, https:\/\/www.dbindos.info\/wp-content\/uploads\/52293909391_f2cc2833a0_b-18x12.jpg 18w\" sizes=\"(max-width: 1024px) 100vw, 1024px\" \/>\t\t\t\t\t\t\t\t<\/a>\n\t\t\t\t\t\t\t\t\t\t\t\t\t\t\t<\/div>\n\t\t\t\t<\/div>\n\t\t\t\t<div class=\"elementor-element elementor-element-de1cfae elementor-widget__width-initial elementor-widget-mobile__width-inherit elementor-widget-tablet__width-inherit elementor-widget elementor-widget-text-editor\" data-id=\"de1cfae\" data-element_type=\"widget\" data-widget_type=\"text-editor.default\">\n\t\t\t\t<div class=\"elementor-widget-container\">\n\t\t\t\t\t\t\t<div class=\"lead\"><p>Rigidno segmentirane linije, intimne i prisvojene, prekidaju se na skiciranim postajama snova i sjenki, prepletenim linijama dlanova. Metalna vrata, pristupne stepenice, unutarnje ni\u0161e, zidne ravnine, visoki kameni stol, elementi poput gomile kamenja, drveni sat sa za\u0161titnim staklom koje se otvara, prva crvena stolica, kosa metalna svjetiljka, jednostavni tamnosme\u0111i stol s bo\u010dnim ladicama &#8211; ulijevo sa crnim kasetama, a nadesno s ukori\u010denom bilje\u017enicom. Listaju\u0107i nasumce stranice \u010dujemo prona\u0111enu vrpcu,\u00a0<em>dok vru\u0107ica traje sve su slike ispremije\u0161ane, divlji konjski galop odmi\u010de kukuruzovinom, u snu na jednoj od postaja, neugledna svjetlost &#8211; jezi\u010dak slasti, pro\u0161le su me strasti, prah od kojeg zaborav je satkan<\/em>. Koji su tvoji rigidni segmenti, tvoje meke linije, tvoje vru\u0107ice, procijepi, remigracije?<\/p><\/div>\t\t\t\t\t\t<\/div>\n\t\t\t\t<\/div>\n\t\t\t\t\t<\/div>\n\t\t<\/div>\n\t\t\t\t\t\t\t<\/div>\n\t\t<\/section>\n\t\t\t\t<section class=\"elementor-section elementor-inner-section elementor-element elementor-element-655e766 elementor-section-height-min-height elementor-reverse-mobile elementor-section-boxed elementor-section-height-default\" data-id=\"655e766\" data-element_type=\"section\" data-settings=\"{&quot;background_background&quot;:&quot;classic&quot;}\">\n\t\t\t\t\t\t<div class=\"elementor-container elementor-column-gap-default\">\n\t\t\t\t\t<div class=\"elementor-column elementor-col-50 elementor-inner-column elementor-element elementor-element-2b49ef1\" data-id=\"2b49ef1\" data-element_type=\"column\" data-settings=\"{&quot;background_background&quot;:&quot;classic&quot;}\">\n\t\t\t<div class=\"elementor-widget-wrap\">\n\t\t\t\t\t\t\t\t\t<\/div>\n\t\t<\/div>\n\t\t\t\t<div class=\"elementor-column elementor-col-50 elementor-inner-column elementor-element elementor-element-46ae25d\" data-id=\"46ae25d\" data-element_type=\"column\">\n\t\t\t<div class=\"elementor-widget-wrap elementor-element-populated\">\n\t\t\t\t\t\t\t\t<div class=\"elementor-element elementor-element-d1ffb7d elementor-widget__width-initial elementor-widget-mobile__width-inherit elementor-widget-tablet__width-inherit elementor-widget elementor-widget-text-editor\" data-id=\"d1ffb7d\" data-element_type=\"widget\" data-widget_type=\"text-editor.default\">\n\t\t\t\t<div class=\"elementor-widget-container\">\n\t\t\t\t\t\t\t<div class=\"lead\"><p>Slijedimo skicu Martin\u010deve kripte. Druga crvena stolica s naslonom za ruke, niski stoli\u0107 sa \u0161ahovskom kutijom bez figura, ormari\u0107 u kojem je rje\u010dnik stranih rije\u010di i crni kasetofon, velika porculanska kugla \u0161to zra\u010di blijedo\u017eutim svjetlom.<em>\u00a0U kripti ima mjesta za 144 (ili 72) stolice. Gledatelji \u0107e dobiti brojeve od 1 do 144 (ili od 1 do 72) iako stolice nisu ozna\u010dene.<\/em>\u00a03 crna magnetofona proizvode izvrnute melodije gamelan teme i snovite brojalice od 1 do 10 na varijablama brzina od -6 do +6. 5 crnih reflektofona pale i gase senzorne \u017earulje registriraju\u0107i svaku pojavu tijela. 2 pocin\u010dana top reflektofona repetitivno oprugama prate zadanu frazu. Iz daljine dolazi prigu\u0161eni ton iz 2 crvene i 2 \u017eute antifonske slu\u0161alice. 2 zumera zujanjem i kr\u010denjem dekodiraju paralelno preslu\u0161ane poruke iz crne i bijele telefonske govorne ma\u0161ine. 2 drvena stola za govorenje vode trostruke dijaloge kroz 4 megafonske rupe i 2 reflektorska ku\u0107i\u0161ta. 4 siva reflektofona beskona\u010dno emitiraju palindromska lupanja \u010deki\u0107a. 2 crne be\u017ei\u010dne telefonske slu\u0161alice me\u0111usobno komuniciraju sjenke \u010duvara kripte. Sada mo\u017eemo bolje razumjeti za\u0161to postoje barem 3 razli\u010dite linije. Postoji linija tijela, linija sjenke, linija tame.<\/p><p><a href=\"https:\/\/www.dbindos.info\/wp-content\/uploads\/52294396190_32511c141a_b.jpg\"><img decoding=\"async\" loading=\"lazy\" class=\"alignnone wp-image-6960 size-full\" src=\"https:\/\/www.dbindos.info\/wp-content\/uploads\/52294396190_32511c141a_b.jpg\" alt=\"\" width=\"1024\" height=\"683\" srcset=\"https:\/\/www.dbindos.info\/wp-content\/uploads\/52294396190_32511c141a_b.jpg 1024w, https:\/\/www.dbindos.info\/wp-content\/uploads\/52294396190_32511c141a_b-300x200.jpg 300w, https:\/\/www.dbindos.info\/wp-content\/uploads\/52294396190_32511c141a_b-768x512.jpg 768w, https:\/\/www.dbindos.info\/wp-content\/uploads\/52294396190_32511c141a_b-18x12.jpg 18w\" sizes=\"(max-width: 1024px) 100vw, 1024px\" \/><\/a><\/p><p><strong>Podr\u0161ka i partneri: Zaklada Kultura nova, Pogon \u2013 Zagreba\u010dki centar za nezavisnu kulturu i mlade, Ministarstvo kulture i medija RH, Grad Zagreb \u2013 Gradski ured za kulturu, me\u0111ugradsku i me\u0111unarodnu suradnju i civilno dru\u0161tvo<\/strong><\/p><\/div>\t\t\t\t\t\t<\/div>\n\t\t\t\t<\/div>\n\t\t\t\t\t<\/div>\n\t\t<\/div>\n\t\t\t\t\t\t\t<\/div>\n\t\t<\/section>\n\t\t\t\t\t<\/div>\n\t\t<\/div>\n\t\t\t\t\t\t\t<\/div>\n\t\t<\/section>\n\t\t\t\t\t\t\t<\/div>","protected":false},"excerpt":{"rendered":"<p>SJENKE I SNOVI Previous Next 24. 7. 2022. Pogon Jedinstvo, Zagreb Produkcija: DB INDO\u0160 KU\u0106A EKSTREMNOG MUZI\u010cKOG KAZALI\u0160TAAutori i izvo\u0111a\u010di: DB Indo\u0161, Tanja Vrvilo Zvu\u010dno-svjetlosna instalacija: DB Indo\u0161\u00a0Tehni\u010dka suradnja: Jasmin Dasovi\u0107 Video snimanje izvedbe: Vedran \u0160uvar, Dra\u017een \u017derjav\u00a0Video monta\u017ea: Miro Manojlovi\u0107\u00a0 Foto album: Ratko Mavar Snimke iz Arhiva Parainstitut Indo\u0161: Ivan Maru\u0161i\u0107 Klif, Miran Kr\u010dadinac, &hellip;<\/p>\n<p class=\"read-more\"> <a class=\"\" href=\"https:\/\/www.dbindos.info\/en\/projekti\/sjenke-i-snovi\/\"> <span class=\"screen-reader-text\">SJENKE I SNOVI<\/span> Read More &raquo;<\/a><\/p>","protected":false},"author":1,"featured_media":0,"parent":5413,"menu_order":0,"comment_status":"closed","ping_status":"closed","template":"","meta":{"site-sidebar-layout":"no-sidebar","site-content-layout":"page-builder","ast-global-header-display":"","ast-main-header-display":"","ast-hfb-above-header-display":"","ast-hfb-below-header-display":"","ast-hfb-mobile-header-display":"","site-post-title":"disabled","ast-breadcrumbs-content":"","ast-featured-img":"disabled","footer-sml-layout":"","theme-transparent-header-meta":"","adv-header-id-meta":"","stick-header-meta":"","header-above-stick-meta":"","header-main-stick-meta":"","header-below-stick-meta":""},"_links":{"self":[{"href":"https:\/\/www.dbindos.info\/en\/wp-json\/wp\/v2\/pages\/6955"}],"collection":[{"href":"https:\/\/www.dbindos.info\/en\/wp-json\/wp\/v2\/pages"}],"about":[{"href":"https:\/\/www.dbindos.info\/en\/wp-json\/wp\/v2\/types\/page"}],"author":[{"embeddable":true,"href":"https:\/\/www.dbindos.info\/en\/wp-json\/wp\/v2\/users\/1"}],"replies":[{"embeddable":true,"href":"https:\/\/www.dbindos.info\/en\/wp-json\/wp\/v2\/comments?post=6955"}],"version-history":[{"count":46,"href":"https:\/\/www.dbindos.info\/en\/wp-json\/wp\/v2\/pages\/6955\/revisions"}],"predecessor-version":[{"id":11535,"href":"https:\/\/www.dbindos.info\/en\/wp-json\/wp\/v2\/pages\/6955\/revisions\/11535"}],"up":[{"embeddable":true,"href":"https:\/\/www.dbindos.info\/en\/wp-json\/wp\/v2\/pages\/5413"}],"wp:attachment":[{"href":"https:\/\/www.dbindos.info\/en\/wp-json\/wp\/v2\/media?parent=6955"}],"curies":[{"name":"wp","href":"https:\/\/api.w.org\/{rel}","templated":true}]}}