{"id":7004,"date":"2023-12-08T09:19:28","date_gmt":"2023-12-08T09:19:28","guid":{"rendered":"https:\/\/www.dbindos.info\/?page_id=7004"},"modified":"2023-12-08T18:19:53","modified_gmt":"2023-12-08T18:19:53","slug":"stroj-za-bol","status":"publish","type":"page","link":"https:\/\/www.dbindos.info\/en\/projekti\/stroj-za-bol\/","title":{"rendered":"Stroj za bol"},"content":{"rendered":"<div data-elementor-type=\"wp-page\" data-elementor-id=\"7004\" class=\"elementor elementor-7004\">\n\t\t\t\t\t\t\t\t\t<section class=\"elementor-section elementor-top-section elementor-element elementor-element-06098c3 elementor-section-boxed elementor-section-height-default elementor-section-height-default\" data-id=\"06098c3\" data-element_type=\"section\" data-settings=\"{&quot;background_background&quot;:&quot;classic&quot;}\">\n\t\t\t\t\t\t<div class=\"elementor-container elementor-column-gap-default\">\n\t\t\t\t\t<div class=\"elementor-column elementor-col-100 elementor-top-column elementor-element elementor-element-f7fc9af\" data-id=\"f7fc9af\" data-element_type=\"column\" data-settings=\"{&quot;background_background&quot;:&quot;classic&quot;}\">\n\t\t\t<div class=\"elementor-widget-wrap elementor-element-populated\">\n\t\t\t\t\t\t\t\t<div class=\"elementor-element elementor-element-478b75a elementor-widget-mobile__width-inherit elementor-widget elementor-widget-heading\" data-id=\"478b75a\" data-element_type=\"widget\" data-widget_type=\"heading.default\">\n\t\t\t\t<div class=\"elementor-widget-container\">\n\t\t\t<style>\/*! elementor - v3.10.0 - 09-01-2023 *\/\n.elementor-heading-title{padding:0;margin:0;line-height:1}.elementor-widget-heading .elementor-heading-title[class*=elementor-size-]>a{color:inherit;font-size:inherit;line-height:inherit}.elementor-widget-heading .elementor-heading-title.elementor-size-small{font-size:15px}.elementor-widget-heading .elementor-heading-title.elementor-size-medium{font-size:19px}.elementor-widget-heading .elementor-heading-title.elementor-size-large{font-size:29px}.elementor-widget-heading .elementor-heading-title.elementor-size-xl{font-size:39px}.elementor-widget-heading .elementor-heading-title.elementor-size-xxl{font-size:59px}<\/style><h1 class=\"elementor-heading-title elementor-size-default\">Stroj za bol<\/h1>\t\t<\/div>\n\t\t\t\t<\/div>\n\t\t\t\t<div class=\"elementor-element elementor-element-602c5ee elementor-arrows-position-inside elementor-widget elementor-widget-image-carousel\" data-id=\"602c5ee\" data-element_type=\"widget\" data-settings=\"{&quot;slides_to_show&quot;:&quot;5&quot;,&quot;autoplay&quot;:&quot;no&quot;,&quot;slides_to_show_tablet&quot;:&quot;3&quot;,&quot;navigation&quot;:&quot;arrows&quot;,&quot;image_spacing_custom&quot;:{&quot;unit&quot;:&quot;px&quot;,&quot;size&quot;:7,&quot;sizes&quot;:[]},&quot;slides_to_show_mobile&quot;:&quot;1&quot;,&quot;infinite&quot;:&quot;no&quot;,&quot;speed&quot;:500}\" data-widget_type=\"image-carousel.default\">\n\t\t\t\t<div class=\"elementor-widget-container\">\n\t\t\t<style>\/*! elementor - v3.10.0 - 09-01-2023 *\/\n.elementor-widget-image-carousel .swiper-container{position:static}.elementor-widget-image-carousel .swiper-container .swiper-slide figure{line-height:inherit}.elementor-widget-image-carousel .swiper-slide{text-align:center}.elementor-image-carousel-wrapper:not(.swiper-container-initialized) .swiper-slide{max-width:calc(100% \/ var(--e-image-carousel-slides-to-show, 3))}<\/style>\t\t<div class=\"elementor-image-carousel-wrapper swiper-container\" dir=\"ltr\">\n\t\t\t<div class=\"elementor-image-carousel swiper-wrapper swiper-image-stretch\">\n\t\t\t\t\t\t\t\t<div class=\"swiper-slide\"><a data-elementor-open-lightbox=\"yes\" data-elementor-lightbox-slideshow=\"602c5ee\" e-action-hash=\"#elementor-action%3Aaction%3Dlightbox%26settings%3DeyJpZCI6NzAxMSwidXJsIjoiaHR0cHM6XC9cL3d3dy5kYmluZG9zLmluZm9cL3dwLWNvbnRlbnRcL3VwbG9hZHNcLzUxMjUzODM1MzE3X2U3ZWNlZDgxNDdfYi5qcGciLCJzbGlkZXNob3ciOiI2MDJjNWVlIn0%3D\" href=\"https:\/\/www.dbindos.info\/wp-content\/uploads\/51253835317_e7eced8147_b.jpg\"><figure class=\"swiper-slide-inner\"><img decoding=\"async\" class=\"swiper-slide-image\" src=\"https:\/\/www.dbindos.info\/wp-content\/uploads\/51253835317_e7eced8147_b.jpg\" alt=\"51253835317_e7eced8147_b\" \/><\/figure><\/a><\/div><div class=\"swiper-slide\"><a data-elementor-open-lightbox=\"yes\" data-elementor-lightbox-slideshow=\"602c5ee\" e-action-hash=\"#elementor-action%3Aaction%3Dlightbox%26settings%3DeyJpZCI6NzAxMywidXJsIjoiaHR0cHM6XC9cL3d3dy5kYmluZG9zLmluZm9cL3dwLWNvbnRlbnRcL3VwbG9hZHNcLzUxMjU1MzA4MDk5XzM3ZmM0MDE4MmFfYi5qcGciLCJzbGlkZXNob3ciOiI2MDJjNWVlIn0%3D\" href=\"https:\/\/www.dbindos.info\/wp-content\/uploads\/51255308099_37fc40182a_b.jpg\"><figure class=\"swiper-slide-inner\"><img decoding=\"async\" class=\"swiper-slide-image\" src=\"https:\/\/www.dbindos.info\/wp-content\/uploads\/51255308099_37fc40182a_b.jpg\" alt=\"51255308099_37fc40182a_b\" \/><\/figure><\/a><\/div><div class=\"swiper-slide\"><a data-elementor-open-lightbox=\"yes\" data-elementor-lightbox-slideshow=\"602c5ee\" e-action-hash=\"#elementor-action%3Aaction%3Dlightbox%26settings%3DeyJpZCI6NzA0OCwidXJsIjoiaHR0cHM6XC9cL3d3dy5kYmluZG9zLmluZm9cL3dwLWNvbnRlbnRcL3VwbG9hZHNcLzUxMjU1NjAyNDU1XzRiM2E1OTRmMmJfYi5qcGciLCJzbGlkZXNob3ciOiI2MDJjNWVlIn0%3D\" href=\"https:\/\/www.dbindos.info\/wp-content\/uploads\/51255602455_4b3a594f2b_b.jpg\"><figure class=\"swiper-slide-inner\"><img decoding=\"async\" class=\"swiper-slide-image\" src=\"https:\/\/www.dbindos.info\/wp-content\/uploads\/51255602455_4b3a594f2b_b.jpg\" alt=\"51255602455_4b3a594f2b_b\" \/><\/figure><\/a><\/div><div class=\"swiper-slide\"><a data-elementor-open-lightbox=\"yes\" data-elementor-lightbox-slideshow=\"602c5ee\" e-action-hash=\"#elementor-action%3Aaction%3Dlightbox%26settings%3DeyJpZCI6NzAxMiwidXJsIjoiaHR0cHM6XC9cL3d3dy5kYmluZG9zLmluZm9cL3dwLWNvbnRlbnRcL3VwbG9hZHNcLzUxMjUzODM2MjkyX2YzNjA1ZDE1NmNfYi5qcGciLCJzbGlkZXNob3ciOiI2MDJjNWVlIn0%3D\" href=\"https:\/\/www.dbindos.info\/wp-content\/uploads\/51253836292_f3605d156c_b.jpg\"><figure class=\"swiper-slide-inner\"><img decoding=\"async\" class=\"swiper-slide-image\" src=\"https:\/\/www.dbindos.info\/wp-content\/uploads\/51253836292_f3605d156c_b.jpg\" alt=\"51253836292_f3605d156c_b\" \/><\/figure><\/a><\/div><div class=\"swiper-slide\"><a data-elementor-open-lightbox=\"yes\" data-elementor-lightbox-slideshow=\"602c5ee\" e-action-hash=\"#elementor-action%3Aaction%3Dlightbox%26settings%3DeyJpZCI6NzAxNSwidXJsIjoiaHR0cHM6XC9cL3d3dy5kYmluZG9zLmluZm9cL3dwLWNvbnRlbnRcL3VwbG9hZHNcLzUxMjU1MzA3Njk5XzU0MTc4ZWI0ZjNfYi5qcGciLCJzbGlkZXNob3ciOiI2MDJjNWVlIn0%3D\" href=\"https:\/\/www.dbindos.info\/wp-content\/uploads\/51255307699_54178eb4f3_b.jpg\"><figure class=\"swiper-slide-inner\"><img decoding=\"async\" class=\"swiper-slide-image\" src=\"https:\/\/www.dbindos.info\/wp-content\/uploads\/51255307699_54178eb4f3_b.jpg\" alt=\"51255307699_54178eb4f3_b\" \/><\/figure><\/a><\/div>\t\t\t<\/div>\n\t\t\t\t\t\t\t\t\t\t\t\t\t\t\t\t<div class=\"elementor-swiper-button elementor-swiper-button-prev\">\n\t\t\t\t\t\t<i aria-hidden=\"true\" class=\"eicon-chevron-left\"><\/i>\t\t\t\t\t\t<span class=\"elementor-screen-only\">Previous<\/span>\n\t\t\t\t\t<\/div>\n\t\t\t\t\t<div class=\"elementor-swiper-button elementor-swiper-button-next\">\n\t\t\t\t\t\t<i aria-hidden=\"true\" class=\"eicon-chevron-right\"><\/i>\t\t\t\t\t\t<span class=\"elementor-screen-only\">Next<\/span>\n\t\t\t\t\t<\/div>\n\t\t\t\t\t\t\t\t\t<\/div>\n\t\t\t\t<\/div>\n\t\t\t\t<\/div>\n\t\t\t\t<section class=\"elementor-section elementor-inner-section elementor-element elementor-element-310b37d elementor-reverse-mobile elementor-section-boxed elementor-section-height-default elementor-section-height-default\" data-id=\"310b37d\" data-element_type=\"section\" data-settings=\"{&quot;background_background&quot;:&quot;classic&quot;}\">\n\t\t\t\t\t\t<div class=\"elementor-container elementor-column-gap-default\">\n\t\t\t\t\t<div class=\"elementor-column elementor-col-50 elementor-inner-column elementor-element elementor-element-034fa63\" data-id=\"034fa63\" data-element_type=\"column\" data-settings=\"{&quot;background_background&quot;:&quot;classic&quot;}\">\n\t\t\t<div class=\"elementor-widget-wrap elementor-element-populated\">\n\t\t\t\t\t\t\t\t<div class=\"elementor-element elementor-element-e6920f0 elementor-widget-mobile__width-initial elementor-widget elementor-widget-text-editor\" data-id=\"e6920f0\" data-element_type=\"widget\" data-widget_type=\"text-editor.default\">\n\t\t\t\t<div class=\"elementor-widget-container\">\n\t\t\t<style>\/*! elementor - v3.10.0 - 09-01-2023 *\/\n.elementor-widget-text-editor.elementor-drop-cap-view-stacked .elementor-drop-cap{background-color:#818a91;color:#fff}.elementor-widget-text-editor.elementor-drop-cap-view-framed .elementor-drop-cap{color:#818a91;border:3px solid;background-color:transparent}.elementor-widget-text-editor:not(.elementor-drop-cap-view-default) .elementor-drop-cap{margin-top:8px}.elementor-widget-text-editor:not(.elementor-drop-cap-view-default) .elementor-drop-cap-letter{width:1em;height:1em}.elementor-widget-text-editor .elementor-drop-cap{float:left;text-align:center;line-height:1;font-size:50px}.elementor-widget-text-editor .elementor-drop-cap-letter{display:inline-block}<\/style>\t\t\t\t<p><a href=\"https:\/\/www.pogon.hr\/hr\/program\/db-indos-i-tanja-vrvilo-stroj-za-bol\" target=\"_blank\" rel=\"noopener\"><b>27. 5. 2021. Pogon Jedinstvo, Zagreb<\/b><\/a><\/p><p>Organizator:<strong> DB Indo\u0161 i Tanja Vrvilo<\/strong><br \/>Izvo\u0111a\u010di: <strong>DB Indo\u0161, Tanja Vrvilo<\/strong><br \/>Umjetni\u010dki suradnici: Andrija Santro (svjetlo), Jasmin Dasovi\u0107 (zvuk), Maxime Weinmann (nadzorne kamere)<br \/>Video dokumentiranje: Nina \u0110ur\u0111evi\u0107, Miro Manojlovi\u0107<br \/>Autor naslovne fotografije: Ratko Mavar<br \/><a href=\"https:\/\/www.flickr.com\/photos\/pogon-zagreb\/albums\/72157719423030148\" target=\"_blank\" rel=\"noopener\"><strong>foto album<\/strong><\/a><\/p><p>Tri izvedbene petlje od 20 minuta za tri razli\u010dite publike.<\/p>\t\t\t\t\t\t<\/div>\n\t\t\t\t<\/div>\n\t\t\t\t<div class=\"elementor-element elementor-element-ff7cc0d elementor-widget elementor-widget-image\" data-id=\"ff7cc0d\" data-element_type=\"widget\" data-widget_type=\"image.default\">\n\t\t\t\t<div class=\"elementor-widget-container\">\n\t\t\t<style>\/*! elementor - v3.10.0 - 09-01-2023 *\/\n.elementor-widget-image{text-align:center}.elementor-widget-image a{display:inline-block}.elementor-widget-image a img[src$=\".svg\"]{width:48px}.elementor-widget-image img{vertical-align:middle;display:inline-block}<\/style>\t\t\t\t\t\t\t\t\t\t\t\t\t<a href=\"https:\/\/www.dbindos.info\/wp-content\/uploads\/51255310684_be0842631f_b.jpg\" data-elementor-open-lightbox=\"yes\" e-action-hash=\"#elementor-action%3Aaction%3Dlightbox%26settings%3DeyJpZCI6NzAxMCwidXJsIjoiaHR0cHM6XC9cL3d3dy5kYmluZG9zLmluZm9cL3dwLWNvbnRlbnRcL3VwbG9hZHNcLzUxMjU1MzEwNjg0X2JlMDg0MjYzMWZfYi5qcGcifQ%3D%3D\">\n\t\t\t\t\t\t\t<img decoding=\"async\" width=\"937\" height=\"625\" src=\"https:\/\/www.dbindos.info\/wp-content\/uploads\/51255310684_be0842631f_b.jpg\" class=\"attachment-full size-full wp-image-7010\" alt=\"\" loading=\"lazy\" srcset=\"https:\/\/www.dbindos.info\/wp-content\/uploads\/51255310684_be0842631f_b.jpg 937w, https:\/\/www.dbindos.info\/wp-content\/uploads\/51255310684_be0842631f_b-300x200.jpg 300w, https:\/\/www.dbindos.info\/wp-content\/uploads\/51255310684_be0842631f_b-768x512.jpg 768w, https:\/\/www.dbindos.info\/wp-content\/uploads\/51255310684_be0842631f_b-18x12.jpg 18w\" sizes=\"(max-width: 937px) 100vw, 937px\" \/>\t\t\t\t\t\t\t\t<\/a>\n\t\t\t\t\t\t\t\t\t\t\t\t\t\t\t<\/div>\n\t\t\t\t<\/div>\n\t\t\t\t\t<\/div>\n\t\t<\/div>\n\t\t\t\t<div class=\"elementor-column elementor-col-50 elementor-inner-column elementor-element elementor-element-7f9eff3\" data-id=\"7f9eff3\" data-element_type=\"column\">\n\t\t\t<div class=\"elementor-widget-wrap elementor-element-populated\">\n\t\t\t\t\t\t\t\t<div class=\"elementor-element elementor-element-cd0a164 elementor-widget__width-initial elementor-widget-mobile__width-inherit elementor-widget-tablet__width-inherit elementor-widget elementor-widget-text-editor\" data-id=\"cd0a164\" data-element_type=\"widget\" data-widget_type=\"text-editor.default\">\n\t\t\t\t<div class=\"elementor-widget-container\">\n\t\t\t\t\t\t\t<div class=\"lead\"><div class=\"lead\"><p>\u0160ahtofonska instalacija \u201cStroj za bol\u201d izvodi se u unutarnjem i vanjskom prostoru metalne kabine za dvije osobe visoke 1,80 metra, 2 metra du\u017eine, 1 metar \u0161irine, puze\u0107i kroz \u0161aht-vrata njezina me\u0111uprostora i zadr\u017eavaju\u0107i se u metalnom okviru njezina praga. Sva kretanja u kabini dvostruko su nadzirana s dva stropna i dva kutna sigurnosna ogledala razli\u010ditih karakteristika, \u010dije uhva\u0107ene slike unutra\u0161njosti snimaju nadzorne kamere i projiciraju ih na prednju vanjsku limenu povr\u0161inu.<\/p><\/div><\/div>\t\t\t\t\t\t<\/div>\n\t\t\t\t<\/div>\n\t\t\t\t<div class=\"elementor-element elementor-element-2dec581 elementor-widget__width-initial elementor-widget-tablet__width-inherit elementor-widget elementor-widget-image\" data-id=\"2dec581\" data-element_type=\"widget\" data-widget_type=\"image.default\">\n\t\t\t\t<div class=\"elementor-widget-container\">\n\t\t\t\t\t\t\t\t\t\t\t\t\t\t\t\t<a href=\"https:\/\/www.dbindos.info\/wp-content\/uploads\/51255308834_e228a0c49f_b.jpg\" data-elementor-open-lightbox=\"yes\" e-action-hash=\"#elementor-action%3Aaction%3Dlightbox%26settings%3DeyJpZCI6NzAwOSwidXJsIjoiaHR0cHM6XC9cL3d3dy5kYmluZG9zLmluZm9cL3dwLWNvbnRlbnRcL3VwbG9hZHNcLzUxMjU1MzA4ODM0X2UyMjhhMGM0OWZfYi5qcGcifQ%3D%3D\">\n\t\t\t\t\t\t\t<img decoding=\"async\" width=\"937\" height=\"625\" src=\"https:\/\/www.dbindos.info\/wp-content\/uploads\/51255308834_e228a0c49f_b.jpg\" class=\"attachment-full size-full wp-image-7009\" alt=\"\" loading=\"lazy\" srcset=\"https:\/\/www.dbindos.info\/wp-content\/uploads\/51255308834_e228a0c49f_b.jpg 937w, https:\/\/www.dbindos.info\/wp-content\/uploads\/51255308834_e228a0c49f_b-300x200.jpg 300w, https:\/\/www.dbindos.info\/wp-content\/uploads\/51255308834_e228a0c49f_b-768x512.jpg 768w, https:\/\/www.dbindos.info\/wp-content\/uploads\/51255308834_e228a0c49f_b-18x12.jpg 18w\" sizes=\"(max-width: 937px) 100vw, 937px\" \/>\t\t\t\t\t\t\t\t<\/a>\n\t\t\t\t\t\t\t\t\t\t\t\t\t\t\t<\/div>\n\t\t\t\t<\/div>\n\t\t\t\t<div class=\"elementor-element elementor-element-de1cfae elementor-widget__width-initial elementor-widget-mobile__width-inherit elementor-widget-tablet__width-inherit elementor-widget elementor-widget-text-editor\" data-id=\"de1cfae\" data-element_type=\"widget\" data-widget_type=\"text-editor.default\">\n\t\t\t\t<div class=\"elementor-widget-container\">\n\t\t\t\t\t\t\t<div class=\"lead\"><p>Izvedbena kabina o uljezu boli nadahnuta je poglavljem \u201cHlapidba\u201d iz izvedbeno-teorijske knjige Izvedi ili snosi posljedice (Jon McKenzie), Doyleovim pripovjetkama (Kad je svijet vri\u0161tao, Stroj za dezintegraciju) i filozofsko-poetskim fragmentima o politikama (ne)prijateljstva izvanjskog i unutarnjeg prostora (Deleuze &amp; Guattari, Tisu\u0107u platoa; Kapitalizam i shizofrenija 2).<\/p><\/div>\t\t\t\t\t\t<\/div>\n\t\t\t\t<\/div>\n\t\t\t\t\t<\/div>\n\t\t<\/div>\n\t\t\t\t\t\t\t<\/div>\n\t\t<\/section>\n\t\t\t\t<section class=\"elementor-section elementor-inner-section elementor-element elementor-element-655e766 elementor-reverse-mobile elementor-section-boxed elementor-section-height-default elementor-section-height-default\" data-id=\"655e766\" data-element_type=\"section\" data-settings=\"{&quot;background_background&quot;:&quot;classic&quot;}\">\n\t\t\t\t\t\t<div class=\"elementor-container elementor-column-gap-default\">\n\t\t\t\t\t<div class=\"elementor-column elementor-col-50 elementor-inner-column elementor-element elementor-element-2b49ef1\" data-id=\"2b49ef1\" data-element_type=\"column\" data-settings=\"{&quot;background_background&quot;:&quot;classic&quot;}\">\n\t\t\t<div class=\"elementor-widget-wrap\">\n\t\t\t\t\t\t\t\t\t<\/div>\n\t\t<\/div>\n\t\t\t\t<div class=\"elementor-column elementor-col-50 elementor-inner-column elementor-element elementor-element-46ae25d\" data-id=\"46ae25d\" data-element_type=\"column\">\n\t\t\t<div class=\"elementor-widget-wrap elementor-element-populated\">\n\t\t\t\t\t\t\t\t<div class=\"elementor-element elementor-element-d1ffb7d elementor-widget__width-initial elementor-widget-mobile__width-inherit elementor-widget-tablet__width-inherit elementor-widget elementor-widget-text-editor\" data-id=\"d1ffb7d\" data-element_type=\"widget\" data-widget_type=\"text-editor.default\">\n\t\t\t\t<div class=\"elementor-widget-container\">\n\t\t\t\t\t\t\t<div class=\"lead\"><p>\u201cPerfurmance ili Hlapidba boli\u201d je smicalica grani\u010dne povr\u0161ine, neuslojeni element izvan stratuma performansa intimnog izvanjsko-unutarnjeg prostora, uvijek spremnog za preokret, za razmjenu (ne)prijateljstva. Ako postoji grani\u010dna povr\u0161ina izme\u0111u takve unutarnje i vanjske strane, onda je povr\u0161ina bolna s obje strane. Hlapidbeni potres su vrata koja destabiliziraju ovu formaciju zahvaljuju\u0107i d\u017eepovima iterabilnosti, autoreferencijalnim rupama u kojima se izvanjsko izvr\u0107e na unutra i koje opetovano ispituje nepostojane grani\u010dne povr\u0161ine, njihove zamjenjive i reverzibilne intimnosti. Hlapidbeni prag je snop zraka koji dr\u017ei vrata, maglica me\u0111uprostora u kojoj dvoje, izvanjsko i unutarnje, prodire jedno u drugo. Prag dr\u017ei ono izme\u0111u, bol koju je prisvojila tvrdo\u0107a kamena. Hlapidba, vonj stvari i rije\u010di, znoj tijela, miris diskursa boli proizlazi iz spremnosti unutarnje i vanjske strane da se poni\u0161te, iz njihove spremnosti za razmjenu neprijateljstva. Hlapidba hostipitalnosti uljeza kao apsolutnog gostoprimstva, nerazdvojnosti neprijateljstva i gostoljubivosti. Izvanjsko i unutarnje uvijek su spremni razmijeniti svoje neizbje\u017eno neprijateljstvo poput dara gostoprimstva, to\u010dno tamo, na vratima, na pragu, izme\u0111u. Iskonska slika vrata akumulira \u017eudnje i isku\u0161enja dviju vrsta sanjarenja i mora. U vratima su dva bi\u0107a i njihov dvosmjerni san.<\/p><p><strong>Podr\u0161ka i partneri: Zaklada Kultura nova, Pogon &#8211; Zagreba\u010dki centar za nezavisnu kulturu i mlade, Ministarstvo kulture i medija RH, Gradski ured za kulturu Grada Zagreba<\/strong><\/p><\/div>\t\t\t\t\t\t<\/div>\n\t\t\t\t<\/div>\n\t\t\t\t\t<\/div>\n\t\t<\/div>\n\t\t\t\t\t\t\t<\/div>\n\t\t<\/section>\n\t\t\t\t\t<\/div>\n\t\t<\/div>\n\t\t\t\t\t\t\t<\/div>\n\t\t<\/section>\n\t\t\t\t\t\t\t<\/div>","protected":false},"excerpt":{"rendered":"<p>Stroj za bol Previous Next 27. 5. 2021. Pogon Jedinstvo, Zagreb Organizator: DB Indo\u0161 i Tanja VrviloIzvo\u0111a\u010di: DB Indo\u0161, Tanja VrviloUmjetni\u010dki suradnici: Andrija Santro (svjetlo), Jasmin Dasovi\u0107 (zvuk), Maxime Weinmann (nadzorne kamere)Video dokumentiranje: Nina \u0110ur\u0111evi\u0107, Miro Manojlovi\u0107Autor naslovne fotografije: Ratko Mavarfoto album Tri izvedbene petlje od 20 minuta za tri razli\u010dite publike. \u0160ahtofonska instalacija \u201cStroj &hellip;<\/p>\n<p class=\"read-more\"> <a class=\"\" href=\"https:\/\/www.dbindos.info\/en\/projekti\/stroj-za-bol\/\"> <span class=\"screen-reader-text\">Stroj za bol<\/span> Read More &raquo;<\/a><\/p>","protected":false},"author":1,"featured_media":0,"parent":5413,"menu_order":0,"comment_status":"closed","ping_status":"closed","template":"","meta":{"site-sidebar-layout":"no-sidebar","site-content-layout":"page-builder","ast-global-header-display":"","ast-main-header-display":"","ast-hfb-above-header-display":"","ast-hfb-below-header-display":"","ast-hfb-mobile-header-display":"","site-post-title":"disabled","ast-breadcrumbs-content":"","ast-featured-img":"disabled","footer-sml-layout":"","theme-transparent-header-meta":"","adv-header-id-meta":"","stick-header-meta":"","header-above-stick-meta":"","header-main-stick-meta":"","header-below-stick-meta":""},"_links":{"self":[{"href":"https:\/\/www.dbindos.info\/en\/wp-json\/wp\/v2\/pages\/7004"}],"collection":[{"href":"https:\/\/www.dbindos.info\/en\/wp-json\/wp\/v2\/pages"}],"about":[{"href":"https:\/\/www.dbindos.info\/en\/wp-json\/wp\/v2\/types\/page"}],"author":[{"embeddable":true,"href":"https:\/\/www.dbindos.info\/en\/wp-json\/wp\/v2\/users\/1"}],"replies":[{"embeddable":true,"href":"https:\/\/www.dbindos.info\/en\/wp-json\/wp\/v2\/comments?post=7004"}],"version-history":[{"count":55,"href":"https:\/\/www.dbindos.info\/en\/wp-json\/wp\/v2\/pages\/7004\/revisions"}],"predecessor-version":[{"id":7240,"href":"https:\/\/www.dbindos.info\/en\/wp-json\/wp\/v2\/pages\/7004\/revisions\/7240"}],"up":[{"embeddable":true,"href":"https:\/\/www.dbindos.info\/en\/wp-json\/wp\/v2\/pages\/5413"}],"wp:attachment":[{"href":"https:\/\/www.dbindos.info\/en\/wp-json\/wp\/v2\/media?parent=7004"}],"curies":[{"name":"wp","href":"https:\/\/api.w.org\/{rel}","templated":true}]}}