{"id":7940,"date":"2023-12-12T09:15:58","date_gmt":"2023-12-12T09:15:58","guid":{"rendered":"https:\/\/www.dbindos.info\/?page_id=7940"},"modified":"2023-12-12T10:18:27","modified_gmt":"2023-12-12T10:18:27","slug":"o-boli-i-sahu","status":"publish","type":"page","link":"https:\/\/www.dbindos.info\/en\/projekti\/o-boli-i-sahu\/","title":{"rendered":"O BOLI I \u0160AHU"},"content":{"rendered":"<div data-elementor-type=\"wp-page\" data-elementor-id=\"7940\" class=\"elementor elementor-7940\">\n\t\t\t\t\t\t\t\t\t<section class=\"elementor-section elementor-top-section elementor-element elementor-element-06098c3 elementor-section-boxed elementor-section-height-default elementor-section-height-default\" data-id=\"06098c3\" data-element_type=\"section\" data-settings=\"{&quot;background_background&quot;:&quot;classic&quot;}\">\n\t\t\t\t\t\t<div class=\"elementor-container elementor-column-gap-default\">\n\t\t\t\t\t<div class=\"elementor-column elementor-col-100 elementor-top-column elementor-element elementor-element-f7fc9af\" data-id=\"f7fc9af\" data-element_type=\"column\" data-settings=\"{&quot;background_background&quot;:&quot;classic&quot;}\">\n\t\t\t<div class=\"elementor-widget-wrap elementor-element-populated\">\n\t\t\t\t\t\t\t\t<div class=\"elementor-element elementor-element-478b75a elementor-widget-mobile__width-inherit elementor-widget elementor-widget-heading\" data-id=\"478b75a\" data-element_type=\"widget\" data-widget_type=\"heading.default\">\n\t\t\t\t<div class=\"elementor-widget-container\">\n\t\t\t<style>\/*! elementor - v3.10.0 - 09-01-2023 *\/\n.elementor-heading-title{padding:0;margin:0;line-height:1}.elementor-widget-heading .elementor-heading-title[class*=elementor-size-]>a{color:inherit;font-size:inherit;line-height:inherit}.elementor-widget-heading .elementor-heading-title.elementor-size-small{font-size:15px}.elementor-widget-heading .elementor-heading-title.elementor-size-medium{font-size:19px}.elementor-widget-heading .elementor-heading-title.elementor-size-large{font-size:29px}.elementor-widget-heading .elementor-heading-title.elementor-size-xl{font-size:39px}.elementor-widget-heading .elementor-heading-title.elementor-size-xxl{font-size:59px}<\/style><h1 class=\"elementor-heading-title elementor-size-default\">O BOLI I \u0160AHU<\/h1>\t\t<\/div>\n\t\t\t\t<\/div>\n\t\t\t\t<div class=\"elementor-element elementor-element-602c5ee elementor-arrows-position-inside elementor-widget elementor-widget-image-carousel\" data-id=\"602c5ee\" data-element_type=\"widget\" data-settings=\"{&quot;slides_to_show&quot;:&quot;5&quot;,&quot;autoplay&quot;:&quot;no&quot;,&quot;slides_to_show_tablet&quot;:&quot;3&quot;,&quot;navigation&quot;:&quot;arrows&quot;,&quot;image_spacing_custom&quot;:{&quot;unit&quot;:&quot;px&quot;,&quot;size&quot;:7,&quot;sizes&quot;:[]},&quot;slides_to_show_mobile&quot;:&quot;1&quot;,&quot;infinite&quot;:&quot;no&quot;,&quot;speed&quot;:500}\" data-widget_type=\"image-carousel.default\">\n\t\t\t\t<div class=\"elementor-widget-container\">\n\t\t\t<style>\/*! elementor - v3.10.0 - 09-01-2023 *\/\n.elementor-widget-image-carousel .swiper-container{position:static}.elementor-widget-image-carousel .swiper-container .swiper-slide figure{line-height:inherit}.elementor-widget-image-carousel .swiper-slide{text-align:center}.elementor-image-carousel-wrapper:not(.swiper-container-initialized) .swiper-slide{max-width:calc(100% \/ var(--e-image-carousel-slides-to-show, 3))}<\/style>\t\t<div class=\"elementor-image-carousel-wrapper swiper-container\" dir=\"ltr\">\n\t\t\t<div class=\"elementor-image-carousel swiper-wrapper swiper-image-stretch\">\n\t\t\t\t\t\t\t\t<div class=\"swiper-slide\"><a data-elementor-open-lightbox=\"yes\" data-elementor-lightbox-slideshow=\"602c5ee\" e-action-hash=\"#elementor-action%3Aaction%3Dlightbox%26settings%3DeyJpZCI6Nzk0NiwidXJsIjoiaHR0cHM6XC9cL3d3dy5kYmluZG9zLmluZm9cL3dwLWNvbnRlbnRcL3VwbG9hZHNcLzIzLmpwZyIsInNsaWRlc2hvdyI6IjYwMmM1ZWUifQ%3D%3D\" href=\"https:\/\/www.dbindos.info\/wp-content\/uploads\/23.jpg\"><figure class=\"swiper-slide-inner\"><img decoding=\"async\" class=\"swiper-slide-image\" src=\"https:\/\/www.dbindos.info\/wp-content\/uploads\/23.jpg\" alt=\"23\" \/><\/figure><\/a><\/div><div class=\"swiper-slide\"><a data-elementor-open-lightbox=\"yes\" data-elementor-lightbox-slideshow=\"602c5ee\" e-action-hash=\"#elementor-action%3Aaction%3Dlightbox%26settings%3DeyJpZCI6Nzk0NywidXJsIjoiaHR0cHM6XC9cL3d3dy5kYmluZG9zLmluZm9cL3dwLWNvbnRlbnRcL3VwbG9hZHNcLzA4LmpwZyIsInNsaWRlc2hvdyI6IjYwMmM1ZWUifQ%3D%3D\" href=\"https:\/\/www.dbindos.info\/wp-content\/uploads\/08.jpg\"><figure class=\"swiper-slide-inner\"><img decoding=\"async\" class=\"swiper-slide-image\" src=\"https:\/\/www.dbindos.info\/wp-content\/uploads\/08.jpg\" alt=\"08\" \/><\/figure><\/a><\/div><div class=\"swiper-slide\"><a data-elementor-open-lightbox=\"yes\" data-elementor-lightbox-slideshow=\"602c5ee\" e-action-hash=\"#elementor-action%3Aaction%3Dlightbox%26settings%3DeyJpZCI6Nzk0OCwidXJsIjoiaHR0cHM6XC9cL3d3dy5kYmluZG9zLmluZm9cL3dwLWNvbnRlbnRcL3VwbG9hZHNcLzAzLmpwZyIsInNsaWRlc2hvdyI6IjYwMmM1ZWUifQ%3D%3D\" href=\"https:\/\/www.dbindos.info\/wp-content\/uploads\/03.jpg\"><figure class=\"swiper-slide-inner\"><img decoding=\"async\" class=\"swiper-slide-image\" src=\"https:\/\/www.dbindos.info\/wp-content\/uploads\/03.jpg\" alt=\"03\" \/><\/figure><\/a><\/div><div class=\"swiper-slide\"><a data-elementor-open-lightbox=\"yes\" data-elementor-lightbox-slideshow=\"602c5ee\" e-action-hash=\"#elementor-action%3Aaction%3Dlightbox%26settings%3DeyJpZCI6Nzk0OSwidXJsIjoiaHR0cHM6XC9cL3d3dy5kYmluZG9zLmluZm9cL3dwLWNvbnRlbnRcL3VwbG9hZHNcLzA0LmpwZyIsInNsaWRlc2hvdyI6IjYwMmM1ZWUifQ%3D%3D\" href=\"https:\/\/www.dbindos.info\/wp-content\/uploads\/04.jpg\"><figure class=\"swiper-slide-inner\"><img decoding=\"async\" class=\"swiper-slide-image\" src=\"https:\/\/www.dbindos.info\/wp-content\/uploads\/04.jpg\" alt=\"04\" \/><\/figure><\/a><\/div><div class=\"swiper-slide\"><a data-elementor-open-lightbox=\"yes\" data-elementor-lightbox-slideshow=\"602c5ee\" e-action-hash=\"#elementor-action%3Aaction%3Dlightbox%26settings%3DeyJpZCI6Nzk1MSwidXJsIjoiaHR0cHM6XC9cL3d3dy5kYmluZG9zLmluZm9cL3dwLWNvbnRlbnRcL3VwbG9hZHNcLzAyLmpwZyIsInNsaWRlc2hvdyI6IjYwMmM1ZWUifQ%3D%3D\" href=\"https:\/\/www.dbindos.info\/wp-content\/uploads\/02.jpg\"><figure class=\"swiper-slide-inner\"><img decoding=\"async\" class=\"swiper-slide-image\" src=\"https:\/\/www.dbindos.info\/wp-content\/uploads\/02.jpg\" alt=\"02\" \/><\/figure><\/a><\/div>\t\t\t<\/div>\n\t\t\t\t\t\t\t\t\t\t\t\t\t\t\t\t<div class=\"elementor-swiper-button elementor-swiper-button-prev\">\n\t\t\t\t\t\t<i aria-hidden=\"true\" class=\"eicon-chevron-left\"><\/i>\t\t\t\t\t\t<span class=\"elementor-screen-only\">Previous<\/span>\n\t\t\t\t\t<\/div>\n\t\t\t\t\t<div class=\"elementor-swiper-button elementor-swiper-button-next\">\n\t\t\t\t\t\t<i aria-hidden=\"true\" class=\"eicon-chevron-right\"><\/i>\t\t\t\t\t\t<span class=\"elementor-screen-only\">Next<\/span>\n\t\t\t\t\t<\/div>\n\t\t\t\t\t\t\t\t\t<\/div>\n\t\t\t\t<\/div>\n\t\t\t\t<\/div>\n\t\t\t\t<section class=\"elementor-section elementor-inner-section elementor-element elementor-element-310b37d elementor-reverse-mobile elementor-section-boxed elementor-section-height-default elementor-section-height-default\" data-id=\"310b37d\" data-element_type=\"section\" data-settings=\"{&quot;background_background&quot;:&quot;classic&quot;}\">\n\t\t\t\t\t\t<div class=\"elementor-container elementor-column-gap-default\">\n\t\t\t\t\t<div class=\"elementor-column elementor-col-50 elementor-inner-column elementor-element elementor-element-034fa63\" data-id=\"034fa63\" data-element_type=\"column\" data-settings=\"{&quot;background_background&quot;:&quot;classic&quot;}\">\n\t\t\t<div class=\"elementor-widget-wrap elementor-element-populated\">\n\t\t\t\t\t\t\t\t<div class=\"elementor-element elementor-element-f251c16 elementor-widget-mobile__width-initial elementor-widget elementor-widget-text-editor\" data-id=\"f251c16\" data-element_type=\"widget\" data-widget_type=\"text-editor.default\">\n\t\t\t\t<div class=\"elementor-widget-container\">\n\t\t\t<style>\/*! elementor - v3.10.0 - 09-01-2023 *\/\n.elementor-widget-text-editor.elementor-drop-cap-view-stacked .elementor-drop-cap{background-color:#818a91;color:#fff}.elementor-widget-text-editor.elementor-drop-cap-view-framed .elementor-drop-cap{color:#818a91;border:3px solid;background-color:transparent}.elementor-widget-text-editor:not(.elementor-drop-cap-view-default) .elementor-drop-cap{margin-top:8px}.elementor-widget-text-editor:not(.elementor-drop-cap-view-default) .elementor-drop-cap-letter{width:1em;height:1em}.elementor-widget-text-editor .elementor-drop-cap{float:left;text-align:center;line-height:1;font-size:50px}.elementor-widget-text-editor .elementor-drop-cap-letter{display:inline-block}<\/style>\t\t\t\t<p><strong>Db indo\u0161<\/strong><br \/><strong>dubravka \u0161iki\u0107<\/strong><br \/><strong>hana bartol<\/strong><br \/><strong>katarina krencer<\/strong><br \/><strong>viktor bi\u017ei\u0107<\/strong><br \/><strong>billye pavlica hewitt<\/strong><br \/><strong>nicole hewitt<\/strong><\/p>\t\t\t\t\t\t<\/div>\n\t\t\t\t<\/div>\n\t\t\t\t<div class=\"elementor-element elementor-element-c738d87 elementor-widget elementor-widget-image\" data-id=\"c738d87\" data-element_type=\"widget\" data-widget_type=\"image.default\">\n\t\t\t\t<div class=\"elementor-widget-container\">\n\t\t\t<style>\/*! elementor - v3.10.0 - 09-01-2023 *\/\n.elementor-widget-image{text-align:center}.elementor-widget-image a{display:inline-block}.elementor-widget-image a img[src$=\".svg\"]{width:48px}.elementor-widget-image img{vertical-align:middle;display:inline-block}<\/style>\t\t\t\t\t\t\t\t\t\t\t\t\t<a href=\"https:\/\/www.dbindos.info\/wp-content\/uploads\/24.jpg\" data-elementor-open-lightbox=\"yes\" e-action-hash=\"#elementor-action%3Aaction%3Dlightbox%26settings%3DeyJpZCI6Nzk0NSwidXJsIjoiaHR0cHM6XC9cL3d3dy5kYmluZG9zLmluZm9cL3dwLWNvbnRlbnRcL3VwbG9hZHNcLzI0LmpwZyJ9\">\n\t\t\t\t\t\t\t<img decoding=\"async\" width=\"326\" height=\"500\" src=\"https:\/\/www.dbindos.info\/wp-content\/uploads\/24.jpg\" class=\"attachment-full size-full wp-image-7945\" alt=\"\" loading=\"lazy\" srcset=\"https:\/\/www.dbindos.info\/wp-content\/uploads\/24.jpg 326w, https:\/\/www.dbindos.info\/wp-content\/uploads\/24-196x300.jpg 196w, https:\/\/www.dbindos.info\/wp-content\/uploads\/24-8x12.jpg 8w\" sizes=\"(max-width: 326px) 100vw, 326px\" \/>\t\t\t\t\t\t\t\t<\/a>\n\t\t\t\t\t\t\t\t\t\t\t\t\t\t\t<\/div>\n\t\t\t\t<\/div>\n\t\t\t\t\t<\/div>\n\t\t<\/div>\n\t\t\t\t<div class=\"elementor-column elementor-col-50 elementor-inner-column elementor-element elementor-element-7f9eff3\" data-id=\"7f9eff3\" data-element_type=\"column\">\n\t\t\t<div class=\"elementor-widget-wrap elementor-element-populated\">\n\t\t\t\t\t\t\t\t<div class=\"elementor-element elementor-element-cd0a164 elementor-widget__width-initial elementor-widget-mobile__width-inherit elementor-widget-tablet__width-inherit elementor-widget elementor-widget-text-editor\" data-id=\"cd0a164\" data-element_type=\"widget\" data-widget_type=\"text-editor.default\">\n\t\t\t\t<div class=\"elementor-widget-container\">\n\t\t\t\t\t\t\t<div class=\"lead\"><div class=\"lead\"><p class=\"p1\">Performance koji smo nazvali &#8211; O boli i \u0161ahu &#8211; osobna je pri\u010da &#8211; povijesno povezana mojim odrastanjem, prati doga\u0111anja iz sje\u0107anja po\u010dev\u0161i u ranim godinama druge polovice 20 stolje\u0107a, kaoti\u010dnom ma\u0161inom vremeplova pro\u017eetih impresijama \u0161estogodi\u0161njeg dje\u010daka s govornom manom \/riba ribi grize rep\/ odnosi nas kroz svu tu medijsku zavrzlamu, strku politi\u010dkih novosti, filmskih \u017eurnala \/ filmskih projektora &#8211; 35 mm, drvene kutije s katodnim cijevima, ispup\u010denih ekrana, poluhladnih kino dvorana ispunjenih drvenim stolicama \/<\/p><\/div><\/div>\t\t\t\t\t\t<\/div>\n\t\t\t\t<\/div>\n\t\t\t\t<div class=\"elementor-element elementor-element-4ee2f59 elementor-widget__width-initial elementor-widget-tablet__width-inherit elementor-widget elementor-widget-image\" data-id=\"4ee2f59\" data-element_type=\"widget\" data-widget_type=\"image.default\">\n\t\t\t\t<div class=\"elementor-widget-container\">\n\t\t\t\t\t\t\t\t\t\t\t\t\t\t\t\t<a href=\"https:\/\/www.dbindos.info\/wp-content\/uploads\/01.jpg\" data-elementor-open-lightbox=\"yes\" e-action-hash=\"#elementor-action%3Aaction%3Dlightbox%26settings%3DeyJpZCI6Nzk1MCwidXJsIjoiaHR0cHM6XC9cL3d3dy5kYmluZG9zLmluZm9cL3dwLWNvbnRlbnRcL3VwbG9hZHNcLzAxLmpwZyJ9\">\n\t\t\t\t\t\t\t<img decoding=\"async\" width=\"500\" height=\"326\" src=\"https:\/\/www.dbindos.info\/wp-content\/uploads\/01.jpg\" class=\"attachment-full size-full wp-image-7950\" alt=\"\" loading=\"lazy\" srcset=\"https:\/\/www.dbindos.info\/wp-content\/uploads\/01.jpg 500w, https:\/\/www.dbindos.info\/wp-content\/uploads\/01-300x196.jpg 300w, https:\/\/www.dbindos.info\/wp-content\/uploads\/01-18x12.jpg 18w\" sizes=\"(max-width: 500px) 100vw, 500px\" \/>\t\t\t\t\t\t\t\t<\/a>\n\t\t\t\t\t\t\t\t\t\t\t\t\t\t\t<\/div>\n\t\t\t\t<\/div>\n\t\t\t\t<div class=\"elementor-element elementor-element-010ef6a elementor-widget__width-initial elementor-widget-mobile__width-inherit elementor-widget-tablet__width-inherit elementor-widget elementor-widget-text-editor\" data-id=\"010ef6a\" data-element_type=\"widget\" data-widget_type=\"text-editor.default\">\n\t\t\t\t<div class=\"elementor-widget-container\">\n\t\t\t\t\t\t\t<p>preko kuhinjskog stola, dva drvena \u0161tokrla, drvene izguljene \u0161ahovske plo\u010de i figura koje nedostaju \/kutija \u0161ibica kao bijeli top\/, velike sportske dvorane s postavljenom pozornicom umjesto rukometnih golova, ko\u0161arka\u0161kih konstrukcija, bokserskog ringa \/ razglasom s jasnom najavom &#8211; Gang Of Four, novinskih \u010dlanaka, \u0161ahovske knjige d\u017eepnog izdanja na kiosku Duhana &#8211; kupljenog od ostatka novaca &#8211; dinara od kruha i mlijeka &#8211; na koricama lijepo pi\u0161e &#8211; Fischer &#8211; Spaski, prizorom unutar vidno ome\u0111enog podru\u010dja tv ekrana &#8211; 35 puta 45 cm, gdje tisu\u0107e studenata u naletima spu\u0161taju i podi\u017eu male crvene knji\u017eice &#8211; skandiraju\u0107i &#8211; Mao, Mao, Mao, kupljenog stripa o gerilcu koji se odrekao ugodne gra\u0111anske karijere \/kako su nas u\u010dili &#8211; radi nas\/ edukacija je njihov posao \/Ernesta \/ Che-druga-Guevarre\/ \u010diji se je lik pridru\u017eio svojim izgledom u istovremenosti s po\u010decima rocken rolla &#8211; namjesto gitare s oru\u017ejem u ruci, prozirne staklaste o\u010di poginulog gerilca, da bi uz gromoglasno tre\u0161tanje divlje muzike &#8211; lik uli\u010dnog borca \/Myke Tysona \/ boksera koji se uz prigodnu svitu strmoglavljuje prema ringu, otkrivaju\u0107i bolne tetova\u017ee Chea i Maoa, sve to pomije\u0161ano s o\u010devim predmetima iz osobne upotrebe &#8211; dotrajalih u svojoj vreme\u0161nosti, darovanih za predstavu sina &#8211; nao\u010dale, dva para cipela, neispravan ru\u010dni sat, uz buku &#8220;duhovno recikliranog sme\u0107a&#8221;, nje\u017enim glasi\u0107em djevoj\u010dice koja i\u0161\u010ditava naslove internet stranica sa spomenutim materijalom kompresiranim na \u010dvrstom disku, \u010dinjenice dvadesetog stolje\u0107a koje su \u0161irom otvorile zjenice djeteta, mladi\u0107a u odrastanju, zaustavljaju se uz cvile\u017e, trenje, fizikalne procese magnetizma, inercije, predstava se zaustavlja za stolom u sobi 47 godi\u0161njaka koji svom silinom nastoji da pobjedi ra\u010dunalni program &#8211; \u0161ah za velemajstore \/\u0161ah, mat, pat, shatranj, shatranj, \u0161uh, \u0161eh, \u0161ah, chaturanga, chaturanga, veiqi, veiqi, \u0161ah, \u0161eh, \u0161uh, shatranj, shatranj, chaturanga, \u0161ah, veiqi, veiqi\/ \u017eele\u0107i da kako Gary Kasparov ka\u017ee &#8220;o\u010duvajmo dostojanstvo \u010dovjeka u srazu sa ma\u0161inom na podru\u010dju inteligencije gdje nam je sada primat ugro\u017een&#8221;. \u0160ah kao rat, rat kao \u0161ah, kao \u0161ah rat, kao rat \u0161ah, pjesak Ira\u010dke pustinje &#8211; strate\u0161ka podru\u010dja manipulacije vojnih slu\u017eba &#8211; znanstvenika &#8211; ratnika, Kgb-a &#8211; uhoda i pokojnih politi\u010dkih mo\u010dnika, lika Budhe na militaristi\u010dkoj jakni s oznakom Camp David, divljeg plesa bijelog &#8220;samogoru\u0107eg leptira&#8221;, koji ne mo\u017ee da se zaustavi, no\u0107nog odabira ciljeva, infracrvene kamere bilje\u017ee pogodak u metu, x u x \/sakriveni ljudski le\u0161evi, djelovi tijela\/nadalje su \u010dinjenice koje su se otkva\u010dile od kompozicije koju sam zaklju\u010dio prije nego \u0161to sam zapo\u010deo nastavak po\u010detnim metaforama &#8211; inverzijama &#8211; \u0161ah kao rat &#8211; rat kao \u0161ah &#8212;&#8211; \u0161to tijelu jo\u0161 ja imam svome na, imam ja svome tijelu na jo\u0161 \u0161to, jo\u0161 \u0161to tijelu svome na imam ja, svome ja \u0161to na imam tijelu jo\u0161 &#8212;&#8212;&#8212;&#8212;&#8212;&#8212;&#8212;&#8212;&#8212;&#8212;&#8212;&#8212;&#8212;&#8211;<\/p>\t\t\t\t\t\t<\/div>\n\t\t\t\t<\/div>\n\t\t\t\t\t<\/div>\n\t\t<\/div>\n\t\t\t\t\t\t\t<\/div>\n\t\t<\/section>\n\t\t\t\t\t<\/div>\n\t\t<\/div>\n\t\t\t\t\t\t\t<\/div>\n\t\t<\/section>\n\t\t\t\t\t\t\t<\/div>","protected":false},"excerpt":{"rendered":"<p>O BOLI I \u0160AHU Previous Next Db indo\u0161dubravka \u0161iki\u0107hana bartolkatarina krencerviktor bi\u017ei\u0107billye pavlica hewittnicole hewitt Performance koji smo nazvali &#8211; O boli i \u0161ahu &#8211; osobna je pri\u010da &#8211; povijesno povezana mojim odrastanjem, prati doga\u0111anja iz sje\u0107anja po\u010dev\u0161i u ranim godinama druge polovice 20 stolje\u0107a, kaoti\u010dnom ma\u0161inom vremeplova pro\u017eetih impresijama \u0161estogodi\u0161njeg dje\u010daka s govornom manom &hellip;<\/p>\n<p class=\"read-more\"> <a class=\"\" href=\"https:\/\/www.dbindos.info\/en\/projekti\/o-boli-i-sahu\/\"> <span class=\"screen-reader-text\">O BOLI I \u0160AHU<\/span> Read More &raquo;<\/a><\/p>","protected":false},"author":1,"featured_media":0,"parent":5413,"menu_order":0,"comment_status":"closed","ping_status":"closed","template":"","meta":{"site-sidebar-layout":"no-sidebar","site-content-layout":"page-builder","ast-global-header-display":"","ast-main-header-display":"","ast-hfb-above-header-display":"","ast-hfb-below-header-display":"","ast-hfb-mobile-header-display":"","site-post-title":"disabled","ast-breadcrumbs-content":"","ast-featured-img":"disabled","footer-sml-layout":"","theme-transparent-header-meta":"","adv-header-id-meta":"","stick-header-meta":"","header-above-stick-meta":"","header-main-stick-meta":"","header-below-stick-meta":""},"_links":{"self":[{"href":"https:\/\/www.dbindos.info\/en\/wp-json\/wp\/v2\/pages\/7940"}],"collection":[{"href":"https:\/\/www.dbindos.info\/en\/wp-json\/wp\/v2\/pages"}],"about":[{"href":"https:\/\/www.dbindos.info\/en\/wp-json\/wp\/v2\/types\/page"}],"author":[{"embeddable":true,"href":"https:\/\/www.dbindos.info\/en\/wp-json\/wp\/v2\/users\/1"}],"replies":[{"embeddable":true,"href":"https:\/\/www.dbindos.info\/en\/wp-json\/wp\/v2\/comments?post=7940"}],"version-history":[{"count":34,"href":"https:\/\/www.dbindos.info\/en\/wp-json\/wp\/v2\/pages\/7940\/revisions"}],"predecessor-version":[{"id":7983,"href":"https:\/\/www.dbindos.info\/en\/wp-json\/wp\/v2\/pages\/7940\/revisions\/7983"}],"up":[{"embeddable":true,"href":"https:\/\/www.dbindos.info\/en\/wp-json\/wp\/v2\/pages\/5413"}],"wp:attachment":[{"href":"https:\/\/www.dbindos.info\/en\/wp-json\/wp\/v2\/media?parent=7940"}],"curies":[{"name":"wp","href":"https:\/\/api.w.org\/{rel}","templated":true}]}}