{"id":9239,"date":"2023-12-18T10:25:32","date_gmt":"2023-12-18T10:25:32","guid":{"rendered":"https:\/\/www.dbindos.info\/?page_id=9239"},"modified":"2023-12-18T10:42:54","modified_gmt":"2023-12-18T10:42:54","slug":"lutke-333","status":"publish","type":"page","link":"https:\/\/www.dbindos.info\/en\/projekti\/lutke-333\/","title":{"rendered":"DUMMIES 333"},"content":{"rendered":"<div data-elementor-type=\"wp-page\" data-elementor-id=\"9239\" class=\"elementor elementor-9239\">\n\t\t\t\t\t\t\t\t\t<section class=\"elementor-section elementor-top-section elementor-element elementor-element-06098c3 elementor-section-boxed elementor-section-height-default elementor-section-height-default\" data-id=\"06098c3\" data-element_type=\"section\" data-settings=\"{&quot;background_background&quot;:&quot;classic&quot;}\">\n\t\t\t\t\t\t<div class=\"elementor-container elementor-column-gap-default\">\n\t\t\t\t\t<div class=\"elementor-column elementor-col-100 elementor-top-column elementor-element elementor-element-f7fc9af\" data-id=\"f7fc9af\" data-element_type=\"column\">\n\t\t\t<div class=\"elementor-widget-wrap elementor-element-populated\">\n\t\t\t\t\t\t\t\t<div class=\"elementor-element elementor-element-478b75a elementor-widget-mobile__width-inherit elementor-widget elementor-widget-heading\" data-id=\"478b75a\" data-element_type=\"widget\" data-widget_type=\"heading.default\">\n\t\t\t\t<div class=\"elementor-widget-container\">\n\t\t\t<style>\/*! elementor - v3.10.0 - 09-01-2023 *\/\n.elementor-heading-title{padding:0;margin:0;line-height:1}.elementor-widget-heading .elementor-heading-title[class*=elementor-size-]>a{color:inherit;font-size:inherit;line-height:inherit}.elementor-widget-heading .elementor-heading-title.elementor-size-small{font-size:15px}.elementor-widget-heading .elementor-heading-title.elementor-size-medium{font-size:19px}.elementor-widget-heading .elementor-heading-title.elementor-size-large{font-size:29px}.elementor-widget-heading .elementor-heading-title.elementor-size-xl{font-size:39px}.elementor-widget-heading .elementor-heading-title.elementor-size-xxl{font-size:59px}<\/style><h1 class=\"elementor-heading-title elementor-size-default\">DUMMIES 333<\/h1>\t\t<\/div>\n\t\t\t\t<\/div>\n\t\t\t\t<div class=\"elementor-element elementor-element-7e8215d elementor-arrows-position-inside elementor-widget elementor-widget-image-carousel\" data-id=\"7e8215d\" data-element_type=\"widget\" data-settings=\"{&quot;slides_to_show&quot;:&quot;5&quot;,&quot;autoplay&quot;:&quot;no&quot;,&quot;slides_to_show_tablet&quot;:&quot;3&quot;,&quot;slides_to_show_mobile&quot;:&quot;1&quot;,&quot;infinite&quot;:&quot;no&quot;,&quot;navigation&quot;:&quot;arrows&quot;,&quot;image_spacing_custom&quot;:{&quot;unit&quot;:&quot;px&quot;,&quot;size&quot;:7,&quot;sizes&quot;:[]},&quot;speed&quot;:500}\" data-widget_type=\"image-carousel.default\">\n\t\t\t\t<div class=\"elementor-widget-container\">\n\t\t\t<style>\/*! elementor - v3.10.0 - 09-01-2023 *\/\n.elementor-widget-image-carousel .swiper-container{position:static}.elementor-widget-image-carousel .swiper-container .swiper-slide figure{line-height:inherit}.elementor-widget-image-carousel .swiper-slide{text-align:center}.elementor-image-carousel-wrapper:not(.swiper-container-initialized) .swiper-slide{max-width:calc(100% \/ var(--e-image-carousel-slides-to-show, 3))}<\/style>\t\t<div class=\"elementor-image-carousel-wrapper swiper-container\" dir=\"ltr\">\n\t\t\t<div class=\"elementor-image-carousel swiper-wrapper swiper-image-stretch\">\n\t\t\t\t\t\t\t\t<div class=\"swiper-slide\"><a data-elementor-open-lightbox=\"yes\" data-elementor-lightbox-slideshow=\"7e8215d\" e-action-hash=\"#elementor-action%3Aaction%3Dlightbox%26settings%3DeyJpZCI6MjkzMiwidXJsIjoiaHR0cHM6XC9cL3d3dy5kYmluZG9zLmluZm9cL3dwLWNvbnRlbnRcL3VwbG9hZHNcL0lNR183OTg5LmpwZyIsInNsaWRlc2hvdyI6IjdlODIxNWQifQ%3D%3D\" href=\"https:\/\/www.dbindos.info\/wp-content\/uploads\/IMG_7989.jpg\"><figure class=\"swiper-slide-inner\"><img decoding=\"async\" class=\"swiper-slide-image\" src=\"https:\/\/www.dbindos.info\/wp-content\/uploads\/IMG_7989.jpg\" alt=\"IMG_7989\" \/><\/figure><\/a><\/div><div class=\"swiper-slide\"><a data-elementor-open-lightbox=\"yes\" data-elementor-lightbox-slideshow=\"7e8215d\" e-action-hash=\"#elementor-action%3Aaction%3Dlightbox%26settings%3DeyJpZCI6MjkzMywidXJsIjoiaHR0cHM6XC9cL3d3dy5kYmluZG9zLmluZm9cL3dwLWNvbnRlbnRcL3VwbG9hZHNcL0lNR184MDkxLmpwZyIsInNsaWRlc2hvdyI6IjdlODIxNWQifQ%3D%3D\" href=\"https:\/\/www.dbindos.info\/wp-content\/uploads\/IMG_8091.jpg\"><figure class=\"swiper-slide-inner\"><img decoding=\"async\" class=\"swiper-slide-image\" src=\"https:\/\/www.dbindos.info\/wp-content\/uploads\/IMG_8091.jpg\" alt=\"IMG_8091\" \/><\/figure><\/a><\/div><div class=\"swiper-slide\"><a data-elementor-open-lightbox=\"yes\" data-elementor-lightbox-slideshow=\"7e8215d\" e-action-hash=\"#elementor-action%3Aaction%3Dlightbox%26settings%3DeyJpZCI6MjkzNCwidXJsIjoiaHR0cHM6XC9cL3d3dy5kYmluZG9zLmluZm9cL3dwLWNvbnRlbnRcL3VwbG9hZHNcL0lNR184MzEzLmpwZyIsInNsaWRlc2hvdyI6IjdlODIxNWQifQ%3D%3D\" href=\"https:\/\/www.dbindos.info\/wp-content\/uploads\/IMG_8313.jpg\"><figure class=\"swiper-slide-inner\"><img decoding=\"async\" class=\"swiper-slide-image\" src=\"https:\/\/www.dbindos.info\/wp-content\/uploads\/IMG_8313.jpg\" alt=\"IMG_8313\" \/><\/figure><\/a><\/div><div class=\"swiper-slide\"><a data-elementor-open-lightbox=\"yes\" data-elementor-lightbox-slideshow=\"7e8215d\" e-action-hash=\"#elementor-action%3Aaction%3Dlightbox%26settings%3DeyJpZCI6MjkzNSwidXJsIjoiaHR0cHM6XC9cL3d3dy5kYmluZG9zLmluZm9cL3dwLWNvbnRlbnRcL3VwbG9hZHNcL0lNR184MzcyLmpwZyIsInNsaWRlc2hvdyI6IjdlODIxNWQifQ%3D%3D\" href=\"https:\/\/www.dbindos.info\/wp-content\/uploads\/IMG_8372.jpg\"><figure class=\"swiper-slide-inner\"><img decoding=\"async\" class=\"swiper-slide-image\" src=\"https:\/\/www.dbindos.info\/wp-content\/uploads\/IMG_8372.jpg\" alt=\"IMG_8372\" \/><\/figure><\/a><\/div><div class=\"swiper-slide\"><a data-elementor-open-lightbox=\"yes\" data-elementor-lightbox-slideshow=\"7e8215d\" e-action-hash=\"#elementor-action%3Aaction%3Dlightbox%26settings%3DeyJpZCI6MjkzNiwidXJsIjoiaHR0cHM6XC9cL3d3dy5kYmluZG9zLmluZm9cL3dwLWNvbnRlbnRcL3VwbG9hZHNcL0lNR184NTM4LmpwZyIsInNsaWRlc2hvdyI6IjdlODIxNWQifQ%3D%3D\" href=\"https:\/\/www.dbindos.info\/wp-content\/uploads\/IMG_8538.jpg\"><figure class=\"swiper-slide-inner\"><img decoding=\"async\" class=\"swiper-slide-image\" src=\"https:\/\/www.dbindos.info\/wp-content\/uploads\/IMG_8538.jpg\" alt=\"IMG_8538\" \/><\/figure><\/a><\/div>\t\t\t<\/div>\n\t\t\t\t\t\t\t\t\t\t\t\t\t\t\t\t<div class=\"elementor-swiper-button elementor-swiper-button-prev\">\n\t\t\t\t\t\t<i aria-hidden=\"true\" class=\"eicon-chevron-left\"><\/i>\t\t\t\t\t\t<span class=\"elementor-screen-only\">Previous<\/span>\n\t\t\t\t\t<\/div>\n\t\t\t\t\t<div class=\"elementor-swiper-button elementor-swiper-button-next\">\n\t\t\t\t\t\t<i aria-hidden=\"true\" class=\"eicon-chevron-right\"><\/i>\t\t\t\t\t\t<span class=\"elementor-screen-only\">Next<\/span>\n\t\t\t\t\t<\/div>\n\t\t\t\t\t\t\t\t\t<\/div>\n\t\t\t\t<\/div>\n\t\t\t\t<\/div>\n\t\t\t\t<section class=\"elementor-section elementor-inner-section elementor-element elementor-element-310b37d elementor-reverse-mobile elementor-section-boxed elementor-section-height-default elementor-section-height-default\" data-id=\"310b37d\" data-element_type=\"section\" data-settings=\"{&quot;background_background&quot;:&quot;classic&quot;}\">\n\t\t\t\t\t\t<div class=\"elementor-container elementor-column-gap-default\">\n\t\t\t\t\t<div class=\"elementor-column elementor-col-50 elementor-inner-column elementor-element elementor-element-034fa63\" data-id=\"034fa63\" data-element_type=\"column\" data-settings=\"{&quot;background_background&quot;:&quot;classic&quot;}\">\n\t\t\t<div class=\"elementor-widget-wrap elementor-element-populated\">\n\t\t\t\t\t\t\t\t<div class=\"elementor-element elementor-element-f251c16 elementor-widget-mobile__width-initial elementor-widget elementor-widget-text-editor\" data-id=\"f251c16\" data-element_type=\"widget\" data-widget_type=\"text-editor.default\">\n\t\t\t\t<div class=\"elementor-widget-container\">\n\t\t\t<style>\/*! elementor - v3.10.0 - 09-01-2023 *\/\n.elementor-widget-text-editor.elementor-drop-cap-view-stacked .elementor-drop-cap{background-color:#818a91;color:#fff}.elementor-widget-text-editor.elementor-drop-cap-view-framed .elementor-drop-cap{color:#818a91;border:3px solid;background-color:transparent}.elementor-widget-text-editor:not(.elementor-drop-cap-view-default) .elementor-drop-cap{margin-top:8px}.elementor-widget-text-editor:not(.elementor-drop-cap-view-default) .elementor-drop-cap-letter{width:1em;height:1em}.elementor-widget-text-editor .elementor-drop-cap{float:left;text-align:center;line-height:1;font-size:50px}.elementor-widget-text-editor .elementor-drop-cap-letter{display:inline-block}<\/style>\t\t\t\t<p><a href=\"https:\/\/www.pogon.hr\/program\/db-indos-kuca-ekstremnog-muzickog-kazalista-lutke-333\/\" target=\"_blank\" rel=\"noopener\"><strong>11. i 12. 7. 2021. <\/strong><strong>Pogon Jedinstvo, Zagreb<\/strong><\/a><\/p><p>Performers: <strong>DB Indo\u0161, Tanja Vrvilo<\/strong> (\u0161ahtofonisti), <strong>Helge Hinteregger<\/strong> (grlena glazba), <strong>Damir Prica Kafka<\/strong> (\u0161ahtofon, sax, elektri\u010dni klavir)<\/p><p>\u0160ahtofonistica i \u0161ahtofonist: <strong>Ksenija Habek, Ivan Kosalec<\/strong><\/p><p>Majstor tona: Jasmin Dasovi\u0107<br \/>Majstor svjetla: Andrija Santro<br \/>Video projekcije, nadzorne kamere: Maxime Weinmann<br \/>Instalacija i partitura Lutke 333: DB Indo\u0161<br \/>Majstor scene: Neboj\u0161a Jela\u010di\u0107 \u0106ina<\/p>\t\t\t\t\t\t<\/div>\n\t\t\t\t<\/div>\n\t\t\t\t<div class=\"elementor-element elementor-element-4aeba37 elementor-widget-mobile__width-initial elementor-aspect-ratio-169 elementor-widget elementor-widget-video\" data-id=\"4aeba37\" data-element_type=\"widget\" data-settings=\"{&quot;youtube_url&quot;:&quot;https:\\\/\\\/youtu.be\\\/mukat-4-smc?si=XP4iXLH78nTHA2QD&quot;,&quot;start&quot;:10,&quot;video_type&quot;:&quot;youtube&quot;,&quot;controls&quot;:&quot;yes&quot;,&quot;aspect_ratio&quot;:&quot;169&quot;}\" data-widget_type=\"video.default\">\n\t\t\t\t<div class=\"elementor-widget-container\">\n\t\t\t<style>\/*! elementor - v3.10.0 - 09-01-2023 *\/\n.elementor-widget-video .elementor-widget-container{overflow:hidden;transform:translateZ(0)}.elementor-widget-video .elementor-open-inline .elementor-custom-embed-image-overlay{position:absolute;top:0;left:0;width:100%;height:100%;background-size:cover;background-position:50%}.elementor-widget-video .elementor-custom-embed-image-overlay{cursor:pointer;text-align:center}.elementor-widget-video .elementor-custom-embed-image-overlay:hover .elementor-custom-embed-play i{opacity:1}.elementor-widget-video .elementor-custom-embed-image-overlay img{display:block;width:100%}.elementor-widget-video .e-hosted-video .elementor-video{-o-object-fit:cover;object-fit:cover}.e-con-inner>.elementor-widget-video,.e-con>.elementor-widget-video{width:var(--container-widget-width);--flex-grow:var(--container-widget-flex-grow)}<\/style>\t\t<div class=\"elementor-wrapper elementor-fit-aspect-ratio elementor-open-inline\">\n\t\t\t<div class=\"elementor-video\"><\/div>\t\t<\/div>\n\t\t\t\t<\/div>\n\t\t\t\t<\/div>\n\t\t\t\t\t<\/div>\n\t\t<\/div>\n\t\t\t\t<div class=\"elementor-column elementor-col-50 elementor-inner-column elementor-element elementor-element-7f9eff3\" data-id=\"7f9eff3\" data-element_type=\"column\">\n\t\t\t<div class=\"elementor-widget-wrap elementor-element-populated\">\n\t\t\t\t\t\t\t\t<div class=\"elementor-element elementor-element-cd0a164 elementor-widget__width-initial elementor-widget-mobile__width-inherit elementor-widget-tablet__width-inherit elementor-widget elementor-widget-text-editor\" data-id=\"cd0a164\" data-element_type=\"widget\" data-widget_type=\"text-editor.default\">\n\t\t\t\t<div class=\"elementor-widget-container\">\n\t\t\t\t\t\t\t<p class=\" translation-block\"><em><strong>Lutke personificiraju tragi\u010dnu sudbinu \u010dovjeka koji \u017eivi mimo svoje volje, odnosno sudbinu svih onih koji ne sudjeluju u stvaranju vlastite sudbine.<\/strong><\/em><strong><br>Ivan Martinac<\/strong><\/p><p><a href=\"https:\/\/www.dbindos.info\/wp-content\/uploads\/IMG_8237.jpg\"><img decoding=\"async\" loading=\"lazy\" class=\"alignnone size-full wp-image-7724\" src=\"https:\/\/www.dbindos.info\/wp-content\/uploads\/IMG_8237.jpg\" alt=\"\" width=\"938\" height=\"625\" srcset=\"https:\/\/www.dbindos.info\/wp-content\/uploads\/IMG_8237.jpg 938w, https:\/\/www.dbindos.info\/wp-content\/uploads\/IMG_8237-300x200.jpg 300w, https:\/\/www.dbindos.info\/wp-content\/uploads\/IMG_8237-768x512.jpg 768w, https:\/\/www.dbindos.info\/wp-content\/uploads\/IMG_8237-18x12.jpg 18w\" sizes=\"(max-width: 938px) 100vw, 938px\" \/><\/a><\/p><p>Dummies leaving the factory. In a factory in Vrap\u010de, plastic dolls for shop windows were produced on the site of today's residential area and Ivan Martinac's exposed film registered the entire working process: human faces and hands of the production machine and the creation of showroom dummies, Martinac's malcontents. Encounters between employees and their superior models happen in the most marvellously natural way. What is more, at every step imperceptible signals give a direction to yearning. Martinac's A screenplay for an unrealized film, realized a few years later in 1987., is inspiring our invitation to engage in schachtophonic animation of a partiture\nfor 33 participants of a sound installation DUMMIES 333.<\/p><p>The first camera in film history documented in one frame the workers leaving the Lumi\u00e8re brothers' factory, the minute the workers left their work and the factory behind. The film century rarely recorded the gestures, looks and words of the workers in the factories, and left the space in front of the factory to the surveillance cameras.\n\nThe structural schachtophonia DUMMIES 333 permanently delays the realization of Martinac's Screenplay for an unrealized film and the original duration of the film of 13 minutes, 31 seconds and 13 photograms or 333 frames by triple turn of the concrete poetry of the subtitles. The sliding installation exposes the dummies within 4 sequences in poses from the factory, through the warehouse, transportation by trains and trucks to a fight on a city night. People are breaking the shop window, turning over the dummies, then leave.<\/p>\t\t\t\t\t\t<\/div>\n\t\t\t\t<\/div>\n\t\t\t\t\t<\/div>\n\t\t<\/div>\n\t\t\t\t\t\t\t<\/div>\n\t\t<\/section>\n\t\t\t\t<section class=\"elementor-section elementor-inner-section elementor-element elementor-element-5dcd4e7 elementor-section-height-min-height elementor-reverse-mobile elementor-section-boxed elementor-section-height-default\" data-id=\"5dcd4e7\" data-element_type=\"section\" data-settings=\"{&quot;background_background&quot;:&quot;classic&quot;}\">\n\t\t\t\t\t\t<div class=\"elementor-container elementor-column-gap-default\">\n\t\t\t\t\t<div class=\"elementor-column elementor-col-50 elementor-inner-column elementor-element elementor-element-e486932\" data-id=\"e486932\" data-element_type=\"column\" data-settings=\"{&quot;background_background&quot;:&quot;classic&quot;}\">\n\t\t\t<div class=\"elementor-widget-wrap\">\n\t\t\t\t\t\t\t\t\t<\/div>\n\t\t<\/div>\n\t\t\t\t<div class=\"elementor-column elementor-col-50 elementor-inner-column elementor-element elementor-element-08befe5\" data-id=\"08befe5\" data-element_type=\"column\">\n\t\t\t<div class=\"elementor-widget-wrap elementor-element-populated\">\n\t\t\t\t\t\t\t\t<div class=\"elementor-element elementor-element-e6ac019 elementor-widget__width-initial elementor-widget-mobile__width-inherit elementor-widget elementor-widget-text-editor\" data-id=\"e6ac019\" data-element_type=\"widget\" data-widget_type=\"text-editor.default\">\n\t\t\t\t<div class=\"elementor-widget-container\">\n\t\t\t\t\t\t\t<p>1. SEKVENCA: U jednoj tvornici u Vrap\u010du proizvode se plasti\u010dne lutke \u010dovjekove veli\u010dine. Eksponirana traka registrira cjelokupni radni proces: ljudska lica i ruke, proizvodne ma\u0161ine i stvaranja lutaka. Unutar sekvence preko tri kra\u0107a kadra eksponiraju se titlovi:<\/p><p class=\" translation-block\"><strong>Do you feel the pain of dummies<br> who don\u2019t know <br>why they exist?<\/strong><\/p><p>2. SEKVENCA: Golemo skladi\u0161te prepuno nagih lutaka u najrazli\u010ditijim pozama. Pakiranje i transport. Vlakovi i kamioni odvoze ih u razli\u010ditim pravcima. Eksponirani titlovi:<\/p><p>DA LI OSJE\u0106ATE SUDBINU LUTAKA<br \/>URASLU U NJIHOVE UDOVE<br \/>PUNE TRAGI\u010cNOG DOSTOJANSTVA<\/p><p>3. SEKVENCA: Aran\u017eiranje izloga. Obla\u010denje lutaka. Eksponirani titlovi:<\/p><p>DA LI OSJE\u0106ATE PATNJU TIH STVORENJA<br \/>SLI\u010cNIH \u010cOVJEKU<br \/>BEZ UNUTRA\u0160NJE STRUKTURE<\/p><p>4. SEKVENCA: Grad u no\u0107i. Zelenkasto osvijetljeni izlozi. Rijetki automobili. Tu\u010dnjava. Ljudi razbijaju izlog, prevr\u0107u lutke, a zatim odlaze. Prevrnute lutke, o\u0161te\u0107enih lica, nepromijenjenih izraza gledaju grad. Na po\u010detku sekvenca \u010duje se glas:<\/p><p>DA LI STE IKAD \u010cULI, U NO\u0106I, \u017dALOSNI HOR<br \/>LUTAKA KOJE SVOJIM PLASTI\u010cNIM \u0160AKAMA<br \/>UDARAJU U ZIDOVE \u0160ARENIH TAMNICA?<br \/>Ivan Martinac<\/p><p>PARTITURA A<br \/>Veliki broj na po\u010detku reda &#8211; zvuk gonga &#8211; udarci drvenih \u010deki\u0107a<br \/>Mali broj u trokutu &#8211; trajanje zvuka duga\u010dke opruge<br \/>Crvena, \u017euta, zelena i plava boja trokuta &#8211; boja duga\u010dke opruge<br \/>Crna boja opruge &#8211; sve opruge zajedno<br \/>Crni xxx &#8211; impro sve opruge<br \/># broj # &#8211; broj trenja ritmiziranih opruga na kraju impra<br \/>Mali broj izme\u0111u trokuta &#8211; trajanje zvuka ritmi\u010dke opruge<br \/>Plava boja teksta &#8211; brzo glasno<br \/>\u017duta boja teksta &#8211; brzo tiho<br \/>Crvena boja teksta &#8211; brzo glasno<br \/>Crna boja teksta &#8211; zajedni\u010dka srednje brza srednje glasna<br \/>Crna to\u010dka &#8211; bez zvuka opruge ili bez glasa<\/p><p>PARTITURA B<br \/>Crvena slova &#8211; brzo glasno<br \/>\u017duta slova &#8211; brzo tiho<br \/>Zelena slova &#8211; sporo tiho<br \/>Plava slova &#8211; brzo glasno<br \/>Crna slova &#8211; zajedni\u010dko srednje brzo srednje glasno<br \/># broj # &#8211; broj udaraca okastim klju\u010devima po gromobranu i oprugama<br \/>Crni xxx &#8211; impro trenje okastim klju\u010devima po gromobranu i oprugama<\/p><p>PARTITURA C<br \/>Dijagram trokuta prema gore &#8211; brzi impro 4 opruge<br \/>Dijagram trokuta prema dolje &#8211; spori impro 4 opruge<br \/>Crvena slova &#8211; brzo glasno<br \/>\u017duta slova &#8211; brzo tiho<br \/>Zelena slova &#8211; sporo tiho<br \/>Plava slova &#8211; brzo glasno sjeckavo<br \/>Crna slova &#8211; zajedni\u010dki srednje glasno brzo<br \/># broj # &#8211; broj njihanja \u0161aht poklopaca<\/p><p>KRATKA PAUZA ZA PROVJETRAVANJE<\/p><p>Glavno sredstvo strojne obrade je bu\u0161ena kartica s redovima brojki na kojoj se stavke va\u017ene za poslovanje prikazuju u brojevima. Svaka kartica bu\u0161i se s pomo\u0107u karti\u010dnog stroja te na njoj knji\u017eenje ostaje zabilje\u017eeno u obliku perforacija. Gotove kartice \u0161alju se u susjednu prostoriju na strojeve za sortiranje i tabeliranje. Ovi prvi sortiraju materijal prema raznim stavkama, a potonji ispisuju perforirane brojke u \u017eeljeni tabelarni obrazac automatski dodaju\u0107i nove redove. Mu\u0161karci barataju te\u0161kim grdosijama \u010dija buka sna\u017eno nadglasava monotono tipkanje djevojaka koje bu\u0161e kartice. Putem voditelja ureda o radnom danu djevojaka za strojevima. On odgovara:<br \/>\u00bbDjevojke bu\u0161e samo \u0161est sati, a preostala dva sata rade kao \u010dinovnice. Tako spre\u010davamo preoptere\u0107enje. Rade u smjenama tako da svaka namje\u0161tenica stigne obaviti svaki posao. Osim toga, iz higijenskih razloga s vremena na vrijeme imamo kratke pauze za provjetravanje.\u00ab Neobi\u010dne li konstrukcije \u2013 nisu zaboravili \u010dak ni sustav provjetravanja.<\/p><p>Kada je srednji sloj bio u boljem polo\u017eaju, ve\u0107ina djevojaka \u0161to danas bu\u0161e rupe vje\u017ebale su etide na ku\u0107nim klavirima. Glazba nije potpuno nestala ni iz procesa koji je Nacionalno vije\u0107e za ekonomsku u\u010dinkovitost ovako definiralo: \u00bbRacionalizacija podrazumijeva primjenu svih sredstava \u0161to nam tehnika i plansko upravljanje nude u svrhu rentabilnosti te slijedom toga i ve\u0107e proizvodnje dobara, njihovog pojeftinjenja i pobolj\u0161anja.\u00ab Ne, glazba nije potpuno nestala. Poznata mi je tvornica koja uzima na pla\u0107u djevojke odmah po izlasku iz \u0161kole te im daje osobnog u\u010ditelja za rad na pisa\u0107em stroju. Mudri u\u010ditelj navija gramofon prema \u010dijim zvucima u\u010denice moraju tipkati. Puno se lak\u0161e mar\u0161ira kada odzvanjaju veseli vojni\u010dki mar\u0161evi. Brzina okretaja plo\u010de postepeno se pove\u0107ava, a djevojke, da to ni ne primijete, tipkaju sve br\u017ee. One kroz godine \u0161kolovanja postaju brze tipka\u010dice, glazba je iznjedrila jeftino pla\u0107eno \u010dudo.<\/p><p>DRAGE KOLEGICE I KOLEGE<\/p><p>Postoje brze i spore metode smanjenja broja zaposlenih. Pa i ako te sitne nijanse nemaju neku te\u017einu u usporedbi s \u010dinjenicom otkaza, ne bi bilo primjereno zanemariti ih, iako je prema okru\u017enici poslodavca uvijek rije\u010d tek o nekolicini zaposlenika. U jednoj velikoj banci nedavno su ve\u0107em broju djevojaka za strojevima uru\u010dena otkazna pisma \u010dija je kratko\u0107a bila obrnuto proporcionalna du\u017eini njihova namje\u0161tenja. Kada je rije\u010d o djevojkama koje rade s karticama za bu\u0161enje, uglavnom se ra\u010duna s \u00bbprirodnim odlaskom\u00ab, drugim rije\u010dima, \u010deka se da same napuste tvrtku kada osjete da se starost pribli\u017eava. Premda su otpu\u0161tene djevojke ve\u0107 bile pre\u0161le tridesetu, nisu same odstupile. Jesu li se namjeravale tro\u0161iti bu\u0161enjem rupica sve dok im ne bude osigurana dodatna naknada? Bila im je ponu\u0111ena izda\u0161na otpremnina, ali u toj dobi te\u0161ko \u0107e opet na\u0107i posao. Jednoj od njih je dvadeset devet i osim otpremnine ima i majku nesposobnu za rad. No njihovoj nesre\u0107i kumuje \u010desto i njihova vlastita glupost. Budu\u0107i da sasvim pristojno mogu \u017eivjeti s pla\u0107om uve\u0107anom za dodatak na uredski posao, ne zanima ih brak u kojemu bi se njihovo materijalno stanje pogor\u0161alo. A kada poslije budu otpu\u0161tene, ne mogu na\u0107i ni novi posao ni mu\u017ea. Ponekad se to doga\u0111a kao na usporenoj snimci. Kako bi odgodila kona\u010dno otpu\u0161tanje, jedna banka sve tehni\u010dke vi\u0161kove raspore\u0111uje u rezervni odjel gdje im neko vrijeme nastoji prona\u0107i koristan posao. Ako su okolnosti povoljne, neki se \u010dak iz skladi\u0161ta vrate u banku. Sje\u0107amo se spomenutih djevojaka koje su u\u010dile brzo tipkanje uz pomo\u0107 zvukova gramofona. Doveli su ih u rede i one su iz prve \u00bbpretipkale\u00ab sve svoje starije kolegice. Budu\u0107i da im glazba nije bila upisana u tijelo, izgubile su dodatak koji se sada ispla\u0107ivao mladim djevojkama. A onda su izgubili strpljenje s njima pa su ih stavili na raspolaganje kadrovskoj slu\u017ebi koja ih je ponudila pisarnici \u010diji je nadzornik tako\u0111er radije uzeo vje\u0161te gramofonske djevojke. Tako su malo-pomalo starije zavr\u0161ile na ulici.<\/p><p>Siegfried Kracauer<\/p>\t\t\t\t\t\t<\/div>\n\t\t\t\t<\/div>\n\t\t\t\t<div class=\"elementor-element elementor-element-ff3393c elementor-widget__width-initial elementor-widget-mobile__width-inherit elementor-widget elementor-widget-text-editor\" data-id=\"ff3393c\" data-element_type=\"widget\" data-widget_type=\"text-editor.default\">\n\t\t\t\t<div class=\"elementor-widget-container\">\n\t\t\t\t\t\t\t<p>DUMMIES 333 are the third part of our schachtophone trilogy inspired by cinematic poetry and artist's books by Ivan Martinac, with F: I: L: M: S: K: A: T: E: K: A (in reference to Martinac's Film notebook \/ Filmska teka) and I: O (according to the motives of his reconstruction of storyboard by C.T. Dreyer's La Passion de Jeanne d'Arc).<\/p><p><strong>Podr\u0161ka i partneri: Zaklada Kultura nova, POGON &#8211; Zagreba\u010dki centar za nezavisnu <\/strong><strong>kulturu i mlade \/ POGONATOR 2021, Ministarstvo kulture RH, Ured za kulturu Grada Zagreba<\/strong><\/p>\t\t\t\t\t\t<\/div>\n\t\t\t\t<\/div>\n\t\t\t\t\t<\/div>\n\t\t<\/div>\n\t\t\t\t\t\t\t<\/div>\n\t\t<\/section>\n\t\t\t\t\t<\/div>\n\t\t<\/div>\n\t\t\t\t\t\t\t<\/div>\n\t\t<\/section>\n\t\t\t\t\t\t\t<\/div>","protected":false},"excerpt":{"rendered":"<p>Lutke 333 Previous Next 11. i 12. 7. 2021. Pogon Jedinstvo, Zagreb Izvode: DB Indo\u0161, Tanja Vrvilo (\u0161ahtofonisti), Helge Hinteregger (grlena glazba), Damir Prica Kafka (\u0161ahtofon, sax, elektri\u010dni klavir) \u0160ahtofonistica i \u0161ahtofonist: Ksenija Habek, Ivan Kosalec Majstor tona: Jasmin Dasovi\u0107Majstor svjetla: Andrija SantroVideo projekcije, nadzorne kamere: Maxime WeinmannInstalacija i partitura Lutke 333: DB Indo\u0161Majstor scene: &hellip;<\/p>\n<p class=\"read-more\"> <a class=\"\" href=\"https:\/\/www.dbindos.info\/en\/projekti\/lutke-333\/\"> <span class=\"screen-reader-text\">DUMMIES 333<\/span> Read More &raquo;<\/a><\/p>","protected":false},"author":1,"featured_media":0,"parent":5413,"menu_order":2,"comment_status":"closed","ping_status":"closed","template":"","meta":{"site-sidebar-layout":"no-sidebar","site-content-layout":"page-builder","ast-global-header-display":"","ast-main-header-display":"","ast-hfb-above-header-display":"","ast-hfb-below-header-display":"","ast-hfb-mobile-header-display":"","site-post-title":"disabled","ast-breadcrumbs-content":"","ast-featured-img":"disabled","footer-sml-layout":"","theme-transparent-header-meta":"","adv-header-id-meta":"","stick-header-meta":"","header-above-stick-meta":"","header-main-stick-meta":"","header-below-stick-meta":""},"_links":{"self":[{"href":"https:\/\/www.dbindos.info\/en\/wp-json\/wp\/v2\/pages\/9239"}],"collection":[{"href":"https:\/\/www.dbindos.info\/en\/wp-json\/wp\/v2\/pages"}],"about":[{"href":"https:\/\/www.dbindos.info\/en\/wp-json\/wp\/v2\/types\/page"}],"author":[{"embeddable":true,"href":"https:\/\/www.dbindos.info\/en\/wp-json\/wp\/v2\/users\/1"}],"replies":[{"embeddable":true,"href":"https:\/\/www.dbindos.info\/en\/wp-json\/wp\/v2\/comments?post=9239"}],"version-history":[{"count":17,"href":"https:\/\/www.dbindos.info\/en\/wp-json\/wp\/v2\/pages\/9239\/revisions"}],"predecessor-version":[{"id":9258,"href":"https:\/\/www.dbindos.info\/en\/wp-json\/wp\/v2\/pages\/9239\/revisions\/9258"}],"up":[{"embeddable":true,"href":"https:\/\/www.dbindos.info\/en\/wp-json\/wp\/v2\/pages\/5413"}],"wp:attachment":[{"href":"https:\/\/www.dbindos.info\/en\/wp-json\/wp\/v2\/media?parent=9239"}],"curies":[{"name":"wp","href":"https:\/\/api.w.org\/{rel}","templated":true}]}}