{"id":9259,"date":"2023-12-18T11:06:47","date_gmt":"2023-12-18T11:06:47","guid":{"rendered":"https:\/\/www.dbindos.info\/?page_id=9259"},"modified":"2025-06-12T08:40:59","modified_gmt":"2025-06-12T07:40:59","slug":"interviews","status":"publish","type":"page","link":"https:\/\/www.dbindos.info\/en\/interviews\/","title":{"rendered":"Interviews"},"content":{"rendered":"<div data-elementor-type=\"wp-page\" data-elementor-id=\"9259\" class=\"elementor elementor-9259\">\n\t\t\t\t\t\t\t\t\t<section class=\"elementor-section elementor-top-section elementor-element elementor-element-06098c3 elementor-section-boxed elementor-section-height-default elementor-section-height-default\" data-id=\"06098c3\" data-element_type=\"section\" data-settings=\"{&quot;background_background&quot;:&quot;classic&quot;}\">\n\t\t\t\t\t\t<div class=\"elementor-container elementor-column-gap-no\">\n\t\t\t\t\t<div class=\"elementor-column elementor-col-100 elementor-top-column elementor-element elementor-element-f7fc9af\" data-id=\"f7fc9af\" data-element_type=\"column\" data-settings=\"{&quot;background_background&quot;:&quot;classic&quot;}\">\n\t\t\t<div class=\"elementor-widget-wrap elementor-element-populated\">\n\t\t\t\t\t\t\t\t<div class=\"elementor-element elementor-element-478b75a elementor-widget-mobile__width-inherit elementor-widget elementor-widget-heading\" data-id=\"478b75a\" data-element_type=\"widget\" data-widget_type=\"heading.default\">\n\t\t\t\t<div class=\"elementor-widget-container\">\n\t\t\t<style>\/*! elementor - v3.10.0 - 09-01-2023 *\/\n.elementor-heading-title{padding:0;margin:0;line-height:1}.elementor-widget-heading .elementor-heading-title[class*=elementor-size-]>a{color:inherit;font-size:inherit;line-height:inherit}.elementor-widget-heading .elementor-heading-title.elementor-size-small{font-size:15px}.elementor-widget-heading .elementor-heading-title.elementor-size-medium{font-size:19px}.elementor-widget-heading .elementor-heading-title.elementor-size-large{font-size:29px}.elementor-widget-heading .elementor-heading-title.elementor-size-xl{font-size:39px}.elementor-widget-heading .elementor-heading-title.elementor-size-xxl{font-size:59px}<\/style><h1 class=\"elementor-heading-title elementor-size-medium\">Interviews<\/h1>\t\t<\/div>\n\t\t\t\t<\/div>\n\t\t\t\t<section class=\"elementor-section elementor-inner-section elementor-element elementor-element-310b37d elementor-section-boxed elementor-section-height-default elementor-section-height-default\" data-id=\"310b37d\" data-element_type=\"section\" data-settings=\"{&quot;background_background&quot;:&quot;classic&quot;}\">\n\t\t\t\t\t\t<div class=\"elementor-container elementor-column-gap-default\">\n\t\t\t\t\t<div class=\"elementor-column elementor-col-50 elementor-inner-column elementor-element elementor-element-034fa63\" data-id=\"034fa63\" data-element_type=\"column\" data-settings=\"{&quot;background_background&quot;:&quot;classic&quot;}\">\n\t\t\t<div class=\"elementor-widget-wrap elementor-element-populated\">\n\t\t\t\t\t\t\t\t<div class=\"elementor-element elementor-element-d805ff5 elementor-widget-mobile__width-initial elementor-aspect-ratio-169 elementor-widget elementor-widget-video\" data-id=\"d805ff5\" data-element_type=\"widget\" data-settings=\"{&quot;youtube_url&quot;:&quot;https:\\\/\\\/youtu.be\\\/bbxjnd85YSI?si=yH2dcjoEm_k9afCt&quot;,&quot;video_type&quot;:&quot;youtube&quot;,&quot;controls&quot;:&quot;yes&quot;,&quot;aspect_ratio&quot;:&quot;169&quot;}\" data-widget_type=\"video.default\">\n\t\t\t\t<div class=\"elementor-widget-container\">\n\t\t\t<style>\/*! elementor - v3.10.0 - 09-01-2023 *\/\n.elementor-widget-video .elementor-widget-container{overflow:hidden;transform:translateZ(0)}.elementor-widget-video .elementor-open-inline .elementor-custom-embed-image-overlay{position:absolute;top:0;left:0;width:100%;height:100%;background-size:cover;background-position:50%}.elementor-widget-video .elementor-custom-embed-image-overlay{cursor:pointer;text-align:center}.elementor-widget-video .elementor-custom-embed-image-overlay:hover .elementor-custom-embed-play i{opacity:1}.elementor-widget-video .elementor-custom-embed-image-overlay img{display:block;width:100%}.elementor-widget-video .e-hosted-video .elementor-video{-o-object-fit:cover;object-fit:cover}.e-con-inner>.elementor-widget-video,.e-con>.elementor-widget-video{width:var(--container-widget-width);--flex-grow:var(--container-widget-flex-grow)}<\/style>\t\t<div class=\"elementor-wrapper elementor-fit-aspect-ratio elementor-open-inline\">\n\t\t\t<div class=\"elementor-video\"><\/div>\t\t<\/div>\n\t\t\t\t<\/div>\n\t\t\t\t<\/div>\n\t\t\t\t<div class=\"elementor-element elementor-element-6355ed5 elementor-widget elementor-widget-text-editor\" data-id=\"6355ed5\" data-element_type=\"widget\" data-widget_type=\"text-editor.default\">\n\t\t\t\t<div class=\"elementor-widget-container\">\n\t\t\t<style>\/*! elementor - v3.10.0 - 09-01-2023 *\/\n.elementor-widget-text-editor.elementor-drop-cap-view-stacked .elementor-drop-cap{background-color:#818a91;color:#fff}.elementor-widget-text-editor.elementor-drop-cap-view-framed .elementor-drop-cap{color:#818a91;border:3px solid;background-color:transparent}.elementor-widget-text-editor:not(.elementor-drop-cap-view-default) .elementor-drop-cap{margin-top:8px}.elementor-widget-text-editor:not(.elementor-drop-cap-view-default) .elementor-drop-cap-letter{width:1em;height:1em}.elementor-widget-text-editor .elementor-drop-cap{float:left;text-align:center;line-height:1;font-size:50px}.elementor-widget-text-editor .elementor-drop-cap-letter{display:inline-block}<\/style>\t\t\t\t<p><strong>Prague Quadrennial<\/strong> 2019.\u00a0<\/p>\t\t\t\t\t\t<\/div>\n\t\t\t\t<\/div>\n\t\t\t\t<div class=\"elementor-element elementor-element-222b19a elementor-widget-mobile__width-initial elementor-aspect-ratio-169 elementor-widget elementor-widget-video\" data-id=\"222b19a\" data-element_type=\"widget\" data-settings=\"{&quot;youtube_url&quot;:&quot;https:\\\/\\\/youtu.be\\\/QuHxD4uSUIs?si=gjbz3__OoIM_BaRO&quot;,&quot;video_type&quot;:&quot;youtube&quot;,&quot;controls&quot;:&quot;yes&quot;,&quot;aspect_ratio&quot;:&quot;169&quot;}\" data-widget_type=\"video.default\">\n\t\t\t\t<div class=\"elementor-widget-container\">\n\t\t\t\t\t<div class=\"elementor-wrapper elementor-fit-aspect-ratio elementor-open-inline\">\n\t\t\t<div class=\"elementor-video\"><\/div>\t\t<\/div>\n\t\t\t\t<\/div>\n\t\t\t\t<\/div>\n\t\t\t\t<div class=\"elementor-element elementor-element-1aae4c4 elementor-widget elementor-widget-text-editor\" data-id=\"1aae4c4\" data-element_type=\"widget\" data-widget_type=\"text-editor.default\">\n\t\t\t\t<div class=\"elementor-widget-container\">\n\t\t\t\t\t\t\t<p><strong>Prague Quadrennial<\/strong> 2015.\u00a0<\/p>\t\t\t\t\t\t<\/div>\n\t\t\t\t<\/div>\n\t\t\t\t\t<\/div>\n\t\t<\/div>\n\t\t\t\t<div class=\"elementor-column elementor-col-50 elementor-inner-column elementor-element elementor-element-7f9eff3\" data-id=\"7f9eff3\" data-element_type=\"column\">\n\t\t\t<div class=\"elementor-widget-wrap elementor-element-populated\">\n\t\t\t\t\t\t\t\t<div class=\"elementor-element elementor-element-c2c3168 elementor-widget__width-initial elementor-widget-mobile__width-inherit elementor-widget-tablet__width-inherit elementor-widget elementor-widget-text-editor\" data-id=\"c2c3168\" data-element_type=\"widget\" data-widget_type=\"text-editor.default\">\n\t\t\t\t<div class=\"elementor-widget-container\">\n\t\t\t\t\t\t\t<p><a href=\"https:\/\/www.portalnovosti.com\/damir-bartol-indos-i-tanja-vrvilo-sahtofonska-gesta-je-radnicka-gesta\/\" target=\"_blank\" rel=\"noopener\"><strong>\u0160ahtofonska gesta je radni\u010dka gesta<\/strong><\/a> &#8211; Novosti, 2025.<\/p><p><a href=\"https:\/\/www.matica.hr\/vijenac\/810\/tijelo-zvuk-pokret-sahtofoni-i-umjetnost-pobune-37766\/\" target=\"_blank\" rel=\"noopener\"><strong>Tijelo, zvuk, pokret: \u0161ahtofoni i umjetnost pobune<\/strong><\/a> &#8211; Vijenac, 2025.<\/p><p><a href=\"https:\/\/hrvatskoglumiste.hr\/ne-mogu-pristati-na-to-da-je-umjetnicki-cin-inferiorniji-kirurskom-zahvatu\/\" target=\"_blank\" rel=\"noopener\"><strong>Ne mogu pristati na to da je umjetni\u010dki \u010din inferiorniji kirur\u0161kom zahvatu<\/strong><\/a> &#8211; HRVATSKO GLUMI\u0160TE, 2025.<\/p><p><a href=\"https:\/\/magazin.hrt.hr\/kultura\/dvodnevni-sahto-medijski-spektakl-damira-bartola-indosa-11962964\" target=\"_blank\" rel=\"noopener\"><strong>Dvodnevni &#8220;\u0161ahto-medijski&#8221; spektakl Damira Bartola Indo\u0161a<\/strong><\/a> &#8211; Magazin HRT, 2025.<\/p><p><a href=\"https:\/\/vizkultura.hr\/intervju-tanja-vrvilo-damir-bartol-indos\/\" target=\"_blank\" rel=\"noopener\"><strong>Treba graditi kontinuitete<\/strong><\/a> &#8211; VIZKULTURA, 2024.<\/p><p><a href=\"https:\/\/kulturpunkt.hr\/intervju\/mi-provodimo-defeudalizaciju\/\" target=\"_blank\" rel=\"noopener\"><strong>Mi provodimo defeudalizaciju<\/strong><\/a> &#8211; Kulturpunkt, 2024.<\/p><p><a href=\"https:\/\/magazin.hrt.hr\/kultura\/dobitnik-nazora-za-zivotno-djelo-indos-priredio-spektakl-11747277\" target=\"_blank\" rel=\"noopener\"><strong>Dobitnik Nazora za \u017eivotno djelo Indo\u0161 priredio spektakl<\/strong><\/a> &#8211; HRT, 2024.<\/p><p><a href=\"https:\/\/www.tportal.hr\/kultura\/clanak\/u-zagrebu-od-danas-mozete-dozivjeti-umjetnost-kakvu-nikad-prije-niste-doznajte-s-nama-sto-je-to-sahtokultura-foto-20240907\" target=\"_blank\" rel=\"noopener\"><strong>\u0160ahto-kultura<\/strong><\/a> &#8211; tportal.hr, 2024.<\/p><p><a href=\"https:\/\/www.dbindos.info\/wp-content\/uploads\/KRETANJA-42-2024-interview.pdf\" rel=\"noopener\"><strong>Proboj KROZ CENTRALNO<\/strong><\/a> &#8211; KRETANJA, 2024. (PDF)<\/p><p><a href=\"https:\/\/www.nacional.hr\/sahto-kultura-indos-je-izvedbena-avangarda-pola-stoljeca-ispred-svih\/\" target=\"_blank\" rel=\"noopener\"><strong>\u0160AHTO-KULTURA<\/strong><\/a> &#8211; NACIONAL, 2024.<\/p><p><a href=\"https:\/\/radio.hrt.hr\/slusaonica\/theatralia?epizoda=202406170845\" target=\"_blank\" rel=\"noopener\"><strong>radio emisija posve\u0107ena nagradi Vladimir Nazor za kazali\u0161nu umjetnost Damir Bartol<\/strong><\/a> &#8211; HRT, 2024.<\/p><p><a href=\"https:\/\/kulturpunkt.hr\/tema\/punk-konfeti-zmajevi-i-sahtofoni\/\" target=\"_blank\" rel=\"noopener\"><strong>Punk, konfeti, zmajevi i \u0161ahtofoni<\/strong><\/a> &#8211; Kulturpunkt, 2024.<\/p><p><a href=\"https:\/\/www.dbindos.info\/wp-content\/uploads\/Gdje-se-vidite-za-15-godina-Intervju-sa-Janjom-Sesar.pdf\"><strong>Gdje se vidite za 15 godina<\/strong> <\/a>&#8211; intervju s Janjom Sesar, 2024. (pdf)<\/p><p><a href=\"https:\/\/www.dbindos.info\/wp-content\/uploads\/image000001.jpg\"><strong>Kvadratura kruga<\/strong><\/a> &#8211; Sa\u0161a Drach, Jutarnji list, 2024.<\/p><p><strong><a href=\"https:\/\/www.portalnovosti.com\/agata-juniku-teatri-indosa-i-zivadinova-neodvojivi-su-od-njihovih-biografija\" target=\"_blank\" rel=\"noopener\">Teatri Indo\u0161a i \u017divadinova neodvojivi su od njihovih biografija<\/a><\/strong> &#8211; Agata Juniku, Novosti, 2020.<\/p><p><a href=\"https:\/\/www.portalnovosti.com\/damir-bartol-indos-uvijek-zasuzim-zbog-nacina-na-koji-se-raspala-sfrj\"><strong>\u2018Uvijek zasuzim zbog na\u010dina na koji se raspala SFRJ\u2019<\/strong><\/a> &#8211; Bojan Munjin, Novosti, 2018.<\/p><p><strong><a href=\"https:\/\/vimeo.com\/115159164\" target=\"_blank\" rel=\"noopener\">Abeceda nezavisne kulture <\/a><\/strong>&#8211; Kulturpunkt, 2014.<\/p><p><a href=\"http:\/\/www.zarez.hr\/clanci\/grc-i-obnevidjelost-oka\" target=\"_blank\" rel=\"noopener\"><strong>Gr\u010d i obnevidjelost oka<\/strong><\/a> &#8211; Karla Crn\u010devi\u0107, Zarez, 2014.<\/p><p><a href=\"https:\/\/www.dbindos.info\/en\/interviews\/queer\/\"><strong>Tosca 914<\/strong><\/a> &#8211; QUEER, 2014.<\/p><p><a href=\"http:\/\/www.oris.hr\/hr\/casopis\/clanak\/%5B238%5Dvrenje-i-pritisak,3907.html\"><strong>Vrenje i pritisak<\/strong><\/a> &#8211; Oris, 2012.<\/p><p><a href=\"https:\/\/www.dbindos.info\/wp-content\/uploads\/Zarez_Intervju_Cefas.pdf\" rel=\"noopener\"><strong>Cefas<\/strong><\/a> &#8211; Suzana Marjani\u0107, Zarez, 2011. (pdf)<\/p><p><a href=\"https:\/\/www.dbindos.info\/en\/interviews\/breakthrough-to-the-center\/\"><strong>Breakthrough to the Center<\/strong><\/a> &#8211; Zarez, 2004.<\/p><p><strong><a href=\"https:\/\/www.dbindos.info\/en\/interviews\/ples-na-rubu\/\">Ples na rubu<\/a><\/strong>\u00a0&#8211; Vesna Jankovi\u0107, 2002.<\/p><p><strong><a href=\"https:\/\/www.dbindos.info\/en\/interviews\/the-legalisation-of-madness-through-art\/\">THE LEGALISATION OF MADNESS THROUGH ART<\/a><\/strong> &#8211; Zarez, 2001.<\/p><p><a href=\"https:\/\/www.dbindos.info\/wp-content\/uploads\/Susreti.pdf\"><strong>Du\u0161a na biciklu<\/strong><\/a> &#8211; Gordana Ostovi\u0107, Vijenac, 2000. (pdf)<\/p><p><a href=\"https:\/\/www.dbindos.info\/en\/interviews\/a-balancing-act\/\"><strong>A BALANCING ACT<\/strong><\/a> &#8211; Zarez, 1999.<\/p><p><a href=\"https:\/\/mrezni-muzej.mg-lj.si\/si\/mreznimuzej\/4\/25\/?artworkid=739\" target=\"_blank\" rel=\"noopener\"><strong>Lajka prvi pes v vesolju<\/strong><\/a> &#8211; Mre\u017eni Muzej, 1999.<\/p><p><strong><a href=\"https:\/\/www.dbindos.info\/en\/neka-pitanja-neki-odgovori\/\">QUESTIONS \/ ANSWERS<\/a><\/strong><\/p>\t\t\t\t\t\t<\/div>\n\t\t\t\t<\/div>\n\t\t\t\t\t<\/div>\n\t\t<\/div>\n\t\t\t\t\t\t\t<\/div>\n\t\t<\/section>\n\t\t\t\t\t<\/div>\n\t\t<\/div>\n\t\t\t\t\t\t\t<\/div>\n\t\t<\/section>\n\t\t\t\t\t\t\t<\/div>","protected":false},"excerpt":{"rendered":"<p>Interviews https:\/\/youtu.be\/bbxjnd85YSI?si=yH2dcjoEm_k9afCt Prague Quadrennial 2019.\u00a0 https:\/\/youtu.be\/QuHxD4uSUIs?si=gjbz3__OoIM_BaRO Prague Quadrennial 2015.\u00a0 \u0160ahtofonska gesta je radni\u010dka gesta &#8211; Novosti, 2025. Tijelo, zvuk, pokret: \u0161ahtofoni i umjetnost pobune &#8211; Vijenac, 2025. Ne mogu pristati na to da je umjetni\u010dki \u010din inferiorniji kirur\u0161kom zahvatu &#8211; HRVATSKO GLUMI\u0160TE, 2025. Dvodnevni &#8220;\u0161ahto-medijski&#8221; spektakl Damira Bartola Indo\u0161a &#8211; Magazin HRT, 2025. Treba graditi &hellip;<\/p>\n<p class=\"read-more\"> <a class=\"\" href=\"https:\/\/www.dbindos.info\/en\/interviews\/\"> <span class=\"screen-reader-text\">Interviews<\/span> Read More &raquo;<\/a><\/p>","protected":false},"author":1,"featured_media":0,"parent":0,"menu_order":4,"comment_status":"closed","ping_status":"closed","template":"","meta":{"site-sidebar-layout":"no-sidebar","site-content-layout":"page-builder","ast-global-header-display":"","ast-main-header-display":"","ast-hfb-above-header-display":"","ast-hfb-below-header-display":"","ast-hfb-mobile-header-display":"","site-post-title":"disabled","ast-breadcrumbs-content":"","ast-featured-img":"disabled","footer-sml-layout":"","theme-transparent-header-meta":"","adv-header-id-meta":"","stick-header-meta":"","header-above-stick-meta":"","header-main-stick-meta":"","header-below-stick-meta":""},"_links":{"self":[{"href":"https:\/\/www.dbindos.info\/en\/wp-json\/wp\/v2\/pages\/9259"}],"collection":[{"href":"https:\/\/www.dbindos.info\/en\/wp-json\/wp\/v2\/pages"}],"about":[{"href":"https:\/\/www.dbindos.info\/en\/wp-json\/wp\/v2\/types\/page"}],"author":[{"embeddable":true,"href":"https:\/\/www.dbindos.info\/en\/wp-json\/wp\/v2\/users\/1"}],"replies":[{"embeddable":true,"href":"https:\/\/www.dbindos.info\/en\/wp-json\/wp\/v2\/comments?post=9259"}],"version-history":[{"count":170,"href":"https:\/\/www.dbindos.info\/en\/wp-json\/wp\/v2\/pages\/9259\/revisions"}],"predecessor-version":[{"id":14309,"href":"https:\/\/www.dbindos.info\/en\/wp-json\/wp\/v2\/pages\/9259\/revisions\/14309"}],"wp:attachment":[{"href":"https:\/\/www.dbindos.info\/en\/wp-json\/wp\/v2\/media?parent=9259"}],"curies":[{"name":"wp","href":"https:\/\/api.w.org\/{rel}","templated":true}]}}