{"id":9300,"date":"2023-12-18T15:45:27","date_gmt":"2023-12-18T15:45:27","guid":{"rendered":"https:\/\/www.dbindos.info\/?page_id=9300"},"modified":"2023-12-18T15:55:04","modified_gmt":"2023-12-18T15:55:04","slug":"demoni-kuge","status":"publish","type":"page","link":"https:\/\/www.dbindos.info\/en\/projekti\/demoni-kuge\/","title":{"rendered":"DEMONI KUGE"},"content":{"rendered":"<div data-elementor-type=\"wp-page\" data-elementor-id=\"9300\" class=\"elementor elementor-9300\">\n\t\t\t\t\t\t\t\t\t<section class=\"elementor-section elementor-top-section elementor-element elementor-element-06098c3 elementor-section-boxed elementor-section-height-default elementor-section-height-default\" data-id=\"06098c3\" data-element_type=\"section\" data-settings=\"{&quot;background_background&quot;:&quot;classic&quot;}\">\n\t\t\t\t\t\t<div class=\"elementor-container elementor-column-gap-default\">\n\t\t\t\t\t<div class=\"elementor-column elementor-col-100 elementor-top-column elementor-element elementor-element-f7fc9af\" data-id=\"f7fc9af\" data-element_type=\"column\" data-settings=\"{&quot;background_background&quot;:&quot;classic&quot;}\">\n\t\t\t<div class=\"elementor-widget-wrap elementor-element-populated\">\n\t\t\t\t\t\t\t\t<div class=\"elementor-element elementor-element-478b75a elementor-widget-mobile__width-inherit elementor-widget elementor-widget-heading\" data-id=\"478b75a\" data-element_type=\"widget\" data-widget_type=\"heading.default\">\n\t\t\t\t<div class=\"elementor-widget-container\">\n\t\t\t<style>\/*! elementor - v3.10.0 - 09-01-2023 *\/\n.elementor-heading-title{padding:0;margin:0;line-height:1}.elementor-widget-heading .elementor-heading-title[class*=elementor-size-]>a{color:inherit;font-size:inherit;line-height:inherit}.elementor-widget-heading .elementor-heading-title.elementor-size-small{font-size:15px}.elementor-widget-heading .elementor-heading-title.elementor-size-medium{font-size:19px}.elementor-widget-heading .elementor-heading-title.elementor-size-large{font-size:29px}.elementor-widget-heading .elementor-heading-title.elementor-size-xl{font-size:39px}.elementor-widget-heading .elementor-heading-title.elementor-size-xxl{font-size:59px}<\/style><h1 class=\"elementor-heading-title elementor-size-default\">DEMONI KUGE<\/h1>\t\t<\/div>\n\t\t\t\t<\/div>\n\t\t\t\t<div class=\"elementor-element elementor-element-602c5ee elementor-arrows-position-inside elementor-widget elementor-widget-image-carousel\" data-id=\"602c5ee\" data-element_type=\"widget\" data-settings=\"{&quot;slides_to_show&quot;:&quot;5&quot;,&quot;autoplay&quot;:&quot;no&quot;,&quot;slides_to_show_tablet&quot;:&quot;3&quot;,&quot;navigation&quot;:&quot;arrows&quot;,&quot;image_spacing_custom&quot;:{&quot;unit&quot;:&quot;px&quot;,&quot;size&quot;:7,&quot;sizes&quot;:[]},&quot;slides_to_show_mobile&quot;:&quot;1&quot;,&quot;infinite&quot;:&quot;no&quot;,&quot;speed&quot;:500}\" data-widget_type=\"image-carousel.default\">\n\t\t\t\t<div class=\"elementor-widget-container\">\n\t\t\t<style>\/*! elementor - v3.10.0 - 09-01-2023 *\/\n.elementor-widget-image-carousel .swiper-container{position:static}.elementor-widget-image-carousel .swiper-container .swiper-slide figure{line-height:inherit}.elementor-widget-image-carousel .swiper-slide{text-align:center}.elementor-image-carousel-wrapper:not(.swiper-container-initialized) .swiper-slide{max-width:calc(100% \/ var(--e-image-carousel-slides-to-show, 3))}<\/style>\t\t<div class=\"elementor-image-carousel-wrapper swiper-container\" dir=\"ltr\">\n\t\t\t<div class=\"elementor-image-carousel swiper-wrapper swiper-image-stretch\">\n\t\t\t\t\t\t\t\t<div class=\"swiper-slide\"><a data-elementor-open-lightbox=\"yes\" data-elementor-lightbox-slideshow=\"602c5ee\" e-action-hash=\"#elementor-action%3Aaction%3Dlightbox%26settings%3DeyJpZCI6NzA3MCwidXJsIjoiaHR0cHM6XC9cL3d3dy5kYmluZG9zLmluZm9cL3dwLWNvbnRlbnRcL3VwbG9hZHNcLzUxMjU0NzU3NDM4XzkzMmU2NzYyZTFfby0xLmpwZyIsInNsaWRlc2hvdyI6IjYwMmM1ZWUifQ%3D%3D\" href=\"https:\/\/www.dbindos.info\/wp-content\/uploads\/51254757438_932e6762e1_o-1.jpg\"><figure class=\"swiper-slide-inner\"><img decoding=\"async\" class=\"swiper-slide-image\" src=\"https:\/\/www.dbindos.info\/wp-content\/uploads\/51254757438_932e6762e1_o-1.jpg\" alt=\"51254757438_932e6762e1_o\" \/><\/figure><\/a><\/div><div class=\"swiper-slide\"><a data-elementor-open-lightbox=\"yes\" data-elementor-lightbox-slideshow=\"602c5ee\" e-action-hash=\"#elementor-action%3Aaction%3Dlightbox%26settings%3DeyJpZCI6NzA2NiwidXJsIjoiaHR0cHM6XC9cL3d3dy5kYmluZG9zLmluZm9cL3dwLWNvbnRlbnRcL3VwbG9hZHNcLzUxMjU1NTkxNzE1XzlhN2IwODU0YTRfby0xLmpwZyIsInNsaWRlc2hvdyI6IjYwMmM1ZWUifQ%3D%3D\" href=\"https:\/\/www.dbindos.info\/wp-content\/uploads\/51255591715_9a7b0854a4_o-1.jpg\"><figure class=\"swiper-slide-inner\"><img decoding=\"async\" class=\"swiper-slide-image\" src=\"https:\/\/www.dbindos.info\/wp-content\/uploads\/51255591715_9a7b0854a4_o-1.jpg\" alt=\"51255591715_9a7b0854a4_o\" \/><\/figure><\/a><\/div><div class=\"swiper-slide\"><a data-elementor-open-lightbox=\"yes\" data-elementor-lightbox-slideshow=\"602c5ee\" e-action-hash=\"#elementor-action%3Aaction%3Dlightbox%26settings%3DeyJpZCI6NzA2OSwidXJsIjoiaHR0cHM6XC9cL3d3dy5kYmluZG9zLmluZm9cL3dwLWNvbnRlbnRcL3VwbG9hZHNcLzUxMjU1Mjk5MDg5XzI2NzM2MjE3MGZfby0xLmpwZyIsInNsaWRlc2hvdyI6IjYwMmM1ZWUifQ%3D%3D\" href=\"https:\/\/www.dbindos.info\/wp-content\/uploads\/51255299089_267362170f_o-1.jpg\"><figure class=\"swiper-slide-inner\"><img decoding=\"async\" class=\"swiper-slide-image\" src=\"https:\/\/www.dbindos.info\/wp-content\/uploads\/51255299089_267362170f_o-1.jpg\" alt=\"51255299089_267362170f_o\" \/><\/figure><\/a><\/div><div class=\"swiper-slide\"><a data-elementor-open-lightbox=\"yes\" data-elementor-lightbox-slideshow=\"602c5ee\" e-action-hash=\"#elementor-action%3Aaction%3Dlightbox%26settings%3DeyJpZCI6NzA2NSwidXJsIjoiaHR0cHM6XC9cL3d3dy5kYmluZG9zLmluZm9cL3dwLWNvbnRlbnRcL3VwbG9hZHNcLzUxMjU0NTUxNjIxX2E1ZTQ2Yjk5ZWFfby0xLmpwZyIsInNsaWRlc2hvdyI6IjYwMmM1ZWUifQ%3D%3D\" href=\"https:\/\/www.dbindos.info\/wp-content\/uploads\/51254551621_a5e46b99ea_o-1.jpg\"><figure class=\"swiper-slide-inner\"><img decoding=\"async\" class=\"swiper-slide-image\" src=\"https:\/\/www.dbindos.info\/wp-content\/uploads\/51254551621_a5e46b99ea_o-1.jpg\" alt=\"51254551621_a5e46b99ea_o\" \/><\/figure><\/a><\/div><div class=\"swiper-slide\"><a data-elementor-open-lightbox=\"yes\" data-elementor-lightbox-slideshow=\"602c5ee\" e-action-hash=\"#elementor-action%3Aaction%3Dlightbox%26settings%3DeyJpZCI6NzA2NywidXJsIjoiaHR0cHM6XC9cL3d3dy5kYmluZG9zLmluZm9cL3dwLWNvbnRlbnRcL3VwbG9hZHNcLzUxMjU1NTkzNTgwXzQ1NDc1YjMzOWVfby0xLmpwZyIsInNsaWRlc2hvdyI6IjYwMmM1ZWUifQ%3D%3D\" href=\"https:\/\/www.dbindos.info\/wp-content\/uploads\/51255593580_45475b339e_o-1.jpg\"><figure class=\"swiper-slide-inner\"><img decoding=\"async\" class=\"swiper-slide-image\" src=\"https:\/\/www.dbindos.info\/wp-content\/uploads\/51255593580_45475b339e_o-1.jpg\" alt=\"51255593580_45475b339e_o\" \/><\/figure><\/a><\/div>\t\t\t<\/div>\n\t\t\t\t\t\t\t\t\t\t\t\t\t\t\t\t<div class=\"elementor-swiper-button elementor-swiper-button-prev\">\n\t\t\t\t\t\t<i aria-hidden=\"true\" class=\"eicon-chevron-left\"><\/i>\t\t\t\t\t\t<span class=\"elementor-screen-only\">Previous<\/span>\n\t\t\t\t\t<\/div>\n\t\t\t\t\t<div class=\"elementor-swiper-button elementor-swiper-button-next\">\n\t\t\t\t\t\t<i aria-hidden=\"true\" class=\"eicon-chevron-right\"><\/i>\t\t\t\t\t\t<span class=\"elementor-screen-only\">Next<\/span>\n\t\t\t\t\t<\/div>\n\t\t\t\t\t\t\t\t\t<\/div>\n\t\t\t\t<\/div>\n\t\t\t\t<\/div>\n\t\t\t\t<section class=\"elementor-section elementor-inner-section elementor-element elementor-element-310b37d elementor-reverse-mobile elementor-section-boxed elementor-section-height-default elementor-section-height-default\" data-id=\"310b37d\" data-element_type=\"section\" data-settings=\"{&quot;background_background&quot;:&quot;classic&quot;}\">\n\t\t\t\t\t\t<div class=\"elementor-container elementor-column-gap-default\">\n\t\t\t\t\t<div class=\"elementor-column elementor-col-50 elementor-inner-column elementor-element elementor-element-034fa63\" data-id=\"034fa63\" data-element_type=\"column\" data-settings=\"{&quot;background_background&quot;:&quot;classic&quot;}\">\n\t\t\t<div class=\"elementor-widget-wrap elementor-element-populated\">\n\t\t\t\t\t\t\t\t<div class=\"elementor-element elementor-element-e6920f0 elementor-widget-mobile__width-initial elementor-widget elementor-widget-text-editor\" data-id=\"e6920f0\" data-element_type=\"widget\" data-widget_type=\"text-editor.default\">\n\t\t\t\t<div class=\"elementor-widget-container\">\n\t\t\t<style>\/*! elementor - v3.10.0 - 09-01-2023 *\/\n.elementor-widget-text-editor.elementor-drop-cap-view-stacked .elementor-drop-cap{background-color:#818a91;color:#fff}.elementor-widget-text-editor.elementor-drop-cap-view-framed .elementor-drop-cap{color:#818a91;border:3px solid;background-color:transparent}.elementor-widget-text-editor:not(.elementor-drop-cap-view-default) .elementor-drop-cap{margin-top:8px}.elementor-widget-text-editor:not(.elementor-drop-cap-view-default) .elementor-drop-cap-letter{width:1em;height:1em}.elementor-widget-text-editor .elementor-drop-cap{float:left;text-align:center;line-height:1;font-size:50px}.elementor-widget-text-editor .elementor-drop-cap-letter{display:inline-block}<\/style>\t\t\t\t<p><a href=\"https:\/\/www.pogon.hr\/hr\/program\/db-indos-tanja-vrvilo-i-trobecove-krusne-peci-demoni-kuge\" target=\"_blank\" rel=\"noopener\"><b>12. &#8211; 17. 5. 2021. Pogon Jedinstvo, Zagreb<\/b><\/a><\/p><p>Authors: <strong>Damir Bartol Indo\u0161 &amp; Tanja Vrvilo<\/strong><br \/>Tekstovi: <strong>DB Indo\u0161, Tanja Vrvilo, Darko Begi\u0107<\/strong><br \/>Performers: <strong>DB Indo\u0161, Tanja Vrvilo<\/strong> &amp; Trobecove kru\u0161ne pe\u0107i: <strong>Darko Begi\u0107<\/strong> (vokal), <strong>Ivan Vinski<\/strong> (gitara), <strong>Mario Bari\u0161in<\/strong> (bass), <strong>Gordan Dorvak<\/strong> (bubnjevi)<br \/>Music: <strong>Trobecove kru\u0161ne pe\u0107i<\/strong><\/p><p>Kozmofoni\u010dna instalacija i partiture: <strong>DB Indo\u0161<\/strong><br \/>Grafi\u010dka poezija: <strong>Branimir \u0160tivi\u0107<\/strong><br \/>Zvuk: Jasmin Dasovi\u0107<br \/>Svjetlo: Andrija Santro<br \/>Nadzorni video: Maxime Weinmann<br \/>Majstor scene: Neboj\u0161a Jela\u010di\u0107 \u0106ina<br \/>Video snimanje i monta\u017ea performansa za online akcije Parainstituta Indo\u0161: Nina \u0110ur\u0111evi\u0107, Miro Manojlovi\u0107<\/p><p><a href=\"https:\/\/www.flickr.com\/photos\/pogon-zagreb\/albums\/72157719425040489\" target=\"_blank\" rel=\"noopener\"><strong>foto album<\/strong><\/a><\/p>\t\t\t\t\t\t<\/div>\n\t\t\t\t<\/div>\n\t\t\t\t<div class=\"elementor-element elementor-element-2c6a18e elementor-widget-mobile__width-initial elementor-aspect-ratio-169 elementor-widget elementor-widget-video\" data-id=\"2c6a18e\" data-element_type=\"widget\" data-settings=\"{&quot;youtube_url&quot;:&quot;https:\\\/\\\/youtu.be\\\/7SdKuAktP1g?si=_8y6oWRdYV6yQjOD&quot;,&quot;video_type&quot;:&quot;youtube&quot;,&quot;controls&quot;:&quot;yes&quot;,&quot;aspect_ratio&quot;:&quot;169&quot;}\" data-widget_type=\"video.default\">\n\t\t\t\t<div class=\"elementor-widget-container\">\n\t\t\t<style>\/*! elementor - v3.10.0 - 09-01-2023 *\/\n.elementor-widget-video .elementor-widget-container{overflow:hidden;transform:translateZ(0)}.elementor-widget-video .elementor-open-inline .elementor-custom-embed-image-overlay{position:absolute;top:0;left:0;width:100%;height:100%;background-size:cover;background-position:50%}.elementor-widget-video .elementor-custom-embed-image-overlay{cursor:pointer;text-align:center}.elementor-widget-video .elementor-custom-embed-image-overlay:hover .elementor-custom-embed-play i{opacity:1}.elementor-widget-video .elementor-custom-embed-image-overlay img{display:block;width:100%}.elementor-widget-video .e-hosted-video .elementor-video{-o-object-fit:cover;object-fit:cover}.e-con-inner>.elementor-widget-video,.e-con>.elementor-widget-video{width:var(--container-widget-width);--flex-grow:var(--container-widget-flex-grow)}<\/style>\t\t<div class=\"elementor-wrapper elementor-fit-aspect-ratio elementor-open-inline\">\n\t\t\t<div class=\"elementor-video\"><\/div>\t\t<\/div>\n\t\t\t\t<\/div>\n\t\t\t\t<\/div>\n\t\t\t\t\t<\/div>\n\t\t<\/div>\n\t\t\t\t<div class=\"elementor-column elementor-col-50 elementor-inner-column elementor-element elementor-element-7f9eff3\" data-id=\"7f9eff3\" data-element_type=\"column\">\n\t\t\t<div class=\"elementor-widget-wrap elementor-element-populated\">\n\t\t\t\t\t\t\t\t<div class=\"elementor-element elementor-element-cd0a164 elementor-widget__width-initial elementor-widget-mobile__width-inherit elementor-widget-tablet__width-inherit elementor-widget elementor-widget-text-editor\" data-id=\"cd0a164\" data-element_type=\"widget\" data-widget_type=\"text-editor.default\">\n\t\t\t\t<div class=\"elementor-widget-container\">\n\t\t\t\t\t\t\t<div class=\"lead\"><div class=\"lead\"><p>Permutacije za DEMONE KUGE, kozmofoni\u010dni performans u nastajanju insceniramo ekstremno muzi\u010dkim izmje\u0161tanjima fragmenata istoimenog drugog poglavlja Lovecraftove pri\u010de <em>Herbert West &#8211; Reanimator <\/em>u srazu s Brechtovim <em>Izbjegli\u010dkim razgovorima <\/em>i Meillassouxovom <em>Sablasnom dilemom <\/em>za metafizi\u010dko-politi\u010dko-eti\u010dke cedulje spekulativne fikcije. <\/p><\/div><\/div>\t\t\t\t\t\t<\/div>\n\t\t\t\t<\/div>\n\t\t\t\t<div class=\"elementor-element elementor-element-2dec581 elementor-widget__width-initial elementor-widget-tablet__width-inherit elementor-widget elementor-widget-image\" data-id=\"2dec581\" data-element_type=\"widget\" data-widget_type=\"image.default\">\n\t\t\t\t<div class=\"elementor-widget-container\">\n\t\t\t<style>\/*! elementor - v3.10.0 - 09-01-2023 *\/\n.elementor-widget-image{text-align:center}.elementor-widget-image a{display:inline-block}.elementor-widget-image a img[src$=\".svg\"]{width:48px}.elementor-widget-image img{vertical-align:middle;display:inline-block}<\/style>\t\t\t\t\t\t\t\t\t\t\t\t\t<a href=\"https:\/\/www.dbindos.info\/wp-content\/uploads\/51254756678_3eb04e69b5_o-1.jpg\" data-elementor-open-lightbox=\"yes\" e-action-hash=\"#elementor-action%3Aaction%3Dlightbox%26settings%3DeyJpZCI6NzA2NCwidXJsIjoiaHR0cHM6XC9cL3d3dy5kYmluZG9zLmluZm9cL3dwLWNvbnRlbnRcL3VwbG9hZHNcLzUxMjU0NzU2Njc4XzNlYjA0ZTY5YjVfby0xLmpwZyJ9\">\n\t\t\t\t\t\t\t<img decoding=\"async\" width=\"1045\" height=\"625\" src=\"https:\/\/www.dbindos.info\/wp-content\/uploads\/51254756678_3eb04e69b5_o-1.jpg\" class=\"attachment-full size-full wp-image-7064\" alt=\"\" loading=\"lazy\" srcset=\"https:\/\/www.dbindos.info\/wp-content\/uploads\/51254756678_3eb04e69b5_o-1.jpg 1045w, https:\/\/www.dbindos.info\/wp-content\/uploads\/51254756678_3eb04e69b5_o-1-300x179.jpg 300w, https:\/\/www.dbindos.info\/wp-content\/uploads\/51254756678_3eb04e69b5_o-1-1024x612.jpg 1024w, https:\/\/www.dbindos.info\/wp-content\/uploads\/51254756678_3eb04e69b5_o-1-768x459.jpg 768w, https:\/\/www.dbindos.info\/wp-content\/uploads\/51254756678_3eb04e69b5_o-1-18x12.jpg 18w\" sizes=\"(max-width: 1045px) 100vw, 1045px\" \/>\t\t\t\t\t\t\t\t<\/a>\n\t\t\t\t\t\t\t\t\t\t\t\t\t\t\t<\/div>\n\t\t\t\t<\/div>\n\t\t\t\t<div class=\"elementor-element elementor-element-de1cfae elementor-widget__width-initial elementor-widget-mobile__width-inherit elementor-widget-tablet__width-inherit elementor-widget elementor-widget-text-editor\" data-id=\"de1cfae\" data-element_type=\"widget\" data-widget_type=\"text-editor.default\">\n\t\t\t\t<div class=\"elementor-widget-container\">\n\t\t\t\t\t\t\t<div class=\"lead\"><p>Morbidne veze sa sablastima za reanimiranje kognitivno za\u010dudne kritike rasisti\u010dko-ksenofobnih ispada iniciraju atrakcije politi\u010dkog horor filma i post-punka, filozofije i knji\u017eevnosti koja egzorcira Lovecraftovu jezu protu-naracijom izbjegli\u010dke svakodnevice kroz bu\u010dan rad \u010dudne \u017eeljezne laboratorijske aparature. U umjetni\u010dkoj pretvorbi ujedinjujemo arho-kozmofoni\u010dne situacije Chthulucena zvu\u010dnim radom u krdu opru\u017enih ba\u010dvi-\u0161ahtofona mre\u017eno povezanih u mega-epruvetsku tunelsku instalaciju sa zapisima kozmi\u010dke indiferentnosti, spekulativnog materijalizma i dru\u0161tveno anga\u017eiranom porno poezijom. Ona je nuz\u030cno zlo za zemlju gdje ne\u010dednost ima smisla.<\/p><\/div>\t\t\t\t\t\t<\/div>\n\t\t\t\t<\/div>\n\t\t\t\t\t<\/div>\n\t\t<\/div>\n\t\t\t\t\t\t\t<\/div>\n\t\t<\/section>\n\t\t\t\t<section class=\"elementor-section elementor-inner-section elementor-element elementor-element-655e766 elementor-section-boxed elementor-section-height-default elementor-section-height-default\" data-id=\"655e766\" data-element_type=\"section\" data-settings=\"{&quot;background_background&quot;:&quot;classic&quot;}\">\n\t\t\t\t\t\t<div class=\"elementor-container elementor-column-gap-default\">\n\t\t\t\t\t<div class=\"elementor-column elementor-col-50 elementor-inner-column elementor-element elementor-element-2b49ef1\" data-id=\"2b49ef1\" data-element_type=\"column\" data-settings=\"{&quot;background_background&quot;:&quot;classic&quot;}\">\n\t\t\t<div class=\"elementor-widget-wrap elementor-element-populated\">\n\t\t\t\t\t\t\t\t<div class=\"elementor-element elementor-element-5ffe537 elementor-widget elementor-widget-image\" data-id=\"5ffe537\" data-element_type=\"widget\" data-widget_type=\"image.default\">\n\t\t\t\t<div class=\"elementor-widget-container\">\n\t\t\t\t\t\t\t\t\t\t\t\t<figure class=\"wp-caption\">\n\t\t\t\t\t\t\t\t\t\t\t<a href=\"https:\/\/www.dbindos.info\/wp-content\/uploads\/tn_article_head_1618938441-dbitv_demonikuge_partituradbindos1-e1702054625655.jpeg\" data-elementor-open-lightbox=\"yes\" e-action-hash=\"#elementor-action%3Aaction%3Dlightbox%26settings%3DeyJpZCI6NzEyOCwidXJsIjoiaHR0cHM6XC9cL3d3dy5kYmluZG9zLmluZm9cL3dwLWNvbnRlbnRcL3VwbG9hZHNcL3RuX2FydGljbGVfaGVhZF8xNjE4OTM4NDQxLWRiaXR2X2RlbW9uaWt1Z2VfcGFydGl0dXJhZGJpbmRvczEtZTE3MDIwNTQ2MjU2NTUuanBlZyJ9\">\n\t\t\t\t\t\t\t<img decoding=\"async\" width=\"1026\" height=\"350\" src=\"https:\/\/www.dbindos.info\/wp-content\/uploads\/tn_article_head_1618938441-dbitv_demonikuge_partituradbindos1-e1702054625655.jpeg\" class=\"attachment-full size-full wp-image-7128\" alt=\"\" loading=\"lazy\" srcset=\"https:\/\/www.dbindos.info\/wp-content\/uploads\/tn_article_head_1618938441-dbitv_demonikuge_partituradbindos1-e1702054625655.jpeg 1026w, https:\/\/www.dbindos.info\/wp-content\/uploads\/tn_article_head_1618938441-dbitv_demonikuge_partituradbindos1-e1702054625655-300x102.jpeg 300w, https:\/\/www.dbindos.info\/wp-content\/uploads\/tn_article_head_1618938441-dbitv_demonikuge_partituradbindos1-e1702054625655-1024x349.jpeg 1024w, https:\/\/www.dbindos.info\/wp-content\/uploads\/tn_article_head_1618938441-dbitv_demonikuge_partituradbindos1-e1702054625655-768x262.jpeg 768w, https:\/\/www.dbindos.info\/wp-content\/uploads\/tn_article_head_1618938441-dbitv_demonikuge_partituradbindos1-e1702054625655-18x6.jpeg 18w\" sizes=\"(max-width: 1026px) 100vw, 1026px\" \/>\t\t\t\t\t\t\t\t<\/a>\n\t\t\t\t\t\t\t\t\t\t\t<figcaption class=\"widget-image-caption wp-caption-text\">Grafi\u010dka partitura<\/figcaption>\n\t\t\t\t\t\t\t\t\t\t<\/figure>\n\t\t\t\t\t\t\t\t\t<\/div>\n\t\t\t\t<\/div>\n\t\t\t\t\t<\/div>\n\t\t<\/div>\n\t\t\t\t<div class=\"elementor-column elementor-col-50 elementor-inner-column elementor-element elementor-element-46ae25d\" data-id=\"46ae25d\" data-element_type=\"column\">\n\t\t\t<div class=\"elementor-widget-wrap elementor-element-populated\">\n\t\t\t\t\t\t\t\t<div class=\"elementor-element elementor-element-d1ffb7d elementor-widget__width-initial elementor-widget-mobile__width-inherit elementor-widget-tablet__width-inherit elementor-widget elementor-widget-text-editor\" data-id=\"d1ffb7d\" data-element_type=\"widget\" data-widget_type=\"text-editor.default\">\n\t\t\t\t<div class=\"elementor-widget-container\">\n\t\t\t\t\t\t\t<div class=\"lead\"><p>\u0160TO NAS NE GNJAVI TEROR KRILA IZ GRADA<br \/>\u0160I\u0160MI\u0160A::<br \/>MRTVA ESENCIJA ZA \u0160ESNAEST EBLISOVIH<br \/>OSOBA::<br \/>SABLAST KOJA PAMTI NA LJETO POSLJEDNJIH<br \/>LJESOVA::<br \/>ODBIJAJU\u0106I NACERENO TO VRIJEME ZA TU<br \/>GODINU::<br \/>DRAGI U\u017dAS PONAVLJANJA PAR EXCELLENCE<br \/>TRENUTAKA::<br \/>\u017dIVIMO VLASTITI TIFUS KOJI NE MO\u017dEMO<br \/>PRIJE\u0106I::<br \/>SABLAST JE POSTALA \u017dIVOT POPUT KU\u017dNOG<br \/>IFRITA::<\/p><p><strong>Podr\u0161ka i partneri: Zaklada Kultura nova, Pogon &#8211; Zagreba\u010dki centar za nezavisnu kulturu i mlade, Ministarstvo kulture RH, Ured za kulturu Grada Zagreba<\/strong><\/p><\/div>\t\t\t\t\t\t<\/div>\n\t\t\t\t<\/div>\n\t\t\t\t\t<\/div>\n\t\t<\/div>\n\t\t\t\t\t\t\t<\/div>\n\t\t<\/section>\n\t\t\t\t\t<\/div>\n\t\t<\/div>\n\t\t\t\t\t\t\t<\/div>\n\t\t<\/section>\n\t\t\t\t\t\t\t<\/div>","protected":false},"excerpt":{"rendered":"<p>DEMONI KUGE Previous Next 12. &#8211; 17. 5. 2021. Pogon Jedinstvo, Zagreb Autori: Damir Bartol Indo\u0161 &amp; Tanja VrviloTekstovi: DB Indo\u0161, Tanja Vrvilo, Darko Begi\u0107Izvode: DB Indo\u0161, Tanja Vrvilo &amp; Trobecove kru\u0161ne pe\u0107i: Darko Begi\u0107 (vokal), Ivan Vinski (gitara), Mario Bari\u0161in (bass), Gordan Dorvak (bubnjevi)Glazba: Trobecove kru\u0161ne pe\u0107i Kozmofoni\u010dna instalacija i partiture: DB Indo\u0161Grafi\u010dka poezija: &hellip;<\/p>\n<p class=\"read-more\"> <a class=\"\" href=\"https:\/\/www.dbindos.info\/en\/projekti\/demoni-kuge\/\"> <span class=\"screen-reader-text\">DEMONI KUGE<\/span> Read More &raquo;<\/a><\/p>","protected":false},"author":1,"featured_media":0,"parent":5413,"menu_order":0,"comment_status":"closed","ping_status":"closed","template":"","meta":{"site-sidebar-layout":"no-sidebar","site-content-layout":"page-builder","ast-global-header-display":"","ast-main-header-display":"","ast-hfb-above-header-display":"","ast-hfb-below-header-display":"","ast-hfb-mobile-header-display":"","site-post-title":"disabled","ast-breadcrumbs-content":"","ast-featured-img":"disabled","footer-sml-layout":"","theme-transparent-header-meta":"","adv-header-id-meta":"","stick-header-meta":"","header-above-stick-meta":"","header-main-stick-meta":"","header-below-stick-meta":""},"_links":{"self":[{"href":"https:\/\/www.dbindos.info\/en\/wp-json\/wp\/v2\/pages\/9300"}],"collection":[{"href":"https:\/\/www.dbindos.info\/en\/wp-json\/wp\/v2\/pages"}],"about":[{"href":"https:\/\/www.dbindos.info\/en\/wp-json\/wp\/v2\/types\/page"}],"author":[{"embeddable":true,"href":"https:\/\/www.dbindos.info\/en\/wp-json\/wp\/v2\/users\/1"}],"replies":[{"embeddable":true,"href":"https:\/\/www.dbindos.info\/en\/wp-json\/wp\/v2\/comments?post=9300"}],"version-history":[{"count":11,"href":"https:\/\/www.dbindos.info\/en\/wp-json\/wp\/v2\/pages\/9300\/revisions"}],"predecessor-version":[{"id":9312,"href":"https:\/\/www.dbindos.info\/en\/wp-json\/wp\/v2\/pages\/9300\/revisions\/9312"}],"up":[{"embeddable":true,"href":"https:\/\/www.dbindos.info\/en\/wp-json\/wp\/v2\/pages\/5413"}],"wp:attachment":[{"href":"https:\/\/www.dbindos.info\/en\/wp-json\/wp\/v2\/media?parent=9300"}],"curies":[{"name":"wp","href":"https:\/\/api.w.org\/{rel}","templated":true}]}}